{"id":64,"date":"2014-09-18T12:39:08","date_gmt":"2014-09-18T11:39:08","guid":{"rendered":"http:\/\/agora.xtec.cat\/ceipmontserrat\/?page_id=64"},"modified":"2023-06-16T13:16:31","modified_gmt":"2023-06-16T11:16:31","slug":"projecte-educatiu","status":"publish","type":"page","link":"https:\/\/agora.xtec.cat\/ceipmontserrat\/projecte-educatiu\/","title":{"rendered":"COMUNITAT D\u2019APRENENTATGE"},"content":{"rendered":"<p><strong>COMUNITAT D\u2019APRENENTATGE<\/strong><\/p>\n<p>A l\u2019any 2001, vam con\u00e8ixer el projecte de comunitats d\u2019aprenentatge. Vam organitzar una formaci\u00f3 amb els investigadors i investigadores del CREA (Centre de Recerca de la Universitat de Barcelona), que ens van venir a explicar les bases cient\u00edfiques de les Comunitats d\u2019Aprenentatge. Vam fer una formaci\u00f3 de 30 hores i vam explicar el projecte a tota la comunitat. Per engegar el projecte i comen\u00e7ar a transformar la nostra escola ens calia un consens del 80% del professorat que hi treballava en aquell moment. Vam aconseguir el 100% i, des d\u2019aleshores hem fet molt cam\u00ed i hem aconseguit grans transformacions en el centre i en el barri.<\/p>\n<p>Ara, tota la comunitat educativa t\u00e9 molt assumit que porten als seus fills i filles a una escola oberta i participativa on s\u2019apliquen\u00a0<strong>actuacions educatives<\/strong>\u00a0que permeten aconseguir l\u2019<strong>\u00e8xit educatiu\u00a0<\/strong>de tots i totes. Aquestes actuacions educatives d\u2019\u00e8xit (AEE) estan avalades per la comunitat cient\u00edfica internacional i hi ha una s\u00f2lida base cient\u00edfica que les recolza.<\/p>\n<p>&nbsp;<\/p>\n","protected":false},"excerpt":{"rendered":"<p>COMUNITAT D\u2019APRENENTATGE<br \/>\nA l\u2019any 2001, vam con\u00e8ixer el projecte de comunitats d\u2019aprenentatge. Vam organitzar una formaci\u00f3 amb els investigadors i investigadores del CREA (Centre de Recerca de la Universitat de Barcelona), que ens van venir a explicar les bases cient\u00edfiques de les Comunitats d\u2019Aprenentatge. Vam fer&hellip;  <a href=\"https:\/\/agora.xtec.cat\/ceipmontserrat\/projecte-educatiu\/\" title=\"Read COMUNITAT D\u2019APRENENTATGE\">Llegeix m\u00e9s\u00bb<\/a><\/p>\n","protected":false},"author":1,"featured_media":0,"parent":0,"menu_order":0,"comment_status":"closed","ping_status":"closed","template":"page-templates\/side-menu.php","meta":{"_bbp_topic_count":0,"_bbp_reply_count":0,"_bbp_total_topic_count":0,"_bbp_total_reply_count":0,"_bbp_voice_count":0,"_bbp_anonymous_reply_count":0,"_bbp_topic_count_hidden":0,"_bbp_reply_count_hidden":0,"_bbp_forum_subforum_count":0,"footnotes":""},"class_list":["post-64","page","type-page","status-publish","hentry"],"post_mailing_queue_ids":[],"_links":{"self":[{"href":"https:\/\/agora.xtec.cat\/ceipmontserrat\/wp-json\/wp\/v2\/pages\/64","targetHints":{"allow":["GET"]}}],"collection":[{"href":"https:\/\/agora.xtec.cat\/ceipmontserrat\/wp-json\/wp\/v2\/pages"}],"about":[{"href":"https:\/\/agora.xtec.cat\/ceipmontserrat\/wp-json\/wp\/v2\/types\/page"}],"author":[{"embeddable":true,"href":"https:\/\/agora.xtec.cat\/ceipmontserrat\/wp-json\/wp\/v2\/users\/1"}],"replies":[{"embeddable":true,"href":"https:\/\/agora.xtec.cat\/ceipmontserrat\/wp-json\/wp\/v2\/comments?post=64"}],"version-history":[{"count":4,"href":"https:\/\/agora.xtec.cat\/ceipmontserrat\/wp-json\/wp\/v2\/pages\/64\/revisions"}],"predecessor-version":[{"id":4351,"href":"https:\/\/agora.xtec.cat\/ceipmontserrat\/wp-json\/wp\/v2\/pages\/64\/revisions\/4351"}],"wp:attachment":[{"href":"https:\/\/agora.xtec.cat\/ceipmontserrat\/wp-json\/wp\/v2\/media?parent=64"}],"curies":[{"name":"wp","href":"https:\/\/api.w.org\/{rel}","templated":true}]}}