{"id":559,"date":"2020-02-16T20:42:28","date_gmt":"2020-02-16T19:42:28","guid":{"rendered":"https:\/\/agora.xtec.cat\/ceipmontserrat\/?page_id=559"},"modified":"2023-06-21T13:56:29","modified_gmt":"2023-06-21T11:56:29","slug":"formacio-dialogica-pedagogica","status":"publish","type":"page","link":"https:\/\/agora.xtec.cat\/ceipmontserrat\/projecte-educatiu\/formacio-dialogica-pedagogica\/","title":{"rendered":"Formaci\u00f3 dial\u00f2gica pedag\u00f2gica"},"content":{"rendered":"<p>Per a poder implementar correctament les Actuacions Educactives d&#8217;\u00c8xit a l&#8217;escola i donar la millor educaci\u00f3 al nostre alumnat, cal que el professorat del centre ens formem en les bases te\u00f2riques i en les evid\u00e8ncies educatives avalades per la comunitat cient\u00edfica internacional.<\/p>\n","protected":false},"excerpt":{"rendered":"<p>Per a poder implementar correctament les Actuacions Educactives d&#8217;\u00c8xit a l&#8217;escola i donar la millor educaci\u00f3 al nostre alumnat, cal que el professorat del centre ens formem en les bases te\u00f2riques i en les evid\u00e8ncies educatives avalades per la comunitat cient\u00edfica internacional.<\/p>\n","protected":false},"author":1,"featured_media":0,"parent":64,"menu_order":0,"comment_status":"closed","ping_status":"closed","template":"","meta":{"_bbp_topic_count":0,"_bbp_reply_count":0,"_bbp_total_topic_count":0,"_bbp_total_reply_count":0,"_bbp_voice_count":0,"_bbp_anonymous_reply_count":0,"_bbp_topic_count_hidden":0,"_bbp_reply_count_hidden":0,"_bbp_forum_subforum_count":0,"footnotes":""},"class_list":["post-559","page","type-page","status-publish","hentry"],"post_mailing_queue_ids":[],"_links":{"self":[{"href":"https:\/\/agora.xtec.cat\/ceipmontserrat\/wp-json\/wp\/v2\/pages\/559","targetHints":{"allow":["GET"]}}],"collection":[{"href":"https:\/\/agora.xtec.cat\/ceipmontserrat\/wp-json\/wp\/v2\/pages"}],"about":[{"href":"https:\/\/agora.xtec.cat\/ceipmontserrat\/wp-json\/wp\/v2\/types\/page"}],"author":[{"embeddable":true,"href":"https:\/\/agora.xtec.cat\/ceipmontserrat\/wp-json\/wp\/v2\/users\/1"}],"replies":[{"embeddable":true,"href":"https:\/\/agora.xtec.cat\/ceipmontserrat\/wp-json\/wp\/v2\/comments?post=559"}],"version-history":[{"count":1,"href":"https:\/\/agora.xtec.cat\/ceipmontserrat\/wp-json\/wp\/v2\/pages\/559\/revisions"}],"predecessor-version":[{"id":562,"href":"https:\/\/agora.xtec.cat\/ceipmontserrat\/wp-json\/wp\/v2\/pages\/559\/revisions\/562"}],"up":[{"embeddable":true,"href":"https:\/\/agora.xtec.cat\/ceipmontserrat\/wp-json\/wp\/v2\/pages\/64"}],"wp:attachment":[{"href":"https:\/\/agora.xtec.cat\/ceipmontserrat\/wp-json\/wp\/v2\/media?parent=559"}],"curies":[{"name":"wp","href":"https:\/\/api.w.org\/{rel}","templated":true}]}}