{"id":551,"date":"2020-02-16T20:35:34","date_gmt":"2020-02-16T19:35:34","guid":{"rendered":"https:\/\/agora.xtec.cat\/ceipmontserrat\/?page_id=551"},"modified":"2023-06-21T13:55:13","modified_gmt":"2023-06-21T11:55:13","slug":"biblioteca-tutoritzada","status":"publish","type":"page","link":"https:\/\/agora.xtec.cat\/ceipmontserrat\/projecte-educatiu\/biblioteca-tutoritzada\/","title":{"rendered":"Biblioteca Tutoritzada"},"content":{"rendered":"<p>La biblioteca tutoritzada \u00e9s una AEE (extensi\u00f3 del temps d&#8217;aprenentatge) que permet l&#8217;acceleraci\u00f3 d&#8217;aprenentatges de l&#8217;alumnat amb la col\u00b7laboraci\u00f3 de voluntariat. \u00c9s un espai on es promouen interaccions de qualitat entre alumnat de diferents cursos, mestres i persones volunt\u00e0ries molt diverses.<\/p>\n<p>A m\u00e9s, sempre dediquem un espai de temps per explicar un conte!<\/p>\n<p>Es realitza de dilluns a dijous amb alumnat de 2n a 6\u00e8, de 16.30h a 17.30h<\/p>\n<p><a href=\"https:\/\/agora.xtec.cat\/ceipmontserrat\/wp-content\/uploads\/usu1716\/2020\/06\/EHEEdzYXYAE64ZR.jpg\"><img loading=\"lazy\" decoding=\"async\" class=\"alignleft size-medium wp-image-831\" src=\"https:\/\/agora.xtec.cat\/ceipmontserrat\/wp-content\/uploads\/usu1716\/2020\/06\/EHEEdzYXYAE64ZR-300x225.jpg\" alt=\"\" width=\"300\" height=\"225\" srcset=\"https:\/\/agora.xtec.cat\/ceipmontserrat\/wp-content\/uploads\/usu1716\/2020\/06\/EHEEdzYXYAE64ZR-300x225.jpg 300w, https:\/\/agora.xtec.cat\/ceipmontserrat\/wp-content\/uploads\/usu1716\/2020\/06\/EHEEdzYXYAE64ZR-768x576.jpg 768w, https:\/\/agora.xtec.cat\/ceipmontserrat\/wp-content\/uploads\/usu1716\/2020\/06\/EHEEdzYXYAE64ZR-1024x768.jpg 1024w, https:\/\/agora.xtec.cat\/ceipmontserrat\/wp-content\/uploads\/usu1716\/2020\/06\/EHEEdzYXYAE64ZR-200x150.jpg 200w\" sizes=\"auto, (max-width: 300px) 100vw, 300px\" \/><\/a><a href=\"https:\/\/agora.xtec.cat\/ceipmontserrat\/wp-content\/uploads\/usu1716\/2020\/06\/IMG-20200203-WA0009.jpg\"><img loading=\"lazy\" decoding=\"async\" class=\"alignright size-medium wp-image-832\" src=\"https:\/\/agora.xtec.cat\/ceipmontserrat\/wp-content\/uploads\/usu1716\/2020\/06\/IMG-20200203-WA0009-300x169.jpg\" alt=\"\" width=\"300\" height=\"169\" srcset=\"https:\/\/agora.xtec.cat\/ceipmontserrat\/wp-content\/uploads\/usu1716\/2020\/06\/IMG-20200203-WA0009-300x169.jpg 300w, https:\/\/agora.xtec.cat\/ceipmontserrat\/wp-content\/uploads\/usu1716\/2020\/06\/IMG-20200203-WA0009-768x432.jpg 768w, https:\/\/agora.xtec.cat\/ceipmontserrat\/wp-content\/uploads\/usu1716\/2020\/06\/IMG-20200203-WA0009-1024x576.jpg 1024w, https:\/\/agora.xtec.cat\/ceipmontserrat\/wp-content\/uploads\/usu1716\/2020\/06\/IMG-20200203-WA0009.jpg 1600w\" sizes=\"auto, (max-width: 300px) 100vw, 300px\" \/><\/a><\/p>\n<p>&nbsp;<\/p>\n","protected":false},"excerpt":{"rendered":"<p>La biblioteca tutoritzada \u00e9s una AEE (extensi\u00f3 del temps d&#8217;aprenentatge) que permet l&#8217;acceleraci\u00f3 d&#8217;aprenentatges de l&#8217;alumnat amb la col\u00b7laboraci\u00f3 de voluntariat. \u00c9s un espai on es promouen interaccions de qualitat entre alumnat de diferents cursos, mestres i persones volunt\u00e0ries molt diverses.<br \/>\nA m\u00e9s, sempre dediquem un&hellip;  <a href=\"https:\/\/agora.xtec.cat\/ceipmontserrat\/projecte-educatiu\/biblioteca-tutoritzada\/\" title=\"Read Biblioteca Tutoritzada\">Llegeix m\u00e9s\u00bb<\/a><\/p>\n","protected":false},"author":1,"featured_media":0,"parent":64,"menu_order":0,"comment_status":"closed","ping_status":"closed","template":"","meta":{"_bbp_topic_count":0,"_bbp_reply_count":0,"_bbp_total_topic_count":0,"_bbp_total_reply_count":0,"_bbp_voice_count":0,"_bbp_anonymous_reply_count":0,"_bbp_topic_count_hidden":0,"_bbp_reply_count_hidden":0,"_bbp_forum_subforum_count":0,"footnotes":""},"class_list":["post-551","page","type-page","status-publish","hentry"],"post_mailing_queue_ids":[],"_links":{"self":[{"href":"https:\/\/agora.xtec.cat\/ceipmontserrat\/wp-json\/wp\/v2\/pages\/551","targetHints":{"allow":["GET"]}}],"collection":[{"href":"https:\/\/agora.xtec.cat\/ceipmontserrat\/wp-json\/wp\/v2\/pages"}],"about":[{"href":"https:\/\/agora.xtec.cat\/ceipmontserrat\/wp-json\/wp\/v2\/types\/page"}],"author":[{"embeddable":true,"href":"https:\/\/agora.xtec.cat\/ceipmontserrat\/wp-json\/wp\/v2\/users\/1"}],"replies":[{"embeddable":true,"href":"https:\/\/agora.xtec.cat\/ceipmontserrat\/wp-json\/wp\/v2\/comments?post=551"}],"version-history":[{"count":3,"href":"https:\/\/agora.xtec.cat\/ceipmontserrat\/wp-json\/wp\/v2\/pages\/551\/revisions"}],"predecessor-version":[{"id":833,"href":"https:\/\/agora.xtec.cat\/ceipmontserrat\/wp-json\/wp\/v2\/pages\/551\/revisions\/833"}],"up":[{"embeddable":true,"href":"https:\/\/agora.xtec.cat\/ceipmontserrat\/wp-json\/wp\/v2\/pages\/64"}],"wp:attachment":[{"href":"https:\/\/agora.xtec.cat\/ceipmontserrat\/wp-json\/wp\/v2\/media?parent=551"}],"curies":[{"name":"wp","href":"https:\/\/api.w.org\/{rel}","templated":true}]}}