{"id":543,"date":"2020-02-16T20:28:48","date_gmt":"2020-02-16T19:28:48","guid":{"rendered":"https:\/\/agora.xtec.cat\/ceipmontserrat\/?page_id=543"},"modified":"2020-06-04T13:36:36","modified_gmt":"2020-06-04T11:36:36","slug":"grups-interactius","status":"publish","type":"page","link":"https:\/\/agora.xtec.cat\/ceipmontserrat\/projecte-educatiu\/grups-interactius\/","title":{"rendered":"Grups Interactius"},"content":{"rendered":"<p>A l&#8217;escola realitzem grups interactius de P3 a 6\u00e8. Realitzem GI de llengua catalana, matem\u00e0tiques i angl\u00e8s.<\/p>\n<p>Els grups interactius s\u00f3n una forma d&#8217;organitzaci\u00f3 de l&#8217;aula amb la participaci\u00f3 de voluntariat que genera millors resultats i millor conviv\u00e8ncia ja que es potencien interaccions de qualitat amb perfils de persones molt diversos tot generant solidaritat a trav\u00e9s de l&#8217;aprenentatge instrumental.<a href=\"https:\/\/agora.xtec.cat\/ceipmontserrat\/wp-content\/uploads\/usu1716\/2020\/02\/Organitzai\u00f3-GI.jpg\"><br \/>\n<img loading=\"lazy\" decoding=\"async\" class=\"alignleft wp-image-611\" src=\"https:\/\/agora.xtec.cat\/ceipmontserrat\/wp-content\/uploads\/usu1716\/2020\/02\/Organitzai\u00f3-GI.jpg\" alt=\"\" width=\"227\" height=\"197\" srcset=\"https:\/\/agora.xtec.cat\/ceipmontserrat\/wp-content\/uploads\/usu1716\/2020\/02\/Organitzai\u00f3-GI.jpg 540w, https:\/\/agora.xtec.cat\/ceipmontserrat\/wp-content\/uploads\/usu1716\/2020\/02\/Organitzai\u00f3-GI-300x260.jpg 300w\" sizes=\"auto, (max-width: 227px) 100vw, 227px\" \/><\/a><\/p>\n<p>L&#8217;alumnat treballa en 4 grups heterogenis. A cada grup hi ha una persona adulta que dinamitza l&#8217;alumnat tot assegurant que interaccionen i s&#8217;ajudin entre ells\/es per assolir l&#8217;objectiu de l&#8217;activitat. Cada 20 minuts l&#8217;alumnat canvia d&#8217;activitat, per tant en sessions de 90 minuts (una hora i mitja) es realitzen 4 activitats diferents.<\/p>\n<p><strong>Quan m\u00e9s interaccions a l&#8217;aula, millor aprenentatge i millor conviv\u00e8ncia!<\/strong><\/p>\n<p>&nbsp;<\/p>\n<p><a href=\"https:\/\/agora.xtec.cat\/ceipmontserrat\/wp-content\/uploads\/usu1716\/2020\/06\/EGmi1YyXUAERpzr.jpg\"><img loading=\"lazy\" decoding=\"async\" class=\"alignleft size-medium wp-image-821\" src=\"https:\/\/agora.xtec.cat\/ceipmontserrat\/wp-content\/uploads\/usu1716\/2020\/06\/EGmi1YyXUAERpzr-300x225.jpg\" alt=\"\" width=\"300\" height=\"225\" srcset=\"https:\/\/agora.xtec.cat\/ceipmontserrat\/wp-content\/uploads\/usu1716\/2020\/06\/EGmi1YyXUAERpzr-300x225.jpg 300w, https:\/\/agora.xtec.cat\/ceipmontserrat\/wp-content\/uploads\/usu1716\/2020\/06\/EGmi1YyXUAERpzr-768x576.jpg 768w, https:\/\/agora.xtec.cat\/ceipmontserrat\/wp-content\/uploads\/usu1716\/2020\/06\/EGmi1YyXUAERpzr-1024x768.jpg 1024w, https:\/\/agora.xtec.cat\/ceipmontserrat\/wp-content\/uploads\/usu1716\/2020\/06\/EGmi1YyXUAERpzr-200x150.jpg 200w\" sizes=\"auto, (max-width: 300px) 100vw, 300px\" \/><\/a><\/p>\n<p><a href=\"https:\/\/agora.xtec.cat\/ceipmontserrat\/wp-content\/uploads\/usu1716\/2020\/06\/EKXzHxmXsAA4arS.jpg\"><img loading=\"lazy\" decoding=\"async\" class=\"alignright size-medium wp-image-823\" src=\"https:\/\/agora.xtec.cat\/ceipmontserrat\/wp-content\/uploads\/usu1716\/2020\/06\/EKXzHxmXsAA4arS-300x225.jpg\" alt=\"\" width=\"300\" height=\"225\" srcset=\"https:\/\/agora.xtec.cat\/ceipmontserrat\/wp-content\/uploads\/usu1716\/2020\/06\/EKXzHxmXsAA4arS-300x225.jpg 300w, https:\/\/agora.xtec.cat\/ceipmontserrat\/wp-content\/uploads\/usu1716\/2020\/06\/EKXzHxmXsAA4arS-768x576.jpg 768w, https:\/\/agora.xtec.cat\/ceipmontserrat\/wp-content\/uploads\/usu1716\/2020\/06\/EKXzHxmXsAA4arS-1024x768.jpg 1024w, https:\/\/agora.xtec.cat\/ceipmontserrat\/wp-content\/uploads\/usu1716\/2020\/06\/EKXzHxmXsAA4arS-200x150.jpg 200w\" sizes=\"auto, (max-width: 300px) 100vw, 300px\" \/><\/a><a href=\"https:\/\/agora.xtec.cat\/ceipmontserrat\/wp-content\/uploads\/usu1716\/2020\/06\/EKXzHxlWsAAFHgC.jpg\"><img loading=\"lazy\" decoding=\"async\" class=\"aligncenter wp-image-822\" src=\"https:\/\/agora.xtec.cat\/ceipmontserrat\/wp-content\/uploads\/usu1716\/2020\/06\/EKXzHxlWsAAFHgC-300x225.jpg\" alt=\"\" width=\"300\" height=\"225\" srcset=\"https:\/\/agora.xtec.cat\/ceipmontserrat\/wp-content\/uploads\/usu1716\/2020\/06\/EKXzHxlWsAAFHgC-300x225.jpg 300w, https:\/\/agora.xtec.cat\/ceipmontserrat\/wp-content\/uploads\/usu1716\/2020\/06\/EKXzHxlWsAAFHgC-768x576.jpg 768w, https:\/\/agora.xtec.cat\/ceipmontserrat\/wp-content\/uploads\/usu1716\/2020\/06\/EKXzHxlWsAAFHgC-1024x768.jpg 1024w, https:\/\/agora.xtec.cat\/ceipmontserrat\/wp-content\/uploads\/usu1716\/2020\/06\/EKXzHxlWsAAFHgC-200x150.jpg 200w\" sizes=\"auto, (max-width: 300px) 100vw, 300px\" \/><\/a><\/p>\n<p>&nbsp;<\/p>\n<p>&nbsp;<\/p>\n","protected":false},"excerpt":{"rendered":"<p>A l&#8217;escola realitzem grups interactius de P3 a 6\u00e8. Realitzem GI de llengua catalana, matem\u00e0tiques i angl\u00e8s.<br \/>\nEls grups interactius s\u00f3n una forma d&#8217;organitzaci\u00f3 de l&#8217;aula amb la participaci\u00f3 de voluntariat que genera millors resultats i millor conviv\u00e8ncia ja que es potencien interaccions de qualitat amb&hellip;  <a href=\"https:\/\/agora.xtec.cat\/ceipmontserrat\/projecte-educatiu\/grups-interactius\/\" title=\"Read Grups Interactius\">Llegeix m\u00e9s\u00bb<\/a><\/p>\n","protected":false},"author":1,"featured_media":0,"parent":64,"menu_order":0,"comment_status":"closed","ping_status":"closed","template":"","meta":{"_bbp_topic_count":0,"_bbp_reply_count":0,"_bbp_total_topic_count":0,"_bbp_total_reply_count":0,"_bbp_voice_count":0,"_bbp_anonymous_reply_count":0,"_bbp_topic_count_hidden":0,"_bbp_reply_count_hidden":0,"_bbp_forum_subforum_count":0,"footnotes":""},"class_list":["post-543","page","type-page","status-publish","hentry"],"post_mailing_queue_ids":[],"_links":{"self":[{"href":"https:\/\/agora.xtec.cat\/ceipmontserrat\/wp-json\/wp\/v2\/pages\/543","targetHints":{"allow":["GET"]}}],"collection":[{"href":"https:\/\/agora.xtec.cat\/ceipmontserrat\/wp-json\/wp\/v2\/pages"}],"about":[{"href":"https:\/\/agora.xtec.cat\/ceipmontserrat\/wp-json\/wp\/v2\/types\/page"}],"author":[{"embeddable":true,"href":"https:\/\/agora.xtec.cat\/ceipmontserrat\/wp-json\/wp\/v2\/users\/1"}],"replies":[{"embeddable":true,"href":"https:\/\/agora.xtec.cat\/ceipmontserrat\/wp-json\/wp\/v2\/comments?post=543"}],"version-history":[{"count":3,"href":"https:\/\/agora.xtec.cat\/ceipmontserrat\/wp-json\/wp\/v2\/pages\/543\/revisions"}],"predecessor-version":[{"id":825,"href":"https:\/\/agora.xtec.cat\/ceipmontserrat\/wp-json\/wp\/v2\/pages\/543\/revisions\/825"}],"up":[{"embeddable":true,"href":"https:\/\/agora.xtec.cat\/ceipmontserrat\/wp-json\/wp\/v2\/pages\/64"}],"wp:attachment":[{"href":"https:\/\/agora.xtec.cat\/ceipmontserrat\/wp-json\/wp\/v2\/media?parent=543"}],"curies":[{"name":"wp","href":"https:\/\/api.w.org\/{rel}","templated":true}]}}