{"id":80,"date":"2014-09-18T14:09:48","date_gmt":"2014-09-18T13:09:48","guid":{"rendered":"http:\/\/agora.xtec.cat\/ceipmontserrat-ssg\/?page_id=80"},"modified":"2025-09-09T16:21:37","modified_gmt":"2025-09-09T14:21:37","slug":"transport-escolar","status":"publish","type":"page","link":"https:\/\/agora.xtec.cat\/ceipmontserrat-ssg\/serveis\/transport-escolar\/","title":{"rendered":"Transport Escolar"},"content":{"rendered":"<p>\u00c9s un servei gratu\u00eft per les fam\u00edlies i est\u00e0 gestionat pel Consell Comarcal del Bages amb la col\u00b7laboraci\u00f3 de l&#8217;Ajuntament de SSG i l&#8217;Escola.<\/p>\n<p>Per fer-ne \u00fas, cal omplir la sol\u00b7licitud telem\u00e0tica a trav\u00e9s del seg\u00fcent enlla\u00e7: <span lang=\"CA\">\u00a0<\/span><span lang=\"CA\"><a href=\"http:\/\/www.ccbages.cat\/educacioicultura\/educacio\/transport\/\" target=\"_blank\" rel=\"noopener nofollow noreferrer\" data-saferedirecturl=\"https:\/\/www.google.com\/url?q=http:\/\/www.ccbages.cat\/educacioicultura\/educacio\/transport\/&amp;source=gmail&amp;ust=1694505692117000&amp;usg=AOvVaw1MS_ysbzZxAhenw4E87q54\">www.ccbages.cat\/<wbr \/>educacioicultura\/educacio\/<wbr \/><span class=\"il\">transport<\/span>\/<\/a><\/span><\/p>\n<div role=\"presentation\">Per fer modificacions i sol\u00b7licituds de persones autoritzades a la recollida, autoritzacions per tornar sol\/a a casa, baixes, canvis de parades<\/div>\n<div role=\"presentation\"><\/div>\n<div role=\"presentation\">cal fer-ho per la p\u00e0gina web del Consell Comarcal del Bages: <a id=\"m_-1211848909209897803OWA36be04bb-dd4e-c8ff-ad95-a38b6bf5ced6\" title=\"https:\/\/transport2526.ccbages.cat\/\" href=\"https:\/\/transport2526.ccbages.cat\/\" target=\"_blank\" rel=\"noopener noreferrer\" data-saferedirecturl=\"https:\/\/www.google.com\/url?q=https:\/\/transport2526.ccbages.cat\/&amp;source=gmail&amp;ust=1757511942290000&amp;usg=AOvVaw0bhzPKmkKdZYL-4UpjgfZD\">&#8220;modificacions i canvis de la sol\u00b7licitud 2025-2026&#8221;<\/a><\/div>\n<p>&nbsp;<\/p>\n<p>El servei consta de 3 l\u00ednies de transport que tenen el nom del lloc on s&#8217;inicia la ruta per\u00f2 tots tres autobusos fan parades al Calvet i el bus vermell tamb\u00e9 fa una parada al carrer de la Llum, a l&#8217;entrada del poble.<\/p>\n<p><a href=\"https:\/\/agora.xtec.cat\/ceipmontserrat-ssg\/wp-content\/uploads\/usu725\/2025\/09\/ESCOLA-MONTSERRAT_25-26.pdf\">RUTES I PARADES<\/a><\/p>\n<p><strong>NORMES DE FUNCIONAMENT<\/strong><\/p>\n<p>El servei d&#8217;autob\u00fas s&#8217;ha de fer servir de manera regular, no espor\u00e0dicament. Si algun dia dels habituals l&#8217;alumne no ha d&#8217;utilitzar el transport cal comunicar-ho al tutor\/a.<\/p>\n<p>Si s&#8217;ha de fer algun canvi de ruta o de parada cal registrar una inst\u00e0ncia al Consell Comarcal i quan us autoritzin el canvi informar la secretaria de l&#8217;escola o b\u00e9 al tutor\/a. Tamb\u00e9 es pot presentar ren\u00fancia del servei en cas de no fer-ne \u00fas.<\/p>\n<p>En fer la sol\u00b7licitud cal indicar si el nen\/a pot marxar sol\/a de la parada. Si marxa amb un altre menor (germ\u00e0, cos\u00ed,&#8230;) tamb\u00e9 caldr\u00e0 informar que marxa sol\/a.<\/p>\n<p>\u00c9s responsabilitat de la fam\u00edlia anar a buscar el ne\/a a la parada si no est\u00e0 autoritzat\/da a marxar sol\/a. En cas de no haver-hi cap adult autoritzat:<\/p>\n<ul>\n<li>S&#8217;intentar\u00e0 localitzar a la fam\u00edlia mitjan\u00e7ant els tel\u00e8fons que consten a la sol\u00b7licitud de transport.<\/li>\n<li>L&#8217;usuari\/\u00e0ria continuar\u00e0 el viatge fins a la fi de l&#8217;itinerari.<\/li>\n<li>Posar\u00e0 el\/la menor a disposici\u00f3 dels mossos d&#8217;esquadra facilitant-los totes les dades referides al\/la menor.<\/li>\n<\/ul>\n<p>Els\/les monitors\/es dels autobusos vetllen l&#8217;entrada dels alumnes al recinte escolar i acompanyen els infants d&#8217;educaci\u00f3 infantil al punt acordat en el vest\u00edbul del centre on s\u00f3n rebuts per una mestra del cicle. A la sortida els recullen en el mateix punt 8 minuts abans de la finalitzaci\u00f3 de les classes per acomodar-los als respectius autobusos, a partir d&#8217;aqu\u00ed fan el control de la resta d&#8217;alumnat.<\/p>\n<p>Les mestres de 1r acompanyen els alumnes als autobusos i les mestres de 2n controlen que els seus alumnes vagin als vehicles des de la porta de l&#8217;escola. El conserge de l&#8217;escola sempre est\u00e0 a la porta principal del recinte per atendre qualsevol incid\u00e8ncia amb la resta d&#8217;alumnat i es posa en contacte amb un membre de l&#8217;equip directiu si \u00e9s necessari.<\/p>\n<p><span style=\"text-decoration: underline;\"><span style=\"color: #0000ff; text-decoration: underline;\"><strong>Normativa del Consell Comarcal:<\/strong><\/span><\/span><\/p>\n<p><span style=\"color: #000000;\"><strong><a style=\"color: #000000;\" href=\"https:\/\/agora.xtec.cat\/ceipmontserrat-ssg\/wp-content\/uploads\/usu725\/2023\/09\/Reglament-de-transport-escolar.pdf\">Reglament de transport escolar<\/a><\/strong><\/span><\/p>\n<p><span style=\"color: #000000;\"><strong><a style=\"color: #000000;\" href=\"https:\/\/agora.xtec.cat\/ceipmontserrat-ssg\/wp-content\/uploads\/usu725\/2023\/09\/FUNCIONAMENT-DIARI-DEL-SERVEI-DE-TRANSPORT_1.pdf\">Funcionament diari del servei de transport<\/a>\u00a0<\/strong><\/span> \u00a0 \u00a0 \u00a0 \u00a0 \u00a0 \u00a0 \u00a0<span style=\"font-family: inherit; font-size: 1em;\">\u00a0 \u00a0 \u00a0 \u00a0 \u00a0 \u00a0 \u00a0 \u00a0 \u00a0 \u00a0 \u00a0 \u00a0 \u00a0 \u00a0\u00a0<\/span><\/p>\n","protected":false},"excerpt":{"rendered":"<p>\u00c9s un servei gratu\u00eft per les fam\u00edlies i est\u00e0 gestionat pel Consell Comarcal del Bages amb la col\u00b7laboraci\u00f3 de l&#8217;Ajuntament de SSG i l&#8217;Escola.<br \/>\nPer fer-ne \u00fas, cal omplir la sol\u00b7licitud telem\u00e0tica a trav\u00e9s del seg\u00fcent enlla\u00e7: \u00a0<a href=\"http:\/\/www.ccbages.cat\/educacioicultura\/educacio\/transport\/\" target=\"_blank\" rel=\"noopener nofollow noreferrer\" data-saferedirecturl=\"https:\/\/www.google.com\/url?q=http:\/\/www.ccbages.cat\/educacioicultura\/educacio\/transport\/&amp;source=gmail&amp;ust=1694505692117000&amp;usg=AOvVaw1MS_ysbzZxAhenw4E87q54\">www.ccbages.cat\/educacioicultura\/educacio\/transport\/<\/a><br \/>\nPer fer modificacions&hellip;  <a href=\"https:\/\/agora.xtec.cat\/ceipmontserrat-ssg\/serveis\/transport-escolar\/\" title=\"Read Transport Escolar\">Llegeix m\u00e9s\u00bb<\/a><\/p>\n","protected":false},"author":1,"featured_media":0,"parent":66,"menu_order":40,"comment_status":"closed","ping_status":"closed","template":"page-templates\/side-menu.php","meta":{"_bbp_topic_count":0,"_bbp_reply_count":0,"_bbp_total_topic_count":0,"_bbp_total_reply_count":0,"_bbp_voice_count":0,"_bbp_anonymous_reply_count":0,"_bbp_topic_count_hidden":0,"_bbp_reply_count_hidden":0,"_bbp_forum_subforum_count":0,"footnotes":""},"class_list":["post-80","page","type-page","status-publish","hentry"],"post_mailing_queue_ids":[],"_links":{"self":[{"href":"https:\/\/agora.xtec.cat\/ceipmontserrat-ssg\/wp-json\/wp\/v2\/pages\/80","targetHints":{"allow":["GET"]}}],"collection":[{"href":"https:\/\/agora.xtec.cat\/ceipmontserrat-ssg\/wp-json\/wp\/v2\/pages"}],"about":[{"href":"https:\/\/agora.xtec.cat\/ceipmontserrat-ssg\/wp-json\/wp\/v2\/types\/page"}],"author":[{"embeddable":true,"href":"https:\/\/agora.xtec.cat\/ceipmontserrat-ssg\/wp-json\/wp\/v2\/users\/1"}],"replies":[{"embeddable":true,"href":"https:\/\/agora.xtec.cat\/ceipmontserrat-ssg\/wp-json\/wp\/v2\/comments?post=80"}],"version-history":[{"count":8,"href":"https:\/\/agora.xtec.cat\/ceipmontserrat-ssg\/wp-json\/wp\/v2\/pages\/80\/revisions"}],"predecessor-version":[{"id":7139,"href":"https:\/\/agora.xtec.cat\/ceipmontserrat-ssg\/wp-json\/wp\/v2\/pages\/80\/revisions\/7139"}],"up":[{"embeddable":true,"href":"https:\/\/agora.xtec.cat\/ceipmontserrat-ssg\/wp-json\/wp\/v2\/pages\/66"}],"wp:attachment":[{"href":"https:\/\/agora.xtec.cat\/ceipmontserrat-ssg\/wp-json\/wp\/v2\/media?parent=80"}],"curies":[{"name":"wp","href":"https:\/\/api.w.org\/{rel}","templated":true}]}}