{"id":4566,"date":"2022-10-21T13:53:14","date_gmt":"2022-10-21T11:53:14","guid":{"rendered":"https:\/\/agora.xtec.cat\/ceipmontserrat-ssg\/?page_id=4566"},"modified":"2024-03-05T12:43:56","modified_gmt":"2024-03-05T11:43:56","slug":"avaluacio","status":"publish","type":"page","link":"https:\/\/agora.xtec.cat\/ceipmontserrat-ssg\/projecte-educatiu\/estrategia-digital-de-centre\/edc\/avaluacio\/","title":{"rendered":"AVALUACI\u00d3"},"content":{"rendered":"<ul>\n<li style=\"font-weight: 400;\" aria-checked=\"false\" aria-level=\"2\"><span style=\"font-weight: 400;\">L\u2019avaluaci\u00f3 i seguiment de l\u2019EDC es far\u00e0 a final de cada curs escolar durant l\u2019elaboraci\u00f3 de la mem\u00f2ria de final de curs d\u2019aquelles accions que hagin estat programades a la Programaci\u00f3 General Anual (PGA). I des de la comissi\u00f3 digital es vetllar\u00e0 perqu\u00e8 s&#8217;incloguin en aquesta PGA les accions programades i es far\u00e0 tamb\u00e9 el seguiment.<\/span><\/li>\n<\/ul>\n","protected":false},"excerpt":{"rendered":"<ul>\n<li style=\"font-weight: 400;\" aria-checked=\"false\" aria-level=\"2\">L\u2019avaluaci\u00f3 i seguiment de l\u2019EDC es far\u00e0 a final de cada curs escolar durant l\u2019elaboraci\u00f3 de la mem\u00f2ria de final de curs d\u2019aquelles accions que hagin estat programades a la Programaci\u00f3 General Anual (PGA). I des de la comissi\u00f3 digital es&hellip;  <a href=\"https:\/\/agora.xtec.cat\/ceipmontserrat-ssg\/projecte-educatiu\/estrategia-digital-de-centre\/edc\/avaluacio\/\" title=\"Read AVALUACI\u00d3\">Llegeix m\u00e9s\u00bb<\/a><br \/>\n","protected":false},"author":1,"featured_media":0,"parent":4547,"menu_order":0,"comment_status":"closed","ping_status":"closed","template":"","meta":{"_bbp_topic_count":0,"_bbp_reply_count":0,"_bbp_total_topic_count":0,"_bbp_total_reply_count":0,"_bbp_voice_count":0,"_bbp_anonymous_reply_count":0,"_bbp_topic_count_hidden":0,"_bbp_reply_count_hidden":0,"_bbp_forum_subforum_count":0,"footnotes":""},"class_list":["post-4566","page","type-page","status-publish","hentry"],"post_mailing_queue_ids":[],"_links":{"self":[{"href":"https:\/\/agora.xtec.cat\/ceipmontserrat-ssg\/wp-json\/wp\/v2\/pages\/4566","targetHints":{"allow":["GET"]}}],"collection":[{"href":"https:\/\/agora.xtec.cat\/ceipmontserrat-ssg\/wp-json\/wp\/v2\/pages"}],"about":[{"href":"https:\/\/agora.xtec.cat\/ceipmontserrat-ssg\/wp-json\/wp\/v2\/types\/page"}],"author":[{"embeddable":true,"href":"https:\/\/agora.xtec.cat\/ceipmontserrat-ssg\/wp-json\/wp\/v2\/users\/1"}],"replies":[{"embeddable":true,"href":"https:\/\/agora.xtec.cat\/ceipmontserrat-ssg\/wp-json\/wp\/v2\/comments?post=4566"}],"version-history":[{"count":3,"href":"https:\/\/agora.xtec.cat\/ceipmontserrat-ssg\/wp-json\/wp\/v2\/pages\/4566\/revisions"}],"predecessor-version":[{"id":5162,"href":"https:\/\/agora.xtec.cat\/ceipmontserrat-ssg\/wp-json\/wp\/v2\/pages\/4566\/revisions\/5162"}],"up":[{"embeddable":true,"href":"https:\/\/agora.xtec.cat\/ceipmontserrat-ssg\/wp-json\/wp\/v2\/pages\/4547"}],"wp:attachment":[{"href":"https:\/\/agora.xtec.cat\/ceipmontserrat-ssg\/wp-json\/wp\/v2\/media?parent=4566"}],"curies":[{"name":"wp","href":"https:\/\/api.w.org\/{rel}","templated":true}]}}