{"id":4544,"date":"2022-10-21T13:37:36","date_gmt":"2022-10-21T11:37:36","guid":{"rendered":"https:\/\/agora.xtec.cat\/ceipmontserrat-ssg\/?page_id=4544"},"modified":"2023-06-29T09:51:37","modified_gmt":"2023-06-29T07:51:37","slug":"estrategia-digital-de-centre","status":"publish","type":"page","link":"https:\/\/agora.xtec.cat\/ceipmontserrat-ssg\/projecte-educatiu\/estrategia-digital-de-centre\/","title":{"rendered":"ESTRAT\u00c8GIA DIGITAL DE CENTRE"},"content":{"rendered":"<p>L&#8217;estrat\u00e8gia digital de centre (EDC) defineix i concreta les l\u00ednies d&#8217;actuaci\u00f3 del centre que fan possible que docents, alumnat i centre assoleixin la compet\u00e8ncia digital. Per aconseguir aquesta compet\u00e8ncia digital, l&#8217;EDC compr\u00e8n tots els \u00e0mbits del centre: organitzatius, metodol\u00f2gics, curriculars i comunicatius, els quals s&#8217;han de veure necess\u00e0riament implicats i, si escau, transformats, des d\u2019una perspectiva d&#8217;innovaci\u00f3 i de millora cont\u00ednua.<\/p>\n<p>&nbsp;<\/p>\n<p><a href=\"https:\/\/agora.xtec.cat\/ceipmontserrat-ssg\/estrategia-digital-de-centre\/cultura-digital\/\"><img loading=\"lazy\" decoding=\"async\" class=\"alignright size-medium wp-image-4007\" src=\"https:\/\/agora.xtec.cat\/ceipmontserrat-ssg\/wp-content\/uploads\/usu725\/2022\/01\/2-300x117.jpg\" alt=\"\" width=\"300\" height=\"117\" srcset=\"https:\/\/agora.xtec.cat\/ceipmontserrat-ssg\/wp-content\/uploads\/usu725\/2022\/01\/2-300x117.jpg 300w, https:\/\/agora.xtec.cat\/ceipmontserrat-ssg\/wp-content\/uploads\/usu725\/2022\/01\/2.jpg 476w\" sizes=\"auto, (max-width: 300px) 100vw, 300px\" \/><\/a><a href=\"https:\/\/agora.xtec.cat\/ceipmontserrat-ssg\/estrategia-digital-de-centre\/edc\/\"><img loading=\"lazy\" decoding=\"async\" class=\"size-medium wp-image-4006 alignleft\" src=\"https:\/\/agora.xtec.cat\/ceipmontserrat-ssg\/wp-content\/uploads\/usu725\/2022\/01\/1-300x118.jpg\" alt=\"\" width=\"300\" height=\"118\" srcset=\"https:\/\/agora.xtec.cat\/ceipmontserrat-ssg\/wp-content\/uploads\/usu725\/2022\/01\/1-300x118.jpg 300w, https:\/\/agora.xtec.cat\/ceipmontserrat-ssg\/wp-content\/uploads\/usu725\/2022\/01\/1.jpg 475w\" sizes=\"auto, (max-width: 300px) 100vw, 300px\" \/><\/a><\/p>\n","protected":false},"excerpt":{"rendered":"<p>L&#8217;estrat\u00e8gia digital de centre (EDC) defineix i concreta les l\u00ednies d&#8217;actuaci\u00f3 del centre que fan possible que docents, alumnat i centre assoleixin la compet\u00e8ncia digital. Per aconseguir aquesta compet\u00e8ncia digital, l&#8217;EDC compr\u00e8n tots els \u00e0mbits del centre: organitzatius, metodol\u00f2gics, curriculars i comunicatius, els quals s&#8217;han&hellip;  <a href=\"https:\/\/agora.xtec.cat\/ceipmontserrat-ssg\/projecte-educatiu\/estrategia-digital-de-centre\/\" title=\"Read ESTRAT\u00c8GIA DIGITAL DE CENTRE\">Llegeix m\u00e9s\u00bb<\/a><\/p>\n","protected":false},"author":1,"featured_media":0,"parent":64,"menu_order":0,"comment_status":"closed","ping_status":"closed","template":"","meta":{"_bbp_topic_count":0,"_bbp_reply_count":0,"_bbp_total_topic_count":0,"_bbp_total_reply_count":0,"_bbp_voice_count":0,"_bbp_anonymous_reply_count":0,"_bbp_topic_count_hidden":0,"_bbp_reply_count_hidden":0,"_bbp_forum_subforum_count":0,"footnotes":""},"class_list":["post-4544","page","type-page","status-publish","hentry"],"post_mailing_queue_ids":[],"_links":{"self":[{"href":"https:\/\/agora.xtec.cat\/ceipmontserrat-ssg\/wp-json\/wp\/v2\/pages\/4544","targetHints":{"allow":["GET"]}}],"collection":[{"href":"https:\/\/agora.xtec.cat\/ceipmontserrat-ssg\/wp-json\/wp\/v2\/pages"}],"about":[{"href":"https:\/\/agora.xtec.cat\/ceipmontserrat-ssg\/wp-json\/wp\/v2\/types\/page"}],"author":[{"embeddable":true,"href":"https:\/\/agora.xtec.cat\/ceipmontserrat-ssg\/wp-json\/wp\/v2\/users\/1"}],"replies":[{"embeddable":true,"href":"https:\/\/agora.xtec.cat\/ceipmontserrat-ssg\/wp-json\/wp\/v2\/comments?post=4544"}],"version-history":[{"count":3,"href":"https:\/\/agora.xtec.cat\/ceipmontserrat-ssg\/wp-json\/wp\/v2\/pages\/4544\/revisions"}],"predecessor-version":[{"id":4631,"href":"https:\/\/agora.xtec.cat\/ceipmontserrat-ssg\/wp-json\/wp\/v2\/pages\/4544\/revisions\/4631"}],"up":[{"embeddable":true,"href":"https:\/\/agora.xtec.cat\/ceipmontserrat-ssg\/wp-json\/wp\/v2\/pages\/64"}],"wp:attachment":[{"href":"https:\/\/agora.xtec.cat\/ceipmontserrat-ssg\/wp-json\/wp\/v2\/media?parent=4544"}],"curies":[{"name":"wp","href":"https:\/\/api.w.org\/{rel}","templated":true}]}}