{"id":38,"date":"2014-09-18T12:34:08","date_gmt":"2014-09-18T11:34:08","guid":{"rendered":"http:\/\/agora.xtec.cat\/ceipmontserrat-ssg\/?page_id=38"},"modified":"2023-07-25T19:03:18","modified_gmt":"2023-07-25T17:03:18","slug":"salut","status":"publish","type":"page","link":"https:\/\/agora.xtec.cat\/ceipmontserrat-ssg\/lescola\/salut\/","title":{"rendered":"Salut"},"content":{"rendered":"<p><strong>Malalties<\/strong><\/p>\n<p>Quan el vostre fill\/a estigui malalt, cal que passi el per\u00edode de <strong>convalesc\u00e8ncia a casa<\/strong>.<\/p>\n<p>S&#8217;ha de procurar qua a l&#8217;escola no s&#8217;hagin d&#8217;administrar medicaments. Si \u00e9s imprescindible, cal portar una autoritzaci\u00f3 detallada i signada pels pares on hi constin el nom del nen, del medicament, la dosi i l&#8217;hora que se li ha d&#8217;administrar. Si no \u00e9s aix\u00ed, no podrem administrar-li.<\/p>\n<p>Si el medicament \u00e9s m\u00e9s fort que un analg\u00e8sic o \u00e9s un tractament de llarga durada, \u00e9s imprescindible portar la recepta del metge.<\/p>\n<p>A l&#8217;escola, s&#8217;administrar\u00e0 parecetamol en cas de que les fam\u00edlies hagueu signar l&#8217;autoritzaci\u00f3 per fer-ho i que no se us pugui localitzar.<\/p>\n<p>\u00c9s important que el centre tingui els <strong>tel\u00e8fons de contacte actualitzats<\/strong>, i que en tinguem m\u00e9s d&#8217;un per si en aquell moment, algun no est\u00e0 operatiu.<\/p>\n<p>En cas de no localitzar la fam\u00edlia i si es creu necess\u00e0ria una consulta m\u00e8dica, l&#8217;escola avisar\u00e0 un taxi o una ambul\u00e0ncia per dur el nen\/a a un centre m\u00e8dic o hospital.<\/p>\n<p><strong>Al.l\u00e8rgies<\/strong><\/p>\n<p>Si el vostre fill\/a pateix algun tipus d&#8217;al\u00b7l\u00e8rgia o malaltia cr\u00f2nica, \u00e9s molt important que ho comuniqueu als seu tutor\/a i li doneu una <strong>c\u00f2pia de l&#8217;informe m\u00e8dic<\/strong> que ho acredita.<\/p>\n<p>Si es tracta d&#8217;alguna al\u00b7l\u00e8rgia aliment\u00e0ria, els mestres ho comunicaran als responsables del menjador.<\/p>\n<p>Cal que comuniqueu a secretaria i al mestre tutor els canvis que es donin, tant si \u00e9s per adquisici\u00f3 d&#8217;una nova al\u00b7l\u00e8rgia com, si al contrari, ha deixat de patir-la. \u00c9s molt important que aquestes dades estiguin cont\u00ednuament actualitzades.<\/p>\n<p><strong>Polls<\/strong><\/p>\n<p>En el cas que detectem o se&#8217;ns informi d&#8217;algun cas de polls, el tutor\/a informar\u00e0 les fam\u00edlies del grup mitjan\u00e7ant un e-mail perqu\u00e8 revisin els caps i facin el tractament si \u00e9s necessari.<\/p>\n<p>Us recordem que la responsabilitat de <strong>la higiene dels nens i nenes \u00e9s de les fam\u00edlies<\/strong>.<\/p>\n<p>Recordeu que els nens i nenes han de venir amb els caps sense par\u00e0sits a l\u2019escola i que cal anar revisant-los peri\u00f2dicament per tal de prevenir el contagi.<\/p>\n<p>Sabem que no \u00e9s f\u00e0cil eliminar la parasitaci\u00f3 i que fer-ho\u00a0<strong>requereix temps i perseveran\u00e7a.\u00a0<\/strong>Si no ho fa tothom, el problema \u00e9s de dif\u00edcil soluci\u00f3.<\/p>\n<p><strong>Els esmorzars<\/strong><\/p>\n<p>El menjar que doneu als alumnes per l&#8217;estona del pati, cal que sigui l&#8217;adequat a cada nen\/a. Si els en poseu massa, pot ser que el llencin per aix\u00f2 \u00e9s important que acordeu amb ells les quantitats. Recomanem que els poseu menjar saludable com ara un petit entrep\u00e0, pe\u00e7a de fruita, fruits secs,&#8230; i \u00e9s millor evitar la brioixeria industrial.<\/p>\n<p><strong>Celebracions<\/strong><\/p>\n<p>Per celebrar els aniversaris a l&#8217;escola, s&#8217;ha de <strong>parlar abans amb el tutor\/a del grup<\/strong> per tal que ho tinguin previst.<\/p>\n<p>Els esmorzars han de ser saludables: Petits entrepans, fruita, coques,&#8230; tamb\u00e9 podeu portar croissants i ensa\u00efmades per\u00f2 que no siguin industrials. No es poden portar llaminadures ni begudes, cada alumne disposa de la seva ampolla d&#8217;aigua. Cal portar tovallons de paper.<\/p>\n<p>&nbsp;<\/p>\n","protected":false},"excerpt":{"rendered":"<p>Malalties<br \/>\nQuan el vostre fill\/a estigui malalt, cal que passi el per\u00edode de convalesc\u00e8ncia a casa.<br \/>\nS&#8217;ha de procurar qua a l&#8217;escola no s&#8217;hagin d&#8217;administrar medicaments. Si \u00e9s imprescindible, cal portar una autoritzaci\u00f3 detallada i signada pels pares on hi constin el nom del nen, del medicament,&hellip;  <a href=\"https:\/\/agora.xtec.cat\/ceipmontserrat-ssg\/lescola\/salut\/\" title=\"Read Salut\">Llegeix m\u00e9s\u00bb<\/a><\/p>\n","protected":false},"author":1,"featured_media":0,"parent":22,"menu_order":80,"comment_status":"closed","ping_status":"closed","template":"page-templates\/side-menu.php","meta":{"_bbp_topic_count":0,"_bbp_reply_count":0,"_bbp_total_topic_count":0,"_bbp_total_reply_count":0,"_bbp_voice_count":0,"_bbp_anonymous_reply_count":0,"_bbp_topic_count_hidden":0,"_bbp_reply_count_hidden":0,"_bbp_forum_subforum_count":0,"footnotes":""},"class_list":["post-38","page","type-page","status-publish","hentry"],"post_mailing_queue_ids":[],"_links":{"self":[{"href":"https:\/\/agora.xtec.cat\/ceipmontserrat-ssg\/wp-json\/wp\/v2\/pages\/38","targetHints":{"allow":["GET"]}}],"collection":[{"href":"https:\/\/agora.xtec.cat\/ceipmontserrat-ssg\/wp-json\/wp\/v2\/pages"}],"about":[{"href":"https:\/\/agora.xtec.cat\/ceipmontserrat-ssg\/wp-json\/wp\/v2\/types\/page"}],"author":[{"embeddable":true,"href":"https:\/\/agora.xtec.cat\/ceipmontserrat-ssg\/wp-json\/wp\/v2\/users\/1"}],"replies":[{"embeddable":true,"href":"https:\/\/agora.xtec.cat\/ceipmontserrat-ssg\/wp-json\/wp\/v2\/comments?post=38"}],"version-history":[{"count":3,"href":"https:\/\/agora.xtec.cat\/ceipmontserrat-ssg\/wp-json\/wp\/v2\/pages\/38\/revisions"}],"predecessor-version":[{"id":5382,"href":"https:\/\/agora.xtec.cat\/ceipmontserrat-ssg\/wp-json\/wp\/v2\/pages\/38\/revisions\/5382"}],"up":[{"embeddable":true,"href":"https:\/\/agora.xtec.cat\/ceipmontserrat-ssg\/wp-json\/wp\/v2\/pages\/22"}],"wp:attachment":[{"href":"https:\/\/agora.xtec.cat\/ceipmontserrat-ssg\/wp-json\/wp\/v2\/media?parent=38"}],"curies":[{"name":"wp","href":"https:\/\/api.w.org\/{rel}","templated":true}]}}