{"id":302,"date":"2016-12-27T12:39:39","date_gmt":"2016-12-27T11:39:39","guid":{"rendered":"http:\/\/agora.xtec.cat\/ceipmontserrat-ssg\/?page_id=302"},"modified":"2021-03-03T11:52:01","modified_gmt":"2021-03-03T10:52:01","slug":"socialitzacio-de-llibres-de-text","status":"publish","type":"page","link":"https:\/\/agora.xtec.cat\/ceipmontserrat-ssg\/serveis\/socialitzacio-de-llibres-de-text\/","title":{"rendered":"Socialitzaci\u00f3 de llibres de text"},"content":{"rendered":"<p>Per tal d&#8217;afavorir l&#8217;estalvi de les fam\u00edlies i el malbaratament del paper en els cicles mitj\u00e0 i superior socialitzem tots els que s\u00f3n de consulta.<\/p>\n<p>Els llibres socialitzats s&#8217;han de tractar amb molta cura, ja que els faran servir altres alumnes en cursos posteriors. Si s&#8217;espatllen o es perden cal pagar-los per comprar un de nou.<\/p>\n<p>Aquesta opci\u00f3 suposa un estalvi econ\u00f2mic a les fam\u00edlies d&#8217;aproximadament un 75% del valor dels llibres.<\/p>\n","protected":false},"excerpt":{"rendered":"<p>Per tal d&#8217;afavorir l&#8217;estalvi de les fam\u00edlies i el malbaratament del paper en els cicles mitj\u00e0 i superior socialitzem tots els que s\u00f3n de consulta.<br \/>\nEls llibres socialitzats s&#8217;han de tractar amb molta cura, ja que els faran servir altres alumnes en cursos posteriors. Si s&#8217;espatllen&hellip;  <a href=\"https:\/\/agora.xtec.cat\/ceipmontserrat-ssg\/serveis\/socialitzacio-de-llibres-de-text\/\" title=\"Read Socialitzaci\u00f3 de llibres de text\">Llegeix m\u00e9s\u00bb<\/a><\/p>\n","protected":false},"author":1,"featured_media":0,"parent":66,"menu_order":0,"comment_status":"closed","ping_status":"closed","template":"page-templates\/side-menu.php","meta":{"_bbp_topic_count":0,"_bbp_reply_count":0,"_bbp_total_topic_count":0,"_bbp_total_reply_count":0,"_bbp_voice_count":0,"_bbp_anonymous_reply_count":0,"_bbp_topic_count_hidden":0,"_bbp_reply_count_hidden":0,"_bbp_forum_subforum_count":0,"footnotes":""},"class_list":["post-302","page","type-page","status-publish","hentry"],"post_mailing_queue_ids":[],"_links":{"self":[{"href":"https:\/\/agora.xtec.cat\/ceipmontserrat-ssg\/wp-json\/wp\/v2\/pages\/302","targetHints":{"allow":["GET"]}}],"collection":[{"href":"https:\/\/agora.xtec.cat\/ceipmontserrat-ssg\/wp-json\/wp\/v2\/pages"}],"about":[{"href":"https:\/\/agora.xtec.cat\/ceipmontserrat-ssg\/wp-json\/wp\/v2\/types\/page"}],"author":[{"embeddable":true,"href":"https:\/\/agora.xtec.cat\/ceipmontserrat-ssg\/wp-json\/wp\/v2\/users\/1"}],"replies":[{"embeddable":true,"href":"https:\/\/agora.xtec.cat\/ceipmontserrat-ssg\/wp-json\/wp\/v2\/comments?post=302"}],"version-history":[{"count":2,"href":"https:\/\/agora.xtec.cat\/ceipmontserrat-ssg\/wp-json\/wp\/v2\/pages\/302\/revisions"}],"predecessor-version":[{"id":3382,"href":"https:\/\/agora.xtec.cat\/ceipmontserrat-ssg\/wp-json\/wp\/v2\/pages\/302\/revisions\/3382"}],"up":[{"embeddable":true,"href":"https:\/\/agora.xtec.cat\/ceipmontserrat-ssg\/wp-json\/wp\/v2\/pages\/66"}],"wp:attachment":[{"href":"https:\/\/agora.xtec.cat\/ceipmontserrat-ssg\/wp-json\/wp\/v2\/media?parent=302"}],"curies":[{"name":"wp","href":"https:\/\/api.w.org\/{rel}","templated":true}]}}