{"id":73,"date":"2014-09-18T14:01:51","date_gmt":"2014-09-18T13:01:51","guid":{"rendered":"http:\/\/agora.xtec.cat\/ceipmontserrat-castellvi\/?page_id=73"},"modified":"2026-03-23T18:01:45","modified_gmt":"2026-03-23T17:01:45","slug":"menjador-escolar","status":"publish","type":"page","link":"https:\/\/agora.xtec.cat\/ceipmontserrat-castellvi\/families\/menjador-escolar\/","title":{"rendered":"MENJADOR ESCOLAR"},"content":{"rendered":"<h1 style=\"text-align: center;\"><a href=\"https:\/\/www.menjador-mare-de-deu-de-montserrat.com\/\">A la web de <\/a><a href=\"https:\/\/www.menjador-mare-de-deu-de-montserrat.com\/\">DACOR<\/a><\/h1>\n<h1 style=\"text-align: center;\"><a href=\"https:\/\/www.menjador-mare-de-deu-de-montserrat.com\/\"> escola Mare de D\u00e9u de Montserrat<\/a><\/h1>\n<h1 style=\"text-align: center;\"><a href=\"https:\/\/www.menjador-mare-de-deu-de-montserrat.com\/\"> trobareu tota la informaci\u00f3<\/a><\/h1>\n<p><a href=\"https:\/\/www.menjador-mare-de-deu-de-montserrat.com\/\"><img loading=\"lazy\" decoding=\"async\" class=\"aligncenter size-full wp-image-10461\" src=\"https:\/\/agora.xtec.cat\/ceipmontserrat-castellvi\/wp-content\/uploads\/usu1029\/2025\/01\/3mm916.jpg\" alt=\"\" width=\"1903\" height=\"615\" srcset=\"https:\/\/agora.xtec.cat\/ceipmontserrat-castellvi\/wp-content\/uploads\/usu1029\/2025\/01\/3mm916.jpg 1903w, https:\/\/agora.xtec.cat\/ceipmontserrat-castellvi\/wp-content\/uploads\/usu1029\/2025\/01\/3mm916-300x97.jpg 300w, https:\/\/agora.xtec.cat\/ceipmontserrat-castellvi\/wp-content\/uploads\/usu1029\/2025\/01\/3mm916-1024x331.jpg 1024w, https:\/\/agora.xtec.cat\/ceipmontserrat-castellvi\/wp-content\/uploads\/usu1029\/2025\/01\/3mm916-768x248.jpg 768w, https:\/\/agora.xtec.cat\/ceipmontserrat-castellvi\/wp-content\/uploads\/usu1029\/2025\/01\/3mm916-1536x496.jpg 1536w\" sizes=\"auto, (max-width: 1903px) 100vw, 1903px\" \/><\/a><\/p>\n<p style=\"text-align: center;\"><strong>La informaci\u00f3 d&#8217;inici de curs<\/strong><\/p>\n<p>Benvolgudes fam\u00edlies,<br \/>\nUs informem que a partir del dilluns 9 de setembre, s\u2019iniciar\u00e0 el servei de menjador, essent Dacor Educaci\u00f3 i Esport<br \/>\nl\u2019empresa responsable del servei de monitors\/es i de la gesti\u00f3 directa del menjador i Roca Gonz\u00e1lez l\u2019empresa de cuina.<br \/>\nPer al bon funcionament del servei, us lliurem la normativa:<br \/>\n&#8211; L\u2019horari del servei de menjador, en horari normal del centre, ser\u00e0 <strong>de les 13h a les 15:00h.<\/strong><br \/>\n&#8211; El preu del <strong>servei de menjador FIX ser\u00e0 de 6,99 \u20ac\/dia.<\/strong><br \/>\nEs considera FIX aquell nen\/a que es quedi sempre el mateix dia de la setmana com a m\u00ednim 1 dia per setmana.<br \/>\n&#8211; El cobrament dels usuaris FIXOS es far\u00e0 a mes ven\u00e7ut a principis de cada mes del 5 al 15 per domiciliaci\u00f3 banc\u00e0ria.<br \/>\n&#8211; En cas de retorn del rebut s\u2019aplicar\u00e0 el rec\u00e0rrec de 5,00\u20ac en concepte de despeses banc\u00e0ries.<br \/>\n&#8211; El rebut retornat caldr\u00e0 fer-lo efectiu abans d\u2019iniciar el seg\u00fcent m\u00e9s a la coordinador\/a del menjador.<br \/>\n&#8211; Canals de comunicaci\u00f3 de menjador:<br \/>\nCoordinador de menjador: <strong>David Romera<\/strong><br \/>\nM\u00f2bil de contacte: <strong>665 31 29 82 i whatsApp<\/strong><br \/>\nCorreu electr\u00f2nic:<strong> menjadormarededeudemontserrat@gmail.com<\/strong><\/p>\n<p>Aqu\u00ed podeu informar de les abs\u00e8ncies, dietes, altes, baixes, canvis de rutina&#8230;etc<br \/>\n&#8211; l preu del servei de <strong>menjador EVENTUAL ser\u00e0 de 7,56\u20ac\/dia.<\/strong><br \/>\n&#8211; Els nens fixos que per qualsevol motiu no puguin assistir al menjador, hauran d\u2019avisar al coordinador\/a del menjador de l\u2019escola <strong>abans de les 10h del mat\u00ed del mateix dia<\/strong>. Se\u2019ls retornar\u00e0 la totalitat de l\u2018import del men\u00fa i monitoratge: 6,99\u20ac.<br \/>\nEn cas de no avisar, no se\u2019ls far\u00e0 la devoluci\u00f3 d\u2019aquest import.<br \/>\n&#8211; En cas d\u2019inclem\u00e8ncies meteorol\u00f2giques importants (fortes ventades, nevades i altres) es retornar\u00e0 3\u20ac<br \/>\n(en aquest cas no cal avisar de l\u2019abs\u00e8ncia).<br \/>\n&#8211; Els canvis de la rutina d\u2019assist\u00e8ncia, aix\u00ed com els canvis de domiciliaci\u00f3 banc\u00e0ria i les baixes s\u2019hauran de comunicar per escrit al coordinador del menjador abans del dia 1 de cada mes per tal de poder actualitzar la informaci\u00f3 abans de passar els rebuts del mes. En cas de no fer-ho abans d\u2019aquesta data les regulacions es faran el mes seg\u00fcent.<\/p>\n<p>Cordialment<br \/>\nDacor Educaci\u00f3 i Esport<br \/>\nCastellv\u00ed de Rosanes, Setembre 2024<\/p>\n<p align=\"justify\">\n","protected":false},"excerpt":{"rendered":"<p>A la web de DACOR escola Mare de D\u00e9u de Montserrat trobareu tota la informaci\u00f3 La informaci\u00f3 d&#8217;inici de curs Benvolgudes fam\u00edlies, Us informem que a partir del dilluns 9 de setembre, s\u2019iniciar\u00e0 el servei de menjador, essent Dacor Educaci\u00f3 i Esport l\u2019empresa responsable del servei de monitors\/es i de la gesti\u00f3 directa del menjador [&hellip;]<\/p>\n","protected":false},"author":1,"featured_media":0,"parent":7254,"menu_order":30,"comment_status":"closed","ping_status":"closed","template":"","meta":{"_bbp_topic_count":0,"_bbp_reply_count":0,"_bbp_total_topic_count":0,"_bbp_total_reply_count":0,"_bbp_voice_count":0,"_bbp_anonymous_reply_count":0,"_bbp_topic_count_hidden":0,"_bbp_reply_count_hidden":0,"_bbp_forum_subforum_count":0,"site-sidebar-layout":"default","site-content-layout":"","ast-site-content-layout":"default","site-content-style":"default","site-sidebar-style":"default","ast-global-header-display":"","ast-banner-title-visibility":"","ast-main-header-display":"","ast-hfb-above-header-display":"","ast-hfb-below-header-display":"","ast-hfb-mobile-header-display":"","site-post-title":"","ast-breadcrumbs-content":"","ast-featured-img":"","footer-sml-layout":"","theme-transparent-header-meta":"default","adv-header-id-meta":"","stick-header-meta":"","header-above-stick-meta":"","header-main-stick-meta":"","header-below-stick-meta":"","astra-migrate-meta-layouts":"set","ast-page-background-enabled":"default","ast-page-background-meta":{"desktop":{"background-color":"var(--ast-global-color-4)","background-image":"","background-repeat":"repeat","background-position":"center center","background-size":"auto","background-attachment":"scroll","background-type":"","background-media":"","overlay-type":"","overlay-color":"","overlay-opacity":"","overlay-gradient":""},"tablet":{"background-color":"","background-image":"","background-repeat":"repeat","background-position":"center center","background-size":"auto","background-attachment":"scroll","background-type":"","background-media":"","overlay-type":"","overlay-color":"","overlay-opacity":"","overlay-gradient":""},"mobile":{"background-color":"","background-image":"","background-repeat":"repeat","background-position":"center center","background-size":"auto","background-attachment":"scroll","background-type":"","background-media":"","overlay-type":"","overlay-color":"","overlay-opacity":"","overlay-gradient":""}},"ast-content-background-meta":{"desktop":{"background-color":"var(--ast-global-color-5)","background-image":"","background-repeat":"repeat","background-position":"center center","background-size":"auto","background-attachment":"scroll","background-type":"","background-media":"","overlay-type":"","overlay-color":"","overlay-opacity":"","overlay-gradient":""},"tablet":{"background-color":"var(--ast-global-color-5)","background-image":"","background-repeat":"repeat","background-position":"center center","background-size":"auto","background-attachment":"scroll","background-type":"","background-media":"","overlay-type":"","overlay-color":"","overlay-opacity":"","overlay-gradient":""},"mobile":{"background-color":"var(--ast-global-color-5)","background-image":"","background-repeat":"repeat","background-position":"center center","background-size":"auto","background-attachment":"scroll","background-type":"","background-media":"","overlay-type":"","overlay-color":"","overlay-opacity":"","overlay-gradient":""}},"footnotes":""},"class_list":["post-73","page","type-page","status-publish","hentry"],"post_mailing_queue_ids":[],"_links":{"self":[{"href":"https:\/\/agora.xtec.cat\/ceipmontserrat-castellvi\/wp-json\/wp\/v2\/pages\/73","targetHints":{"allow":["GET"]}}],"collection":[{"href":"https:\/\/agora.xtec.cat\/ceipmontserrat-castellvi\/wp-json\/wp\/v2\/pages"}],"about":[{"href":"https:\/\/agora.xtec.cat\/ceipmontserrat-castellvi\/wp-json\/wp\/v2\/types\/page"}],"author":[{"embeddable":true,"href":"https:\/\/agora.xtec.cat\/ceipmontserrat-castellvi\/wp-json\/wp\/v2\/users\/1"}],"replies":[{"embeddable":true,"href":"https:\/\/agora.xtec.cat\/ceipmontserrat-castellvi\/wp-json\/wp\/v2\/comments?post=73"}],"version-history":[{"count":8,"href":"https:\/\/agora.xtec.cat\/ceipmontserrat-castellvi\/wp-json\/wp\/v2\/pages\/73\/revisions"}],"predecessor-version":[{"id":10466,"href":"https:\/\/agora.xtec.cat\/ceipmontserrat-castellvi\/wp-json\/wp\/v2\/pages\/73\/revisions\/10466"}],"up":[{"embeddable":true,"href":"https:\/\/agora.xtec.cat\/ceipmontserrat-castellvi\/wp-json\/wp\/v2\/pages\/7254"}],"wp:attachment":[{"href":"https:\/\/agora.xtec.cat\/ceipmontserrat-castellvi\/wp-json\/wp\/v2\/media?parent=73"}],"curies":[{"name":"wp","href":"https:\/\/api.w.org\/{rel}","templated":true}]}}