{"id":7254,"date":"2020-11-12T12:05:33","date_gmt":"2020-11-12T11:05:33","guid":{"rendered":"http:\/\/agora.xtec.cat\/ceipmontserrat-castellvi\/?page_id=7254"},"modified":"2026-03-23T17:32:21","modified_gmt":"2026-03-23T16:32:21","slug":"families","status":"publish","type":"page","link":"https:\/\/agora.xtec.cat\/ceipmontserrat-castellvi\/families\/","title":{"rendered":"Fam\u00edlies"},"content":{"rendered":"<p><img loading=\"lazy\" decoding=\"async\" class=\"aligncenter size-full wp-image-10274\" src=\"https:\/\/agora.xtec.cat\/ceipmontserrat-castellvi\/wp-content\/uploads\/usu1029\/2024\/10\/Zoomed-in-Photo-of-a-Girl-Couples-Love-Quote.jpg\" alt=\"\" width=\"800\" height=\"800\" srcset=\"https:\/\/agora.xtec.cat\/ceipmontserrat-castellvi\/wp-content\/uploads\/usu1029\/2024\/10\/Zoomed-in-Photo-of-a-Girl-Couples-Love-Quote.jpg 800w, https:\/\/agora.xtec.cat\/ceipmontserrat-castellvi\/wp-content\/uploads\/usu1029\/2024\/10\/Zoomed-in-Photo-of-a-Girl-Couples-Love-Quote-300x300.jpg 300w, https:\/\/agora.xtec.cat\/ceipmontserrat-castellvi\/wp-content\/uploads\/usu1029\/2024\/10\/Zoomed-in-Photo-of-a-Girl-Couples-Love-Quote-150x150.jpg 150w, https:\/\/agora.xtec.cat\/ceipmontserrat-castellvi\/wp-content\/uploads\/usu1029\/2024\/10\/Zoomed-in-Photo-of-a-Girl-Couples-Love-Quote-768x768.jpg 768w\" sizes=\"auto, (max-width: 800px) 100vw, 800px\" \/><\/p>\n<p>La participaci\u00f3 de les fam\u00edlies en l\u2019escola \u00e9s essencial per al desenvolupament integral dels nens i nenes. Quan les fam\u00edlies s\u2019impliquen activament en el m\u00f3n escolar, es crea un vincle entre casa i escola que enforteix l\u2019aprenentatge i el benestar emocional dels infants. Aquesta col\u00b7laboraci\u00f3 permet que pares, mares, tutors i tutores comparteixin el proc\u00e9s educatiu i s\u2019aline\u00efn amb els valors i objectius.<\/p>\n<p><strong>Compartim amb vosaltres el <a href=\"https:\/\/agora.xtec.cat\/ceipmontserrat-castellvi\/wp-content\/uploads\/usu1029\/2024\/09\/Dossier-families-24-45.pdf\">Dossier fam\u00edlies 24-25<\/a><\/strong><\/p>\n<p>Per fomentar aquesta participaci\u00f3, l\u2019escola proposa activitats que es poden fer en fam\u00edlia, seguint el fil conductor del qual es treballa a l\u2019aula. D\u2019aquesta manera, es crea una continu\u00eftat entre l\u2019aprenentatge formal i les experi\u00e8ncies a casa, ajudant els infants a refor\u00e7ar i aplicar els coneixements adquirits. Aquestes activitats van des de projectes creatius fins a sortides i tallers compartits, on grans i petits poden gaudir i aprendre plegats.<\/p>\n<p><a style=\"color: #2795b6;\" href=\"https:\/\/drive.google.com\/drive\/folders\/1noI2DQTgbW5PT_N7YpYecW5KLWDKvql9?usp=sharing\">\u25b6AQU\u00cd TENIU L&#8217;ENLLA\u00c7 PER A ACCEDIR A CADA CICLE\u00a0\u25c0<\/a><\/p>\n<p>A m\u00e9s<span style=\"font-family: inherit; font-size: 1em;\">, l\u2019escola posa a disposici\u00f3 de les fam\u00edlies els repositoris que ha creat la Generalitat de Catalunya, unes eines amb recursos i materials educatius per complementar l\u2019aprenentatge a casa. Aquest recurs ofereix un suport valu\u00f3s per continuar implicant-se en el proc\u00e9s educatiu dels nens i nenes, i refor\u00e7a la connexi\u00f3 entre el context familiar i escolar.<\/span><\/p>\n<p><a href=\"https:\/\/www.3cat.cat\/tv3\/sx3\/supercampus\/\"><img loading=\"lazy\" decoding=\"async\" class=\"aligncenter size-full wp-image-10295\" src=\"https:\/\/agora.xtec.cat\/ceipmontserrat-castellvi\/wp-content\/uploads\/usu1029\/2024\/11\/baixa.png\" alt=\"\" width=\"310\" height=\"163\" srcset=\"https:\/\/agora.xtec.cat\/ceipmontserrat-castellvi\/wp-content\/uploads\/usu1029\/2024\/11\/baixa.png 310w, https:\/\/agora.xtec.cat\/ceipmontserrat-castellvi\/wp-content\/uploads\/usu1029\/2024\/11\/baixa-300x158.png 300w\" sizes=\"auto, (max-width: 310px) 100vw, 310px\" \/><\/a><\/p>\n<p><a href=\"https:\/\/xtec.gencat.cat\/ca\/comunitat\/escolaifamilies\/\"><img loading=\"lazy\" decoding=\"async\" class=\"aligncenter size-full wp-image-10296\" src=\"https:\/\/agora.xtec.cat\/ceipmontserrat-castellvi\/wp-content\/uploads\/usu1029\/2024\/11\/actualitat-553x553-gencat-espai-families.jpg_1595044798.jpg\" alt=\"\" width=\"538\" height=\"538\" srcset=\"https:\/\/agora.xtec.cat\/ceipmontserrat-castellvi\/wp-content\/uploads\/usu1029\/2024\/11\/actualitat-553x553-gencat-espai-families.jpg_1595044798.jpg 538w, https:\/\/agora.xtec.cat\/ceipmontserrat-castellvi\/wp-content\/uploads\/usu1029\/2024\/11\/actualitat-553x553-gencat-espai-families.jpg_1595044798-300x300.jpg 300w, https:\/\/agora.xtec.cat\/ceipmontserrat-castellvi\/wp-content\/uploads\/usu1029\/2024\/11\/actualitat-553x553-gencat-espai-families.jpg_1595044798-150x150.jpg 150w\" sizes=\"auto, (max-width: 538px) 100vw, 538px\" \/><\/a><\/p>\n<p>&nbsp;<\/p>\n<ul>\n<li>el menjador escolar<\/li>\n<li>el SAM i el SAT<\/li>\n<li>el casal d&#8217;estiu<\/li>\n<li>les activitats extraescolars<\/li>\n<li>Serveis digitals<\/li>\n<\/ul>\n<p>&nbsp;<\/p>\n<p>&nbsp;<\/p>\n<p>&nbsp;<\/p>\n","protected":false},"excerpt":{"rendered":"<p>La participaci\u00f3 de les fam\u00edlies en l\u2019escola \u00e9s essencial per al desenvolupament integral dels nens i nenes. Quan les fam\u00edlies s\u2019impliquen activament en el m\u00f3n escolar, es crea un vincle entre casa i escola que enforteix l\u2019aprenentatge i el benestar emocional dels infants. Aquesta col\u00b7laboraci\u00f3 permet que pares, mares, tutors i tutores comparteixin el proc\u00e9s [&hellip;]<\/p>\n","protected":false},"author":1,"featured_media":0,"parent":0,"menu_order":4,"comment_status":"closed","ping_status":"closed","template":"","meta":{"_bbp_topic_count":0,"_bbp_reply_count":0,"_bbp_total_topic_count":0,"_bbp_total_reply_count":0,"_bbp_voice_count":0,"_bbp_anonymous_reply_count":0,"_bbp_topic_count_hidden":0,"_bbp_reply_count_hidden":0,"_bbp_forum_subforum_count":0,"site-sidebar-layout":"default","site-content-layout":"","ast-site-content-layout":"default","site-content-style":"default","site-sidebar-style":"default","ast-global-header-display":"","ast-banner-title-visibility":"","ast-main-header-display":"","ast-hfb-above-header-display":"","ast-hfb-below-header-display":"","ast-hfb-mobile-header-display":"","site-post-title":"","ast-breadcrumbs-content":"","ast-featured-img":"","footer-sml-layout":"","theme-transparent-header-meta":"default","adv-header-id-meta":"","stick-header-meta":"","header-above-stick-meta":"","header-main-stick-meta":"","header-below-stick-meta":"","astra-migrate-meta-layouts":"set","ast-page-background-enabled":"default","ast-page-background-meta":{"desktop":{"background-color":"var(--ast-global-color-4)","background-image":"","background-repeat":"repeat","background-position":"center center","background-size":"auto","background-attachment":"scroll","background-type":"","background-media":"","overlay-type":"","overlay-color":"","overlay-opacity":"","overlay-gradient":""},"tablet":{"background-color":"","background-image":"","background-repeat":"repeat","background-position":"center center","background-size":"auto","background-attachment":"scroll","background-type":"","background-media":"","overlay-type":"","overlay-color":"","overlay-opacity":"","overlay-gradient":""},"mobile":{"background-color":"","background-image":"","background-repeat":"repeat","background-position":"center center","background-size":"auto","background-attachment":"scroll","background-type":"","background-media":"","overlay-type":"","overlay-color":"","overlay-opacity":"","overlay-gradient":""}},"ast-content-background-meta":{"desktop":{"background-color":"var(--ast-global-color-5)","background-image":"","background-repeat":"repeat","background-position":"center center","background-size":"auto","background-attachment":"scroll","background-type":"","background-media":"","overlay-type":"","overlay-color":"","overlay-opacity":"","overlay-gradient":""},"tablet":{"background-color":"var(--ast-global-color-5)","background-image":"","background-repeat":"repeat","background-position":"center center","background-size":"auto","background-attachment":"scroll","background-type":"","background-media":"","overlay-type":"","overlay-color":"","overlay-opacity":"","overlay-gradient":""},"mobile":{"background-color":"var(--ast-global-color-5)","background-image":"","background-repeat":"repeat","background-position":"center center","background-size":"auto","background-attachment":"scroll","background-type":"","background-media":"","overlay-type":"","overlay-color":"","overlay-opacity":"","overlay-gradient":""}},"footnotes":""},"class_list":["post-7254","page","type-page","status-publish","hentry"],"post_mailing_queue_ids":[],"_links":{"self":[{"href":"https:\/\/agora.xtec.cat\/ceipmontserrat-castellvi\/wp-json\/wp\/v2\/pages\/7254","targetHints":{"allow":["GET"]}}],"collection":[{"href":"https:\/\/agora.xtec.cat\/ceipmontserrat-castellvi\/wp-json\/wp\/v2\/pages"}],"about":[{"href":"https:\/\/agora.xtec.cat\/ceipmontserrat-castellvi\/wp-json\/wp\/v2\/types\/page"}],"author":[{"embeddable":true,"href":"https:\/\/agora.xtec.cat\/ceipmontserrat-castellvi\/wp-json\/wp\/v2\/users\/1"}],"replies":[{"embeddable":true,"href":"https:\/\/agora.xtec.cat\/ceipmontserrat-castellvi\/wp-json\/wp\/v2\/comments?post=7254"}],"version-history":[{"count":6,"href":"https:\/\/agora.xtec.cat\/ceipmontserrat-castellvi\/wp-json\/wp\/v2\/pages\/7254\/revisions"}],"predecessor-version":[{"id":11051,"href":"https:\/\/agora.xtec.cat\/ceipmontserrat-castellvi\/wp-json\/wp\/v2\/pages\/7254\/revisions\/11051"}],"wp:attachment":[{"href":"https:\/\/agora.xtec.cat\/ceipmontserrat-castellvi\/wp-json\/wp\/v2\/media?parent=7254"}],"curies":[{"name":"wp","href":"https:\/\/api.w.org\/{rel}","templated":true}]}}