{"id":80,"date":"2014-09-18T14:09:48","date_gmt":"2014-09-18T14:09:48","guid":{"rendered":"http:\/\/agora.xtec.cat\/ceipmontserrat-castellbisbal\/\/?page_id=80"},"modified":"2025-10-24T13:06:23","modified_gmt":"2025-10-24T11:06:23","slug":"transport-escolar","status":"publish","type":"page","link":"https:\/\/agora.xtec.cat\/ceipmontserrat-castellbisbal\/serveis\/transport-escolar\/","title":{"rendered":"\ud83d\ude8cTransport Escolar"},"content":{"rendered":"<p class=\"continguts\" style=\"text-align: justify;\">El servei \u00e9s gestionat pel Consell Comarcal del Vall\u00e8s Occidental. Aquest organisme organitza les rutes, determina les parades i autoritza qualsevol tipus de canvi. La direcci\u00f3 del centre \u00fanicament s&#8217;encarrega de transmetre la informaci\u00f3 per tal d&#8217;aconseguir un bon funcionament del servei.<\/p>\n<p class=\"continguts\" style=\"text-align: justify;\"><strong>Normes pels alumnes<\/strong><\/p>\n<p class=\"continguts\" style=\"text-align: justify;\">1.- \u00c9s obligatori portar sempre el carnet del transport. Els alumnes d&#8217;Educaci\u00f3 Infantil l&#8217;han de portar dins la bossa o la motxilla. A m\u00e9s, l&#8217;escola ha confeccionat un carnet de color (segons la urbanitzaci\u00f3) per tal de controlar m\u00e9s f\u00e0cilment l&#8217;entrada i sortida dels autocars, sobretot dels alumnes m\u00e9s petits (P3, P4, P5 i 1r).<\/p>\n<p class=\"continguts\" style=\"text-align: justify;\">2.- Els\/les alumnes que no estiguin donats d&#8217;alta en el transport NO poden utilitzar aquest servei.<\/p>\n<p class=\"continguts\" style=\"text-align: justify;\">3.- NO poden menjar ni beure dins l&#8217;autocar.<\/p>\n<p class=\"continguts\" style=\"text-align: justify;\">4.- Han de respectar el conductor, la monitora, els\/les companys\/es i l&#8217;autocar.<\/p>\n<p class=\"continguts\" style=\"text-align: justify;\"><strong>Horaris de les parades<br \/>\n<\/strong><\/p>\n<p class=\"continguts\" style=\"text-align: justify;\">* Sortida al mat\u00ed de l&#8217;autocar des de les diferents urbanitzacions:<\/p>\n<p class=\"continguts\" style=\"text-align: justify;\">8:25h &#8211; Can Santeugini: &#8211; Costa Blanca: &#8211; Can Costa:<\/p>\n<p class=\"continguts\" style=\"text-align: justify;\">* Sortida a la tarda des de l&#8217;escola: 16:30h<\/p>\n<p style=\"text-align: justify;\"><strong>Tel\u00e8fons \u00fatils<\/strong><\/p>\n<p class=\"continguts\" style=\"text-align: justify;\">* Consell Comarcal:\u00a093 7273534<\/p>\n<p class=\"continguts\" style=\"text-align: justify;\">* Autos Castellbisbal:\u00a093 7720008<\/p>\n<p class=\"continguts\" style=\"text-align: justify;\">*\u00a0 Policia Local:\u00a093 7721188<\/p>\n","protected":false},"excerpt":{"rendered":"<p>El servei \u00e9s gestionat pel Consell Comarcal del Vall\u00e8s Occidental. Aquest organisme organitza les rutes, determina les parades i autoritza qualsevol tipus de canvi. La direcci\u00f3 del centre \u00fanicament s&#8217;encarrega de transmetre la informaci\u00f3 per tal d&#8217;aconseguir un bon funcionament del servei. Normes pels alumnes 1.- \u00c9s obligatori portar sempre el carnet del transport. Els [&hellip;]<\/p>\n","protected":false},"author":2,"featured_media":0,"parent":66,"menu_order":20,"comment_status":"closed","ping_status":"closed","template":"","meta":{"_bbp_topic_count":0,"_bbp_reply_count":0,"_bbp_total_topic_count":0,"_bbp_total_reply_count":0,"_bbp_voice_count":0,"_bbp_anonymous_reply_count":0,"_bbp_topic_count_hidden":0,"_bbp_reply_count_hidden":0,"_bbp_forum_subforum_count":0,"site-sidebar-layout":"default","site-content-layout":"","ast-site-content-layout":"default","site-content-style":"default","site-sidebar-style":"default","ast-global-header-display":"","ast-banner-title-visibility":"","ast-main-header-display":"","ast-hfb-above-header-display":"","ast-hfb-below-header-display":"","ast-hfb-mobile-header-display":"","site-post-title":"","ast-breadcrumbs-content":"","ast-featured-img":"","footer-sml-layout":"","theme-transparent-header-meta":"","adv-header-id-meta":"","stick-header-meta":"","header-above-stick-meta":"","header-main-stick-meta":"","header-below-stick-meta":"","astra-migrate-meta-layouts":"set","ast-page-background-enabled":"default","ast-page-background-meta":{"desktop":{"background-color":"var(--ast-global-color-4)","background-image":"","background-repeat":"repeat","background-position":"center center","background-size":"auto","background-attachment":"scroll","background-type":"","background-media":"","overlay-type":"","overlay-color":"","overlay-opacity":"","overlay-gradient":""},"tablet":{"background-color":"","background-image":"","background-repeat":"repeat","background-position":"center center","background-size":"auto","background-attachment":"scroll","background-type":"","background-media":"","overlay-type":"","overlay-color":"","overlay-opacity":"","overlay-gradient":""},"mobile":{"background-color":"","background-image":"","background-repeat":"repeat","background-position":"center center","background-size":"auto","background-attachment":"scroll","background-type":"","background-media":"","overlay-type":"","overlay-color":"","overlay-opacity":"","overlay-gradient":""}},"ast-content-background-meta":{"desktop":{"background-color":"var(--ast-global-color-5)","background-image":"","background-repeat":"repeat","background-position":"center center","background-size":"auto","background-attachment":"scroll","background-type":"","background-media":"","overlay-type":"","overlay-color":"","overlay-opacity":"","overlay-gradient":""},"tablet":{"background-color":"var(--ast-global-color-5)","background-image":"","background-repeat":"repeat","background-position":"center center","background-size":"auto","background-attachment":"scroll","background-type":"","background-media":"","overlay-type":"","overlay-color":"","overlay-opacity":"","overlay-gradient":""},"mobile":{"background-color":"var(--ast-global-color-5)","background-image":"","background-repeat":"repeat","background-position":"center center","background-size":"auto","background-attachment":"scroll","background-type":"","background-media":"","overlay-type":"","overlay-color":"","overlay-opacity":"","overlay-gradient":""}},"footnotes":""},"class_list":["post-80","page","type-page","status-publish","hentry"],"post_mailing_queue_ids":[],"_links":{"self":[{"href":"https:\/\/agora.xtec.cat\/ceipmontserrat-castellbisbal\/wp-json\/wp\/v2\/pages\/80","targetHints":{"allow":["GET"]}}],"collection":[{"href":"https:\/\/agora.xtec.cat\/ceipmontserrat-castellbisbal\/wp-json\/wp\/v2\/pages"}],"about":[{"href":"https:\/\/agora.xtec.cat\/ceipmontserrat-castellbisbal\/wp-json\/wp\/v2\/types\/page"}],"author":[{"embeddable":true,"href":"https:\/\/agora.xtec.cat\/ceipmontserrat-castellbisbal\/wp-json\/wp\/v2\/users\/2"}],"replies":[{"embeddable":true,"href":"https:\/\/agora.xtec.cat\/ceipmontserrat-castellbisbal\/wp-json\/wp\/v2\/comments?post=80"}],"version-history":[{"count":4,"href":"https:\/\/agora.xtec.cat\/ceipmontserrat-castellbisbal\/wp-json\/wp\/v2\/pages\/80\/revisions"}],"predecessor-version":[{"id":4670,"href":"https:\/\/agora.xtec.cat\/ceipmontserrat-castellbisbal\/wp-json\/wp\/v2\/pages\/80\/revisions\/4670"}],"up":[{"embeddable":true,"href":"https:\/\/agora.xtec.cat\/ceipmontserrat-castellbisbal\/wp-json\/wp\/v2\/pages\/66"}],"wp:attachment":[{"href":"https:\/\/agora.xtec.cat\/ceipmontserrat-castellbisbal\/wp-json\/wp\/v2\/media?parent=80"}],"curies":[{"name":"wp","href":"https:\/\/api.w.org\/{rel}","templated":true}]}}