{"id":73,"date":"2014-09-18T14:01:51","date_gmt":"2014-09-18T14:01:51","guid":{"rendered":"http:\/\/agora.xtec.cat\/ceipmontserrat-castellbisbal\/\/?page_id=73"},"modified":"2025-10-24T13:05:52","modified_gmt":"2025-10-24T11:05:52","slug":"menjador-escolar","status":"publish","type":"page","link":"https:\/\/agora.xtec.cat\/ceipmontserrat-castellbisbal\/serveis\/menjador-escolar\/","title":{"rendered":"\ud83c\udf7d\ufe0fMenjador escolar i acollida"},"content":{"rendered":"<p><strong>INSCRIPCIONS<\/strong><\/p>\n<p>Per realitzar les inscripcions cal que seguiu l&#8217;enlla\u00e7 seg\u00fcent.<\/p>\n<p><a href=\"https:\/\/escoles.fundesplai.org\/escola-mare-montserrat\/inscripcions\/\">Inscripcions<\/a><\/p>\n<p>Teniu un petit manual d&#8217;ajuda per realitzar el proc\u00e9s d&#8217;inscripci\u00f3 a la mateixa web, o b\u00e9 fent clic <a href=\"https:\/\/escoles.fundesplai.org\/inscripcions-per-internet-pas-per-pas\/\">aqu\u00ed.<\/a><\/p>\n<p><strong>ATENCI\u00d3 A LES FAM\u00cdLIES<\/strong><\/p>\n<p>L\u00b4horari d\u2019atenci\u00f3 a les fam\u00edlies per temes de <strong>menjador escolar<\/strong> s\u2019estableix de dilluns a divendres en horari de de 9:00h a 11:00h. O b\u00e9 trucant als tel\u00e8fons <strong>937721230 \/ <\/strong>\u00a0<strong>661751328 (Milagros).<\/strong><\/p>\n<p><strong>ACOLLIDA<\/strong><\/p>\n<p>L\u2019Horari de l\u2019acollida matinal \u00e9s de 7:45 a 9:00h<br \/>\nL\u2019horari de l\u2019acollida de l tarda \u00e9s de 16.30 a 18:00h<\/p>\n<p><strong>UN ESPAI EDUCATIU<\/strong><\/p>\n<p>L&#8217;equip de cuiners i monitores que est\u00e0 a la nostra escola, realitza una tasca educativa que vetlla per una alimentaci\u00f3 sana i equilibrada i el creixement integral dels nens\/es, educant valors i actituds que els hi faci cr\u00e9ixer com a persones.<br \/>\nAquesta tasca \u00e9s una feina coordinada amb I&#8217;equip de mestres i seguint el projecte educatiu del centre. L&#8217;escola disposa de cuina pr\u00f2pia on s&#8217;elaboren tots els men\u00fas diaris.<\/p>\n<p><strong>OBJECTIUS EDUCATIUS DEL SERVEI.<\/strong><\/p>\n<ul>\n<li>Adquirir &#8220;cultura gastron\u00f2mica&#8221;: identificar com estan cuinats els diferents menjars .<\/li>\n<li>Con\u00e8ixer els aspectes culturals i socials de I&#8217;acte de menjar.<\/li>\n<li>Acostumar-se a menjar de tot, a tolerar tots els sabors i totes les pre\u00adparacions.<\/li>\n<li>Adquirir h\u00e0bits d&#8217;higiene personal i col\u00b7lectiva.<\/li>\n<li>Adquirir h\u00e0bits de comportament social.<\/li>\n<li>Adquirir h\u00e0bits d&#8217;ordre i neteja de I&#8217;entorn.<\/li>\n<li>Desenvolupar actituds de respecte i afecte amb els\/les companys\/es, els\/les educadors\/es i el personal.<\/li>\n<li>Desenvolupar actituds de respecte pel menjar, el menjador i els materials.<\/li>\n<li>Desenvolupar I&#8217;autocontrol del propi estat f\u00edsic i an\u00edmic, I&#8217;autonomia personal en general.<\/li>\n<li>Assumir les responsabilitats personals i grupals en relaci\u00f3 a les obligacions del temps del migdia.<\/li>\n<li>Potenciar la iniciativa i participaci\u00f3 activa dels nens i nenes.<\/li>\n<\/ul>\n<p><strong>El TEMPS DE MENJAR<\/strong><\/p>\n<p>EIs men\u00fas de FUNDESPLAI estan planificats per una dietista i segueixen les recomanacions que marca la Generalitat de Catalunya.<br \/>\nA finals de cada mes es facilita una c\u00f2pia del men\u00fa a cada usuari, per tal de que les fam\u00edlies puguin planificar els sopars i vetllar per la correcta alimentaci\u00f3 deis infants. Juntament amb els men\u00fas de cada mes, aportem les propostes de sopars que considerem m\u00e9s adients.<\/p>\n<p><strong>TALLERS DIVERSOS AL MIGDIA<\/strong><\/p>\n<p>A m\u00e9s de dinar, els nens i nenes ocupen el seu temps del migdia en diversos tallers i activitats:<\/p>\n<p style=\"text-align: center;\"><\/p>\n<p><strong>EXCURSIONS<\/strong><\/p>\n<p>Els dies que l&#8217;escola organitzi una sortida de tot el dia, els usuaris fixes de menjador portaran el p\u00edcnic del menjador. En cas de no necessitar-ho s&#8217;haur\u00e0 d&#8217;avisar el dia anterior<u> abans de les 10h<\/u> a la Sra. Milagros (Tel.<strong>937721230<\/strong>).<\/p>\n<p><strong>INTOLER\u00c0NCIES ALIMENT\u00c0RlES I DIETES<\/strong><\/p>\n<p>Si un nen\/a presenta al\u00b7l\u00e8rgies o intoler\u00e0ncies aliment\u00e0ries, pr\u00e8via presentaci\u00f3 del certificat m\u00e8dic, la dietista far\u00e0 un men\u00fa personalitzat.<br \/>\nEIs nens\/es que dies puntuals tinguin indisposici\u00f3 podran demanar dieta per aquell dia donant l&#8217;av\u00eds, de 9.00 a 9.30h, a la secret\u00e0ria del menjador (Sra. Milagros).<\/p>\n<p><strong>RESPECTE A l&#8217; ADMINISTRACI\u00d3 DE MEDICAMENTS<\/strong><\/p>\n<p>Les monitores de menjador no poden subministrar cap tipus de medicament als nens\/es que no portin la corresponent recepta m\u00e8dica amb la informaci\u00f3 sobre dosi, horari i autoritzaci\u00f3 dels pares.<\/p>\n<p><strong>CONTACTE<\/strong><\/p>\n<p>Si voleu tenir m\u00e9s informaci\u00f3 sobre el funcionament del menjador, demanar entrevista de seguiment dels vostres fills\/es, comentar incid\u00e8ncies&#8230; podeu demanar una entrevista trucant al tel\u00e8fon de menjador <u>937721230<\/u> i us proposaran el dia i l&#8217;hora per poder parlar.<\/p>\n<p><iframe loading=\"lazy\" src=\"https:\/\/www.youtube.com\/embed\/SakPJ-nWmk4\" width=\"850\" height=\"490\" frameborder=\"0\" allowfullscreen=\"allowfullscreen\"><\/iframe><\/p>\n","protected":false},"excerpt":{"rendered":"<p>INSCRIPCIONS Per realitzar les inscripcions cal que seguiu l&#8217;enlla\u00e7 seg\u00fcent. Inscripcions Teniu un petit manual d&#8217;ajuda per realitzar el proc\u00e9s d&#8217;inscripci\u00f3 a la mateixa web, o b\u00e9 fent clic aqu\u00ed. ATENCI\u00d3 A LES FAM\u00cdLIES L\u00b4horari d\u2019atenci\u00f3 a les fam\u00edlies per temes de menjador escolar s\u2019estableix de dilluns a divendres en horari de de 9:00h a [&hellip;]<\/p>\n","protected":false},"author":2,"featured_media":0,"parent":66,"menu_order":10,"comment_status":"closed","ping_status":"closed","template":"","meta":{"_bbp_topic_count":0,"_bbp_reply_count":0,"_bbp_total_topic_count":0,"_bbp_total_reply_count":0,"_bbp_voice_count":0,"_bbp_anonymous_reply_count":0,"_bbp_topic_count_hidden":0,"_bbp_reply_count_hidden":0,"_bbp_forum_subforum_count":0,"site-sidebar-layout":"default","site-content-layout":"","ast-site-content-layout":"default","site-content-style":"default","site-sidebar-style":"default","ast-global-header-display":"","ast-banner-title-visibility":"","ast-main-header-display":"","ast-hfb-above-header-display":"","ast-hfb-below-header-display":"","ast-hfb-mobile-header-display":"","site-post-title":"","ast-breadcrumbs-content":"","ast-featured-img":"","footer-sml-layout":"","theme-transparent-header-meta":"","adv-header-id-meta":"","stick-header-meta":"","header-above-stick-meta":"","header-main-stick-meta":"","header-below-stick-meta":"","astra-migrate-meta-layouts":"set","ast-page-background-enabled":"default","ast-page-background-meta":{"desktop":{"background-color":"var(--ast-global-color-4)","background-image":"","background-repeat":"repeat","background-position":"center center","background-size":"auto","background-attachment":"scroll","background-type":"","background-media":"","overlay-type":"","overlay-color":"","overlay-opacity":"","overlay-gradient":""},"tablet":{"background-color":"","background-image":"","background-repeat":"repeat","background-position":"center center","background-size":"auto","background-attachment":"scroll","background-type":"","background-media":"","overlay-type":"","overlay-color":"","overlay-opacity":"","overlay-gradient":""},"mobile":{"background-color":"","background-image":"","background-repeat":"repeat","background-position":"center center","background-size":"auto","background-attachment":"scroll","background-type":"","background-media":"","overlay-type":"","overlay-color":"","overlay-opacity":"","overlay-gradient":""}},"ast-content-background-meta":{"desktop":{"background-color":"var(--ast-global-color-5)","background-image":"","background-repeat":"repeat","background-position":"center center","background-size":"auto","background-attachment":"scroll","background-type":"","background-media":"","overlay-type":"","overlay-color":"","overlay-opacity":"","overlay-gradient":""},"tablet":{"background-color":"var(--ast-global-color-5)","background-image":"","background-repeat":"repeat","background-position":"center center","background-size":"auto","background-attachment":"scroll","background-type":"","background-media":"","overlay-type":"","overlay-color":"","overlay-opacity":"","overlay-gradient":""},"mobile":{"background-color":"var(--ast-global-color-5)","background-image":"","background-repeat":"repeat","background-position":"center center","background-size":"auto","background-attachment":"scroll","background-type":"","background-media":"","overlay-type":"","overlay-color":"","overlay-opacity":"","overlay-gradient":""}},"footnotes":""},"class_list":["post-73","page","type-page","status-publish","hentry"],"post_mailing_queue_ids":[],"_links":{"self":[{"href":"https:\/\/agora.xtec.cat\/ceipmontserrat-castellbisbal\/wp-json\/wp\/v2\/pages\/73","targetHints":{"allow":["GET"]}}],"collection":[{"href":"https:\/\/agora.xtec.cat\/ceipmontserrat-castellbisbal\/wp-json\/wp\/v2\/pages"}],"about":[{"href":"https:\/\/agora.xtec.cat\/ceipmontserrat-castellbisbal\/wp-json\/wp\/v2\/types\/page"}],"author":[{"embeddable":true,"href":"https:\/\/agora.xtec.cat\/ceipmontserrat-castellbisbal\/wp-json\/wp\/v2\/users\/2"}],"replies":[{"embeddable":true,"href":"https:\/\/agora.xtec.cat\/ceipmontserrat-castellbisbal\/wp-json\/wp\/v2\/comments?post=73"}],"version-history":[{"count":4,"href":"https:\/\/agora.xtec.cat\/ceipmontserrat-castellbisbal\/wp-json\/wp\/v2\/pages\/73\/revisions"}],"predecessor-version":[{"id":4669,"href":"https:\/\/agora.xtec.cat\/ceipmontserrat-castellbisbal\/wp-json\/wp\/v2\/pages\/73\/revisions\/4669"}],"up":[{"embeddable":true,"href":"https:\/\/agora.xtec.cat\/ceipmontserrat-castellbisbal\/wp-json\/wp\/v2\/pages\/66"}],"wp:attachment":[{"href":"https:\/\/agora.xtec.cat\/ceipmontserrat-castellbisbal\/wp-json\/wp\/v2\/media?parent=73"}],"curies":[{"name":"wp","href":"https:\/\/api.w.org\/{rel}","templated":true}]}}