{"id":485,"date":"2015-03-11T23:01:21","date_gmt":"2015-03-11T22:01:21","guid":{"rendered":"http:\/\/agora.xtec.cat\/ceipmontserrat-castellbisbal\/?page_id=485"},"modified":"2025-10-24T13:05:04","modified_gmt":"2025-10-24T11:05:04","slug":"especialistes","status":"publish","type":"page","link":"https:\/\/agora.xtec.cat\/ceipmontserrat-castellbisbal\/nivells\/especialistes\/","title":{"rendered":"\ud83c\udfafEspecialistes"},"content":{"rendered":"<table style=\"border-collapse: collapse; width: 100%; height: 460px;\">\n<tbody>\n<tr style=\"height: 23px;\">\n<td style=\"width: 32.1667%; height: 23px;\"><strong><span style=\"text-decoration: underline; color: #333333;\">M\u00fasica<\/span><\/strong><\/td>\n<td style=\"width: 67.8333%; height: 23px;\"><\/td>\n<\/tr>\n<tr style=\"height: 23px;\">\n<td style=\"width: 32.1667%; height: 23px;\">Erika Ballester<\/td>\n<td style=\"width: 67.8333%; height: 23px;\">eballes4@escmontserrat.cat<\/td>\n<\/tr>\n<tr style=\"height: 23px;\">\n<td style=\"width: 32.1667%; height: 23px;\">Mireia Foj<\/td>\n<td style=\"width: 67.8333%; height: 23px;\">\u00a0<span style=\"background-color: rgba(0, 0, 0, 0); font-size: 1rem;\">mfoj@escmontserrat.cat<\/span><\/td>\n<\/tr>\n<tr style=\"height: 23px;\">\n<td style=\"width: 32.1667%; height: 23px;\"><\/td>\n<td style=\"width: 67.8333%; height: 23px;\"><\/td>\n<\/tr>\n<tr style=\"height: 23px;\">\n<td style=\"width: 32.1667%; height: 23px;\"><strong><span style=\"text-decoration: underline;\">Educaci\u00f3 F\u00edsica<\/span><\/strong><\/td>\n<td style=\"width: 67.8333%; height: 23px;\"><\/td>\n<\/tr>\n<tr style=\"height: 23px;\">\n<td style=\"width: 32.1667%; height: 23px;\"><span style=\"color: #333333;\">Isabel Rodr\u00edguez Ruiz\u00a0 \u00a0 \u00a0 \u00a0 \u00a0 \u00a0 \u00a0 \u00a0 \u00a0 \u00a0\u00a0<\/span><\/td>\n<td style=\"width: 67.8333%; height: 23px;\"><span style=\"color: #333333;\">irodri28@escmontserrat.cat<\/span><\/td>\n<\/tr>\n<tr style=\"height: 23px;\">\n<td style=\"width: 32.1667%; height: 23px;\"><span style=\"color: #333333;\">Fran Cabrero P\u00e9rez\u00a0 \u00a0 \u00a0 \u00a0 \u00a0 \u00a0 \u00a0 \u00a0 \u00a0 \u00a0 \u00a0 \u00a0 \u00a0<\/span><\/td>\n<td style=\"width: 67.8333%; height: 23px;\"><span style=\"color: #333333;\">fcabrer4@escmontserrat.cat<\/span><\/td>\n<\/tr>\n<tr style=\"height: 23px;\">\n<td style=\"width: 32.1667%; height: 23px;\"><\/td>\n<td style=\"width: 67.8333%; height: 23px;\"><\/td>\n<\/tr>\n<tr style=\"height: 23px;\">\n<td style=\"width: 32.1667%; height: 23px;\"><strong><span style=\"text-decoration: underline; color: #333333;\">Llengua Anglesa<\/span><\/strong><\/td>\n<td style=\"width: 67.8333%; height: 23px;\"><\/td>\n<\/tr>\n<tr style=\"height: 23px;\">\n<td style=\"width: 32.1667%; height: 23px;\"><span style=\"color: #333333;\">Nieves Latre Moya<\/span><\/td>\n<td style=\"width: 67.8333%; height: 23px;\"><span style=\"color: #333333;\">mlatre5@@escmontserrat.cat<\/span><\/td>\n<\/tr>\n<tr style=\"height: 23px;\">\n<td style=\"width: 32.1667%; height: 23px;\">Maria Ortega<\/td>\n<td style=\"width: 67.8333%; height: 23px;\">morteg85@escmontserrat.cat<\/td>\n<\/tr>\n<tr style=\"height: 23px;\">\n<td style=\"width: 32.1667%; height: 23px;\"><\/td>\n<td style=\"width: 67.8333%; height: 23px;\"><\/td>\n<\/tr>\n<tr style=\"height: 23px;\">\n<td style=\"width: 32.1667%; height: 23px;\"><strong><span style=\"text-decoration: underline; color: #333333;\">Atenci\u00f3 a la diversitat<\/span><\/strong><\/td>\n<td style=\"width: 67.8333%; height: 23px;\"><\/td>\n<\/tr>\n<tr style=\"height: 23px;\">\n<td style=\"width: 32.1667%; height: 23px;\"><span style=\"color: #333333;\">\u00darsula de \u00c1ngelis<\/span><\/td>\n<td style=\"width: 67.8333%; height: 23px;\"><span style=\"color: #333333;\">aangelis@escmontserrat.cat<\/span><\/td>\n<\/tr>\n<tr style=\"height: 23px;\">\n<td style=\"width: 32.1667%; height: 23px;\">Laura Mas<\/td>\n<td style=\"width: 67.8333%; height: 23px;\">lmas22@escmontserrat.cat<\/td>\n<\/tr>\n<tr style=\"height: 23px;\">\n<td style=\"width: 32.1667%; height: 23px;\"><span style=\"color: #333333;\">Alba Garc\u00eda Colomino<\/span><\/td>\n<td style=\"width: 67.8333%; height: 23px;\"><span style=\"color: #333333;\">agarc533@escmontserrat.cat<\/span><\/td>\n<\/tr>\n<tr style=\"height: 23px;\">\n<td style=\"width: 32.1667%; height: 23px;\"><\/td>\n<td style=\"width: 67.8333%; height: 23px;\"><\/td>\n<\/tr>\n<tr style=\"height: 23px;\">\n<td style=\"width: 32.1667%; height: 23px;\"><strong><span style=\"text-decoration: underline;\">TEI<\/span><\/strong><\/td>\n<td style=\"width: 67.8333%; height: 23px;\"><\/td>\n<\/tr>\n<tr style=\"height: 23px;\">\n<td style=\"width: 32.1667%; height: 23px;\"><span style=\"color: #333333;\"><span style=\"font-size: medium;\">Paula Retuerto<\/span><\/span><\/td>\n<td style=\"width: 67.8333%; height: 23px;\"><span style=\"color: #333333;\"><span style=\"font-size: medium;\">pretuert@escmontserrat.cat<\/span><\/span><\/td>\n<\/tr>\n<tr style=\"height: 23px;\">\n<td style=\"width: 32.1667%; height: 23px;\"><\/td>\n<td style=\"width: 67.8333%; height: 23px;\"><\/td>\n<\/tr>\n<tr>\n<td style=\"width: 32.1667%;\"><strong><span style=\"text-decoration: underline; color: #333333;\">Vetlladora<\/span><\/strong><\/td>\n<td style=\"width: 67.8333%;\"><\/td>\n<\/tr>\n<tr>\n<td style=\"width: 32.1667%;\"><span style=\"color: #333333;\">Vero Garc\u00eda Lombard\u00eda\u00a0 \u00a0 \u00a0 \u00a0 \u00a0 \u00a0 \u00a0 \u00a0 \u00a0<\/span><\/td>\n<td style=\"width: 67.8333%;\"><span style=\"color: #333333;\"> vglombardia@escmontserrat.cat<\/span><\/td>\n<\/tr>\n<tr>\n<td style=\"width: 32.1667%;\"><\/td>\n<td style=\"width: 67.8333%;\"><\/td>\n<\/tr>\n<tr>\n<td style=\"width: 32.1667%;\"><strong><span style=\"text-decoration: underline;\">Educadora SIEI<\/span><\/strong><\/td>\n<td style=\"width: 67.8333%;\"><\/td>\n<\/tr>\n<tr>\n<td style=\"width: 32.1667%;\">Yolanda Monson\u00eds<\/td>\n<td style=\"width: 67.8333%;\">ymonsoni<span class=\"\">@escmontserrat.cat<\/span><\/td>\n<\/tr>\n<tr>\n<td style=\"width: 32.1667%;\"><\/td>\n<td style=\"width: 67.8333%;\"><\/td>\n<\/tr>\n<tr>\n<td style=\"width: 32.1667%;\"><strong><span style=\"color: #333333;\"><u>Mestres de suport<\/u><\/span><\/strong><\/td>\n<td style=\"width: 67.8333%;\"><\/td>\n<\/tr>\n<tr>\n<td style=\"width: 32.1667%;\">Carmen Mercado<\/td>\n<td style=\"width: 67.8333%;\">cmercad2@escmontserrat.cat<\/td>\n<\/tr>\n<\/tbody>\n<\/table>\n<p><span style=\"color: #333333;\">\u00a0 \u00a0 \u00a0 \u00a0 \u00a0 \u00a0 \u00a0 \u00a0 \u00a0 \u00a0 \u00a0\u00a0<\/span><\/p>\n<p><span style=\"color: #333333;\">\u00a0<\/span><\/p>\n<p><span style=\"color: #333333;\">\u00a0<\/span><\/p>\n","protected":false},"excerpt":{"rendered":"<p>M\u00fasica Erika Ballester eballes4@escmontserrat.cat Mireia Foj \u00a0mfoj@escmontserrat.cat Educaci\u00f3 F\u00edsica Isabel Rodr\u00edguez Ruiz\u00a0 \u00a0 \u00a0 \u00a0 \u00a0 \u00a0 \u00a0 \u00a0 \u00a0 \u00a0\u00a0 irodri28@escmontserrat.cat Fran Cabrero P\u00e9rez\u00a0 \u00a0 \u00a0 \u00a0 \u00a0 \u00a0 \u00a0 \u00a0 \u00a0 \u00a0 \u00a0 \u00a0 \u00a0 fcabrer4@escmontserrat.cat Llengua Anglesa Nieves Latre Moya mlatre5@@escmontserrat.cat Maria Ortega morteg85@escmontserrat.cat Atenci\u00f3 a la diversitat \u00darsula de \u00c1ngelis aangelis@escmontserrat.cat [&hellip;]<\/p>\n","protected":false},"author":1,"featured_media":0,"parent":87,"menu_order":50,"comment_status":"closed","ping_status":"closed","template":"","meta":{"_bbp_topic_count":0,"_bbp_reply_count":0,"_bbp_total_topic_count":0,"_bbp_total_reply_count":0,"_bbp_voice_count":0,"_bbp_anonymous_reply_count":0,"_bbp_topic_count_hidden":0,"_bbp_reply_count_hidden":0,"_bbp_forum_subforum_count":0,"site-sidebar-layout":"default","site-content-layout":"","ast-site-content-layout":"default","site-content-style":"default","site-sidebar-style":"default","ast-global-header-display":"","ast-banner-title-visibility":"","ast-main-header-display":"","ast-hfb-above-header-display":"","ast-hfb-below-header-display":"","ast-hfb-mobile-header-display":"","site-post-title":"","ast-breadcrumbs-content":"","ast-featured-img":"","footer-sml-layout":"","theme-transparent-header-meta":"","adv-header-id-meta":"","stick-header-meta":"","header-above-stick-meta":"","header-main-stick-meta":"","header-below-stick-meta":"","astra-migrate-meta-layouts":"set","ast-page-background-enabled":"default","ast-page-background-meta":{"desktop":{"background-color":"var(--ast-global-color-4)","background-image":"","background-repeat":"repeat","background-position":"center center","background-size":"auto","background-attachment":"scroll","background-type":"","background-media":"","overlay-type":"","overlay-color":"","overlay-opacity":"","overlay-gradient":""},"tablet":{"background-color":"","background-image":"","background-repeat":"repeat","background-position":"center center","background-size":"auto","background-attachment":"scroll","background-type":"","background-media":"","overlay-type":"","overlay-color":"","overlay-opacity":"","overlay-gradient":""},"mobile":{"background-color":"","background-image":"","background-repeat":"repeat","background-position":"center center","background-size":"auto","background-attachment":"scroll","background-type":"","background-media":"","overlay-type":"","overlay-color":"","overlay-opacity":"","overlay-gradient":""}},"ast-content-background-meta":{"desktop":{"background-color":"var(--ast-global-color-5)","background-image":"","background-repeat":"repeat","background-position":"center center","background-size":"auto","background-attachment":"scroll","background-type":"","background-media":"","overlay-type":"","overlay-color":"","overlay-opacity":"","overlay-gradient":""},"tablet":{"background-color":"var(--ast-global-color-5)","background-image":"","background-repeat":"repeat","background-position":"center center","background-size":"auto","background-attachment":"scroll","background-type":"","background-media":"","overlay-type":"","overlay-color":"","overlay-opacity":"","overlay-gradient":""},"mobile":{"background-color":"var(--ast-global-color-5)","background-image":"","background-repeat":"repeat","background-position":"center center","background-size":"auto","background-attachment":"scroll","background-type":"","background-media":"","overlay-type":"","overlay-color":"","overlay-opacity":"","overlay-gradient":""}},"footnotes":""},"class_list":["post-485","page","type-page","status-publish","hentry"],"post_mailing_queue_ids":[],"_links":{"self":[{"href":"https:\/\/agora.xtec.cat\/ceipmontserrat-castellbisbal\/wp-json\/wp\/v2\/pages\/485","targetHints":{"allow":["GET"]}}],"collection":[{"href":"https:\/\/agora.xtec.cat\/ceipmontserrat-castellbisbal\/wp-json\/wp\/v2\/pages"}],"about":[{"href":"https:\/\/agora.xtec.cat\/ceipmontserrat-castellbisbal\/wp-json\/wp\/v2\/types\/page"}],"author":[{"embeddable":true,"href":"https:\/\/agora.xtec.cat\/ceipmontserrat-castellbisbal\/wp-json\/wp\/v2\/users\/1"}],"replies":[{"embeddable":true,"href":"https:\/\/agora.xtec.cat\/ceipmontserrat-castellbisbal\/wp-json\/wp\/v2\/comments?post=485"}],"version-history":[{"count":6,"href":"https:\/\/agora.xtec.cat\/ceipmontserrat-castellbisbal\/wp-json\/wp\/v2\/pages\/485\/revisions"}],"predecessor-version":[{"id":4668,"href":"https:\/\/agora.xtec.cat\/ceipmontserrat-castellbisbal\/wp-json\/wp\/v2\/pages\/485\/revisions\/4668"}],"up":[{"embeddable":true,"href":"https:\/\/agora.xtec.cat\/ceipmontserrat-castellbisbal\/wp-json\/wp\/v2\/pages\/87"}],"wp:attachment":[{"href":"https:\/\/agora.xtec.cat\/ceipmontserrat-castellbisbal\/wp-json\/wp\/v2\/media?parent=485"}],"curies":[{"name":"wp","href":"https:\/\/api.w.org\/{rel}","templated":true}]}}