{"id":2720,"date":"2020-01-29T14:50:11","date_gmt":"2020-01-29T13:50:11","guid":{"rendered":"https:\/\/agora.xtec.cat\/ceipmontserrat-castellbisbal\/?page_id=2720"},"modified":"2020-02-14T20:03:25","modified_gmt":"2020-02-14T19:03:25","slug":"que-pretenem","status":"publish","type":"page","link":"https:\/\/agora.xtec.cat\/ceipmontserrat-castellbisbal\/lescola\/projecte-educatiu-de-centre\/que-pretenem\/","title":{"rendered":"Qu\u00e8 pretenem?"},"content":{"rendered":"<p style=\"text-align: justify;\">\u00c0mbit pedag\u00f2gic Relatius als continguts d\u2019ensenyament<\/p>\n<ul style=\"text-align: justify;\">\n<li>Obtenir un bon domini de la llengua catalana i de tot el que fa refer\u00e8ncia a la cultura i forma de vida.<\/li>\n<li>Utilitzar els coneixements adquirits per resoldre problemes en la seva experi\u00e8ncia di\u00e0ria, sabent demanar ajuda, si escau, a altres persones en cas de necessitat.<\/li>\n<li>Capacitar els alumnes en el coneixement i utilitzaci\u00f3 de t\u00e8cniques de treball intel\u00b7lectual perqu\u00e8, de forma progressiva, puguin aprendre cada vegada m\u00e9s de manera m\u00e9s aut\u00f2noma.<\/li>\n<li>Capacitar els alumnes per obtenir i tractar informaci\u00f3: buscar-la, entendre\u2019n les formes en qu\u00e8 es trobi disponible, seleccionar-ne el que pugui ser pertinent per a una finalitat immediata i presentar-la als altres de manera \u00fatil i entenedora, quan calgui.<\/li>\n<li>Desenvolupar actituds i h\u00e0bits de cooperaci\u00f3 mitjan\u00e7ant el treball en grup i en equips cooperatius.<\/li>\n<li>Assumir un r\u00e8gim de coeducaci\u00f3 en el qual no hi hagi cap mena de discriminaci\u00f3 per ra\u00f3 de sexe. Proporcionar als alumnes imatges diversificades i no convencionals dels rols d\u2019un i altre sexe.<\/li>\n<li>Educar en llibertat, afavorint la capacitat de judici i que prenguin una actitud cr\u00edtica envers all\u00f2 que els envolta. Orientar i ajudar els nens i les nenes en l\u2019aprenentatge de la conviv\u00e8ncia i de la solidaritat, sense dogmatismes ni imposicions arbitr\u00e0ries.<\/li>\n<li>Desenvolupar l\u2019esperit cr\u00edtic, la capacitat de discussi\u00f3 i de decisi\u00f3 i la gesti\u00f3 col\u00b7lectiva.<\/li>\n<li>Formar actituds obertes i sociables envers els adults i companys d\u2019altres classes de l\u2019escola que no s\u00f3n pr\u00f2piament la seva. Mantenir un respecte per les creences de tots els membres que componen la comunitat educativa.<\/li>\n<li>Fomentar l\u2019autoestima personal i l\u2019intercanvi d\u2019idees, criteris&#8230;<\/li>\n<li>Fomentar la solidaritat i la cooperaci\u00f3.<\/li>\n<li>Fomentar l\u2019adquisici\u00f3 d\u2019h\u00e0bits de treball. Educar diferents h\u00e0bits individuals i socials: exig\u00e8ncia amb el seu treball i respecte per les feines dels altres<\/li>\n<li>Conservaci\u00f3 de l\u2019ordre acordat en els materials i els espais. Davant d\u2019una societat excessivament consumista, valorar els materials de la classe, les petites coses, l\u2019esfor\u00e7, l\u2019espera, la paci\u00e8ncia, la const\u00e0ncia, .<\/li>\n<\/ul>\n<p style=\"text-align: justify;\">\n","protected":false},"excerpt":{"rendered":"<p>\u00c0mbit pedag\u00f2gic Relatius als continguts d\u2019ensenyament Obtenir un bon domini de la llengua catalana i de tot el que fa refer\u00e8ncia a la cultura i forma de vida. Utilitzar els coneixements adquirits per resoldre problemes en la seva experi\u00e8ncia di\u00e0ria, sabent demanar ajuda, si escau, a altres persones en cas de necessitat. Capacitar els alumnes [&hellip;]<\/p>\n","protected":false},"author":1,"featured_media":0,"parent":2736,"menu_order":30,"comment_status":"closed","ping_status":"closed","template":"page-templates\/side-menu.php","meta":{"_bbp_topic_count":0,"_bbp_reply_count":0,"_bbp_total_topic_count":0,"_bbp_total_reply_count":0,"_bbp_voice_count":0,"_bbp_anonymous_reply_count":0,"_bbp_topic_count_hidden":0,"_bbp_reply_count_hidden":0,"_bbp_forum_subforum_count":0,"site-sidebar-layout":"default","site-content-layout":"","ast-site-content-layout":"","site-content-style":"default","site-sidebar-style":"default","ast-global-header-display":"","ast-banner-title-visibility":"","ast-main-header-display":"","ast-hfb-above-header-display":"","ast-hfb-below-header-display":"","ast-hfb-mobile-header-display":"","site-post-title":"","ast-breadcrumbs-content":"","ast-featured-img":"","footer-sml-layout":"","theme-transparent-header-meta":"","adv-header-id-meta":"","stick-header-meta":"","header-above-stick-meta":"","header-main-stick-meta":"","header-below-stick-meta":"","astra-migrate-meta-layouts":"default","ast-page-background-enabled":"default","ast-page-background-meta":{"desktop":{"background-color":"var(--ast-global-color-4)","background-image":"","background-repeat":"repeat","background-position":"center center","background-size":"auto","background-attachment":"scroll","background-type":"","background-media":"","overlay-type":"","overlay-color":"","overlay-opacity":"","overlay-gradient":""},"tablet":{"background-color":"","background-image":"","background-repeat":"repeat","background-position":"center center","background-size":"auto","background-attachment":"scroll","background-type":"","background-media":"","overlay-type":"","overlay-color":"","overlay-opacity":"","overlay-gradient":""},"mobile":{"background-color":"","background-image":"","background-repeat":"repeat","background-position":"center center","background-size":"auto","background-attachment":"scroll","background-type":"","background-media":"","overlay-type":"","overlay-color":"","overlay-opacity":"","overlay-gradient":""}},"ast-content-background-meta":{"desktop":{"background-color":"var(--ast-global-color-5)","background-image":"","background-repeat":"repeat","background-position":"center center","background-size":"auto","background-attachment":"scroll","background-type":"","background-media":"","overlay-type":"","overlay-color":"","overlay-opacity":"","overlay-gradient":""},"tablet":{"background-color":"var(--ast-global-color-5)","background-image":"","background-repeat":"repeat","background-position":"center center","background-size":"auto","background-attachment":"scroll","background-type":"","background-media":"","overlay-type":"","overlay-color":"","overlay-opacity":"","overlay-gradient":""},"mobile":{"background-color":"var(--ast-global-color-5)","background-image":"","background-repeat":"repeat","background-position":"center center","background-size":"auto","background-attachment":"scroll","background-type":"","background-media":"","overlay-type":"","overlay-color":"","overlay-opacity":"","overlay-gradient":""}},"footnotes":""},"class_list":["post-2720","page","type-page","status-publish","hentry"],"post_mailing_queue_ids":[],"_links":{"self":[{"href":"https:\/\/agora.xtec.cat\/ceipmontserrat-castellbisbal\/wp-json\/wp\/v2\/pages\/2720","targetHints":{"allow":["GET"]}}],"collection":[{"href":"https:\/\/agora.xtec.cat\/ceipmontserrat-castellbisbal\/wp-json\/wp\/v2\/pages"}],"about":[{"href":"https:\/\/agora.xtec.cat\/ceipmontserrat-castellbisbal\/wp-json\/wp\/v2\/types\/page"}],"author":[{"embeddable":true,"href":"https:\/\/agora.xtec.cat\/ceipmontserrat-castellbisbal\/wp-json\/wp\/v2\/users\/1"}],"replies":[{"embeddable":true,"href":"https:\/\/agora.xtec.cat\/ceipmontserrat-castellbisbal\/wp-json\/wp\/v2\/comments?post=2720"}],"version-history":[{"count":3,"href":"https:\/\/agora.xtec.cat\/ceipmontserrat-castellbisbal\/wp-json\/wp\/v2\/pages\/2720\/revisions"}],"predecessor-version":[{"id":2752,"href":"https:\/\/agora.xtec.cat\/ceipmontserrat-castellbisbal\/wp-json\/wp\/v2\/pages\/2720\/revisions\/2752"}],"up":[{"embeddable":true,"href":"https:\/\/agora.xtec.cat\/ceipmontserrat-castellbisbal\/wp-json\/wp\/v2\/pages\/2736"}],"wp:attachment":[{"href":"https:\/\/agora.xtec.cat\/ceipmontserrat-castellbisbal\/wp-json\/wp\/v2\/media?parent=2720"}],"curies":[{"name":"wp","href":"https:\/\/api.w.org\/{rel}","templated":true}]}}