{"id":793,"date":"2020-03-05T12:56:30","date_gmt":"2020-03-05T11:56:30","guid":{"rendered":"https:\/\/agora.xtec.cat\/ceipmontsenysantjustdesvern\/?page_id=793"},"modified":"2020-03-05T12:58:22","modified_gmt":"2020-03-05T11:58:22","slug":"trets-dindentitat","status":"publish","type":"page","link":"https:\/\/agora.xtec.cat\/ceipmontsenysantjustdesvern\/lescola\/trets-dindentitat\/","title":{"rendered":"Trets d&#8217;indentitat"},"content":{"rendered":"<h1><\/h1>\n<p>&nbsp;<\/p>\n<p>&nbsp;<\/p>\n<p>&nbsp;<\/p>\n<p><em>La nostra Escola Montseny pertany a la xarxa d\u2019escoles p\u00fabliques de la Generalitat de Catalunya. Tenim una sola l\u00ednia, per tant tenim nom\u00e9s una classe de cada curs: tres grups a Infantil (P-3, P-4 i P-5) i sis grups a Prim\u00e0ria (1r, 2n, 3r, 4t, 5\u00e8 i 6\u00e8). Aix\u00f2 ens converteix en una escola petita, familiar i molt acollidora.<\/em><\/p>\n<div id=\"page\" class=\"page-container\">\n<div class=\"container\">\n<div class=\"sixteen columns\">\n<div class=\"eleven columns alpha\">\n<div id=\"primary\" class=\"content-area\">\n<div id=\"content\" class=\"site-content\" role=\"main\">\n<article id=\"post-4124\" class=\"post-4124 page type-page status-publish hentry\">\n<div class=\"entry-content\">\n<p><em><img loading=\"lazy\" decoding=\"async\" class=\" wp-image-4120 aligncenter\" src=\"http:\/\/ceipmontseny.esy.es\/wp-content\/uploads\/2011\/10\/dibuix-j-aguilar-1024x391.jpg\" sizes=\"auto, (max-width: 394px) 100vw, 394px\" srcset=\"http:\/\/ceipmontseny.esy.es\/wp-content\/uploads\/2011\/10\/dibuix-j-aguilar-1024x391.jpg 1024w, http:\/\/ceipmontseny.esy.es\/wp-content\/uploads\/2011\/10\/dibuix-j-aguilar-300x114.jpg 300w, http:\/\/ceipmontseny.esy.es\/wp-content\/uploads\/2011\/10\/dibuix-j-aguilar.jpg 1256w\" alt=\"\" width=\"394\" height=\"150\" \/><\/em><\/p>\n<p><em>Els nostres trets d\u2019identitat s\u00f3n:<\/em><\/p>\n<ul>\n<li><strong><em>Escola catalana<\/em><\/strong><em>: El catal\u00e0 \u00e9s la nostra llengua vehicular i d\u2019aprenentatge. Totes les \u00e0rees es fan en catal\u00e0 excepte el castell\u00e0 i l\u2019angl\u00e8s.<\/em><\/li>\n<li><strong><em>Democr\u00e0tica:<\/em><\/strong><em> Fomentem el di\u00e0leg entre alumnes, fam\u00edlies i mestres. Plural i participativa: Es mant\u00e9 una actitud de respecte, col\u00b7laboraci\u00f3,solidaritat i toler\u00e0ncia que ens ajuda a treballar per aconseguir un m\u00f3n millor dins la nostra societat.<\/em><\/li>\n<li><strong><em>Laica:<\/em><\/strong><em> que respecta la manera de pensar i de fer pel que fa a la religi\u00f3, cultura i ideologia.. <\/em><\/li>\n<li><strong><em>Oberta a tothom: <\/em><\/strong><em>Som una escola integradora. No es fa cap tipus de discriminaci\u00f3 per ra\u00f3 de g\u00e8nere, \u00e8tnia, creences ni nivell socioecon\u00f2mic. <\/em><\/li>\n<li><strong><em>Inclusiva<\/em><\/strong><em>: Educaci\u00f3 per a tothom, escola per a tots i totes. Tenim en compte els diferents ritmes evolutius i capacitats intel\u00b7lectuals. Juntament amb la dedicaci\u00f3 a l\u2019atenci\u00f3 a la diversitat, l\u2019escola ha de garantir un bon nivell educatiu proporcionant a l\u2019alumnat aprenentatges instrumentals necessaris per desenvolupar les seves capacitats al m\u00e0xim.<\/em><\/li>\n<li><strong><em>Innovadora:<\/em><\/strong><em> Intentem que sigui un centre on les noves idees i tecnologies en educaci\u00f3 tinguin com a objectiu final una escola competent. Tenim presents els recursos did\u00e0ctics i tecnol\u00f2gics que hi ha en la societat actualment.<\/em><\/li>\n<\/ul>\n<ul>\n<li><strong><em>Escola Verda<\/em><\/strong><em>: L\u2019escola potencia el respecte i la conservaci\u00f3 de l\u2019entorn proper i planetari. Afavorim el reciclatge a l\u2019aula, al menjador escolar, al pati, als passadissos,\u2026sensibilitzant als alumnes envers el respecte pel medi ambient. <\/em><\/li>\n<\/ul>\n<p><em><img loading=\"lazy\" decoding=\"async\" class=\" wp-image-4123 aligncenter\" src=\"http:\/\/ceipmontseny.esy.es\/wp-content\/uploads\/2011\/10\/logoescolaverda-200x200.jpg\" sizes=\"auto, (max-width: 110px) 100vw, 110px\" srcset=\"http:\/\/ceipmontseny.esy.es\/wp-content\/uploads\/2011\/10\/logoescolaverda-200x200.jpg 200w, http:\/\/ceipmontseny.esy.es\/wp-content\/uploads\/2011\/10\/logoescolaverda-200x200-150x150.jpg 150w\" alt=\"\" width=\"110\" height=\"110\" \/><\/em><\/p>\n<ul>\n<li><strong><em>Treball en xarxa amb tots els agents educatius:<\/em><\/strong><em> L\u2019escola afavoreix la participaci\u00f3 dels mestres, alumnes, pares, mares i personal no docent, a trav\u00e9s de diferents vies que garanteixen una participaci\u00f3 responsable.<\/em><\/li>\n<li><strong><em>Interacci\u00f3 amb l\u2019entorn<\/em><\/strong><em>: L\u2019escola s\u2019implica i treballa conjuntament amb les escoles i institucions educatives, socials, administratives i l\u00fadiques del poble per tal d\u2019aconseguir una xarxa d\u2019escoles p\u00fabliques de qualitat i una millora social.<\/em><\/li>\n<\/ul>\n<p><img loading=\"lazy\" decoding=\"async\" class=\" wp-image-4122 aligncenter\" src=\"http:\/\/ceipmontseny.esy.es\/wp-content\/uploads\/2011\/10\/xarxa.png\" sizes=\"auto, (max-width: 396px) 100vw, 396px\" srcset=\"http:\/\/ceipmontseny.esy.es\/wp-content\/uploads\/2011\/10\/xarxa.png 774w, http:\/\/ceipmontseny.esy.es\/wp-content\/uploads\/2011\/10\/xarxa-300x144.png 300w\" alt=\"\" width=\"396\" height=\"190\" \/><\/p>\n<\/div>\n<\/article>\n<\/div>\n<\/div>\n<\/div>\n<\/div>\n<\/div>\n<\/div>\n<footer id=\"colophon\" class=\"site-footer\" role=\"contentinfo\">\n<div class=\"container\">\n<div class=\"sixteen columns\"><\/div>\n<\/div>\n<\/footer>\n","protected":false},"excerpt":{"rendered":"<p>&nbsp;<br \/>\n&nbsp;<br \/>\n&nbsp;<br \/>\nLa nostra Escola Montseny pertany a la xarxa d\u2019escoles p\u00fabliques de la Generalitat de Catalunya. Tenim una sola l\u00ednia, per tant tenim nom\u00e9s una classe de cada curs: tres grups a Infantil (P-3, P-4 i P-5) i sis grups a Prim\u00e0ria (1r, 2n, 3r, 4t,&hellip;  <a href=\"https:\/\/agora.xtec.cat\/ceipmontsenysantjustdesvern\/lescola\/trets-dindentitat\/\" title=\"Read Trets d&#8217;indentitat\">Llegeix m\u00e9s\u00bb<\/a><\/p>\n","protected":false},"author":10,"featured_media":0,"parent":22,"menu_order":0,"comment_status":"closed","ping_status":"closed","template":"","meta":{"_bbp_topic_count":0,"_bbp_reply_count":0,"_bbp_total_topic_count":0,"_bbp_total_reply_count":0,"_bbp_voice_count":0,"_bbp_anonymous_reply_count":0,"_bbp_topic_count_hidden":0,"_bbp_reply_count_hidden":0,"_bbp_forum_subforum_count":0,"footnotes":""},"class_list":["post-793","page","type-page","status-publish","hentry"],"post_mailing_queue_ids":[],"_links":{"self":[{"href":"https:\/\/agora.xtec.cat\/ceipmontsenysantjustdesvern\/wp-json\/wp\/v2\/pages\/793","targetHints":{"allow":["GET"]}}],"collection":[{"href":"https:\/\/agora.xtec.cat\/ceipmontsenysantjustdesvern\/wp-json\/wp\/v2\/pages"}],"about":[{"href":"https:\/\/agora.xtec.cat\/ceipmontsenysantjustdesvern\/wp-json\/wp\/v2\/types\/page"}],"author":[{"embeddable":true,"href":"https:\/\/agora.xtec.cat\/ceipmontsenysantjustdesvern\/wp-json\/wp\/v2\/users\/10"}],"replies":[{"embeddable":true,"href":"https:\/\/agora.xtec.cat\/ceipmontsenysantjustdesvern\/wp-json\/wp\/v2\/comments?post=793"}],"version-history":[{"count":1,"href":"https:\/\/agora.xtec.cat\/ceipmontsenysantjustdesvern\/wp-json\/wp\/v2\/pages\/793\/revisions"}],"predecessor-version":[{"id":795,"href":"https:\/\/agora.xtec.cat\/ceipmontsenysantjustdesvern\/wp-json\/wp\/v2\/pages\/793\/revisions\/795"}],"up":[{"embeddable":true,"href":"https:\/\/agora.xtec.cat\/ceipmontsenysantjustdesvern\/wp-json\/wp\/v2\/pages\/22"}],"wp:attachment":[{"href":"https:\/\/agora.xtec.cat\/ceipmontsenysantjustdesvern\/wp-json\/wp\/v2\/media?parent=793"}],"curies":[{"name":"wp","href":"https:\/\/api.w.org\/{rel}","templated":true}]}}