{"id":73,"date":"2014-09-18T14:01:51","date_gmt":"2014-09-18T13:01:51","guid":{"rendered":"http:\/\/agora.xtec.cat\/ceipmontsenysantjustdesvern\/?page_id=73"},"modified":"2020-01-23T13:54:17","modified_gmt":"2020-01-23T12:54:17","slug":"menjador-escolar","status":"publish","type":"page","link":"https:\/\/agora.xtec.cat\/ceipmontsenysantjustdesvern\/serveis\/menjador-escolar\/","title":{"rendered":"Menjador escolar"},"content":{"rendered":"<p>Tenim cuina pr\u00f2pia on s&#8217;elabora cada dia el dinar. Els men\u00fas estan supervisats per un equip especialista en nutrici\u00f3 de 7iTria i la nutricionista de l&#8217;AFA.<\/p>\n<ul style=\"list-style-type: circle;\">\n<li><strong>Al\u00b7l\u00e8rgies i intoler\u00e0ncies:<\/strong> \u00e9s molt important AVISAR A L&#8217;ESCOLA I PORTAR L&#8217;INFORME M\u00c8DIC. Tamb\u00e9 haureu d&#8217;omplir un impr\u00e8s que us facilitarem a Secretaria.<\/li>\n<\/ul>\n","protected":false},"excerpt":{"rendered":"<p>Tenim cuina pr\u00f2pia on s&#8217;elabora cada dia el dinar. Els men\u00fas estan supervisats per un equip especialista en nutrici\u00f3 de 7iTria i la nutricionista de l&#8217;AFA.<\/p>\n<ul style=\"list-style-type: circle;\">\n<li>Al\u00b7l\u00e8rgies i intoler\u00e0ncies: \u00e9s molt important AVISAR A L&#8217;ESCOLA I PORTAR L&#8217;INFORME M\u00c8DIC. Tamb\u00e9 haureu d&#8217;omplir un impr\u00e8s&hellip;  <a href=\"https:\/\/agora.xtec.cat\/ceipmontsenysantjustdesvern\/serveis\/menjador-escolar\/\" title=\"Read Menjador escolar\">Llegeix m\u00e9s\u00bb<\/a><br \/>\n","protected":false},"author":1,"featured_media":0,"parent":66,"menu_order":30,"comment_status":"closed","ping_status":"closed","template":"page-templates\/side-menu.php","meta":{"_bbp_topic_count":0,"_bbp_reply_count":0,"_bbp_total_topic_count":0,"_bbp_total_reply_count":0,"_bbp_voice_count":0,"_bbp_anonymous_reply_count":0,"_bbp_topic_count_hidden":0,"_bbp_reply_count_hidden":0,"_bbp_forum_subforum_count":0,"footnotes":""},"class_list":["post-73","page","type-page","status-publish","hentry"],"post_mailing_queue_ids":[],"_links":{"self":[{"href":"https:\/\/agora.xtec.cat\/ceipmontsenysantjustdesvern\/wp-json\/wp\/v2\/pages\/73","targetHints":{"allow":["GET"]}}],"collection":[{"href":"https:\/\/agora.xtec.cat\/ceipmontsenysantjustdesvern\/wp-json\/wp\/v2\/pages"}],"about":[{"href":"https:\/\/agora.xtec.cat\/ceipmontsenysantjustdesvern\/wp-json\/wp\/v2\/types\/page"}],"author":[{"embeddable":true,"href":"https:\/\/agora.xtec.cat\/ceipmontsenysantjustdesvern\/wp-json\/wp\/v2\/users\/1"}],"replies":[{"embeddable":true,"href":"https:\/\/agora.xtec.cat\/ceipmontsenysantjustdesvern\/wp-json\/wp\/v2\/comments?post=73"}],"version-history":[{"count":1,"href":"https:\/\/agora.xtec.cat\/ceipmontsenysantjustdesvern\/wp-json\/wp\/v2\/pages\/73\/revisions"}],"predecessor-version":[{"id":727,"href":"https:\/\/agora.xtec.cat\/ceipmontsenysantjustdesvern\/wp-json\/wp\/v2\/pages\/73\/revisions\/727"}],"up":[{"embeddable":true,"href":"https:\/\/agora.xtec.cat\/ceipmontsenysantjustdesvern\/wp-json\/wp\/v2\/pages\/66"}],"wp:attachment":[{"href":"https:\/\/agora.xtec.cat\/ceipmontsenysantjustdesvern\/wp-json\/wp\/v2\/media?parent=73"}],"curies":[{"name":"wp","href":"https:\/\/api.w.org\/{rel}","templated":true}]}}