{"id":64,"date":"2014-09-18T12:39:08","date_gmt":"2014-09-18T11:39:08","guid":{"rendered":"http:\/\/agora.xtec.cat\/ceipmontsenysantjustdesvern\/?page_id=64"},"modified":"2025-06-30T13:23:35","modified_gmt":"2025-06-30T11:23:35","slug":"projecte-educatiu","status":"publish","type":"page","link":"https:\/\/agora.xtec.cat\/ceipmontsenysantjustdesvern\/documents\/projecte-educatiu\/","title":{"rendered":"Projecte educatiu"},"content":{"rendered":"<p>El Projecte Educatiu de la nostra Escola es concreta en deu objectius:<\/p>\n<p>1) Promoure una <strong>educaci\u00f3 individualitzada<\/strong>, assegurant la centralitat de l\u2019alumnat i l\u2019eix de la nostra tasca. Considerar <strong>l\u2019acci\u00f3 tutorial i l\u2019orientaci\u00f3 escolar<\/strong> com a eines b\u00e0siques per a dur-la a terme.<\/p>\n<p>2) Promoure la <strong>formaci\u00f3 integral<\/strong> de l\u2019alumne cercant el desenvolupament harm\u00f2nic de totes les seves capacitats i dimensions: cognitives, emocionals, socials, f\u00edsiques i motrius.<\/p>\n<p>3) Promoure una educaci\u00f3 fonamentada en <strong>l\u2019atenci\u00f3 a la diversitat <\/strong>del nostre alumnat, evitant qualsevol tipus de discriminaci\u00f3 i potenciant les difer\u00e8ncies com a factors d\u2019enriquiment. Impulsar un ensenyament participatiu, integrador i plural amb respecte a la diversitat i a la <strong>interculturalitat<\/strong> i assumint com a propis els principis de la <strong>coeducaci\u00f3 i el respecte als drets humans.<\/strong><\/p>\n<p>4) Treballar a partir d\u2019un curr\u00edculum que prioritzi tant les <strong>compet\u00e8ncies, <\/strong>com els<strong> continguts <\/strong>i l<strong>\u2018avaluaci\u00f3<\/strong> que ajudar\u00e0 a l\u2019alumne a cr\u00e9ixer en la seva totalitat.<\/p>\n<p>5) Potenciar el coneixement de la cultura, la hist\u00f2ria, la geografia, l\u2019economia i la realitat sociopol\u00edtica de <strong>Catalunya<\/strong>, aix\u00ed com assegurar el coneixement de la <strong>llengua catalana<\/strong> com a principal vehicle de comunicaci\u00f3 i d\u2019aprenentatge.<\/p>\n<p>6)\u00a0 Potenciar <strong>l\u2019educaci\u00f3 en valors<\/strong>, el <strong>respecte<\/strong> i la <strong>toler\u00e0ncia.<\/strong> Aprendre a pensar, a ser cr\u00edtic i autocr\u00edtic, a relacionar-se amb els altres i a solucionar els possibles conflictes. Impulsar els processos de mediaci\u00f3 escolar.<\/p>\n<p>7) Desenvolupar <strong>comportaments i actituds democr\u00e0tiques<\/strong> en la vida del centre. Aprendre la pr\u00e0ctica del <strong>di\u00e0leg<\/strong> com a principal mitj\u00e0 d\u2019intercanvi d\u2019opinions, per arribar a decisions comunes i fomentar la bona conviv\u00e8ncia.<\/p>\n<p>8) Afavorir al m\u00e0xim l\u2019aprenentatge d\u2019altres lleng\u00fces, amb la introducci\u00f3 progressiva, des de P-3, del <strong>castell\u00e0<\/strong> i de l\u2019<strong>angl\u00e8s<\/strong>, assegurant la import\u00e0ncia cabdal del fet comunicatiu.<\/p>\n<p>9) Contribuir a sensibilitzar i a formar l\u2019alumnat vers els <strong>temes mediambientals.<\/strong> Impulsar accions i fomentar actituds d\u2019estima, conservaci\u00f3 i millora del medi ambient, del nostre entorn i, en especial, del nostre centre, com escola verda que som.<\/p>\n<p>10) Impulsar l\u2019ensenyament de qualitat mitjan\u00e7ant <strong>pedagogies innovadores<\/strong> que incorporin efica\u00e7ment els canvis tecnol\u00f2gics i potenciant les <strong>metodologies actives<\/strong> i el <strong>treball en equip i cooperatiu.<\/strong><\/p>\n<p>Podeu consultar el document sencer <a href=\"https:\/\/drive.google.com\/file\/d\/1pQiIrnqiWlfFIKNFIlOUZ56EHsZ1MQwC\/view?usp=sharing\">aqui<\/a><\/p>\n","protected":false},"excerpt":{"rendered":"<p>El Projecte Educatiu de la nostra Escola es concreta en deu objectius:<br \/>\n1) Promoure una educaci\u00f3 individualitzada, assegurant la centralitat de l\u2019alumnat i l\u2019eix de la nostra tasca. Considerar l\u2019acci\u00f3 tutorial i l\u2019orientaci\u00f3 escolar com a eines b\u00e0siques per a dur-la a terme.<br \/>\n2) Promoure la formaci\u00f3&hellip;  <a href=\"https:\/\/agora.xtec.cat\/ceipmontsenysantjustdesvern\/documents\/projecte-educatiu\/\" title=\"Read Projecte educatiu\">Llegeix m\u00e9s\u00bb<\/a><\/p>\n","protected":false},"author":1,"featured_media":0,"parent":738,"menu_order":0,"comment_status":"closed","ping_status":"closed","template":"page-templates\/side-menu.php","meta":{"_bbp_topic_count":0,"_bbp_reply_count":0,"_bbp_total_topic_count":0,"_bbp_total_reply_count":0,"_bbp_voice_count":0,"_bbp_anonymous_reply_count":0,"_bbp_topic_count_hidden":0,"_bbp_reply_count_hidden":0,"_bbp_forum_subforum_count":0,"footnotes":""},"class_list":["post-64","page","type-page","status-publish","hentry"],"post_mailing_queue_ids":[],"_links":{"self":[{"href":"https:\/\/agora.xtec.cat\/ceipmontsenysantjustdesvern\/wp-json\/wp\/v2\/pages\/64","targetHints":{"allow":["GET"]}}],"collection":[{"href":"https:\/\/agora.xtec.cat\/ceipmontsenysantjustdesvern\/wp-json\/wp\/v2\/pages"}],"about":[{"href":"https:\/\/agora.xtec.cat\/ceipmontsenysantjustdesvern\/wp-json\/wp\/v2\/types\/page"}],"author":[{"embeddable":true,"href":"https:\/\/agora.xtec.cat\/ceipmontsenysantjustdesvern\/wp-json\/wp\/v2\/users\/1"}],"replies":[{"embeddable":true,"href":"https:\/\/agora.xtec.cat\/ceipmontsenysantjustdesvern\/wp-json\/wp\/v2\/comments?post=64"}],"version-history":[{"count":6,"href":"https:\/\/agora.xtec.cat\/ceipmontsenysantjustdesvern\/wp-json\/wp\/v2\/pages\/64\/revisions"}],"predecessor-version":[{"id":2948,"href":"https:\/\/agora.xtec.cat\/ceipmontsenysantjustdesvern\/wp-json\/wp\/v2\/pages\/64\/revisions\/2948"}],"up":[{"embeddable":true,"href":"https:\/\/agora.xtec.cat\/ceipmontsenysantjustdesvern\/wp-json\/wp\/v2\/pages\/738"}],"wp:attachment":[{"href":"https:\/\/agora.xtec.cat\/ceipmontsenysantjustdesvern\/wp-json\/wp\/v2\/media?parent=64"}],"curies":[{"name":"wp","href":"https:\/\/api.w.org\/{rel}","templated":true}]}}