{"id":26,"date":"2014-09-18T12:24:32","date_gmt":"2014-09-18T11:24:32","guid":{"rendered":"http:\/\/agora.xtec.cat\/ceipmontsenysantjustdesvern\/?page_id=26"},"modified":"2020-02-09T21:00:10","modified_gmt":"2020-02-09T20:00:10","slug":"historia","status":"publish","type":"page","link":"https:\/\/agora.xtec.cat\/ceipmontsenysantjustdesvern\/lescola\/historia\/","title":{"rendered":"Hist\u00f2ria"},"content":{"rendered":"<p style=\"text-align: justify;\"><strong>Un breu resum de la hist\u00f2ria de l&#8217;escola Montseny<\/strong><\/p>\n<p style=\"text-align: justify;\">A l&#8217;inici, el Montseny era l&#8217;escola ATENEU i va ser fundada l\u2019any 1924.<\/p>\n<p style=\"text-align: justify;\">Abans de la guerra civil, en va passar a dependre de la Generalitat i el seu edifici \u2013 l\u2019antiga escola Montserrat \u2013 va passar a ser de titularitat estatal.<\/p>\n<p style=\"text-align: justify;\">Al 1967 es va reprendre l\u2019activitat escolar dins de \u00a0l\u2019estructura de l\u2019Ateneu. Forma part de \u201cCoordinaci\u00f3 escolar\u201d de l&#8217;Associaci\u00f3 Rosa Sensat.<\/p>\n<p style=\"text-align: justify;\">Posteriorment forma part del col\u00b7lectiu -CEPEPC \u2013 (Col\u00b7lectiu d\u2019Escoles Per l\u2019Escola P\u00fablica Catalana).<\/p>\n<p style=\"text-align: justify;\">L\u2019any 1976, en no caber-hi a l\u2019edifici de l\u2019Ateneu, va anar a uns annexos de l\u2019edifici Walden.<\/p>\n<p style=\"text-align: justify;\">A 1982 s\u2019inaugura l\u2019actual edifici i esdev\u00e9 ja definitivament escola p\u00fablica \u2013 Escola Montseny.<\/p>\n<p style=\"text-align: justify;\"><strong><br \/>\nLa nostra\u00a0hist\u00f2ria\u00a0<\/strong><\/p>\n<p style=\"text-align: justify;\"><em>Escoles de l\u2019Ateneu (primera fase)<\/em><\/p>\n<p style=\"text-align: justify;\">L\u2019escola Ateneu es va crear amb la base manifiesta que els fills dels seus associats de l\u2019entitat Ateneu, poguessin disposar d\u2019una escola.<\/p>\n<p style=\"text-align: justify;\">Des del primer lloc de reuni\u00f3 d\u2019una comissi\u00f3 al carrer Bonavista, 44 on ben aviat s\u2019hi constitu\u00ed una aula per als primers alumnes de la nova escola, fins a la magn\u00edfica construcci\u00f3 a c\u00e0rrec dels mateixos primers membres associats (la majoria del ram de la construcci\u00f3) feta al carrer Montserrat, on hi hagu\u00e9 la primera seu seriosa de la nova societat Ateneu de Sant Just Desvern, finalment l\u2019escola de l\u2019Ateneu s\u2019inaugur\u00e0 el dia 4 de febrer de 1924 (l\u2019aula de noies) sota el patrocini de l\u2019Associaci\u00f3 Protectora del \u2018Ensenyan\u00e7a Catalana, i en fou designat mestre Josep Sol\u00e9.<\/p>\n<p style=\"text-align: justify;\">El 1926 es constitu\u00ed la que fou primera aula de p\u00e0rvuls regentada per Maria Cinta Amig\u00f3 i Font, pedagoga vocacional i mestre de tantes generacions d\u2019escolars del nostre poble.<\/p>\n<p style=\"text-align: justify;\">Des del primer dia tots els alumnes hav\u00eden de figurar com a socis de l\u2019Associaci\u00f3 Protectora de l\u2019Ensenyan\u00e7a Catalana per la qual cosa hav\u00eden de pagar, anualment, la quantitat d\u2019una pesseta.<\/p>\n<p style=\"text-align: justify;\">En 1933 l\u2019escola desapareix com a depenent de l\u2019Ateneu, sent traspassada a l\u2019Ajuntament.<\/p>\n<p style=\"text-align: justify;\"><em>Escola de l\u2019Ateneu (segona fase)<br \/>\n<\/em><br \/>\nL\u2019Ateneu volia tenir novament les seves escoles, per aquest motiu, l\u2019any 1967, sota la presid\u00e8ncia de Josep M. Mart\u00ed, es cre\u00e0, primer, una aula de p\u00e0rvuls amb vint-i-nou alumnes i tres mestres.<br \/>\nMentre, s\u2019havien empr\u00e8s les obres d\u2019ampliaci\u00f3 de l\u2019edifici amb motiu del cinquant\u00e8 aniversari que possibilitariaen, al mateix temps, la creaci\u00f3 d\u2019unes noves escoles de l\u2019entitat.<\/p>\n<p style=\"text-align: justify;\">El curs 1968-1969 els alumnes foren un centenar, es pogu\u00e9 comptar amb noves instal\u00b7lacions amb la creaci\u00f3 d\u2019un patronat entre els pares, els mestres i l\u2019entitat de l\u2019Ateneu.<br \/>\nPotse l\u2019escola creixia massa de pressa o potser havia canviat l\u2019\u00e8poca i s\u2019havia de tenir en compte que els deutes d\u2019aquest patronat incidien en els mateixos mestres, els primers que es queixaven.<\/p>\n<p style=\"text-align: justify;\">El 1971 l\u2019escola disposava de 110 alumnes i la idea era ampliar les places al doble per desenvolupar els estudis complerts de batxillerat.<\/p>\n<p style=\"text-align: justify;\">Tal i com es podia llegir a la revista editada per la pr\u00f2pia escola \u201cLa Grapa\u201d en el seu n\u00famero 38, com que els locals de l\u2019Ateneu comen\u00e7aven a tenir dificultat per encavir-hi l\u2019alumnat, durant el curs 1976-1977, i gr\u00e0cies a un acord amb l\u2019Ajuntament, la meitat de l\u2019escola va passar a l\u2019edifici de les oficines de l\u2019antiga f\u00e0brica de ciment Sanson, a tocar del Walden 7 i arran de la Carretera Reial.<\/p>\n<p style=\"text-align: justify;\">En vista d\u2019aix\u00f2 l\u2019Associaci\u00f3 de pares es va definir per demanar a l\u2019Ajuntament \u201c\u2026 que es compti amb els nens de l\u2019Ateneu\u201d alhora de contruir al barri Sud l\u2019escola estatal de 20 aules que estava previst fer-hi.<br \/>\nEls pares es comprometien a lluitar perqu\u00e8 els mestres que formaven l\u2019equip docent se\u2019ls mantingu\u00e9s en el seu lloc de treball a la nova escola.<\/p>\n<p style=\"text-align: justify;\">L\u2019any 1979\u00a0 es cre\u00e0 la Cooperativa de pares, com a pas previ a la conversi\u00f3 en escola p\u00fablica i s\u2019aconsegu\u00ed de la Generalitat, amb el suport de l\u2019Ajuntament, la construcci\u00f3 d\u2019un nou edifici al carrer del Camp Roig, la qual passa a denominar-se Escola Montseny.<\/p>\n<p style=\"text-align: justify;\"><em>CEIP Montseny<\/em><br \/>\nLa nova escola, anomenada Montseny va ser la continuadora de la segona fase de les escoles de l\u2019Ateneu i va ser inaugurada el curs 1982-1983, tot i que l\u2019ajuntament feia temps que tenia en cartera la construcci\u00f3 d\u2019un nou edifici escolar al barri Sud.<\/p>\n<p style=\"text-align: justify;\">La seva posada en marxa va tenir moltes dificultats, doncs al gran nombre d\u2019alumnes que, ja d\u2019entrada aportava la caducada Ateneu, es van sumar els propis de les necessitats un barri que havia crescut mot al voltant de la zona de l\u2019illa Walden, a m\u00e9s hi havia el problema afegit en voler que els antics mestres de l\u2019Ateneu fossin els que regirien la nova escola.<\/p>\n<p style=\"text-align: justify;\">El 1984 l\u2019escola ja\u00a0tenia 328 alumnes i els mestres resolgueren el seu problema mitjan\u00e7ant la convocat\u00f2ria, per part de la Generalitat, d\u2019un concurs restringit.<\/p>\n","protected":false},"excerpt":{"rendered":"<p>Un breu resum de la hist\u00f2ria de l&#8217;escola Montseny<br \/>\nA l&#8217;inici, el Montseny era l&#8217;escola ATENEU i va ser fundada l\u2019any 1924.<br \/>\nAbans de la guerra civil, en va passar a dependre de la Generalitat i el seu edifici \u2013 l\u2019antiga escola Montserrat \u2013 va passar a&hellip;  <a href=\"https:\/\/agora.xtec.cat\/ceipmontsenysantjustdesvern\/lescola\/historia\/\" title=\"Read Hist\u00f2ria\">Llegeix m\u00e9s\u00bb<\/a><\/p>\n","protected":false},"author":1,"featured_media":0,"parent":22,"menu_order":20,"comment_status":"closed","ping_status":"closed","template":"page-templates\/side-menu.php","meta":{"_bbp_topic_count":0,"_bbp_reply_count":0,"_bbp_total_topic_count":0,"_bbp_total_reply_count":0,"_bbp_voice_count":0,"_bbp_anonymous_reply_count":0,"_bbp_topic_count_hidden":0,"_bbp_reply_count_hidden":0,"_bbp_forum_subforum_count":0,"footnotes":""},"class_list":["post-26","page","type-page","status-publish","hentry"],"post_mailing_queue_ids":[],"_links":{"self":[{"href":"https:\/\/agora.xtec.cat\/ceipmontsenysantjustdesvern\/wp-json\/wp\/v2\/pages\/26","targetHints":{"allow":["GET"]}}],"collection":[{"href":"https:\/\/agora.xtec.cat\/ceipmontsenysantjustdesvern\/wp-json\/wp\/v2\/pages"}],"about":[{"href":"https:\/\/agora.xtec.cat\/ceipmontsenysantjustdesvern\/wp-json\/wp\/v2\/types\/page"}],"author":[{"embeddable":true,"href":"https:\/\/agora.xtec.cat\/ceipmontsenysantjustdesvern\/wp-json\/wp\/v2\/users\/1"}],"replies":[{"embeddable":true,"href":"https:\/\/agora.xtec.cat\/ceipmontsenysantjustdesvern\/wp-json\/wp\/v2\/comments?post=26"}],"version-history":[{"count":3,"href":"https:\/\/agora.xtec.cat\/ceipmontsenysantjustdesvern\/wp-json\/wp\/v2\/pages\/26\/revisions"}],"predecessor-version":[{"id":763,"href":"https:\/\/agora.xtec.cat\/ceipmontsenysantjustdesvern\/wp-json\/wp\/v2\/pages\/26\/revisions\/763"}],"up":[{"embeddable":true,"href":"https:\/\/agora.xtec.cat\/ceipmontsenysantjustdesvern\/wp-json\/wp\/v2\/pages\/22"}],"wp:attachment":[{"href":"https:\/\/agora.xtec.cat\/ceipmontsenysantjustdesvern\/wp-json\/wp\/v2\/media?parent=26"}],"curies":[{"name":"wp","href":"https:\/\/api.w.org\/{rel}","templated":true}]}}