{"id":7182,"date":"2024-02-21T11:53:49","date_gmt":"2024-02-21T10:53:49","guid":{"rendered":"https:\/\/agora.xtec.cat\/ceipmontseny-barcelona\/?page_id=7182"},"modified":"2024-08-28T11:36:05","modified_gmt":"2024-08-28T09:36:05","slug":"activitats","status":"publish","type":"page","link":"https:\/\/agora.xtec.cat\/ceipmontseny-barcelona\/estrategia-digital-de-centre\/part-estrategica\/activitats\/","title":{"rendered":"Planificaci\u00f3"},"content":{"rendered":"<p>Al seg\u00fcent <a href=\"https:\/\/agora.xtec.cat\/ceipmontseny-barcelona\/wp-content\/uploads\/usu1707\/2024\/03\/activitats-edc.pdf\">enlla\u00e7<\/a> podeu consultar les activitats que estem duent a terme en relaci\u00f3 als objectius de l&#8217;Estrategia Digital de Centre (EDC)<\/p>\n<p><iframe loading=\"lazy\" src=\"https:\/\/agora.xtec.cat\/ceipmontseny-barcelona\/wp-content\/uploads\/usu1707\/2024\/03\/activitats-edc.pdf\" width=\"800\" height=\"700\"><span data-mce-type=\"bookmark\" style=\"display: inline-block; width: 0px; overflow: hidden; line-height: 0;\" class=\"mce_SELRES_start\">\ufeff<\/span><\/iframe><\/p>\n","protected":false},"excerpt":{"rendered":"<p>Al seg\u00fcent enlla\u00e7 podeu consultar les activitats que estem duent a terme en relaci\u00f3 als objectius de l&#8217;Estrategia Digital de Centre (EDC) \ufeff<\/p>\n","protected":false},"author":1,"featured_media":0,"parent":5938,"menu_order":3,"comment_status":"closed","ping_status":"closed","template":"page-templates\/side-menu.php","meta":{"_bbp_topic_count":0,"_bbp_reply_count":0,"_bbp_total_topic_count":0,"_bbp_total_reply_count":0,"_bbp_voice_count":0,"_bbp_anonymous_reply_count":0,"_bbp_topic_count_hidden":0,"_bbp_reply_count_hidden":0,"_bbp_forum_subforum_count":0,"site-sidebar-layout":"default","site-content-layout":"","ast-site-content-layout":"","site-content-style":"default","site-sidebar-style":"default","ast-global-header-display":"","ast-banner-title-visibility":"","ast-main-header-display":"","ast-hfb-above-header-display":"","ast-hfb-below-header-display":"","ast-hfb-mobile-header-display":"","site-post-title":"","ast-breadcrumbs-content":"","ast-featured-img":"","footer-sml-layout":"","theme-transparent-header-meta":"","adv-header-id-meta":"","stick-header-meta":"","header-above-stick-meta":"","header-main-stick-meta":"","header-below-stick-meta":"","astra-migrate-meta-layouts":"default","ast-page-background-enabled":"default","ast-page-background-meta":{"desktop":{"background-color":"var(--ast-global-color-4)","background-image":"","background-repeat":"repeat","background-position":"center center","background-size":"auto","background-attachment":"scroll","background-type":"","background-media":"","overlay-type":"","overlay-color":"","overlay-opacity":"","overlay-gradient":""},"tablet":{"background-color":"","background-image":"","background-repeat":"repeat","background-position":"center center","background-size":"auto","background-attachment":"scroll","background-type":"","background-media":"","overlay-type":"","overlay-color":"","overlay-opacity":"","overlay-gradient":""},"mobile":{"background-color":"","background-image":"","background-repeat":"repeat","background-position":"center center","background-size":"auto","background-attachment":"scroll","background-type":"","background-media":"","overlay-type":"","overlay-color":"","overlay-opacity":"","overlay-gradient":""}},"ast-content-background-meta":{"desktop":{"background-color":"var(--ast-global-color-5)","background-image":"","background-repeat":"repeat","background-position":"center center","background-size":"auto","background-attachment":"scroll","background-type":"","background-media":"","overlay-type":"","overlay-color":"","overlay-opacity":"","overlay-gradient":""},"tablet":{"background-color":"var(--ast-global-color-5)","background-image":"","background-repeat":"repeat","background-position":"center center","background-size":"auto","background-attachment":"scroll","background-type":"","background-media":"","overlay-type":"","overlay-color":"","overlay-opacity":"","overlay-gradient":""},"mobile":{"background-color":"var(--ast-global-color-5)","background-image":"","background-repeat":"repeat","background-position":"center center","background-size":"auto","background-attachment":"scroll","background-type":"","background-media":"","overlay-type":"","overlay-color":"","overlay-opacity":"","overlay-gradient":""}},"footnotes":""},"class_list":["post-7182","page","type-page","status-publish","hentry"],"post_mailing_queue_ids":[],"_links":{"self":[{"href":"https:\/\/agora.xtec.cat\/ceipmontseny-barcelona\/wp-json\/wp\/v2\/pages\/7182","targetHints":{"allow":["GET"]}}],"collection":[{"href":"https:\/\/agora.xtec.cat\/ceipmontseny-barcelona\/wp-json\/wp\/v2\/pages"}],"about":[{"href":"https:\/\/agora.xtec.cat\/ceipmontseny-barcelona\/wp-json\/wp\/v2\/types\/page"}],"author":[{"embeddable":true,"href":"https:\/\/agora.xtec.cat\/ceipmontseny-barcelona\/wp-json\/wp\/v2\/users\/1"}],"replies":[{"embeddable":true,"href":"https:\/\/agora.xtec.cat\/ceipmontseny-barcelona\/wp-json\/wp\/v2\/comments?post=7182"}],"version-history":[{"count":5,"href":"https:\/\/agora.xtec.cat\/ceipmontseny-barcelona\/wp-json\/wp\/v2\/pages\/7182\/revisions"}],"predecessor-version":[{"id":7606,"href":"https:\/\/agora.xtec.cat\/ceipmontseny-barcelona\/wp-json\/wp\/v2\/pages\/7182\/revisions\/7606"}],"up":[{"embeddable":true,"href":"https:\/\/agora.xtec.cat\/ceipmontseny-barcelona\/wp-json\/wp\/v2\/pages\/5938"}],"wp:attachment":[{"href":"https:\/\/agora.xtec.cat\/ceipmontseny-barcelona\/wp-json\/wp\/v2\/media?parent=7182"}],"curies":[{"name":"wp","href":"https:\/\/api.w.org\/{rel}","templated":true}]}}