{"id":7082,"date":"2024-01-18T16:29:50","date_gmt":"2024-01-18T15:29:50","guid":{"rendered":"https:\/\/agora.xtec.cat\/ceipmontseny-barcelona\/?page_id=7082"},"modified":"2024-01-19T12:11:04","modified_gmt":"2024-01-19T11:11:04","slug":"digital-democratic-dd","status":"publish","type":"page","link":"https:\/\/agora.xtec.cat\/ceipmontseny-barcelona\/xarxes\/digital-democratic-dd\/","title":{"rendered":"Digital Democratic &#8211; DD"},"content":{"rendered":"<p>El DD forma part del <strong>Pla de Digitalitzaci\u00f3 Democr\u00e0tica de l\u2019Educaci\u00f3<\/strong> elaborat per <a href=\"https:\/\/xnet-x.net\/ca\/presentem-dd-eina-digitalitzacio-democratica-educacio\/\">Xnet<\/a>, fam\u00edlies i escoles promotores. Sorgeix amb la voluntat d\u2019evitar la datificaci\u00f3 dels infants per part de grans tecnol\u00f2giques o la depend\u00e8ncia tecnol\u00f2gica a eines tancades.<\/p>\n<p>Ha estat elaborat a partir del Pla de <strong>D<\/strong>igitalitzaci\u00f3\u00a0<strong>D<\/strong>emocr\u00e0tica de l\u2019Educaci\u00f3\u00a0dissenyat per<strong> Xnet <\/strong>l&#8217;any 2019, abans de la pandemia, comptant amb el suport de la<strong> Direcci\u00f3 d\u2019Innovaci\u00f3 Democr\u00e0tica <\/strong>i el <strong>Comissionat d\u2019Innovaci\u00f3 Digital <\/strong>de<strong> l\u2019Ajuntament de Barcelona <\/strong>i del<strong> Consorci d\u2019Educaci\u00f3 de Barcelona, <\/strong>que han perm\u00e8s la creaci\u00f3 d\u2019un pilot realitzat per <strong>Xnet, <\/strong>diversos centres educatius i les empreses desenvolupadores <strong>IsardVDI i 3iPunt, <\/strong>amb la col\u00b7laboraci\u00f3 de <strong>l\u2019aFFaC <\/strong>i<strong> AirVPN.\u00a0<\/strong><\/p>\n<p>DD \u00e9s una eina que garanteix l\u2019autonomia tecnol\u00f2gica i la pluralitat tecnol\u00f2gica sobiranes i democr\u00e0tiques dels centres educatius gr\u00e0cies a les caracter\u00edstiques seg\u00fcents:<\/p>\n<ul>\n<li><strong>Integraci\u00f3 i usabilitat<\/strong>\n<ul>\n<li>Integra en una gesti\u00f3 unificada amb un \u00fanic inici de sessi\u00f3 (SSO) eines ofim\u00e0tiques, espai en el n\u00favol, correu electr\u00f2nic, videoconfer\u00e8ncies, entorn virtual d\u2019aprenentatge, etc. amb un \u00fanic gestor d\u2019usuaris que permet replicar l\u2019estructura d\u2019alumnes, professors i grups d\u2019altres entorns. A m\u00e9s permet personalitzar \u00edtems del men\u00fa, colors i imatges.<\/li>\n<li>Se simplifica el comportament de les eines. Aix\u00ed la corba d\u2019aprenentatge \u00e9s molt petita per qui ve de les suites comercials m\u00e9s utilitzades.<\/li>\n<\/ul>\n<\/li>\n<li><strong>Auditabilitat<\/strong><br \/>\nPer a saber qu\u00e8 succeeix amb les nostres dades i continguts, auditar el codi ha de ser possible per a qualsevol persona que ho sa\u0300piga llegir. Aquesta caracter\u00edstica nom\u00e9s la permet el programari lliure, ja que deixa el codi accessible. El codi de DD \u00e9s un codi p\u00fablic que es pot trobar aqu\u00ed:\u00a0<a href=\"https:\/\/gitlab.com\/digitaldemocratic\/digitaldemocratic\" target=\"_blank\" rel=\"noopener\">https:\/\/gitlab.com\/digitaldemocratic\/digitaldemocratic<\/a>. De la mateixa manera, segueix el principi de <em>public money, public code<\/em>\u00a0(diners p\u00fablics, codi p\u00fablic), \u00e9s a dir, el programari finan\u00e7at p\u00fablicament ha de posar-se a la disposici\u00f3 de tothom.<\/li>\n<li>Segueix les\u00a0<strong>llibertats que defineixen el software lliure<\/strong><br \/>\nFer servir el programa amb qualsevol prop\u00f2sit; estudiar com funciona el programa i modificar-lo, adaptant-lo a les necessitats; distribuir c\u00f2pies del programa; millorar el programa i fer p\u00fabliques aquestes millores per a tothom.<\/li>\n<li><strong>Interoperabilitat<\/strong><br \/>\nEs fan possibles les migracions i integracions entre eines, perqu\u00e8 els centres educatius puguin decidir realment la infraestructura digital que volen utilitzar i la puguin canviar lliurement. Tots els sistemes es despleguen en \u201ccontenidors\u201d. Aquesta tecnologia permet oferir tots els serveis perque\u0300 siguin tambe\u0301 intercanviables per altres.<\/li>\n<li><strong>Sobirania de la comunitat educativa<\/strong><br \/>\nLes dades personals, els continguts, les comunicacions i totes aquelles informacions digitalitzades de l\u2019alumnat, del professorat, de les fam\u00edlies, de tota la comunitat educativa i del centre escolar, estan custodiats en servidors que decideixin i monitoritzin ells.<\/li>\n<li>Incorpora\u00a0<strong>manuals d\u2019\u00fas i plantilles<\/strong>, protocols perqu\u00e8 la comunitat educativa entengui i pugui respectar la protecci\u00f3 de dades, ja que li \u00e9s beneficiosa: avisos legals, els m\u00f2duls d\u2019autoritzaci\u00f3 d\u2019activitats i els contractes amb prove\u00efdors externs.<\/li>\n<\/ul>\n<p>Llistat d\u2019alguns dels softwares que s&#8217;han integrat i una breu descripci\u00f3:<\/p>\n<ul>\n<li><strong>Moodle<\/strong><br \/>\n\u00c9s l\u2019eina de gesti\u00f3 d\u2019aprenentatge que es fa servir arreu del m\u00f3n per universitats i molts centres educatius amb m\u00e9s de 160 milions d\u2019usuaris registrats i tradu\u00efda a 120 idiomes.<\/li>\n<li><strong>Nextcloud<\/strong><br \/>\n\u00c9s un gestor de fitxers com a documents, fulls de c\u00e0lcul, enquestes i aplicacions al n\u00favol, que s\u2019integra amb un editor online i col\u00b7laboratiu; tamb\u00e9 disposa de calendari i de correu electr\u00f2nic\u2026 Aquest gestor el fan servir diferents institucions, com el ministeri d\u2019Interior de Fran\u00e7a.<\/li>\n<li><strong>BigBlueButton<\/strong><br \/>\n\u00c9s una eina de videoconfer\u00e8ncia pensada espec\u00edficament per l\u2019entorn educatiu. Es fa servir a moltes escoles d\u2019Alemanya.<\/li>\n<li><strong>WordPress<\/strong><br \/>\n\u00c9s l\u2019eina que es fa servir per dissenyar webs, \u00e9s al darrere de moltes de les webs on naveguem habitualment.<\/li>\n<\/ul>\n<p>&nbsp;<\/p>\n<ul>\n<li><img loading=\"lazy\" decoding=\"async\" class=\"alignnone size-large wp-image-7108\" src=\"https:\/\/agora.xtec.cat\/ceipmontseny-barcelona\/wp-content\/uploads\/usu1707\/2024\/01\/photo_2024-01-18_17-57-16-1024x586.jpg\" alt=\"\" width=\"1024\" height=\"586\" srcset=\"https:\/\/agora.xtec.cat\/ceipmontseny-barcelona\/wp-content\/uploads\/usu1707\/2024\/01\/photo_2024-01-18_17-57-16-1024x586.jpg 1024w, https:\/\/agora.xtec.cat\/ceipmontseny-barcelona\/wp-content\/uploads\/usu1707\/2024\/01\/photo_2024-01-18_17-57-16-300x172.jpg 300w, https:\/\/agora.xtec.cat\/ceipmontseny-barcelona\/wp-content\/uploads\/usu1707\/2024\/01\/photo_2024-01-18_17-57-16-768x440.jpg 768w, https:\/\/agora.xtec.cat\/ceipmontseny-barcelona\/wp-content\/uploads\/usu1707\/2024\/01\/photo_2024-01-18_17-57-16.jpg 1280w\" sizes=\"auto, (max-width: 1024px) 100vw, 1024px\" \/><\/li>\n<\/ul>\n","protected":false},"excerpt":{"rendered":"<p>El DD forma part del Pla de Digitalitzaci\u00f3 Democr\u00e0tica de l\u2019Educaci\u00f3 elaborat per <a href=\"https:\/\/xnet-x.net\/ca\/presentem-dd-eina-digitalitzacio-democratica-educacio\/\">Xnet<\/a>, fam\u00edlies i escoles promotores. Sorgeix amb la voluntat d\u2019evitar la datificaci\u00f3 dels infants per part de grans tecnol\u00f2giques o la depend\u00e8ncia tecnol\u00f2gica a eines tancades.<br \/>\nHa estat elaborat a partir del&hellip;  <a href=\"https:\/\/agora.xtec.cat\/ceipmontseny-barcelona\/xarxes\/digital-democratic-dd\/\" title=\"Read Digital Democratic &#8211; DD\">Llegeix m\u00e9s\u00bb<\/a><\/p>\n","protected":false},"author":1,"featured_media":0,"parent":6838,"menu_order":4,"comment_status":"closed","ping_status":"closed","template":"page-templates\/side-menu.php","meta":{"_bbp_topic_count":0,"_bbp_reply_count":0,"_bbp_total_topic_count":0,"_bbp_total_reply_count":0,"_bbp_voice_count":0,"_bbp_anonymous_reply_count":0,"_bbp_topic_count_hidden":0,"_bbp_reply_count_hidden":0,"_bbp_forum_subforum_count":0,"footnotes":""},"class_list":["post-7082","page","type-page","status-publish","hentry"],"post_mailing_queue_ids":[],"_links":{"self":[{"href":"https:\/\/agora.xtec.cat\/ceipmontseny-barcelona\/wp-json\/wp\/v2\/pages\/7082","targetHints":{"allow":["GET"]}}],"collection":[{"href":"https:\/\/agora.xtec.cat\/ceipmontseny-barcelona\/wp-json\/wp\/v2\/pages"}],"about":[{"href":"https:\/\/agora.xtec.cat\/ceipmontseny-barcelona\/wp-json\/wp\/v2\/types\/page"}],"author":[{"embeddable":true,"href":"https:\/\/agora.xtec.cat\/ceipmontseny-barcelona\/wp-json\/wp\/v2\/users\/1"}],"replies":[{"embeddable":true,"href":"https:\/\/agora.xtec.cat\/ceipmontseny-barcelona\/wp-json\/wp\/v2\/comments?post=7082"}],"version-history":[{"count":6,"href":"https:\/\/agora.xtec.cat\/ceipmontseny-barcelona\/wp-json\/wp\/v2\/pages\/7082\/revisions"}],"predecessor-version":[{"id":7113,"href":"https:\/\/agora.xtec.cat\/ceipmontseny-barcelona\/wp-json\/wp\/v2\/pages\/7082\/revisions\/7113"}],"up":[{"embeddable":true,"href":"https:\/\/agora.xtec.cat\/ceipmontseny-barcelona\/wp-json\/wp\/v2\/pages\/6838"}],"wp:attachment":[{"href":"https:\/\/agora.xtec.cat\/ceipmontseny-barcelona\/wp-json\/wp\/v2\/media?parent=7082"}],"curies":[{"name":"wp","href":"https:\/\/api.w.org\/{rel}","templated":true}]}}