{"id":7045,"date":"2024-01-17T13:32:04","date_gmt":"2024-01-17T12:32:04","guid":{"rendered":"https:\/\/agora.xtec.cat\/ceipmontseny-barcelona\/?page_id=7045"},"modified":"2024-11-15T14:19:08","modified_gmt":"2024-11-15T13:19:08","slug":"pga","status":"publish","type":"page","link":"https:\/\/agora.xtec.cat\/ceipmontseny-barcelona\/projecte-educatiu\/pga\/","title":{"rendered":"PGA"},"content":{"rendered":"<p>Al seg\u00fcent enlla\u00e7 trobareu la versi\u00f3 en PDF de la<a href=\"https:\/\/agora.xtec.cat\/ceipmontseny-barcelona\/wp-content\/uploads\/usu1707\/2024\/11\/PGA-24-25.docx.pdf\"> PGA 24-25<\/a><\/p>\n","protected":false},"excerpt":{"rendered":"<p>Al seg\u00fcent enlla\u00e7 trobareu la versi\u00f3 en PDF de la<a href=\"https:\/\/agora.xtec.cat\/ceipmontseny-barcelona\/wp-content\/uploads\/usu1707\/2024\/11\/PGA-24-25.docx.pdf\"> PGA 24-25<\/a><\/p>\n","protected":false},"author":1,"featured_media":0,"parent":64,"menu_order":3,"comment_status":"closed","ping_status":"closed","template":"page-templates\/side-menu.php","meta":{"_bbp_topic_count":0,"_bbp_reply_count":0,"_bbp_total_topic_count":0,"_bbp_total_reply_count":0,"_bbp_voice_count":0,"_bbp_anonymous_reply_count":0,"_bbp_topic_count_hidden":0,"_bbp_reply_count_hidden":0,"_bbp_forum_subforum_count":0,"footnotes":""},"class_list":["post-7045","page","type-page","status-publish","hentry"],"post_mailing_queue_ids":[],"_links":{"self":[{"href":"https:\/\/agora.xtec.cat\/ceipmontseny-barcelona\/wp-json\/wp\/v2\/pages\/7045","targetHints":{"allow":["GET"]}}],"collection":[{"href":"https:\/\/agora.xtec.cat\/ceipmontseny-barcelona\/wp-json\/wp\/v2\/pages"}],"about":[{"href":"https:\/\/agora.xtec.cat\/ceipmontseny-barcelona\/wp-json\/wp\/v2\/types\/page"}],"author":[{"embeddable":true,"href":"https:\/\/agora.xtec.cat\/ceipmontseny-barcelona\/wp-json\/wp\/v2\/users\/1"}],"replies":[{"embeddable":true,"href":"https:\/\/agora.xtec.cat\/ceipmontseny-barcelona\/wp-json\/wp\/v2\/comments?post=7045"}],"version-history":[{"count":6,"href":"https:\/\/agora.xtec.cat\/ceipmontseny-barcelona\/wp-json\/wp\/v2\/pages\/7045\/revisions"}],"predecessor-version":[{"id":7784,"href":"https:\/\/agora.xtec.cat\/ceipmontseny-barcelona\/wp-json\/wp\/v2\/pages\/7045\/revisions\/7784"}],"up":[{"embeddable":true,"href":"https:\/\/agora.xtec.cat\/ceipmontseny-barcelona\/wp-json\/wp\/v2\/pages\/64"}],"wp:attachment":[{"href":"https:\/\/agora.xtec.cat\/ceipmontseny-barcelona\/wp-json\/wp\/v2\/media?parent=7045"}],"curies":[{"name":"wp","href":"https:\/\/api.w.org\/{rel}","templated":true}]}}