{"id":6740,"date":"2023-10-11T13:13:56","date_gmt":"2023-10-11T11:13:56","guid":{"rendered":"https:\/\/agora.xtec.cat\/ceipmontseny-barcelona\/?page_id=6740"},"modified":"2024-01-18T15:56:07","modified_gmt":"2024-01-18T14:56:07","slug":"guia-natura","status":"publish","type":"page","link":"https:\/\/agora.xtec.cat\/ceipmontseny-barcelona\/projecte-educatiu\/projecte-natura\/guia-natura\/","title":{"rendered":"Guia Natura"},"content":{"rendered":"<p><a href=\"https:\/\/www.canva.com\/design\/DAFSMYSJIzo\/view?utm_content=DAFSMYSJIzo&amp;utm_campaign=designshare&amp;utm_medium=embeds&amp;utm_source=link\">Guia Natura<\/a><\/p>\n<p style=\"text-align: justify;\"><span style=\"font-family: inherit; font-size: 1em;\">La comunitat educativa de l&#8217;Escola Montseny est\u00e0 molt contenta de poder presentar la primera versi\u00f3 de la la nostra guia natura Escola Montseny. En aquesta guia trobareu un recull de fitxes explicatives de diferents esp\u00e8cies que viuen al nostre entorn m\u00e9s proper.<\/span><\/p>\n<p>&nbsp;<\/p>\n<p>&nbsp;<\/p>\n<p>&nbsp;<\/p>\n","protected":false},"excerpt":{"rendered":"<p><a href=\"https:\/\/www.canva.com\/design\/DAFSMYSJIzo\/view?utm_content=DAFSMYSJIzo&amp;utm_campaign=designshare&amp;utm_medium=embeds&amp;utm_source=link\">Guia Natura<\/a><br \/>\nLa comunitat educativa de l&#8217;Escola Montseny est\u00e0 molt contenta de poder presentar la primera versi\u00f3 de la la nostra guia natura Escola Montseny. En aquesta guia trobareu un recull de fitxes explicatives de diferents esp\u00e8cies que viuen al nostre entorn m\u00e9s proper.<br \/>\n&nbsp;<br \/>\n&nbsp;<br \/>\n&nbsp;<\/p>\n","protected":false},"author":1,"featured_media":0,"parent":4857,"menu_order":0,"comment_status":"closed","ping_status":"closed","template":"page-templates\/side-menu.php","meta":{"_bbp_topic_count":0,"_bbp_reply_count":0,"_bbp_total_topic_count":0,"_bbp_total_reply_count":0,"_bbp_voice_count":0,"_bbp_anonymous_reply_count":0,"_bbp_topic_count_hidden":0,"_bbp_reply_count_hidden":0,"_bbp_forum_subforum_count":0,"footnotes":""},"class_list":["post-6740","page","type-page","status-publish","hentry"],"post_mailing_queue_ids":[],"_links":{"self":[{"href":"https:\/\/agora.xtec.cat\/ceipmontseny-barcelona\/wp-json\/wp\/v2\/pages\/6740","targetHints":{"allow":["GET"]}}],"collection":[{"href":"https:\/\/agora.xtec.cat\/ceipmontseny-barcelona\/wp-json\/wp\/v2\/pages"}],"about":[{"href":"https:\/\/agora.xtec.cat\/ceipmontseny-barcelona\/wp-json\/wp\/v2\/types\/page"}],"author":[{"embeddable":true,"href":"https:\/\/agora.xtec.cat\/ceipmontseny-barcelona\/wp-json\/wp\/v2\/users\/1"}],"replies":[{"embeddable":true,"href":"https:\/\/agora.xtec.cat\/ceipmontseny-barcelona\/wp-json\/wp\/v2\/comments?post=6740"}],"version-history":[{"count":6,"href":"https:\/\/agora.xtec.cat\/ceipmontseny-barcelona\/wp-json\/wp\/v2\/pages\/6740\/revisions"}],"predecessor-version":[{"id":7059,"href":"https:\/\/agora.xtec.cat\/ceipmontseny-barcelona\/wp-json\/wp\/v2\/pages\/6740\/revisions\/7059"}],"up":[{"embeddable":true,"href":"https:\/\/agora.xtec.cat\/ceipmontseny-barcelona\/wp-json\/wp\/v2\/pages\/4857"}],"wp:attachment":[{"href":"https:\/\/agora.xtec.cat\/ceipmontseny-barcelona\/wp-json\/wp\/v2\/media?parent=6740"}],"curies":[{"name":"wp","href":"https:\/\/api.w.org\/{rel}","templated":true}]}}