{"id":66,"date":"2014-09-18T12:40:47","date_gmt":"2014-09-18T11:40:47","guid":{"rendered":"http:\/\/agora.xtec.cat\/ceipmontseny-barcelona\/?page_id=66"},"modified":"2024-01-18T14:03:17","modified_gmt":"2024-01-18T13:03:17","slug":"serveis","status":"publish","type":"page","link":"https:\/\/agora.xtec.cat\/ceipmontseny-barcelona\/informacio\/serveis\/","title":{"rendered":"Serveis"},"content":{"rendered":"<p>7Secci\u00f3 que ha d&#8217;informar a les fam\u00edlies dels serveis que ofereix el centre. La missi\u00f3 educativa no es limita a l&#8217;eix curricular, per aix\u00f2 \u00e9s imprescindible que aquest apartat del web estigui en un primer nivell de navegaci\u00f3. \u00c9s recomanable que s&#8217;introdueixi informaci\u00f3 relacionada amb:<\/p>\n<blockquote class=\"wp-embedded-content\" data-secret=\"Kbk9iZSLaW\"><p><a href=\"https:\/\/agora.xtec.cat\/ceipmontseny-barcelona\/informacio\/serveis\/menjador-escolar\/\">Menjador escolar<\/a><\/p><\/blockquote>\n<p><iframe loading=\"lazy\" class=\"wp-embedded-content\" sandbox=\"allow-scripts\" security=\"restricted\" style=\"position: absolute; clip: rect(1px, 1px, 1px, 1px);\" title=\"&#8220;Menjador escolar&#8221; &#8212; Escola Montseny\" src=\"https:\/\/agora.xtec.cat\/ceipmontseny-barcelona\/informacio\/serveis\/menjador-escolar\/embed\/#?secret=5wWSWiziLB#?secret=Kbk9iZSLaW\" data-secret=\"Kbk9iZSLaW\" width=\"500\" height=\"282\" frameborder=\"0\" marginwidth=\"0\" marginheight=\"0\" scrolling=\"no\"><\/iframe><\/p>\n<blockquote class=\"wp-embedded-content\" data-secret=\"MBfcWoDebY\"><p><a href=\"https:\/\/agora.xtec.cat\/ceipmontseny-barcelona\/informacio\/serveis\/acollida\/\">Acollida<\/a><\/p><\/blockquote>\n<p><iframe loading=\"lazy\" class=\"wp-embedded-content\" sandbox=\"allow-scripts\" security=\"restricted\" style=\"position: absolute; clip: rect(1px, 1px, 1px, 1px);\" title=\"&#8220;Acollida&#8221; &#8212; Escola Montseny\" src=\"https:\/\/agora.xtec.cat\/ceipmontseny-barcelona\/informacio\/serveis\/acollida\/embed\/#?secret=4x7YGhNtYb#?secret=MBfcWoDebY\" data-secret=\"MBfcWoDebY\" width=\"500\" height=\"282\" frameborder=\"0\" marginwidth=\"0\" marginheight=\"0\" scrolling=\"no\"><\/iframe><\/p>\n","protected":false},"excerpt":{"rendered":"<p>7Secci\u00f3 que ha d&#8217;informar a les fam\u00edlies dels serveis que ofereix el centre. La missi\u00f3 educativa no es limita a l&#8217;eix curricular, per aix\u00f2 \u00e9s imprescindible que aquest apartat del web estigui en un primer nivell de navegaci\u00f3. \u00c9s recomanable que s&#8217;introdueixi informaci\u00f3 relacionada amb:<br \/>\n<a&hellip;  <a href=\"https:\/\/agora.xtec.cat\/ceipmontseny-barcelona\/informacio\/serveis\/\" title=\"Read Serveis\">Llegeix m\u00e9s\u00bb<\/a><\/p>\n","protected":false},"author":1,"featured_media":0,"parent":493,"menu_order":7,"comment_status":"closed","ping_status":"closed","template":"page-templates\/side-menu.php","meta":{"_bbp_topic_count":0,"_bbp_reply_count":0,"_bbp_total_topic_count":0,"_bbp_total_reply_count":0,"_bbp_voice_count":0,"_bbp_anonymous_reply_count":0,"_bbp_topic_count_hidden":0,"_bbp_reply_count_hidden":0,"_bbp_forum_subforum_count":0,"footnotes":""},"class_list":["post-66","page","type-page","status-publish","hentry"],"post_mailing_queue_ids":[],"_links":{"self":[{"href":"https:\/\/agora.xtec.cat\/ceipmontseny-barcelona\/wp-json\/wp\/v2\/pages\/66","targetHints":{"allow":["GET"]}}],"collection":[{"href":"https:\/\/agora.xtec.cat\/ceipmontseny-barcelona\/wp-json\/wp\/v2\/pages"}],"about":[{"href":"https:\/\/agora.xtec.cat\/ceipmontseny-barcelona\/wp-json\/wp\/v2\/types\/page"}],"author":[{"embeddable":true,"href":"https:\/\/agora.xtec.cat\/ceipmontseny-barcelona\/wp-json\/wp\/v2\/users\/1"}],"replies":[{"embeddable":true,"href":"https:\/\/agora.xtec.cat\/ceipmontseny-barcelona\/wp-json\/wp\/v2\/comments?post=66"}],"version-history":[{"count":4,"href":"https:\/\/agora.xtec.cat\/ceipmontseny-barcelona\/wp-json\/wp\/v2\/pages\/66\/revisions"}],"predecessor-version":[{"id":7055,"href":"https:\/\/agora.xtec.cat\/ceipmontseny-barcelona\/wp-json\/wp\/v2\/pages\/66\/revisions\/7055"}],"up":[{"embeddable":true,"href":"https:\/\/agora.xtec.cat\/ceipmontseny-barcelona\/wp-json\/wp\/v2\/pages\/493"}],"wp:attachment":[{"href":"https:\/\/agora.xtec.cat\/ceipmontseny-barcelona\/wp-json\/wp\/v2\/media?parent=66"}],"curies":[{"name":"wp","href":"https:\/\/api.w.org\/{rel}","templated":true}]}}