{"id":64,"date":"2014-09-18T12:39:08","date_gmt":"2014-09-18T11:39:08","guid":{"rendered":"http:\/\/agora.xtec.cat\/ceipmontseny-barcelona\/?page_id=64"},"modified":"2024-01-18T15:14:03","modified_gmt":"2024-01-18T14:14:03","slug":"projecte-educatiu","status":"publish","type":"page","link":"https:\/\/agora.xtec.cat\/ceipmontseny-barcelona\/projecte-educatiu\/","title":{"rendered":"Projecte educatiu i documents d&#8217;escola"},"content":{"rendered":"<p>A l&#8217;escola Montseny estem renovant les bases del nostre model educatiu, virant cap a metodologies m\u00e9s actives.<br \/>\nEls pilars pedag\u00f2gics que estan guiant el nostre canvi s\u00f3n:<\/p>\n<ul style=\"list-style-type: circle;\">\n<li>L&#8217;aprenentatge significatiu, contextualitzat i vivencial.<\/li>\n<li>L&#8217;emoci\u00f3 com a element imprescindible de l&#8217;aprenentatge.<\/li>\n<li>L&#8217;adaptaci\u00f3 a les diferents necessitats i etapes maduratives de cada infant.<\/li>\n<li>La import\u00e0ncia de l&#8217;error com a pas necessari per l&#8217;aprenentatge.<\/li>\n<li>L&#8217;encoratjament al nostres alumnes a buscar solucions diferents i prendre riscos.<\/li>\n<li>L&#8217;esfor\u00e7 i la perseveran\u00e7a.<\/li>\n<li>El foment de l&#8217;autonomia i la responsabilitat.<\/li>\n<li>El respecte i la solidaritat.<\/li>\n<li>La col\u00b7laboraci\u00f3 i el treball en equip.<\/li>\n<\/ul>\n<p><strong><span class=\"ng-scope\">OBJECTIUS EDUCATIUS PRIORITARIS:<\/span><\/strong><\/p>\n<p style=\"text-align: justify;\">&#8211; Dotar els nostres alumnes de les compet\u00e8ncies necess\u00e0ries per desenvolupar-se plenament en la societat que els tocar\u00e0 viure, particularment la col\u00b7laboraci\u00f3 i el treball en equip, la creativitat, el pensament cr\u00edtic, la resoluci\u00f3 de problemes i les habilitats comunicatives.<a href=\"http:\/\/agora.xtec.cat\/ceipmontseny-barcelona\/wp-content\/uploads\/usu1707\/2014\/09\/arbre-2012.jpg\"><img loading=\"lazy\" decoding=\"async\" class=\"size-full wp-image-604 alignright\" src=\"http:\/\/agora.xtec.cat\/ceipmontseny-barcelona\/wp-content\/uploads\/usu1707\/2014\/09\/arbre-2012.jpg\" alt=\"\" width=\"268\" height=\"399\" srcset=\"https:\/\/agora.xtec.cat\/ceipmontseny-barcelona\/wp-content\/uploads\/usu1707\/2014\/09\/arbre-2012.jpg 268w, https:\/\/agora.xtec.cat\/ceipmontseny-barcelona\/wp-content\/uploads\/usu1707\/2014\/09\/arbre-2012-202x300.jpg 202w\" sizes=\"auto, (max-width: 268px) 100vw, 268px\" \/><\/a><\/p>\n<p style=\"text-align: justify;\">&#8211; Potenciar metodologies actives: projectes.<\/p>\n<p style=\"text-align: justify;\">&#8211; Vincular entorn i curr\u00edculum, dotant de context els aprenentatges.<\/p>\n<p style=\"text-align: justify;\">&#8211; Proporcionar a l&#8217;alumnat un amor a l&#8217;aprenentatge que els ajudi a continuar aprenent durant tota la vida.<\/p>\n<p style=\"text-align: justify;\">&#8211; Descobrir i potenciar les habilitats \u00faniques de cada infant.<\/p>\n<p style=\"text-align: justify;\">&#8211; Fer un tractament acurat de la diversitat.<\/p>\n<p style=\"text-align: justify;\">&#8211; Educar el nostre alumnat en valors i conviv\u00e8ncia, ajudant a crear ciutadans actius i responsables.<\/p>\n<p><strong>CRITERIS D\u2019ORGANITZACI\u00d3 PEDAG\u00d2GICA:<\/strong><\/p>\n<p style=\"text-align: justify;\">Actualment ens trobem en un proc\u00e9s de renovaci\u00f3 pedag\u00f2gica, implantant metodologies m\u00e9s actives, centrades en l&#8217;alumne. Hem introdu\u00eft el treball per ambients a Educaci\u00f3 Infantil i a Cicle Inicial durant algunes franges hor\u00e0ries. Els ambients fomenten l&#8217;autonomia i tenen en compte els interessos de l&#8217;alumne: ells mateixos poden escollir a quin ambient volen treballar, en una atmosfera de joc que afavoreix la motivaci\u00f3 i la curiositat.<\/p>\n<p style=\"text-align: justify;\">A l&#8217;etapa d&#8217;Educaci\u00f3 Prim\u00e0ria estem introduint el treball per projectes, model molt adient per potenciar les habilitats descrites als trets d&#8217;identitat i ideal per fer de l&#8217;alumne el protagonista dels seus propis aprenentatges.\u00a0Aquesta metodologia ajuda els alumnes a aprendre a aprendre, els motiva a descobrir, sent un aprenentatge significatiu, en un context de treball en equip i col\u00b7laboraci\u00f3.\u00a0Fem servir caixes d&#8217;aprenentatge, corners, treball de camp al Bosc de Turull i integrem les noves tecnologies al treball d&#8217;aula.<\/p>\n<h5 style=\"text-align: justify;\"><\/h5>\n<p><strong><span class=\"ng-scope\">PROJECTES I ACTIVITATS DESTACADES DEL CENTRE:<\/span><\/strong><\/p>\n<p style=\"text-align: justify;\">Per aprofitar el nostre entorn privilegiat s&#8217;ha creat el Projecte Natura, que pret\u00e9n vincular i connectar la integritat del curr\u00edculum acad\u00e8mic de l&#8217;alumnat amb la flora i la fauna del Bosc de Turull i el Parc G\u00fcell.<\/p>\n<p style=\"text-align: justify;\">Aquest projecte tamb\u00e9 es fa extensiu a l&#8217;hort, que permet l&#8217;observaci\u00f3 directa de l&#8217;evoluci\u00f3 de la naturalesa i participar directament en el seu desenvolupament.<\/p>\n<p style=\"text-align: justify;\">Amb aix\u00f2 es pret\u00e9n que els coneixements que han d&#8217;assolir-se al llarg de l&#8217;Educaci\u00f3 Prim\u00e0ria s&#8217;integrin a trav\u00e9s de la seva exposici\u00f3 tangible i\u00a0pragm\u00e0tica i d&#8217;una manera din\u00e0mica i divertida. S&#8217;ha demostrat que la millor manera d&#8217;aprendre \u00e9s fent i apassionant-se.<\/p>\n<ul>\n<li>Fent: l&#8217;alumnat forma part d&#8217;un entorn d&#8217;aprenentatge que fomenta l&#8217;experimentaci\u00f3 i la pr\u00e0ctica.<\/li>\n<\/ul>\n<ul>\n<li>Apassionant-se: la \u00a0interrelaci\u00f3 amb l&#8217;entorn i la creaci\u00f3 de projectes pedag\u00f2gics basats en aquest entorn permet la creaci\u00f3 de din\u00e0miques l\u00fadiques i engrescadores.<\/li>\n<\/ul>\n<p><span class=\"ng-scope\"><strong>\u00c0MBITS DE PARTICIPACI\u00d3 I COL\u00b7LABORACI\u00d3:<\/strong><\/span><\/p>\n<p style=\"text-align: justify;\">Els nostres alumnes tenen en les rotllanes i assemblees un espai per expressar-se en un context relaxat i de respecte mutu. S\u00f3n consultats respecte als projectes que volen realitzar (es tria aquell que ha estat votat per la majoria de la classe) i durant les estones d&#8217;ambients la circulaci\u00f3 \u00e9s lliure i poden triar la proposta que els interessa treballar en aquell moment.<\/p>\n<p style=\"text-align: justify;\">Durant les tutories es posa el m\u00e0xim \u00e8mfasi en el respecte i la toler\u00e0ncia, ja que el Montseny \u00e9s una escola acollidora. Connectem els alumnes amb altres cultures per tal que aprenguin a respectar-les, estimar-les i sentir-les com una riquesa.<\/p>\n<p style=\"text-align: justify;\">L&#8217;escola \u00a0i l&#8217;AFA estem creant mecanismes de participaci\u00f3 perqu\u00e8 els alumnes i les fam\u00edlies tinguin vot i siguin part activa en projectes de gran envergadura per al centre, com ara la reforma dels patis per fer-los encara m\u00e9s verds i acollidors.<\/p>\n<p style=\"text-align: justify;\">A trav\u00e9s de les comissions mixtes, les fam\u00edlies participen sistem\u00e0ticament a la vida del centre i l&#8217;educaci\u00f3 dels seus fills i filles.<\/p>\n<p>&nbsp;<\/p>\n<p>&nbsp;<\/p>\n<p>&nbsp;<\/p>\n","protected":false},"excerpt":{"rendered":"<p>A l&#8217;escola Montseny estem renovant les bases del nostre model educatiu, virant cap a metodologies m\u00e9s actives.<br \/>\nEls pilars pedag\u00f2gics que estan guiant el nostre canvi s\u00f3n:<\/p>\n<ul style=\"list-style-type: circle;\">\n<li>L&#8217;aprenentatge significatiu, contextualitzat i vivencial.<\/li>\n<li>L&#8217;emoci\u00f3 com a element imprescindible de l&#8217;aprenentatge.<\/li>\n<li>L&#8217;adaptaci\u00f3 a les diferents necessitats i etapes maduratives&hellip;  <a href=\"https:\/\/agora.xtec.cat\/ceipmontseny-barcelona\/projecte-educatiu\/\" title=\"Read Projecte educatiu i documents d&#8217;escola\">Llegeix m\u00e9s\u00bb<\/a><br \/>\n","protected":false},"author":1,"featured_media":0,"parent":0,"menu_order":0,"comment_status":"closed","ping_status":"closed","template":"page-templates\/side-menu.php","meta":{"_bbp_topic_count":0,"_bbp_reply_count":0,"_bbp_total_topic_count":0,"_bbp_total_reply_count":0,"_bbp_voice_count":0,"_bbp_anonymous_reply_count":0,"_bbp_topic_count_hidden":0,"_bbp_reply_count_hidden":0,"_bbp_forum_subforum_count":0,"footnotes":""},"class_list":["post-64","page","type-page","status-publish","hentry"],"post_mailing_queue_ids":[],"_links":{"self":[{"href":"https:\/\/agora.xtec.cat\/ceipmontseny-barcelona\/wp-json\/wp\/v2\/pages\/64","targetHints":{"allow":["GET"]}}],"collection":[{"href":"https:\/\/agora.xtec.cat\/ceipmontseny-barcelona\/wp-json\/wp\/v2\/pages"}],"about":[{"href":"https:\/\/agora.xtec.cat\/ceipmontseny-barcelona\/wp-json\/wp\/v2\/types\/page"}],"author":[{"embeddable":true,"href":"https:\/\/agora.xtec.cat\/ceipmontseny-barcelona\/wp-json\/wp\/v2\/users\/1"}],"replies":[{"embeddable":true,"href":"https:\/\/agora.xtec.cat\/ceipmontseny-barcelona\/wp-json\/wp\/v2\/comments?post=64"}],"version-history":[{"count":6,"href":"https:\/\/agora.xtec.cat\/ceipmontseny-barcelona\/wp-json\/wp\/v2\/pages\/64\/revisions"}],"predecessor-version":[{"id":7031,"href":"https:\/\/agora.xtec.cat\/ceipmontseny-barcelona\/wp-json\/wp\/v2\/pages\/64\/revisions\/7031"}],"wp:attachment":[{"href":"https:\/\/agora.xtec.cat\/ceipmontseny-barcelona\/wp-json\/wp\/v2\/media?parent=64"}],"curies":[{"name":"wp","href":"https:\/\/api.w.org\/{rel}","templated":true}]}}