{"id":5871,"date":"2022-11-08T13:43:38","date_gmt":"2022-11-08T12:43:38","guid":{"rendered":"https:\/\/agora.xtec.cat\/ceipmontseny-barcelona\/?page_id=5871"},"modified":"2024-08-30T13:56:05","modified_gmt":"2024-08-30T11:56:05","slug":"cultura-digital","status":"publish","type":"page","link":"https:\/\/agora.xtec.cat\/ceipmontseny-barcelona\/estrategia-digital-de-centre\/cultura-digital\/","title":{"rendered":"Cultura digital"},"content":{"rendered":"<p style=\"text-align: center;\">En aquest apartat es recullen tots els documents del centre que fan refer\u00e8ncia a aspectes de la cultura digital a l&#8217;escola. Des de la documentaci\u00f3 que fa refer\u00e8ncia a l&#8217;\u00e0mbit digital, fins a la compet\u00e8ncia digital de l&#8217;alumnat. D\u2019aquesta manera, es pot tenir una visi\u00f3 completa de l\u2019assoliment d\u2019aquesta cultura pel que fa a centre.<\/p>\n<p>&nbsp;<\/p>\n<p><img loading=\"lazy\" decoding=\"async\" class=\"size-full wp-image-7631 aligncenter\" src=\"https:\/\/agora.xtec.cat\/ceipmontseny-barcelona\/wp-content\/uploads\/usu1707\/2024\/08\/2_Que-es-la-Cultura-Digital-dun-centre_v3-768x543-1.jpg\" alt=\"\" width=\"768\" height=\"543\" srcset=\"https:\/\/agora.xtec.cat\/ceipmontseny-barcelona\/wp-content\/uploads\/usu1707\/2024\/08\/2_Que-es-la-Cultura-Digital-dun-centre_v3-768x543-1.jpg 768w, https:\/\/agora.xtec.cat\/ceipmontseny-barcelona\/wp-content\/uploads\/usu1707\/2024\/08\/2_Que-es-la-Cultura-Digital-dun-centre_v3-768x543-1-300x212.jpg 300w\" sizes=\"auto, (max-width: 768px) 100vw, 768px\" \/><\/p>\n","protected":false},"excerpt":{"rendered":"<p>En aquest apartat es recullen tots els documents del centre que fan refer\u00e8ncia a aspectes de la cultura digital a l&#8217;escola. Des de la documentaci\u00f3 que fa refer\u00e8ncia a l&#8217;\u00e0mbit digital, fins a la compet\u00e8ncia digital de l&#8217;alumnat. D\u2019aquesta manera, es pot tenir una visi\u00f3 completa de l\u2019assoliment d\u2019aquesta cultura pel que fa a centre. [&hellip;]<\/p>\n","protected":false},"author":1,"featured_media":0,"parent":5807,"menu_order":2,"comment_status":"closed","ping_status":"closed","template":"page-templates\/side-menu.php","meta":{"_bbp_topic_count":0,"_bbp_reply_count":0,"_bbp_total_topic_count":0,"_bbp_total_reply_count":0,"_bbp_voice_count":0,"_bbp_anonymous_reply_count":0,"_bbp_topic_count_hidden":0,"_bbp_reply_count_hidden":0,"_bbp_forum_subforum_count":0,"site-sidebar-layout":"default","site-content-layout":"","ast-site-content-layout":"","site-content-style":"default","site-sidebar-style":"default","ast-global-header-display":"","ast-banner-title-visibility":"","ast-main-header-display":"","ast-hfb-above-header-display":"","ast-hfb-below-header-display":"","ast-hfb-mobile-header-display":"","site-post-title":"","ast-breadcrumbs-content":"","ast-featured-img":"","footer-sml-layout":"","theme-transparent-header-meta":"","adv-header-id-meta":"","stick-header-meta":"","header-above-stick-meta":"","header-main-stick-meta":"","header-below-stick-meta":"","astra-migrate-meta-layouts":"default","ast-page-background-enabled":"default","ast-page-background-meta":{"desktop":{"background-color":"var(--ast-global-color-4)","background-image":"","background-repeat":"repeat","background-position":"center center","background-size":"auto","background-attachment":"scroll","background-type":"","background-media":"","overlay-type":"","overlay-color":"","overlay-opacity":"","overlay-gradient":""},"tablet":{"background-color":"","background-image":"","background-repeat":"repeat","background-position":"center center","background-size":"auto","background-attachment":"scroll","background-type":"","background-media":"","overlay-type":"","overlay-color":"","overlay-opacity":"","overlay-gradient":""},"mobile":{"background-color":"","background-image":"","background-repeat":"repeat","background-position":"center center","background-size":"auto","background-attachment":"scroll","background-type":"","background-media":"","overlay-type":"","overlay-color":"","overlay-opacity":"","overlay-gradient":""}},"ast-content-background-meta":{"desktop":{"background-color":"var(--ast-global-color-5)","background-image":"","background-repeat":"repeat","background-position":"center center","background-size":"auto","background-attachment":"scroll","background-type":"","background-media":"","overlay-type":"","overlay-color":"","overlay-opacity":"","overlay-gradient":""},"tablet":{"background-color":"var(--ast-global-color-5)","background-image":"","background-repeat":"repeat","background-position":"center center","background-size":"auto","background-attachment":"scroll","background-type":"","background-media":"","overlay-type":"","overlay-color":"","overlay-opacity":"","overlay-gradient":""},"mobile":{"background-color":"var(--ast-global-color-5)","background-image":"","background-repeat":"repeat","background-position":"center center","background-size":"auto","background-attachment":"scroll","background-type":"","background-media":"","overlay-type":"","overlay-color":"","overlay-opacity":"","overlay-gradient":""}},"footnotes":""},"class_list":["post-5871","page","type-page","status-publish","hentry"],"post_mailing_queue_ids":[],"_links":{"self":[{"href":"https:\/\/agora.xtec.cat\/ceipmontseny-barcelona\/wp-json\/wp\/v2\/pages\/5871","targetHints":{"allow":["GET"]}}],"collection":[{"href":"https:\/\/agora.xtec.cat\/ceipmontseny-barcelona\/wp-json\/wp\/v2\/pages"}],"about":[{"href":"https:\/\/agora.xtec.cat\/ceipmontseny-barcelona\/wp-json\/wp\/v2\/types\/page"}],"author":[{"embeddable":true,"href":"https:\/\/agora.xtec.cat\/ceipmontseny-barcelona\/wp-json\/wp\/v2\/users\/1"}],"replies":[{"embeddable":true,"href":"https:\/\/agora.xtec.cat\/ceipmontseny-barcelona\/wp-json\/wp\/v2\/comments?post=5871"}],"version-history":[{"count":6,"href":"https:\/\/agora.xtec.cat\/ceipmontseny-barcelona\/wp-json\/wp\/v2\/pages\/5871\/revisions"}],"predecessor-version":[{"id":7633,"href":"https:\/\/agora.xtec.cat\/ceipmontseny-barcelona\/wp-json\/wp\/v2\/pages\/5871\/revisions\/7633"}],"up":[{"embeddable":true,"href":"https:\/\/agora.xtec.cat\/ceipmontseny-barcelona\/wp-json\/wp\/v2\/pages\/5807"}],"wp:attachment":[{"href":"https:\/\/agora.xtec.cat\/ceipmontseny-barcelona\/wp-json\/wp\/v2\/media?parent=5871"}],"curies":[{"name":"wp","href":"https:\/\/api.w.org\/{rel}","templated":true}]}}