{"id":5865,"date":"2022-11-08T13:42:43","date_gmt":"2022-11-08T12:42:43","guid":{"rendered":"https:\/\/agora.xtec.cat\/ceipmontseny-barcelona\/?page_id=5865"},"modified":"2024-01-17T13:50:13","modified_gmt":"2024-01-17T12:50:13","slug":"objectius","status":"publish","type":"page","link":"https:\/\/agora.xtec.cat\/ceipmontseny-barcelona\/estrategia-digital-de-centre\/part-estrategica\/objectius\/","title":{"rendered":"Objectius"},"content":{"rendered":"<p>Despr\u00e9s de realitzar la diagnosi, per poder concretar els objectius de l\u2019estrat\u00e8gia digital de centre (EDC), hem determinat la visi\u00f3 de l&#8217;escola en l\u2019\u00e0mbit digital, tenint en compte els objectius del PEC i del projecte de direcci\u00f3, sense perdre de vista els objectius del\u00a0 i tenir en compte els objectius del PEC i del projecte de direcci\u00f3, sense perdre de vista els objectius del <a href=\"https:\/\/educacio.gencat.cat\/web\/.content\/home\/departament\/publicacions\/colleccions\/pla-educacio-digital\/pla-educacio-digital-catalunya\/pla-educacio-digital.pdf\" target=\"_blank\" rel=\"noopener noreferrer\">PEDC<\/a>. La conjunci\u00f3 d\u2019aquests aspectes han determinat els objectius de l\u2019EDC que presentem a continuaci\u00f3:<\/p>\n<table class=\" aligncenter\" style=\"width: 90.3146%; height: 534px;\">\n<tbody>\n<tr style=\"height: 60px;\">\n<td style=\"width: 96.4114%; height: 60px;\" colspan=\"14\">\n<h4><span style=\"color: #008080;\">\u00a0 \u00a0 \u00a0 \u00a0 \u00a0 \u00a0 \u00a0 \u00a0 \u00a0 \u00a0 \u00a0 \u00a0 \u00a0 \u00a0 \u00a0 \u00a0 \u00a0 \u00a0 \u00a0 \u00a0OBJECTIUS DE L&#8217;EDC<\/span><\/h4>\n<\/td>\n<\/tr>\n<tr style=\"height: 52px;\">\n<td style=\"height: 10px; width: 55.5776%;\" colspan=\"2\">\n<p style=\"text-align: center;\"><span style=\"color: #000000;\">Cursos<\/span><\/p>\n<\/td>\n<td style=\"height: 10px; width: 10.8112%; text-align: left;\" colspan=\"3\">\n<h5><span style=\"color: #008080;\">\u00a0 \u00a0 \u00a0 22 &#8211; 23<\/span><\/h5>\n<\/td>\n<td style=\"height: 10px; width: 10.7072%; text-align: left;\" colspan=\"3\">\n<h5><span style=\"color: #008080;\">\u00a0 \u00a0 \u00a0 23 &#8211; 24<\/span><\/h5>\n<\/td>\n<td style=\"height: 10px; width: 9.85172%; text-align: left;\" colspan=\"3\">\n<h5><span style=\"color: #008080;\">\u00a0 \u00a0 24 &#8211; 25<\/span><\/h5>\n<\/td>\n<td style=\"height: 10px; width: 9.4637%; text-align: left;\" colspan=\"3\">\n<h5><span style=\"color: #008080;\">\u00a0 \u00a025 &#8211; 26<\/span><\/h5>\n<\/td>\n<\/tr>\n<tr style=\"height: 10px;\">\n<td style=\"width: 55.5776%; height: 10px;\" colspan=\"2\">\n<p style=\"text-align: center;\"><span style=\"font-weight: 400;\">Trimestres<\/span><\/p>\n<\/td>\n<td style=\"width: 3.49559%; height: 10px;\"><b>1<\/b><\/td>\n<td style=\"width: 3.60074%; height: 10px;\"><b>2<\/b><\/td>\n<td style=\"width: 3.71485%; height: 10px;\"><b>3<\/b><\/td>\n<td style=\"width: 3.57655%; height: 10px;\"><b>1<\/b><\/td>\n<td style=\"width: 3.49016%; height: 10px;\"><b>2<\/b><\/td>\n<td style=\"width: 3.64052%; height: 10px;\"><b>3<\/b><\/td>\n<td style=\"width: 3.59768%; height: 10px;\"><b>1<\/b><\/td>\n<td style=\"width: 3.42233%; height: 10px;\"><b>2<\/b><\/td>\n<td style=\"width: 2.83171%; height: 10px;\"><b>3<\/b><\/td>\n<td style=\"width: 2.8847%; height: 10px;\"><b>1<\/b><\/td>\n<td style=\"width: 3.37722%; height: 10px;\"><b>2<\/b><\/td>\n<td style=\"width: 3.20178%; height: 10px;\"><b>3<\/b><\/td>\n<\/tr>\n<tr style=\"height: 67px;\">\n<td style=\"width: 1.96937%; height: 67px;\"><span style=\"font-weight: 400;\">1<\/span><\/td>\n<td style=\"width: 53.6082%; height: 67px;\"><span style=\"font-weight: 400;\">Establir un pla de cultura digital per facilitar l&#8217;organitzaci\u00f3 i ser una escola digitalment competent.<\/span><\/td>\n<td style=\"width: 3.49559%; height: 67px;\"><\/td>\n<td style=\"width: 3.60074%; height: 67px;\">\n<h3><span style=\"color: #008080;\"><strong>X<\/strong><\/span><\/h3>\n<\/td>\n<td style=\"width: 3.71485%; height: 67px;\">\n<h3><span style=\"color: #008080;\"><strong>X<\/strong><\/span><\/h3>\n<\/td>\n<td style=\"width: 3.57655%; height: 67px;\">\n<h3><span style=\"color: #008080;\"><strong>X<\/strong><\/span><\/h3>\n<\/td>\n<td style=\"width: 3.49016%; height: 67px;\">\n<h3><span style=\"color: #008080;\"><strong>X<\/strong><\/span><\/h3>\n<\/td>\n<td style=\"width: 3.64052%; height: 67px;\">\n<h3><span style=\"color: #008080;\"><strong>X<\/strong><\/span><\/h3>\n<\/td>\n<td style=\"width: 3.59768%; height: 67px;\">\n<h3><span style=\"color: #008080;\"><strong>X<\/strong><\/span><\/h3>\n<\/td>\n<td style=\"width: 3.42233%; height: 67px;\"><\/td>\n<td style=\"width: 2.83171%; height: 67px;\"><\/td>\n<td style=\"width: 2.8847%; height: 67px;\"><\/td>\n<td style=\"width: 3.37722%; height: 67px;\"><\/td>\n<td style=\"width: 3.20178%; height: 67px;\"><\/td>\n<\/tr>\n<tr style=\"height: 67px;\">\n<td style=\"width: 1.96937%; height: 67px;\"><span style=\"font-weight: 400;\">2<\/span><\/td>\n<td style=\"width: 53.6082%; height: 67px;\"><span style=\"font-weight: 400;\">Definir una l\u00ednia d&#8217;escola en l&#8217;\u00e0mbit digital concretant la programaci\u00f3 i l&#8217;avaluaci\u00f3 per millorar la compet\u00e8ncia digital de l&#8217;alumnat.<\/span><\/td>\n<td style=\"width: 3.49559%; height: 67px;\"><\/td>\n<td style=\"width: 3.60074%; height: 67px;\"><\/td>\n<td style=\"width: 3.71485%; height: 67px;\"><\/td>\n<td style=\"width: 3.57655%; height: 67px;\"><\/td>\n<td style=\"width: 3.49016%; height: 67px;\"><\/td>\n<td style=\"width: 3.64052%; height: 67px;\"><\/td>\n<td style=\"width: 3.59768%; height: 67px;\">\n<h3><span style=\"color: #008080;\"><strong>X<\/strong><\/span><\/h3>\n<\/td>\n<td style=\"width: 3.42233%; height: 67px;\">\n<h3><span style=\"color: #008080;\"><strong>X<\/strong><\/span><\/h3>\n<\/td>\n<td style=\"width: 2.83171%; height: 67px;\">\n<h3><span style=\"color: #008080;\"><strong>X<\/strong><\/span><\/h3>\n<\/td>\n<td style=\"width: 2.8847%; height: 67px;\">\n<h3><span style=\"color: #008080;\"><strong>X<\/strong><\/span><\/h3>\n<\/td>\n<td style=\"width: 3.37722%; height: 67px;\">\n<h3><span style=\"color: #008080;\"><strong>X<\/strong><\/span><\/h3>\n<\/td>\n<td style=\"width: 3.20178%; height: 67px;\">\n<h3><span style=\"color: #008080;\"><strong>X<\/strong><\/span><\/h3>\n<\/td>\n<\/tr>\n<tr style=\"height: 67px;\">\n<td style=\"width: 1.96937%; height: 67px;\"><span style=\"font-weight: 400;\">3<\/span><\/td>\n<td style=\"width: 53.6082%; height: 67px;\"><span style=\"font-weight: 400;\">Potenciar el comprom\u00eds professional docent a trav\u00e9s de la formaci\u00f3 i l&#8217;intercanvi de coneixements desenvolupant la millora de la compet\u00e8ncia digital docent.<\/span><\/td>\n<td style=\"width: 3.49559%; height: 67px;\"><\/td>\n<td style=\"width: 3.60074%; height: 67px;\">\n<h3><span style=\"color: #008080;\"><strong>X<\/strong><\/span><\/h3>\n<\/td>\n<td style=\"width: 3.71485%; height: 67px;\">\n<h3><span style=\"color: #008080;\"><strong>X<\/strong><\/span><\/h3>\n<\/td>\n<td style=\"width: 3.57655%; height: 67px;\">\n<h3><span style=\"color: #008080;\"><strong>X<\/strong><\/span><\/h3>\n<\/td>\n<td style=\"width: 3.49016%; height: 67px;\">\n<h3><span style=\"color: #008080;\"><strong>X<\/strong><\/span><\/h3>\n<\/td>\n<td style=\"width: 3.64052%; height: 67px;\">\n<h3><span style=\"color: #008080;\"><strong>X<\/strong><\/span><\/h3>\n<\/td>\n<td style=\"width: 3.59768%; height: 67px;\">\n<h3><span style=\"color: #008080;\"><strong>X<\/strong><\/span><\/h3>\n<\/td>\n<td style=\"width: 3.42233%; height: 67px;\">\n<h3><span style=\"color: #008080;\"><strong>X<\/strong><\/span><\/h3>\n<\/td>\n<td style=\"width: 2.83171%; height: 67px;\">\n<h3><span style=\"color: #008080;\"><strong>X<\/strong><\/span><\/h3>\n<\/td>\n<td style=\"width: 2.8847%; height: 67px;\">\n<h3><span style=\"color: #008080;\"><strong>X<\/strong><\/span><\/h3>\n<\/td>\n<td style=\"width: 3.37722%; height: 67px;\">\n<h3><span style=\"color: #008080;\"><strong>X<\/strong><\/span><\/h3>\n<\/td>\n<td style=\"width: 3.20178%; height: 67px;\">\n<h3><span style=\"color: #008080;\"><strong>X<\/strong><\/span><\/h3>\n<\/td>\n<\/tr>\n<tr style=\"height: 67px;\">\n<td style=\"width: 1.96937%; height: 67px;\"><span style=\"font-weight: 400;\">4<\/span><\/td>\n<td style=\"width: 53.6082%; height: 67px;\"><span style=\"font-weight: 400;\">Mantenir i fidelitzar programes de digitalitzaci\u00f3 democr\u00e0tica i el seu ideari per garantir els drets dels infants.<\/span><\/td>\n<td style=\"width: 3.49559%; height: 67px;\"><\/td>\n<td style=\"width: 3.60074%; height: 67px;\"><\/td>\n<td style=\"width: 3.71485%; height: 67px;\">\n<h3><span style=\"color: #008080;\"><strong>X<\/strong><\/span><\/h3>\n<\/td>\n<td style=\"width: 3.57655%; height: 67px;\"><\/td>\n<td style=\"width: 3.49016%; height: 67px;\"><\/td>\n<td style=\"width: 3.64052%; height: 67px;\">\n<h3><span style=\"color: #008080;\"><strong>X<\/strong><\/span><\/h3>\n<\/td>\n<td style=\"width: 3.59768%; height: 67px;\"><\/td>\n<td style=\"width: 3.42233%; height: 67px;\"><\/td>\n<td style=\"width: 2.83171%; height: 67px;\">\n<h3><span style=\"color: #008080;\"><strong>X<\/strong><\/span><\/h3>\n<\/td>\n<td style=\"width: 2.8847%; height: 67px;\">\n<h3><span style=\"color: #008080;\"><strong>X<\/strong><\/span><\/h3>\n<\/td>\n<td style=\"width: 3.37722%; height: 67px;\">\n<h3><span style=\"color: #008080;\"><strong>X<\/strong><\/span><\/h3>\n<\/td>\n<td style=\"width: 3.20178%; height: 67px;\">\n<h3><span style=\"color: #008080;\"><strong>X<\/strong><\/span><\/h3>\n<\/td>\n<\/tr>\n<tr style=\"height: 67px;\">\n<td style=\"width: 1.96937%; height: 67px;\"><span style=\"font-weight: 400;\">5<\/span><\/td>\n<td style=\"width: 53.6082%; height: 67px;\"><span style=\"font-weight: 400;\">Concretar un pla de comunicaci\u00f3 per potenciar la implicaci\u00f3 de tota la comunitat educativa.<\/span><\/td>\n<td style=\"width: 3.49559%; height: 67px;\"><\/td>\n<td style=\"width: 3.60074%; height: 67px;\"><\/td>\n<td style=\"width: 3.71485%; height: 67px;\"><\/td>\n<td style=\"width: 3.57655%; height: 67px;\">\n<h3><span style=\"color: #008080;\"><b>X<\/b><\/span><\/h3>\n<\/td>\n<td style=\"width: 3.49016%; height: 67px;\">\n<h3><span style=\"color: #008080;\"><b>X<\/b><\/span><\/h3>\n<\/td>\n<td style=\"width: 3.64052%; height: 67px;\">\n<h3><span style=\"color: #008080;\"><b>X<\/b><\/span><\/h3>\n<\/td>\n<td style=\"width: 3.59768%; height: 67px;\"><\/td>\n<td style=\"width: 3.42233%; height: 67px;\"><\/td>\n<td style=\"width: 2.83171%; height: 67px;\">\n<h3><span style=\"color: #008080;\"><b>X<\/b><\/span><\/h3>\n<\/td>\n<td style=\"width: 2.8847%; height: 67px;\"><\/td>\n<td style=\"width: 3.37722%; height: 67px;\"><\/td>\n<td style=\"width: 3.20178%; height: 67px;\">\n<h3><span style=\"color: #008080;\"><b>X<\/b><\/span><\/h3>\n<\/td>\n<\/tr>\n<\/tbody>\n<\/table>\n<p style=\"text-align: left;\">\n","protected":false},"excerpt":{"rendered":"<p>Despr\u00e9s de realitzar la diagnosi, per poder concretar els objectius de l\u2019estrat\u00e8gia digital de centre (EDC), hem determinat la visi\u00f3 de l&#8217;escola en l\u2019\u00e0mbit digital, tenint en compte els objectius del PEC i del projecte de direcci\u00f3, sense perdre de vista els objectius del\u00a0 i tenir en compte els objectius del PEC i del projecte [&hellip;]<\/p>\n","protected":false},"author":1,"featured_media":0,"parent":5938,"menu_order":2,"comment_status":"closed","ping_status":"closed","template":"page-templates\/side-menu.php","meta":{"_bbp_topic_count":0,"_bbp_reply_count":0,"_bbp_total_topic_count":0,"_bbp_total_reply_count":0,"_bbp_voice_count":0,"_bbp_anonymous_reply_count":0,"_bbp_topic_count_hidden":0,"_bbp_reply_count_hidden":0,"_bbp_forum_subforum_count":0,"site-sidebar-layout":"default","site-content-layout":"","ast-site-content-layout":"","site-content-style":"default","site-sidebar-style":"default","ast-global-header-display":"","ast-banner-title-visibility":"","ast-main-header-display":"","ast-hfb-above-header-display":"","ast-hfb-below-header-display":"","ast-hfb-mobile-header-display":"","site-post-title":"","ast-breadcrumbs-content":"","ast-featured-img":"","footer-sml-layout":"","theme-transparent-header-meta":"","adv-header-id-meta":"","stick-header-meta":"","header-above-stick-meta":"","header-main-stick-meta":"","header-below-stick-meta":"","astra-migrate-meta-layouts":"default","ast-page-background-enabled":"default","ast-page-background-meta":{"desktop":{"background-color":"var(--ast-global-color-4)","background-image":"","background-repeat":"repeat","background-position":"center center","background-size":"auto","background-attachment":"scroll","background-type":"","background-media":"","overlay-type":"","overlay-color":"","overlay-opacity":"","overlay-gradient":""},"tablet":{"background-color":"","background-image":"","background-repeat":"repeat","background-position":"center center","background-size":"auto","background-attachment":"scroll","background-type":"","background-media":"","overlay-type":"","overlay-color":"","overlay-opacity":"","overlay-gradient":""},"mobile":{"background-color":"","background-image":"","background-repeat":"repeat","background-position":"center center","background-size":"auto","background-attachment":"scroll","background-type":"","background-media":"","overlay-type":"","overlay-color":"","overlay-opacity":"","overlay-gradient":""}},"ast-content-background-meta":{"desktop":{"background-color":"var(--ast-global-color-5)","background-image":"","background-repeat":"repeat","background-position":"center center","background-size":"auto","background-attachment":"scroll","background-type":"","background-media":"","overlay-type":"","overlay-color":"","overlay-opacity":"","overlay-gradient":""},"tablet":{"background-color":"var(--ast-global-color-5)","background-image":"","background-repeat":"repeat","background-position":"center center","background-size":"auto","background-attachment":"scroll","background-type":"","background-media":"","overlay-type":"","overlay-color":"","overlay-opacity":"","overlay-gradient":""},"mobile":{"background-color":"var(--ast-global-color-5)","background-image":"","background-repeat":"repeat","background-position":"center center","background-size":"auto","background-attachment":"scroll","background-type":"","background-media":"","overlay-type":"","overlay-color":"","overlay-opacity":"","overlay-gradient":""}},"footnotes":""},"class_list":["post-5865","page","type-page","status-publish","hentry"],"post_mailing_queue_ids":[],"_links":{"self":[{"href":"https:\/\/agora.xtec.cat\/ceipmontseny-barcelona\/wp-json\/wp\/v2\/pages\/5865","targetHints":{"allow":["GET"]}}],"collection":[{"href":"https:\/\/agora.xtec.cat\/ceipmontseny-barcelona\/wp-json\/wp\/v2\/pages"}],"about":[{"href":"https:\/\/agora.xtec.cat\/ceipmontseny-barcelona\/wp-json\/wp\/v2\/types\/page"}],"author":[{"embeddable":true,"href":"https:\/\/agora.xtec.cat\/ceipmontseny-barcelona\/wp-json\/wp\/v2\/users\/1"}],"replies":[{"embeddable":true,"href":"https:\/\/agora.xtec.cat\/ceipmontseny-barcelona\/wp-json\/wp\/v2\/comments?post=5865"}],"version-history":[{"count":4,"href":"https:\/\/agora.xtec.cat\/ceipmontseny-barcelona\/wp-json\/wp\/v2\/pages\/5865\/revisions"}],"predecessor-version":[{"id":6693,"href":"https:\/\/agora.xtec.cat\/ceipmontseny-barcelona\/wp-json\/wp\/v2\/pages\/5865\/revisions\/6693"}],"up":[{"embeddable":true,"href":"https:\/\/agora.xtec.cat\/ceipmontseny-barcelona\/wp-json\/wp\/v2\/pages\/5938"}],"wp:attachment":[{"href":"https:\/\/agora.xtec.cat\/ceipmontseny-barcelona\/wp-json\/wp\/v2\/media?parent=5865"}],"curies":[{"name":"wp","href":"https:\/\/api.w.org\/{rel}","templated":true}]}}