{"id":552,"date":"2017-11-18T17:00:50","date_gmt":"2017-11-18T16:00:50","guid":{"rendered":"http:\/\/agora.xtec.cat\/ceipmontseny-barcelona\/?page_id=552"},"modified":"2024-01-18T15:11:04","modified_gmt":"2024-01-18T14:11:04","slug":"trets-didentitat","status":"publish","type":"page","link":"https:\/\/agora.xtec.cat\/ceipmontseny-barcelona\/informacio-general\/trets-didentitat\/","title":{"rendered":"Trets d&#8217;identitat"},"content":{"rendered":"<div style=\"text-align: justify;\"><\/div>\n<p style=\"text-align: justify;\">El nostre tret d&#8217;identitat m\u00e9s evident \u00e9s el fet de ser una escola de natura, situada en un entorn privilegiat, al costat del Parc G\u00fcell i amb acc\u00e9s preferent al Bosc de Turull, gr\u00e0cies a la nostra alian\u00e7a amb la Societat Catalana d&#8217;Educaci\u00f3 Ambiental. En aquest entorn, els nostres alumnes aprenen a estimar i respectar la terra, i a cuidar el medi ambient.<\/p>\n<p style=\"text-align: justify;\">Un altre tret molt definitori \u00e9s voler preparar el nostre alumnat pels r\u00e0pids canvis del entorn. En un m\u00f3n cada cop m\u00e9s tecnificat, on les m\u00e0quines cada cop substitueixen m\u00e9s persones a la feina, hem de potenciar aquelles habilitats que ens fan m\u00e9s humans: empatia, creativitat, pensament lateral, intel\u00b7lig\u00e8ncies m\u00faltiples, treball en equip, resoluci\u00f3 de problemes&#8230;<\/p>\n<p style=\"text-align: justify;\">Som tamb\u00e9 una escola que vol estar oberta al barri i a l&#8217;entorn, col\u00b7laborant amb m\u00faltiples entitats del districte i del barri i realitzant activitats que ajudin a enfortir el seu teixit social i a crear lligams entre els nostres alumnes i l&#8217;entorn.<\/p>\n<p>Per aix\u00f2 els seg\u00fcents trets ens identifiquen:<\/p>\n<p>&#8211; Acollim totes les fam\u00edlies i infants respectant la cultura, la llengua, les\u00a0 peculiaritats i singularitats tot apreciant la diversitat.<\/p>\n<p>&#8211; Afavorim els valors del respecte, companyonia, cooperaci\u00f3, solidaritat,\u00a0estimaci\u00f3, di\u00e0leg, esfor\u00e7 i perseveran\u00e7a.<\/p>\n<p>&#8211; Fomentem l&#8217;\u00fas del llenguatge pel desenvolupament de tot l&#8217;alumnat.<\/p>\n<p>&#8211; Potenciem i confiem en les capacitats dels infant perqu\u00e8 aquests esdevinguin protagonistes dels seus aprenentatges.<\/p>\n<p>&#8211; Constru\u00efm aprenentatges a trav\u00e9s de la formulaci\u00f3 d&#8217;hip\u00f2tesis, observaci\u00f3, experimentaci\u00f3, deducci\u00f3 i comprovaci\u00f3 d&#8217;aquests.<\/p>\n<p>&#8211; Fomentem la participaci\u00f3 de les fam\u00edlies com a element clau de l&#8217;educaci\u00f3 dels\u00a0infants.<\/p>\n<p>&#8211; Potenciem el desenvolupament f\u00edsic, emocional, social i cognitiu dels infants interaccionant\u00a0amb la natura.<\/p>\n<p>&#8211; Establim relacions harmonioses amb la natura que condueixen a estimar-la, guarir-la i millorar-la.<\/p>\n<p>&#8211; Cultivem l&#8217;estima i la coneixen\u00e7a de la llengua i la cultura catalana.<\/p>\n<p>&#8211; Potenciem i integrem l&#8217;\u00fas de la tecnologia i la digitalitzaci\u00f3 a l&#8217;aula.<\/p>\n<div><\/div>\n<div><\/div>\n","protected":false},"excerpt":{"rendered":"<p>El nostre tret d&#8217;identitat m\u00e9s evident \u00e9s el fet de ser una escola de natura, situada en un entorn privilegiat, al costat del Parc G\u00fcell i amb acc\u00e9s preferent al Bosc de Turull, gr\u00e0cies a la nostra alian\u00e7a amb la Societat Catalana d&#8217;Educaci\u00f3 Ambiental. En&hellip;  <a href=\"https:\/\/agora.xtec.cat\/ceipmontseny-barcelona\/informacio-general\/trets-didentitat\/\" title=\"Read Trets d&#8217;identitat\">Llegeix m\u00e9s\u00bb<\/a><\/p>\n","protected":false},"author":1,"featured_media":0,"parent":6005,"menu_order":2,"comment_status":"closed","ping_status":"closed","template":"page-templates\/side-menu.php","meta":{"_bbp_topic_count":0,"_bbp_reply_count":0,"_bbp_total_topic_count":0,"_bbp_total_reply_count":0,"_bbp_voice_count":0,"_bbp_anonymous_reply_count":0,"_bbp_topic_count_hidden":0,"_bbp_reply_count_hidden":0,"_bbp_forum_subforum_count":0,"footnotes":""},"class_list":["post-552","page","type-page","status-publish","hentry"],"post_mailing_queue_ids":[],"_links":{"self":[{"href":"https:\/\/agora.xtec.cat\/ceipmontseny-barcelona\/wp-json\/wp\/v2\/pages\/552","targetHints":{"allow":["GET"]}}],"collection":[{"href":"https:\/\/agora.xtec.cat\/ceipmontseny-barcelona\/wp-json\/wp\/v2\/pages"}],"about":[{"href":"https:\/\/agora.xtec.cat\/ceipmontseny-barcelona\/wp-json\/wp\/v2\/types\/page"}],"author":[{"embeddable":true,"href":"https:\/\/agora.xtec.cat\/ceipmontseny-barcelona\/wp-json\/wp\/v2\/users\/1"}],"replies":[{"embeddable":true,"href":"https:\/\/agora.xtec.cat\/ceipmontseny-barcelona\/wp-json\/wp\/v2\/comments?post=552"}],"version-history":[{"count":5,"href":"https:\/\/agora.xtec.cat\/ceipmontseny-barcelona\/wp-json\/wp\/v2\/pages\/552\/revisions"}],"predecessor-version":[{"id":6417,"href":"https:\/\/agora.xtec.cat\/ceipmontseny-barcelona\/wp-json\/wp\/v2\/pages\/552\/revisions\/6417"}],"up":[{"embeddable":true,"href":"https:\/\/agora.xtec.cat\/ceipmontseny-barcelona\/wp-json\/wp\/v2\/pages\/6005"}],"wp:attachment":[{"href":"https:\/\/agora.xtec.cat\/ceipmontseny-barcelona\/wp-json\/wp\/v2\/media?parent=552"}],"curies":[{"name":"wp","href":"https:\/\/api.w.org\/{rel}","templated":true}]}}