{"id":493,"date":"2017-11-16T18:14:44","date_gmt":"2017-11-16T17:14:44","guid":{"rendered":"http:\/\/agora.xtec.cat\/ceipmontseny-barcelona\/?page_id=493"},"modified":"2024-01-18T14:02:40","modified_gmt":"2024-01-18T13:02:40","slug":"informacio","status":"publish","type":"page","link":"https:\/\/agora.xtec.cat\/ceipmontseny-barcelona\/informacio\/","title":{"rendered":"Fam\u00edlies"},"content":{"rendered":"<p>Als enlla\u00e7os que trobareu a continuaci\u00f3 trobareu informaci\u00f3 d&#8217;utilitat:<\/p>\n<blockquote class=\"wp-embedded-content\" data-secret=\"IlumpNbhtf\"><p><a href=\"https:\/\/agora.xtec.cat\/ceipmontseny-barcelona\/informacio\/dossier-informatiu\/\">Dossier informatiu per fam\u00edlies<\/a><\/p><\/blockquote>\n<p><iframe loading=\"lazy\" class=\"wp-embedded-content\" sandbox=\"allow-scripts\" security=\"restricted\" style=\"position: absolute; clip: rect(1px, 1px, 1px, 1px);\" title=\"&#8220;Dossier informatiu per fam\u00edlies&#8221; &#8212; Escola Montseny\" src=\"https:\/\/agora.xtec.cat\/ceipmontseny-barcelona\/informacio\/dossier-informatiu\/embed\/#?secret=RVqEzBmpfA#?secret=IlumpNbhtf\" data-secret=\"IlumpNbhtf\" width=\"500\" height=\"282\" frameborder=\"0\" marginwidth=\"0\" marginheight=\"0\" scrolling=\"no\"><\/iframe><\/p>\n<blockquote class=\"wp-embedded-content\" data-secret=\"xR0HZKT168\"><p><a href=\"https:\/\/agora.xtec.cat\/ceipmontseny-barcelona\/informacio\/pagament-curs-escolar\/\">Pagament curs escolar<\/a><\/p><\/blockquote>\n<p><iframe loading=\"lazy\" class=\"wp-embedded-content\" sandbox=\"allow-scripts\" security=\"restricted\" style=\"position: absolute; clip: rect(1px, 1px, 1px, 1px);\" title=\"&#8220;Pagament curs escolar&#8221; &#8212; Escola Montseny\" src=\"https:\/\/agora.xtec.cat\/ceipmontseny-barcelona\/informacio\/pagament-curs-escolar\/embed\/#?secret=Lwqttj6WBa#?secret=xR0HZKT168\" data-secret=\"xR0HZKT168\" width=\"500\" height=\"282\" frameborder=\"0\" marginwidth=\"0\" marginheight=\"0\" scrolling=\"no\"><\/iframe><\/p>\n<blockquote class=\"wp-embedded-content\" data-secret=\"s2s0QNuZya\"><p><a href=\"https:\/\/agora.xtec.cat\/ceipmontseny-barcelona\/informacio\/calendari-del-curs\/\">Calendari del curs<\/a><\/p><\/blockquote>\n<p><iframe loading=\"lazy\" class=\"wp-embedded-content\" sandbox=\"allow-scripts\" security=\"restricted\" style=\"position: absolute; clip: rect(1px, 1px, 1px, 1px);\" title=\"&#8220;Calendari del curs&#8221; &#8212; Escola Montseny\" src=\"https:\/\/agora.xtec.cat\/ceipmontseny-barcelona\/informacio\/calendari-del-curs\/embed\/#?secret=cG16MDJrP4#?secret=s2s0QNuZya\" data-secret=\"s2s0QNuZya\" width=\"500\" height=\"282\" frameborder=\"0\" marginwidth=\"0\" marginheight=\"0\" scrolling=\"no\"><\/iframe><\/p>\n<blockquote class=\"wp-embedded-content\" data-secret=\"fPa11BVFrx\"><p><a href=\"https:\/\/agora.xtec.cat\/ceipmontseny-barcelona\/informacio\/oferta-educativa\/\">Llibres de text 23-24<\/a><\/p><\/blockquote>\n<p><iframe loading=\"lazy\" class=\"wp-embedded-content\" sandbox=\"allow-scripts\" security=\"restricted\" style=\"position: absolute; clip: rect(1px, 1px, 1px, 1px);\" title=\"&#8220;Llibres de text 23-24&#8221; &#8212; Escola Montseny\" src=\"https:\/\/agora.xtec.cat\/ceipmontseny-barcelona\/informacio\/oferta-educativa\/embed\/#?secret=W22nPlIuXA#?secret=fPa11BVFrx\" data-secret=\"fPa11BVFrx\" width=\"500\" height=\"282\" frameborder=\"0\" marginwidth=\"0\" marginheight=\"0\" scrolling=\"no\"><\/iframe><\/p>\n<blockquote class=\"wp-embedded-content\" data-secret=\"UdYCsjRDvr\"><p><a href=\"https:\/\/agora.xtec.cat\/ceipmontseny-barcelona\/informacio\/material-escolar\/\">Material escolar<\/a><\/p><\/blockquote>\n<p><iframe loading=\"lazy\" class=\"wp-embedded-content\" sandbox=\"allow-scripts\" security=\"restricted\" style=\"position: absolute; clip: rect(1px, 1px, 1px, 1px);\" title=\"&#8220;Material escolar&#8221; &#8212; Escola Montseny\" src=\"https:\/\/agora.xtec.cat\/ceipmontseny-barcelona\/informacio\/material-escolar\/embed\/#?secret=SycIRPQjeM#?secret=UdYCsjRDvr\" data-secret=\"UdYCsjRDvr\" width=\"500\" height=\"282\" frameborder=\"0\" marginwidth=\"0\" marginheight=\"0\" scrolling=\"no\"><\/iframe><\/p>\n<blockquote class=\"wp-embedded-content\" data-secret=\"xYqAz7M45K\"><p><a href=\"https:\/\/agora.xtec.cat\/ceipmontseny-barcelona\/informacio\/salut\/\">Autoritzaci\u00f3 m\u00e8dica<\/a><\/p><\/blockquote>\n<p><iframe loading=\"lazy\" class=\"wp-embedded-content\" sandbox=\"allow-scripts\" security=\"restricted\" style=\"position: absolute; clip: rect(1px, 1px, 1px, 1px);\" title=\"&#8220;Autoritzaci\u00f3 m\u00e8dica&#8221; &#8212; Escola Montseny\" src=\"https:\/\/agora.xtec.cat\/ceipmontseny-barcelona\/informacio\/salut\/embed\/#?secret=518Wlen2hU#?secret=xYqAz7M45K\" data-secret=\"xYqAz7M45K\" width=\"500\" height=\"282\" frameborder=\"0\" marginwidth=\"0\" marginheight=\"0\" scrolling=\"no\"><\/iframe><\/p>\n<p>https:\/\/agora.xtec.cat\/ceipmontseny-barcelona\/serveis\/<\/p>\n<p>&nbsp;<\/p>\n<p>&nbsp;<\/p>\n","protected":false},"excerpt":{"rendered":"<p>Als enlla\u00e7os que trobareu a continuaci\u00f3 trobareu informaci\u00f3 d&#8217;utilitat:<br \/>\n<a href=\"https:\/\/agora.xtec.cat\/ceipmontseny-barcelona\/informacio\/dossier-informatiu\/\">Dossier informatiu per fam\u00edlies<\/a><\/p>\n<p><a href=\"https:\/\/agora.xtec.cat\/ceipmontseny-barcelona\/informacio\/pagament-curs-escolar\/\">Pagament curs escolar<\/a><\/p>\n<p><a href=\"https:\/\/agora.xtec.cat\/ceipmontseny-barcelona\/informacio\/calendari-del-curs\/\">Calendari del curs<\/a><\/p>\n<p><a href=\"https:\/\/agora.xtec.cat\/ceipmontseny-barcelona\/informacio\/oferta-educativa\/\">Llibres de text 23-24<\/a><\/p>\n<p><a href=\"https:\/\/agora.xtec.cat\/ceipmontseny-barcelona\/informacio\/material-escolar\/\">Material escolar<\/a><\/p>\n<p><a href=\"https:\/\/agora.xtec.cat\/ceipmontseny-barcelona\/informacio\/salut\/\">Autoritzaci\u00f3 m\u00e8dica<\/a><\/p>\n<p>https:\/\/agora.xtec.cat\/ceipmontseny-barcelona\/serveis\/<br \/>\n&nbsp;<br \/>\n&nbsp;<\/p>\n","protected":false},"author":1,"featured_media":0,"parent":0,"menu_order":0,"comment_status":"closed","ping_status":"closed","template":"page-templates\/side-menu.php","meta":{"_bbp_topic_count":0,"_bbp_reply_count":0,"_bbp_total_topic_count":0,"_bbp_total_reply_count":0,"_bbp_voice_count":0,"_bbp_anonymous_reply_count":0,"_bbp_topic_count_hidden":0,"_bbp_reply_count_hidden":0,"_bbp_forum_subforum_count":0,"footnotes":""},"class_list":["post-493","page","type-page","status-publish","hentry"],"post_mailing_queue_ids":[],"_links":{"self":[{"href":"https:\/\/agora.xtec.cat\/ceipmontseny-barcelona\/wp-json\/wp\/v2\/pages\/493","targetHints":{"allow":["GET"]}}],"collection":[{"href":"https:\/\/agora.xtec.cat\/ceipmontseny-barcelona\/wp-json\/wp\/v2\/pages"}],"about":[{"href":"https:\/\/agora.xtec.cat\/ceipmontseny-barcelona\/wp-json\/wp\/v2\/types\/page"}],"author":[{"embeddable":true,"href":"https:\/\/agora.xtec.cat\/ceipmontseny-barcelona\/wp-json\/wp\/v2\/users\/1"}],"replies":[{"embeddable":true,"href":"https:\/\/agora.xtec.cat\/ceipmontseny-barcelona\/wp-json\/wp\/v2\/comments?post=493"}],"version-history":[{"count":6,"href":"https:\/\/agora.xtec.cat\/ceipmontseny-barcelona\/wp-json\/wp\/v2\/pages\/493\/revisions"}],"predecessor-version":[{"id":7053,"href":"https:\/\/agora.xtec.cat\/ceipmontseny-barcelona\/wp-json\/wp\/v2\/pages\/493\/revisions\/7053"}],"wp:attachment":[{"href":"https:\/\/agora.xtec.cat\/ceipmontseny-barcelona\/wp-json\/wp\/v2\/media?parent=493"}],"curies":[{"name":"wp","href":"https:\/\/api.w.org\/{rel}","templated":true}]}}