{"id":4857,"date":"2021-06-30T12:55:45","date_gmt":"2021-06-30T10:55:45","guid":{"rendered":"http:\/\/agora.xtec.cat\/ceipmontseny-barcelona\/?page_id=4857"},"modified":"2024-01-18T15:21:50","modified_gmt":"2024-01-18T14:21:50","slug":"projecte-natura","status":"publish","type":"page","link":"https:\/\/agora.xtec.cat\/ceipmontseny-barcelona\/projecte-educatiu\/projecte-natura\/","title":{"rendered":"Projecte Natura"},"content":{"rendered":"<p>Al seg\u00fcent enlla\u00e7 podeu trobar la versi\u00f3 en PDF del<a href=\"https:\/\/agora.xtec.cat\/ceipmontseny-barcelona\/wp-content\/uploads\/usu1707\/2021\/06\/Projecte-Natura.pdf\"> Projecte Natura<\/a>.<\/p>\n<p style=\"text-align: justify;\">Les escoles que tenim el privilegi d\u2019estar situades en un entorn com el nostre, amb el Bosc de Turull a tocar i la zona boscosa del Park G\u00fcell nom\u00e9s sortir per la porta del darrere, tenim la possibilitat d\u2019oferir al nostre alumnat una viv\u00e8ncia \u00fanica que faci la Natura present al seu dia a dia i part essencial del seu proc\u00e9s d\u2019ensenyament-aprenentatge. Com a claustre, entomem el repte i per aix\u00f2 hem elaborat el present Projecte Natura.<\/p>\n<p><iframe loading=\"lazy\" src=\"https:\/\/agora.xtec.cat\/ceipmontseny-barcelona\/wp-content\/uploads\/usu1707\/2021\/06\/Projecte-Natura.pdf\" width=\"800\" height=\"700\"><span data-mce-type=\"bookmark\" style=\"display: inline-block; width: 0px; overflow: hidden; line-height: 0;\" class=\"mce_SELRES_start\">\ufeff<\/span><\/iframe><\/p>\n","protected":false},"excerpt":{"rendered":"<p>Al seg\u00fcent enlla\u00e7 podeu trobar la versi\u00f3 en PDF del<a href=\"https:\/\/agora.xtec.cat\/ceipmontseny-barcelona\/wp-content\/uploads\/usu1707\/2021\/06\/Projecte-Natura.pdf\"> Projecte Natura<\/a>.<br \/>\nLes escoles que tenim el privilegi d\u2019estar situades en un entorn com el nostre, amb el Bosc de Turull a tocar i la zona boscosa del Park G\u00fcell nom\u00e9s sortir per la porta&hellip;  <a href=\"https:\/\/agora.xtec.cat\/ceipmontseny-barcelona\/projecte-educatiu\/projecte-natura\/\" title=\"Read Projecte Natura\">Llegeix m\u00e9s\u00bb<\/a><\/p>\n","protected":false},"author":1,"featured_media":0,"parent":64,"menu_order":1,"comment_status":"closed","ping_status":"closed","template":"page-templates\/side-menu.php","meta":{"_bbp_topic_count":0,"_bbp_reply_count":0,"_bbp_total_topic_count":0,"_bbp_total_reply_count":0,"_bbp_voice_count":0,"_bbp_anonymous_reply_count":0,"_bbp_topic_count_hidden":0,"_bbp_reply_count_hidden":0,"_bbp_forum_subforum_count":0,"footnotes":""},"class_list":["post-4857","page","type-page","status-publish","hentry"],"post_mailing_queue_ids":[],"_links":{"self":[{"href":"https:\/\/agora.xtec.cat\/ceipmontseny-barcelona\/wp-json\/wp\/v2\/pages\/4857","targetHints":{"allow":["GET"]}}],"collection":[{"href":"https:\/\/agora.xtec.cat\/ceipmontseny-barcelona\/wp-json\/wp\/v2\/pages"}],"about":[{"href":"https:\/\/agora.xtec.cat\/ceipmontseny-barcelona\/wp-json\/wp\/v2\/types\/page"}],"author":[{"embeddable":true,"href":"https:\/\/agora.xtec.cat\/ceipmontseny-barcelona\/wp-json\/wp\/v2\/users\/1"}],"replies":[{"embeddable":true,"href":"https:\/\/agora.xtec.cat\/ceipmontseny-barcelona\/wp-json\/wp\/v2\/comments?post=4857"}],"version-history":[{"count":6,"href":"https:\/\/agora.xtec.cat\/ceipmontseny-barcelona\/wp-json\/wp\/v2\/pages\/4857\/revisions"}],"predecessor-version":[{"id":7060,"href":"https:\/\/agora.xtec.cat\/ceipmontseny-barcelona\/wp-json\/wp\/v2\/pages\/4857\/revisions\/7060"}],"up":[{"embeddable":true,"href":"https:\/\/agora.xtec.cat\/ceipmontseny-barcelona\/wp-json\/wp\/v2\/pages\/64"}],"wp:attachment":[{"href":"https:\/\/agora.xtec.cat\/ceipmontseny-barcelona\/wp-json\/wp\/v2\/media?parent=4857"}],"curies":[{"name":"wp","href":"https:\/\/api.w.org\/{rel}","templated":true}]}}