{"id":34,"date":"2014-09-18T12:32:18","date_gmt":"2014-09-18T11:32:18","guid":{"rendered":"http:\/\/agora.xtec.cat\/ceipmontseny-barcelona\/?page_id=34"},"modified":"2025-07-01T10:08:49","modified_gmt":"2025-07-01T08:08:49","slug":"oferta-educativa","status":"publish","type":"page","link":"https:\/\/agora.xtec.cat\/ceipmontseny-barcelona\/informacio\/oferta-educativa\/","title":{"rendered":"Llibres de text 25-26"},"content":{"rendered":"<p style=\"text-align: left;\"><span style=\"font-weight: 400;\">Benvolgudes fam\u00edlies a<\/span>l seg\u00fcent enlla\u00e7 trobareu la graella dels llibres pel curs 25-26<\/p>\n<p style=\"text-align: left;\"><a href=\"https:\/\/agora.xtec.cat\/ceipmontseny-barcelona\/wp-content\/uploads\/usu1707\/2025\/07\/LLIBRES-CURS-2025-2026.docx.pdf\">LLIBRES CURS 2025-2026.docx<\/a><\/p>\n<p><span style=\"font-weight: 400;\">Podeu comprar els llibres al <\/span><a href=\"https:\/\/www.abacus.coop\/ca\/llibres-de-text?srsltid=AfmBOoquwMm5AiTnI7ruBe4umwyjae1i0kFBcszwHeM63zwcdR6gdN06\"><b>web de l\u2019Abacus<\/b><\/a><span style=\"font-weight: 400;\">, a partir del <\/span><b>30 de juny.<\/b><span style=\"font-weight: 400;\"> All\u00e0 trobareu un apartat de llibres de text, on haureu de seleccionar el nom de la nostra escola i el curs i us sortir\u00e0 el pack per comprar. Un cop comprats online els podreu recollir a la botiga que vosaltres escolliu en 2-3 dies. Pel qu\u00e8 fa al val escolar,\u00a0 tindreu l\u2019opci\u00f3 de bescanviar-lo, si ho desitgeu,\u00a0 a la botiga f\u00edsica o al web. En aquest <\/span><a href=\"https:\/\/docs.google.com\/document\/d\/1ggl-keElMr1Ye5WEwtyGok70R0ufBGDjLCJBeeQMOKs\/edit?tab=t.0\"><span style=\"font-weight: 400;\">enlla\u00e7 <\/span><\/a><span style=\"font-weight: 400;\">trobareu m\u00e9s informaci\u00f3 sobre com fer les comandes. En cas de que no tingueu la possibilitat de fer la reserva al web, podeu adre\u00e7ar-vos al Servei d\u2019Atenci\u00f3 al Client.\u00a0<\/span><\/p>\n","protected":false},"excerpt":{"rendered":"<p>Benvolgudes fam\u00edlies al seg\u00fcent enlla\u00e7 trobareu la graella dels llibres pel curs 25-26<br \/>\n<a href=\"https:\/\/agora.xtec.cat\/ceipmontseny-barcelona\/wp-content\/uploads\/usu1707\/2025\/07\/LLIBRES-CURS-2025-2026.docx.pdf\">LLIBRES CURS 2025-2026.docx<\/a><br \/>\nPodeu comprar els llibres al <a href=\"https:\/\/www.abacus.coop\/ca\/llibres-de-text?srsltid=AfmBOoquwMm5AiTnI7ruBe4umwyjae1i0kFBcszwHeM63zwcdR6gdN06\">web de l\u2019Abacus<\/a>, a partir del 30 de juny. All\u00e0 trobareu un apartat de llibres de text, on haureu de seleccionar el nom de&hellip;  <a href=\"https:\/\/agora.xtec.cat\/ceipmontseny-barcelona\/informacio\/oferta-educativa\/\" title=\"Read Llibres de text 25-26\">Llegeix m\u00e9s\u00bb<\/a><\/p>\n","protected":false},"author":1,"featured_media":0,"parent":493,"menu_order":4,"comment_status":"closed","ping_status":"closed","template":"page-templates\/side-menu.php","meta":{"_bbp_topic_count":0,"_bbp_reply_count":0,"_bbp_total_topic_count":0,"_bbp_total_reply_count":0,"_bbp_voice_count":0,"_bbp_anonymous_reply_count":0,"_bbp_topic_count_hidden":0,"_bbp_reply_count_hidden":0,"_bbp_forum_subforum_count":0,"footnotes":""},"class_list":["post-34","page","type-page","status-publish","hentry"],"post_mailing_queue_ids":[],"_links":{"self":[{"href":"https:\/\/agora.xtec.cat\/ceipmontseny-barcelona\/wp-json\/wp\/v2\/pages\/34","targetHints":{"allow":["GET"]}}],"collection":[{"href":"https:\/\/agora.xtec.cat\/ceipmontseny-barcelona\/wp-json\/wp\/v2\/pages"}],"about":[{"href":"https:\/\/agora.xtec.cat\/ceipmontseny-barcelona\/wp-json\/wp\/v2\/types\/page"}],"author":[{"embeddable":true,"href":"https:\/\/agora.xtec.cat\/ceipmontseny-barcelona\/wp-json\/wp\/v2\/users\/1"}],"replies":[{"embeddable":true,"href":"https:\/\/agora.xtec.cat\/ceipmontseny-barcelona\/wp-json\/wp\/v2\/comments?post=34"}],"version-history":[{"count":7,"href":"https:\/\/agora.xtec.cat\/ceipmontseny-barcelona\/wp-json\/wp\/v2\/pages\/34\/revisions"}],"predecessor-version":[{"id":8364,"href":"https:\/\/agora.xtec.cat\/ceipmontseny-barcelona\/wp-json\/wp\/v2\/pages\/34\/revisions\/8364"}],"up":[{"embeddable":true,"href":"https:\/\/agora.xtec.cat\/ceipmontseny-barcelona\/wp-json\/wp\/v2\/pages\/493"}],"wp:attachment":[{"href":"https:\/\/agora.xtec.cat\/ceipmontseny-barcelona\/wp-json\/wp\/v2\/media?parent=34"}],"curies":[{"name":"wp","href":"https:\/\/api.w.org\/{rel}","templated":true}]}}