{"id":545,"date":"2019-06-04T11:37:05","date_gmt":"2019-06-04T09:37:05","guid":{"rendered":"http:\/\/agora.xtec.cat\/ceipmontoliu\/?page_id=545"},"modified":"2026-03-11T21:22:13","modified_gmt":"2026-03-11T20:22:13","slug":"equip-docent","status":"publish","type":"page","link":"https:\/\/agora.xtec.cat\/ceipmontoliu\/lescola\/equip-docent\/","title":{"rendered":"Equip docent"},"content":{"rendered":"<h3><strong>CURS 2025-2026<\/strong><\/h3>\n<p class=\"font_8\"><span class=\"color_15\">Professorat i responsabilitats:<\/span><\/p>\n<table style=\"width: 42.9297%; border-collapse: collapse; border-color: #000000; border-style: double;\">\n<tbody>\n<tr>\n<td style=\"width: 13.3446%;\"><strong>EQUIP DIRECTIU<\/strong><\/td>\n<td style=\"width: 37.3806%;\">PERFILS PROFESSIONALS<\/td>\n<\/tr>\n<tr>\n<td style=\"width: 13.3446%;\">Director<\/td>\n<td style=\"width: 37.3806%;\"><span style=\"color: #000000;\"><a style=\"color: #000000;\" href=\"https:\/\/drive.google.com\/file\/d\/1d58fmmcEQwop9gpjHPGpUpU37hq7bp2S\/view?usp=sharing\">Ra\u00fcl Flores<\/a><\/span><\/td>\n<\/tr>\n<tr>\n<td style=\"width: 13.3446%;\">Cap d&#8217;Estudis<\/td>\n<td style=\"width: 37.3806%;\"><span style=\"color: #000000;\">Iris Peig<\/span><\/td>\n<\/tr>\n<tr>\n<td style=\"width: 13.3446%;\">Secret\u00e0ria<\/td>\n<td style=\"width: 37.3806%;\"><span style=\"color: #000000;\"><a style=\"color: #000000;\" href=\"https:\/\/drive.google.com\/file\/d\/11mbs2kLkY010dPiTEvQd5fzq-bPQrKCW\/view?usp=sharing\">Cristina Angl\u00e8s<\/a><\/span><\/td>\n<\/tr>\n<\/tbody>\n<\/table>\n<table style=\"width: 79.7311%; height: 351px;\">\n<tbody>\n<tr>\n<td colspan=\"2\" width=\"588\"><strong>TUTORIES<\/strong><\/td>\n<\/tr>\n<tr>\n<td>i1\/i2<\/td>\n<td>Gl\u00f2ria Falc\u00f3 \/ Ariadna Pocurull i Gemma Luri<\/td>\n<\/tr>\n<tr>\n<td width=\"213\">i3<\/td>\n<td width=\"375\">Noelia G\u00f3mez \/ Maria Cornad\u00f3<\/td>\n<\/tr>\n<tr>\n<td width=\"213\">i4<\/td>\n<td width=\"375\"><span style=\"background-color: #ffffff;\">Alba Estrem<\/span><\/td>\n<\/tr>\n<tr>\n<td width=\"213\">i5<\/td>\n<td width=\"375\"><span style=\"background-color: #ffffff;\">Laia Garcia<\/span><\/td>\n<\/tr>\n<tr>\n<td width=\"213\">Primer<\/td>\n<td width=\"375\">Ariadna Puig<\/td>\n<\/tr>\n<tr>\n<td width=\"213\">Segon<\/td>\n<td width=\"375\"><span style=\"background-color: #ffffff;\">Laura Aguilar<\/span><\/td>\n<\/tr>\n<tr>\n<td width=\"213\">Tercer<\/td>\n<td width=\"375\">Ariadna Mena<\/td>\n<\/tr>\n<tr>\n<td width=\"213\">Quart<\/td>\n<td width=\"375\">Zoe Garc\u00eda<\/td>\n<\/tr>\n<tr>\n<td width=\"213\">Cinqu\u00e8<\/td>\n<td width=\"375\">Francisca Vidal<\/td>\n<\/tr>\n<tr>\n<td width=\"213\">Sis\u00e8<\/td>\n<td width=\"375\">Jordina Teixid\u00f3<\/td>\n<\/tr>\n<\/tbody>\n<\/table>\n<table>\n<tbody>\n<tr>\n<td colspan=\"2\" width=\"635\"><strong>ESPECIALISTES<\/strong><\/td>\n<\/tr>\n<tr>\n<td width=\"213\">Educaci\u00f3 especial<\/td>\n<td width=\"423\">M. Carmen Morato<\/td>\n<\/tr>\n<tr>\n<td width=\"213\">Educaci\u00f3 F\u00edsica<\/td>\n<td width=\"423\">Zoe Garc\u00eda i Ariadna Puig<\/td>\n<\/tr>\n<tr>\n<td width=\"213\">Educaci\u00f3 Art\u00edstica<\/td>\n<td width=\"423\">Ra\u00fcl Flores i Montse Roda<\/td>\n<\/tr>\n<tr>\n<td width=\"213\">Angl\u00e8s<\/td>\n<td width=\"423\">Laura Aguilar i Ariadna Mena<\/td>\n<\/tr>\n<tr>\n<td width=\"213\">Religi\u00f3 i Valors<\/td>\n<td width=\"423\">Carlos Alejandro<\/td>\n<\/tr>\n<tr>\n<td width=\"213\">Refor\u00e7 Educaci\u00f3 Infantil<\/td>\n<td width=\"423\">Montse Roda<\/td>\n<\/tr>\n<\/tbody>\n<\/table>\n<table style=\"border-collapse: collapse; width: 53.4799%;\">\n<tbody>\n<tr>\n<td style=\"width: 53.4799%;\" colspan=\"2\"><strong><span class=\"color_15\"><span style=\"font-family: inherit; font-size: 1em;\">COORDINACIONS<\/span><\/span><\/strong><span class=\"color_15\"><br \/>\n<\/span><\/td>\n<\/tr>\n<tr>\n<td style=\"width: 34.207%;\"><span class=\"color_15\">Educaci\u00f3 Infantil <\/span><\/td>\n<td style=\"width: 19.2729%;\">Noelia G\u00f3mez<\/td>\n<\/tr>\n<tr>\n<td style=\"width: 34.207%;\"><span class=\"color_15\">Educaci\u00f3 Prim\u00e0ria<\/span><\/td>\n<td style=\"width: 19.2729%;\"><span class=\"color_15\">Zoe Garc\u00eda<\/span><\/td>\n<\/tr>\n<tr>\n<td style=\"width: 34.207%;\"><span class=\"color_15\">TIC<\/span><\/td>\n<td style=\"width: 19.2729%;\">Alba Estrem<\/td>\n<\/tr>\n<tr>\n<td style=\"width: 34.207%;\"><span class=\"color_15\">Riscos Laborals<\/span><\/td>\n<td style=\"width: 19.2729%;\"><span class=\"color_15\">Laia Garcia<\/span><\/td>\n<\/tr>\n<tr>\n<td style=\"width: 34.207%;\"><span class=\"color_15\">Llengua i cohesi\u00f3 (LIC)<\/span><\/td>\n<td style=\"width: 19.2729%;\"><span class=\"color_15\">Montse Roda*<\/span><\/td>\n<\/tr>\n<tr>\n<td style=\"width: 34.207%;\"><span class=\"color_15\">Cohesi\u00f3 i Benestar (COCOBE)<\/span><\/td>\n<td style=\"width: 19.2729%;\"><span class=\"color_15\">Ana Pastor*<\/span><\/td>\n<\/tr>\n<\/tbody>\n<\/table>\n<p class=\"font_8\">\n","protected":false},"excerpt":{"rendered":"<p>CURS 2025-2026 Professorat i responsabilitats: EQUIP DIRECTIU PERFILS PROFESSIONALS Director Ra\u00fcl Flores Cap d&#8217;Estudis Iris Peig Secret\u00e0ria Cristina Angl\u00e8s TUTORIES i1\/i2 Gl\u00f2ria Falc\u00f3 \/ Ariadna Pocurull i Gemma Luri i3 Noelia G\u00f3mez \/ Maria Cornad\u00f3 i4 Alba Estrem i5 Laia Garcia Primer Ariadna Puig Segon Laura Aguilar Tercer Ariadna Mena Quart Zoe Garc\u00eda Cinqu\u00e8 Francisca [&hellip;]<\/p>\n","protected":false},"author":1,"featured_media":0,"parent":22,"menu_order":1,"comment_status":"closed","ping_status":"closed","template":"","meta":{"_bbp_topic_count":0,"_bbp_reply_count":0,"_bbp_total_topic_count":0,"_bbp_total_reply_count":0,"_bbp_voice_count":0,"_bbp_anonymous_reply_count":0,"_bbp_topic_count_hidden":0,"_bbp_reply_count_hidden":0,"_bbp_forum_subforum_count":0,"site-sidebar-layout":"default","site-content-layout":"","ast-site-content-layout":"default","site-content-style":"default","site-sidebar-style":"default","ast-global-header-display":"","ast-banner-title-visibility":"","ast-main-header-display":"","ast-hfb-above-header-display":"","ast-hfb-below-header-display":"","ast-hfb-mobile-header-display":"","site-post-title":"","ast-breadcrumbs-content":"","ast-featured-img":"","footer-sml-layout":"","theme-transparent-header-meta":"default","adv-header-id-meta":"","stick-header-meta":"","header-above-stick-meta":"","header-main-stick-meta":"","header-below-stick-meta":"","astra-migrate-meta-layouts":"set","ast-page-background-enabled":"default","ast-page-background-meta":{"desktop":{"background-color":"var(--ast-global-color-4)","background-image":"","background-repeat":"repeat","background-position":"center center","background-size":"auto","background-attachment":"scroll","background-type":"","background-media":"","overlay-type":"","overlay-color":"","overlay-opacity":"","overlay-gradient":""},"tablet":{"background-color":"","background-image":"","background-repeat":"repeat","background-position":"center center","background-size":"auto","background-attachment":"scroll","background-type":"","background-media":"","overlay-type":"","overlay-color":"","overlay-opacity":"","overlay-gradient":""},"mobile":{"background-color":"","background-image":"","background-repeat":"repeat","background-position":"center center","background-size":"auto","background-attachment":"scroll","background-type":"","background-media":"","overlay-type":"","overlay-color":"","overlay-opacity":"","overlay-gradient":""}},"ast-content-background-meta":{"desktop":{"background-color":"var(--ast-global-color-5)","background-image":"","background-repeat":"repeat","background-position":"center center","background-size":"auto","background-attachment":"scroll","background-type":"","background-media":"","overlay-type":"","overlay-color":"","overlay-opacity":"","overlay-gradient":""},"tablet":{"background-color":"var(--ast-global-color-5)","background-image":"","background-repeat":"repeat","background-position":"center center","background-size":"auto","background-attachment":"scroll","background-type":"","background-media":"","overlay-type":"","overlay-color":"","overlay-opacity":"","overlay-gradient":""},"mobile":{"background-color":"var(--ast-global-color-5)","background-image":"","background-repeat":"repeat","background-position":"center center","background-size":"auto","background-attachment":"scroll","background-type":"","background-media":"","overlay-type":"","overlay-color":"","overlay-opacity":"","overlay-gradient":""}},"footnotes":""},"class_list":["post-545","page","type-page","status-publish","hentry"],"post_mailing_queue_ids":[],"_links":{"self":[{"href":"https:\/\/agora.xtec.cat\/ceipmontoliu\/wp-json\/wp\/v2\/pages\/545","targetHints":{"allow":["GET"]}}],"collection":[{"href":"https:\/\/agora.xtec.cat\/ceipmontoliu\/wp-json\/wp\/v2\/pages"}],"about":[{"href":"https:\/\/agora.xtec.cat\/ceipmontoliu\/wp-json\/wp\/v2\/types\/page"}],"author":[{"embeddable":true,"href":"https:\/\/agora.xtec.cat\/ceipmontoliu\/wp-json\/wp\/v2\/users\/1"}],"replies":[{"embeddable":true,"href":"https:\/\/agora.xtec.cat\/ceipmontoliu\/wp-json\/wp\/v2\/comments?post=545"}],"version-history":[{"count":5,"href":"https:\/\/agora.xtec.cat\/ceipmontoliu\/wp-json\/wp\/v2\/pages\/545\/revisions"}],"predecessor-version":[{"id":3018,"href":"https:\/\/agora.xtec.cat\/ceipmontoliu\/wp-json\/wp\/v2\/pages\/545\/revisions\/3018"}],"up":[{"embeddable":true,"href":"https:\/\/agora.xtec.cat\/ceipmontoliu\/wp-json\/wp\/v2\/pages\/22"}],"wp:attachment":[{"href":"https:\/\/agora.xtec.cat\/ceipmontoliu\/wp-json\/wp\/v2\/media?parent=545"}],"curies":[{"name":"wp","href":"https:\/\/api.w.org\/{rel}","templated":true}]}}