{"id":82,"date":"2014-09-18T14:10:51","date_gmt":"2014-09-18T13:10:51","guid":{"rendered":"http:\/\/agora.xtec.cat\/ceipmontfalgars\/?page_id=82"},"modified":"2023-09-23T10:15:20","modified_gmt":"2023-09-23T08:15:20","slug":"casal-destiu","status":"publish","type":"page","link":"https:\/\/agora.xtec.cat\/ceipmontfalgars\/serveis\/casal-destiu\/","title":{"rendered":"Casal d&#8217;estiu"},"content":{"rendered":"<p><img loading=\"lazy\" decoding=\"async\" class=\"alignleft wp-image-612\" src=\"http:\/\/agora.xtec.cat\/ceipmontfalgars\/wp-content\/uploads\/usu804\/2014\/09\/casals-estiu-2017.jpg\" alt=\"casals estiu 2017\" width=\"700\" height=\"85\" srcset=\"https:\/\/agora.xtec.cat\/ceipmontfalgars\/wp-content\/uploads\/usu804\/2014\/09\/casals-estiu-2017.jpg 928w, https:\/\/agora.xtec.cat\/ceipmontfalgars\/wp-content\/uploads\/usu804\/2014\/09\/casals-estiu-2017-300x37.jpg 300w, https:\/\/agora.xtec.cat\/ceipmontfalgars\/wp-content\/uploads\/usu804\/2014\/09\/casals-estiu-2017-768x94.jpg 768w\" sizes=\"auto, (max-width: 700px) 100vw, 700px\" \/><img loading=\"lazy\" decoding=\"async\" class=\"wp-image-614 alignright\" src=\"http:\/\/agora.xtec.cat\/ceipmontfalgars\/wp-content\/uploads\/usu804\/2014\/09\/ajuntament-de-girona-1024x297.jpg\" alt=\"ajuntament-de-girona\" width=\"254\" height=\"72\" \/><\/p>\n<h4><\/h4>\n<h4><\/h4>\n<p>&nbsp;<\/p>\n<p>&nbsp;<\/p>\n<h6 style=\"text-align: center;\">Estem treballant en l\u2019actualitzaci\u00f3.<\/h6>\n<h4><img loading=\"lazy\" decoding=\"async\" class=\"aligncenter size-full wp-image-7507\" src=\"https:\/\/agora.xtec.cat\/ceipmontfalgars\/wp-content\/uploads\/usu804\/2022\/04\/en-construccio\u0301.png\" alt=\"\" width=\"358\" height=\"331\" srcset=\"https:\/\/agora.xtec.cat\/ceipmontfalgars\/wp-content\/uploads\/usu804\/2022\/04\/en-construccio\u0301.png 358w, https:\/\/agora.xtec.cat\/ceipmontfalgars\/wp-content\/uploads\/usu804\/2022\/04\/en-construccio\u0301-300x277.png 300w\" sizes=\"auto, (max-width: 358px) 100vw, 358px\" \/><\/h4>\n<h4><\/h4>\n<h4><\/h4>\n<h4><span style=\"text-decoration: underline;\"><strong>ACTIVITATS D&#8217;ESTIU \u00a0PER A INFANTS I JOVES 2017<\/strong><\/span><\/h4>\n<p><strong>Inici de les preinscripcions als casals d\u2019estiu municipals<\/strong><\/p>\n<p>Comen\u00e7a el per\u00edode d\u2019inscripci\u00f3 als casals d\u2019estiu municipals. Per con\u00e8ixer dates de preinscripci\u00f3 i requisits, aix\u00ed com l\u2019oferta disponible, us convidem a consultar la <a href=\"http:\/\/www2.girona.cat\/ca\/lleure\" target=\"_blank\" rel=\"noopener\">p\u00e0gina de l\u2019Ajuntament de Girona<\/a>.<\/p>\n","protected":false},"excerpt":{"rendered":"<p>&nbsp;<br \/>\n&nbsp;<br \/>\nEstem treballant en l\u2019actualitzaci\u00f3.<\/p>\n<p>ACTIVITATS D&#8217;ESTIU \u00a0PER A INFANTS I JOVES 2017<br \/>\nInici de les preinscripcions als casals d\u2019estiu municipals<br \/>\nComen\u00e7a el per\u00edode d\u2019inscripci\u00f3 als casals d\u2019estiu municipals. Per con\u00e8ixer dates de preinscripci\u00f3 i requisits, aix\u00ed com l\u2019oferta disponible, us convidem a consultar la <a href=\"http:\/\/www2.girona.cat\/ca\/lleure\" target=\"_blank\" rel=\"noopener\">p\u00e0gina&hellip;  <a href=\"https:\/\/agora.xtec.cat\/ceipmontfalgars\/serveis\/casal-destiu\/\" title=\"Read Casal d&#8217;estiu\">Llegeix m\u00e9s\u00bb<\/a><\/p>\n","protected":false},"author":1,"featured_media":0,"parent":66,"menu_order":50,"comment_status":"closed","ping_status":"closed","template":"","meta":{"_bbp_topic_count":0,"_bbp_reply_count":0,"_bbp_total_topic_count":0,"_bbp_total_reply_count":0,"_bbp_voice_count":0,"_bbp_anonymous_reply_count":0,"_bbp_topic_count_hidden":0,"_bbp_reply_count_hidden":0,"_bbp_forum_subforum_count":0,"footnotes":""},"class_list":["post-82","page","type-page","status-publish","hentry"],"post_mailing_queue_ids":[],"_links":{"self":[{"href":"https:\/\/agora.xtec.cat\/ceipmontfalgars\/wp-json\/wp\/v2\/pages\/82","targetHints":{"allow":["GET"]}}],"collection":[{"href":"https:\/\/agora.xtec.cat\/ceipmontfalgars\/wp-json\/wp\/v2\/pages"}],"about":[{"href":"https:\/\/agora.xtec.cat\/ceipmontfalgars\/wp-json\/wp\/v2\/types\/page"}],"author":[{"embeddable":true,"href":"https:\/\/agora.xtec.cat\/ceipmontfalgars\/wp-json\/wp\/v2\/users\/1"}],"replies":[{"embeddable":true,"href":"https:\/\/agora.xtec.cat\/ceipmontfalgars\/wp-json\/wp\/v2\/comments?post=82"}],"version-history":[{"count":3,"href":"https:\/\/agora.xtec.cat\/ceipmontfalgars\/wp-json\/wp\/v2\/pages\/82\/revisions"}],"predecessor-version":[{"id":7510,"href":"https:\/\/agora.xtec.cat\/ceipmontfalgars\/wp-json\/wp\/v2\/pages\/82\/revisions\/7510"}],"up":[{"embeddable":true,"href":"https:\/\/agora.xtec.cat\/ceipmontfalgars\/wp-json\/wp\/v2\/pages\/66"}],"wp:attachment":[{"href":"https:\/\/agora.xtec.cat\/ceipmontfalgars\/wp-json\/wp\/v2\/media?parent=82"}],"curies":[{"name":"wp","href":"https:\/\/api.w.org\/{rel}","templated":true}]}}