{"id":73,"date":"2014-09-18T14:01:51","date_gmt":"2014-09-18T13:01:51","guid":{"rendered":"http:\/\/agora.xtec.cat\/ceipmontfalgars\/?page_id=73"},"modified":"2025-10-06T14:55:26","modified_gmt":"2025-10-06T12:55:26","slug":"menjador-escolar","status":"publish","type":"page","link":"https:\/\/agora.xtec.cat\/ceipmontfalgars\/serveis\/menjador-escolar\/","title":{"rendered":"Menjador escolar"},"content":{"rendered":"<p><img loading=\"lazy\" decoding=\"async\" class=\"aligncenter size-full wp-image-9175\" src=\"https:\/\/agora.xtec.cat\/ceipmontfalgars\/wp-content\/uploads\/usu804\/2025\/10\/25-26-horari-datencio-a-families.jpg\" alt=\"\" width=\"2245\" height=\"1587\" srcset=\"https:\/\/agora.xtec.cat\/ceipmontfalgars\/wp-content\/uploads\/usu804\/2025\/10\/25-26-horari-datencio-a-families.jpg 2245w, https:\/\/agora.xtec.cat\/ceipmontfalgars\/wp-content\/uploads\/usu804\/2025\/10\/25-26-horari-datencio-a-families-300x212.jpg 300w, https:\/\/agora.xtec.cat\/ceipmontfalgars\/wp-content\/uploads\/usu804\/2025\/10\/25-26-horari-datencio-a-families-1024x724.jpg 1024w, https:\/\/agora.xtec.cat\/ceipmontfalgars\/wp-content\/uploads\/usu804\/2025\/10\/25-26-horari-datencio-a-families-768x543.jpg 768w, https:\/\/agora.xtec.cat\/ceipmontfalgars\/wp-content\/uploads\/usu804\/2025\/10\/25-26-horari-datencio-a-families-1536x1086.jpg 1536w, https:\/\/agora.xtec.cat\/ceipmontfalgars\/wp-content\/uploads\/usu804\/2025\/10\/25-26-horari-datencio-a-families-2048x1448.jpg 2048w\" sizes=\"auto, (max-width: 2245px) 100vw, 2245px\" \/> <img loading=\"lazy\" decoding=\"async\" class=\"aligncenter size-full wp-image-9176\" src=\"https:\/\/agora.xtec.cat\/ceipmontfalgars\/wp-content\/uploads\/usu804\/2025\/10\/Equip-de-Monitors-de-lEscola-Montfalgars-Girona-2526-im\u251cigenes-0-scaled.jpg\" alt=\"\" width=\"1810\" height=\"2560\" srcset=\"https:\/\/agora.xtec.cat\/ceipmontfalgars\/wp-content\/uploads\/usu804\/2025\/10\/Equip-de-Monitors-de-lEscola-Montfalgars-Girona-2526-im\u251cigenes-0-scaled.jpg 1810w, https:\/\/agora.xtec.cat\/ceipmontfalgars\/wp-content\/uploads\/usu804\/2025\/10\/Equip-de-Monitors-de-lEscola-Montfalgars-Girona-2526-im\u251cigenes-0-212x300.jpg 212w, https:\/\/agora.xtec.cat\/ceipmontfalgars\/wp-content\/uploads\/usu804\/2025\/10\/Equip-de-Monitors-de-lEscola-Montfalgars-Girona-2526-im\u251cigenes-0-724x1024.jpg 724w, https:\/\/agora.xtec.cat\/ceipmontfalgars\/wp-content\/uploads\/usu804\/2025\/10\/Equip-de-Monitors-de-lEscola-Montfalgars-Girona-2526-im\u251cigenes-0-768x1086.jpg 768w, https:\/\/agora.xtec.cat\/ceipmontfalgars\/wp-content\/uploads\/usu804\/2025\/10\/Equip-de-Monitors-de-lEscola-Montfalgars-Girona-2526-im\u251cigenes-0-1086x1536.jpg 1086w, https:\/\/agora.xtec.cat\/ceipmontfalgars\/wp-content\/uploads\/usu804\/2025\/10\/Equip-de-Monitors-de-lEscola-Montfalgars-Girona-2526-im\u251cigenes-0-1448x2048.jpg 1448w\" sizes=\"auto, (max-width: 1810px) 100vw, 1810px\" \/> <img loading=\"lazy\" decoding=\"async\" class=\"aligncenter size-full wp-image-9177\" src=\"https:\/\/agora.xtec.cat\/ceipmontfalgars\/wp-content\/uploads\/usu804\/2025\/10\/Equip-de-Monitors-de-lEscola-Montfalgars-Girona-2526-im\u251cigenes-1-scaled.jpg\" alt=\"\" width=\"1810\" height=\"2560\" srcset=\"https:\/\/agora.xtec.cat\/ceipmontfalgars\/wp-content\/uploads\/usu804\/2025\/10\/Equip-de-Monitors-de-lEscola-Montfalgars-Girona-2526-im\u251cigenes-1-scaled.jpg 1810w, https:\/\/agora.xtec.cat\/ceipmontfalgars\/wp-content\/uploads\/usu804\/2025\/10\/Equip-de-Monitors-de-lEscola-Montfalgars-Girona-2526-im\u251cigenes-1-212x300.jpg 212w, https:\/\/agora.xtec.cat\/ceipmontfalgars\/wp-content\/uploads\/usu804\/2025\/10\/Equip-de-Monitors-de-lEscola-Montfalgars-Girona-2526-im\u251cigenes-1-724x1024.jpg 724w, https:\/\/agora.xtec.cat\/ceipmontfalgars\/wp-content\/uploads\/usu804\/2025\/10\/Equip-de-Monitors-de-lEscola-Montfalgars-Girona-2526-im\u251cigenes-1-768x1086.jpg 768w, https:\/\/agora.xtec.cat\/ceipmontfalgars\/wp-content\/uploads\/usu804\/2025\/10\/Equip-de-Monitors-de-lEscola-Montfalgars-Girona-2526-im\u251cigenes-1-1086x1536.jpg 1086w, https:\/\/agora.xtec.cat\/ceipmontfalgars\/wp-content\/uploads\/usu804\/2025\/10\/Equip-de-Monitors-de-lEscola-Montfalgars-Girona-2526-im\u251cigenes-1-1448x2048.jpg 1448w\" sizes=\"auto, (max-width: 1810px) 100vw, 1810px\" \/><\/p>\n<p><img loading=\"lazy\" decoding=\"async\" class=\"aligncenter size-full wp-image-8454\" src=\"https:\/\/agora.xtec.cat\/ceipmontfalgars\/wp-content\/uploads\/usu804\/2023\/10\/ESPAI-MIGIDA-Montfalgars1_page-0001.jpg\" alt=\"\" width=\"1241\" height=\"1755\" srcset=\"https:\/\/agora.xtec.cat\/ceipmontfalgars\/wp-content\/uploads\/usu804\/2023\/10\/ESPAI-MIGIDA-Montfalgars1_page-0001.jpg 1241w, https:\/\/agora.xtec.cat\/ceipmontfalgars\/wp-content\/uploads\/usu804\/2023\/10\/ESPAI-MIGIDA-Montfalgars1_page-0001-212x300.jpg 212w, https:\/\/agora.xtec.cat\/ceipmontfalgars\/wp-content\/uploads\/usu804\/2023\/10\/ESPAI-MIGIDA-Montfalgars1_page-0001-724x1024.jpg 724w, https:\/\/agora.xtec.cat\/ceipmontfalgars\/wp-content\/uploads\/usu804\/2023\/10\/ESPAI-MIGIDA-Montfalgars1_page-0001-768x1086.jpg 768w, https:\/\/agora.xtec.cat\/ceipmontfalgars\/wp-content\/uploads\/usu804\/2023\/10\/ESPAI-MIGIDA-Montfalgars1_page-0001-1086x1536.jpg 1086w\" sizes=\"auto, (max-width: 1241px) 100vw, 1241px\" \/><\/p>\n<p><span style=\"font-weight: 400;\">L\u2019escola ofereix a les fam\u00edlies que ho necessitin el servei de menjador, que \u00e9s gestionat per l\u2019AMPA.\u00a0<\/span><\/p>\n<p><span style=\"font-weight: 400;\">Els dinars s\u2019elaboren di\u00e0riament a la cuina de l\u2019escola per la nostra cuinera.\u00a0<\/span><\/p>\n<p><span style=\"font-weight: 400;\">Des de fa uns cursos La Cuineta-Capgir-Tot Oci s\u00f3n les empreses que gestionen el servei de menjador i el monitoratge d\u2019abans i despr\u00e9s de l\u2019\u00e0pat, a la nostra escola.\u00a0\u00a0<\/span><\/p>\n<ul>\n<li style=\"font-weight: 400;\" aria-level=\"1\"><span style=\"font-weight: 400;\">Elaboraci\u00f3 d\u2019\u00e0pats saludables.<\/span><\/li>\n<li style=\"font-weight: 400;\" aria-level=\"1\"><span style=\"font-weight: 400;\">Potenciar l\u2019adquisici\u00f3 de bons h\u00e0bits socials, alimentaris, d\u2019higiene i de salut.\u00a0<\/span><\/li>\n<li style=\"font-weight: 400;\" aria-level=\"1\"><span style=\"font-weight: 400;\">Oferir els nens\/es un espai l\u00fadic per abans i despr\u00e9s de l\u2019\u00e0pat.\u00a0<\/span><\/li>\n<\/ul>\n<ul>\n<li style=\"list-style-type: none;\"><\/li>\n<\/ul>\n<table style=\"border-collapse: collapse; width: 99.3289%; height: 82px;\">\n<tbody>\n<tr>\n<td style=\"width: 100%; border-color: #000000; vertical-align: middle;\">\n<h4><span style=\"font-weight: 400;\"><strong>Important:<\/strong>\u00a0 qualsevol canvi de menjador (voleu que l\u2019alumne es quedi un dia o no voleu que es quedi un dia que normalment es queda), la fam\u00edlia ho ha de notificar a la Maria trucant o enviant un WhatsApp al n\u00famero 618 510 512 (abans de les 10\u202fh del mat\u00ed). Si nom\u00e9s ho diuen els nens i nenes, no ho podem donar per v\u00e0lid.<\/span><\/h4>\n<\/td>\n<\/tr>\n<\/tbody>\n<\/table>\n<h5><span style=\"font-weight: 400;\">Ajuts:\u00a0<\/span><\/h5>\n<p><span style=\"font-weight: 400;\">Es poden formalitzar ajudes per a beques de menjador al Consell Comarcal del Giron\u00e8s.\u00a0<\/span><\/p>\n<h5><span style=\"font-weight: 400;\">Cobrament del servei:\u00a0<\/span><\/h5>\n<p><span style=\"font-weight: 400;\">El rebut de cada mes ser\u00e0 el resultat de multiplicar el preu del menjador pels dies<\/span> <span style=\"font-weight: 400;\">d\u2019assist\u00e8ncia.<\/span><span style=\"font-weight: 400;\"><br \/>\n<\/span><span style=\"font-weight: 400;\">El cobrament dels rebuts als alumnes es far\u00e0 mitjan\u00e7ant domiciliaci\u00f3 banc\u00e0ria i a<\/span><span style=\"font-weight: 400;\">\u00a0<\/span><span style=\"font-weight: 400;\">mes ven\u00e7ut.<\/span><\/p>\n<h5><span style=\"font-weight: 400;\">Inscripcions:\u00a0<\/span><\/h5>\n<p><span style=\"font-weight: 400;\">Tots els alumnes, fixos i eventuals, s\u2019han d\u2019inscriure al servei de menjador. Cal<\/span> <span style=\"font-weight: 400;\">formalitzar l\u2019alta.<\/span><\/p>\n<p><span style=\"font-weight: 400;\">Contacteu amb la Maria per formalitzar la inscripci\u00f3 trucant al 618 510 512 (abans de les 10\u202fh del mat\u00ed).\u00a0<\/span><\/p>\n<h5><span style=\"font-weight: 400;\">M\u00e9s informaci\u00f3:\u00a0<\/span><\/h5>\n<p><a href=\"http:\/\/ampamontfalgars@gmail.com\"><span style=\"font-weight: 400;\">ampamontfalgars@gmail.com<\/span><\/a><\/p>\n<h1><a href=\"https:\/\/drive.google.com\/file\/d\/1HISiJexhqgpxZ85pX_vcQ7nSquOFEK2e\/view?usp=sharing\" target=\"_blank\" rel=\"noopener\">MEN\u00da DEL MES<\/a><\/h1>\n<p><img loading=\"lazy\" decoding=\"async\" class=\"aligncenter size-full wp-image-7927\" src=\"https:\/\/agora.xtec.cat\/ceipmontfalgars\/wp-content\/uploads\/usu804\/2022\/07\/menjador-escolar.jpg\" alt=\"\" width=\"2000\" height=\"1600\" srcset=\"https:\/\/agora.xtec.cat\/ceipmontfalgars\/wp-content\/uploads\/usu804\/2022\/07\/menjador-escolar.jpg 2000w, https:\/\/agora.xtec.cat\/ceipmontfalgars\/wp-content\/uploads\/usu804\/2022\/07\/menjador-escolar-300x240.jpg 300w, https:\/\/agora.xtec.cat\/ceipmontfalgars\/wp-content\/uploads\/usu804\/2022\/07\/menjador-escolar-1024x819.jpg 1024w, https:\/\/agora.xtec.cat\/ceipmontfalgars\/wp-content\/uploads\/usu804\/2022\/07\/menjador-escolar-768x614.jpg 768w, https:\/\/agora.xtec.cat\/ceipmontfalgars\/wp-content\/uploads\/usu804\/2022\/07\/menjador-escolar-1536x1229.jpg 1536w\" sizes=\"auto, (max-width: 2000px) 100vw, 2000px\" \/><\/p>\n","protected":false},"excerpt":{"rendered":"\n<p>L\u2019escola ofereix a les fam\u00edlies que ho necessitin el servei de menjador, que \u00e9s gestionat per l\u2019AMPA.\u00a0<br \/>\nEls dinars s\u2019elaboren di\u00e0riament a la cuina de l\u2019escola per la nostra cuinera.\u00a0<br \/>\nDes de fa uns cursos La Cuineta-Capgir-Tot Oci s\u00f3n les empreses que gestionen el servei&hellip;  <a href=\"https:\/\/agora.xtec.cat\/ceipmontfalgars\/serveis\/menjador-escolar\/\" title=\"Read Menjador escolar\">Llegeix m\u00e9s\u00bb<\/a><\/p>\n","protected":false},"author":1,"featured_media":0,"parent":66,"menu_order":30,"comment_status":"closed","ping_status":"closed","template":"","meta":{"_bbp_topic_count":0,"_bbp_reply_count":0,"_bbp_total_topic_count":0,"_bbp_total_reply_count":0,"_bbp_voice_count":0,"_bbp_anonymous_reply_count":0,"_bbp_topic_count_hidden":0,"_bbp_reply_count_hidden":0,"_bbp_forum_subforum_count":0,"footnotes":""},"class_list":["post-73","page","type-page","status-publish","hentry"],"post_mailing_queue_ids":[],"_links":{"self":[{"href":"https:\/\/agora.xtec.cat\/ceipmontfalgars\/wp-json\/wp\/v2\/pages\/73","targetHints":{"allow":["GET"]}}],"collection":[{"href":"https:\/\/agora.xtec.cat\/ceipmontfalgars\/wp-json\/wp\/v2\/pages"}],"about":[{"href":"https:\/\/agora.xtec.cat\/ceipmontfalgars\/wp-json\/wp\/v2\/types\/page"}],"author":[{"embeddable":true,"href":"https:\/\/agora.xtec.cat\/ceipmontfalgars\/wp-json\/wp\/v2\/users\/1"}],"replies":[{"embeddable":true,"href":"https:\/\/agora.xtec.cat\/ceipmontfalgars\/wp-json\/wp\/v2\/comments?post=73"}],"version-history":[{"count":8,"href":"https:\/\/agora.xtec.cat\/ceipmontfalgars\/wp-json\/wp\/v2\/pages\/73\/revisions"}],"predecessor-version":[{"id":9178,"href":"https:\/\/agora.xtec.cat\/ceipmontfalgars\/wp-json\/wp\/v2\/pages\/73\/revisions\/9178"}],"up":[{"embeddable":true,"href":"https:\/\/agora.xtec.cat\/ceipmontfalgars\/wp-json\/wp\/v2\/pages\/66"}],"wp:attachment":[{"href":"https:\/\/agora.xtec.cat\/ceipmontfalgars\/wp-json\/wp\/v2\/media?parent=73"}],"curies":[{"name":"wp","href":"https:\/\/api.w.org\/{rel}","templated":true}]}}