{"id":64,"date":"2014-09-18T12:39:08","date_gmt":"2014-09-18T11:39:08","guid":{"rendered":"http:\/\/agora.xtec.cat\/ceipmontfalgars\/?page_id=64"},"modified":"2023-09-23T06:56:29","modified_gmt":"2023-09-23T04:56:29","slug":"projecte-educatiu","status":"publish","type":"page","link":"https:\/\/agora.xtec.cat\/ceipmontfalgars\/lescola\/projecte-educatiu\/","title":{"rendered":"Projectes escolars"},"content":{"rendered":"<p style=\"text-align: justify;\">TRETS D&#8217;IDENTITAT<\/p>\n<p style=\"text-align: justify;\">. L&#8217;escola ent\u00e9n l&#8217;educaci\u00f3 com un proc\u00e9s integral que desenvolupa en els nens i les nenes les seves capacitats cognitives, motrius, d&#8217;equilibri personal, d&#8217;autoestima i d&#8217;autoconcepte. Procura desenvolupar-les harm\u00f2nicament tot considerant que unes no s\u00f3n m\u00e9s importants que les altres.<\/p>\n<p style=\"text-align: justify;\">. L&#8217;escola \u00e9s integradora i oberta a la diversitat i opta per anar construint un context escolar capa\u00e7 d&#8217;acollir tots els nens i nenes.<\/p>\n<p style=\"text-align: justify;\">. L&#8217;escola practica la coeducaci\u00f3, educa per la igualtat sense cap mena de discriminaci\u00f3 per ra\u00f3 de sexe.<\/p>\n<p style=\"text-align: justify;\">Entenem la coeducaci\u00f3 com un proc\u00e9s intencionat d&#8217;intervenci\u00f3 a trav\u00e9s del qual es potencia el desenvolupament dels nens i les nenes partint de la realitat dels dos sexes diferents cap a un desenvolupament personal i una construcci\u00f3 social comunes i no enfrontades.<\/p>\n<p style=\"text-align: justify;\">. L&#8217;escola potencia l&#8217;educaci\u00f3 intercultural, entesa com un intent d&#8217;afavorir les relacions entre les diferents cultures des del respecte i la solidaritat, i fer efectiu el dret a la difer\u00e8ncia com a valor personal i social.<\/p>\n<p style=\"text-align: justify;\">. L&#8217;escola contempla la diversitat de capacitats, interessos i motivacions de les nenes i els nens i es planteja les adequacions del curr\u00edculum adients a les seves diferents necessitats educatives, diversificant activitats i metodologies, i utilitzant els recursos personals i materials existents en el Centre.<\/p>\n<p style=\"text-align: justify;\">. L&#8217;escola fonamenta el respecte per l&#8217;entorn social i natural, i educa per incidir en la seva millora, amb una participaci\u00f3 activa per a la descoberta i coneixement del medi natural i social immediat.<\/p>\n<p style=\"text-align: justify;\">. L&#8217;escola \u00e9s aconfessional. Respecta totes les religions tant del professorat com de l&#8217;alumnat i no far\u00e0 cap mena d&#8217;adoctrinament respectant les creences de cada persona.<\/p>\n<p style=\"text-align: justify;\">. L&#8217;escola educa en i per la democr\u00e0cia, la pau, la solidaritat i la col\u00b7laboraci\u00f3.<\/p>\n<p style=\"text-align: justify;\">.\u00a0 L&#8217;escola Montfalgars \u00e9s escola catalana.<\/p>\n<p style=\"text-align: justify;\">&#8212;&#8212;&#8212;&#8212;&#8212;&#8212;&#8212;&#8212;&#8212;&#8212;&#8212;&#8212;&#8212;&#8212;&#8212;&#8212;&#8212;&#8212;&#8212;&#8212;&#8212;&#8212;&#8212;&#8212;&#8212;&#8212;&#8212;&#8212;&#8212;&#8212;&#8212;&#8212;&#8212;&#8212;&#8212;&#8212;&#8212;&#8212;&#8212;&#8212;&#8212;&#8212;&#8212;&#8212;&#8212;&#8212;&#8212;&#8212;&#8212;&#8212;&#8212;&#8212;&#8212;&#8212;&#8212;&#8212;&#8212;&#8212;&#8212;&#8212;&#8212;&#8212;&#8212;&#8212;&#8212;&#8212;&#8212;&#8212;&#8212;&#8212;&#8212;&#8212;&#8212;&#8212;&#8212;&#8212;&#8212;&#8212;&#8212;&#8212;&#8212;&#8212;&#8212;&#8212;&#8212;&#8212;&#8212;&#8212;&#8212;&#8212;&#8212;&#8212;&#8212;&#8212;&#8212;<\/p>\n<p style=\"text-align: justify;\">En aquesta secci\u00f3 cada centre pot crear les p\u00e0gines necess\u00e0ries per a descriure el seu projecte educatiu. D&#8217;acord amb la <a title=\"Article 91 LEC\" href=\"http:\/\/www20.gencat.cat\/portal\/site\/portaljuridic\/menuitem.d15a4e5dfb99396dc366ec10b0c0e1a0\/?vgnextoid=b85297b5a87d6210VgnVCM1000000b0c1e0aRCRD&amp;vgnextchannel=b85297b5a87d6210VgnVCM1000000b0c1e0aRCRD&amp;vgnextfmt=default&amp;action=fitxa&amp;portalId=1&amp;documentId=480169&amp;newLang=ca_ES#fragment-1182442\" target=\"_blank\" rel=\"noopener\">Llei d&#8217;Educaci\u00f3 de Catalunya<\/a>, el projecte educatiu incorpora el car\u00e0cter propi del centre i ha de contenir com a m\u00ednim els elements seg\u00fcents:<\/p>\n<ul style=\"text-align: justify;\">\n<li>Criteris d&#8217;ordenaci\u00f3 pedag\u00f2gica, prioritats i plantejaments educatius, procediments d&#8217;inclusi\u00f3 i altres actuacions que caracteritzen el centre.<\/li>\n<li>Indicadors de progr\u00e9s.<\/li>\n<li>Concreci\u00f3 i desenvolupament dels curr\u00edculums.<\/li>\n<li>Criteris que defineixen l&#8217;estructura organitzativa.<\/li>\n<li>Projecte ling\u00fc\u00edstic.<\/li>\n<li>Car\u00e0cter propi del centre, si n&#8217;hi ha.<\/li>\n<\/ul>\n<p style=\"text-align: justify;\">Es poden incloure tamb\u00e9 en aquesta secci\u00f3 altres documents m\u00e9s espec\u00edfics que tamb\u00e9 formen part del projecte educatiu, com ara: Projecte de conviv\u00e8ncia, Pla TAC, Pla d&#8217;acollida, Projecte d&#8217;escola i fam\u00edlia, Comunitat d&#8217;aprenentatge, etc.<\/p>\n<p style=\"text-align: justify;\">Tamb\u00e9 pot ser interessant fer refer\u00e8ncia a altres projectes i activitats, com ara: Escola verda, R\u00e0dio a l&#8217;escola, Art a l&#8217;escola, Cinema en curs, Taller de rob\u00f2tica, Aprenentatge integrat de Continguts i Lleng\u00fces Estrangeres (AICLE), Revista de l&#8217;escola, Agenda 21, Hort, Patis oberts&#8230;<\/p>\n<p style=\"text-align: justify;\">Donada la diversitat de seccions possibles, s&#8217;ha cregut oport\u00fa no crear\u00a0cap p\u00e0gina espec\u00edfica en la maqueta inicial, deixant a criteri del centre la decisi\u00f3 sobre la millor manera\u00a0d&#8217;estructurar la descripci\u00f3 del seu projecte educatiu. En crear els apartats\u00a0\u00e9s\u00a0important que la caixa <em>Atributs de la p\u00e0gina<\/em> tingui com a pare\/mare &#8220;<em>Projecte educatiu&#8221;<\/em>, i que se seleccioni com a plantilla l&#8217;opci\u00f3 &#8220;<em>Men\u00fa lateral&#8221;<\/em>.<\/p>\n","protected":false},"excerpt":{"rendered":"<p>TRETS D&#8217;IDENTITAT<br \/>\n. L&#8217;escola ent\u00e9n l&#8217;educaci\u00f3 com un proc\u00e9s integral que desenvolupa en els nens i les nenes les seves capacitats cognitives, motrius, d&#8217;equilibri personal, d&#8217;autoestima i d&#8217;autoconcepte. Procura desenvolupar-les harm\u00f2nicament tot considerant que unes no s\u00f3n m\u00e9s importants que les altres.<br \/>\n. L&#8217;escola \u00e9s integradora i&hellip;  <a href=\"https:\/\/agora.xtec.cat\/ceipmontfalgars\/lescola\/projecte-educatiu\/\" title=\"Read Projectes escolars\">Llegeix m\u00e9s\u00bb<\/a><\/p>\n","protected":false},"author":1,"featured_media":0,"parent":22,"menu_order":0,"comment_status":"closed","ping_status":"closed","template":"","meta":{"_bbp_topic_count":0,"_bbp_reply_count":0,"_bbp_total_topic_count":0,"_bbp_total_reply_count":0,"_bbp_voice_count":0,"_bbp_anonymous_reply_count":0,"_bbp_topic_count_hidden":0,"_bbp_reply_count_hidden":0,"_bbp_forum_subforum_count":0,"footnotes":""},"class_list":["post-64","page","type-page","status-publish","hentry"],"post_mailing_queue_ids":[],"_links":{"self":[{"href":"https:\/\/agora.xtec.cat\/ceipmontfalgars\/wp-json\/wp\/v2\/pages\/64","targetHints":{"allow":["GET"]}}],"collection":[{"href":"https:\/\/agora.xtec.cat\/ceipmontfalgars\/wp-json\/wp\/v2\/pages"}],"about":[{"href":"https:\/\/agora.xtec.cat\/ceipmontfalgars\/wp-json\/wp\/v2\/types\/page"}],"author":[{"embeddable":true,"href":"https:\/\/agora.xtec.cat\/ceipmontfalgars\/wp-json\/wp\/v2\/users\/1"}],"replies":[{"embeddable":true,"href":"https:\/\/agora.xtec.cat\/ceipmontfalgars\/wp-json\/wp\/v2\/comments?post=64"}],"version-history":[{"count":3,"href":"https:\/\/agora.xtec.cat\/ceipmontfalgars\/wp-json\/wp\/v2\/pages\/64\/revisions"}],"predecessor-version":[{"id":8366,"href":"https:\/\/agora.xtec.cat\/ceipmontfalgars\/wp-json\/wp\/v2\/pages\/64\/revisions\/8366"}],"up":[{"embeddable":true,"href":"https:\/\/agora.xtec.cat\/ceipmontfalgars\/wp-json\/wp\/v2\/pages\/22"}],"wp:attachment":[{"href":"https:\/\/agora.xtec.cat\/ceipmontfalgars\/wp-json\/wp\/v2\/media?parent=64"}],"curies":[{"name":"wp","href":"https:\/\/api.w.org\/{rel}","templated":true}]}}