{"id":2654,"date":"2020-03-18T07:35:19","date_gmt":"2020-03-18T06:35:19","guid":{"rendered":"http:\/\/agora.xtec.cat\/ceipmontfalgars\/?page_id=2654"},"modified":"2020-08-28T20:54:37","modified_gmt":"2020-08-28T18:54:37","slug":"cicle-superior-2","status":"publish","type":"page","link":"https:\/\/agora.xtec.cat\/ceipmontfalgars\/serveis\/alumnes-activats-educatives-online\/cicle-superior-2\/","title":{"rendered":"CICLE SUPERIOR"},"content":{"rendered":"<h4><a href=\"https:\/\/sites.google.com\/escolamontfalgars.com\/quedatacasa\/p%C3%A0gina-principal\" target=\"_blank\" rel=\"noopener noreferrer\">Web per a dispositius m\u00f2bils<\/a><\/h4>\n<table style=\"width: 1400px;\">\n<tbody>\n<tr>\n<td style=\"width: 864px;\">\n<h4><span style=\"font-weight: 400;\">Benvolgudes fam\u00edlies i alumnes de Cicle Superior.<\/span><\/h4>\n<h4><span style=\"font-weight: 400;\">Durant el temps que durin les circumst\u00e0ncies actuals posem a la vostra disposici\u00f3 una s\u00e8rie de recursos educatius.<\/span><\/h4>\n<h4><span style=\"font-weight: 400;\">Posarem cada dia activitats per fer a trav\u00e9s dels nostres canals habituals<\/span><\/h4>\n<ul>\n<li style=\"font-weight: 400;\">\n<h4><span style=\"font-weight: 400;\"><span style=\"text-decoration: underline;\">Classroom<\/span>, accessible tamb\u00e9 des del <span style=\"text-decoration: underline;\">Calendari<\/span> de cada Classe i\/o des del <strong><span style=\"text-decoration: underline;\">full d&#8217;Activitats setmanals\u00a0<\/span><\/strong><span style=\"text-decoration: underline;\">de <strong><a href=\"https:\/\/agora.xtec.cat\/ceipmontfalgars\/serveis\/activats-educatives-online\/cicle-superior-2\/activitats-setmanals-de-5e\/\" target=\"_blank\" rel=\"noopener noreferrer\">5\u00e8<\/a><\/strong> o<strong> <a href=\"https:\/\/agora.xtec.cat\/ceipmontfalgars\/serveis\/activats-educatives-online\/cicle-superior-2\/activitats-setmanals-de-6e\/\" target=\"_blank\" rel=\"noopener noreferrer\">6\u00e8<\/a><\/strong><\/span><\/span><\/h4>\n<\/li>\n<li style=\"font-weight: 400;\">\n<h4><span style=\"font-weight: 400;\"><span style=\"text-decoration: underline;\"><a href=\"https:\/\/www.plataformaeleven.com\/\" target=\"_blank\" rel=\"noopener noreferrer\"><strong>Plataforma Eleven<\/strong><\/a>,<\/span> amb la feina habitual que realitzem a l&#8217;escola.<\/span><\/h4>\n<\/li>\n<li>\n<h4 dir=\"ltr\">Tamb\u00e9 comen\u00e7arem a treballar amb els recursos d&#8217;una nova plataforma educativa: <strong><a href=\"https:\/\/es.snappet.org\/\">SNAPPET<\/a>.<\/strong><\/h4>\n<\/li>\n<li>\n<h4>A la imatge d&#8217;\u00a0<strong> <a href=\"https:\/\/agora.xtec.cat\/ceipmontfalgars\/serveis\/activats-educatives-online\/cicle-superior-2\/activitats-online-per-a-cicle-superior\/\" target=\"_blank\" rel=\"noopener noreferrer\"><span style=\"text-decoration: underline;\">&#8220;Aprendre a casa&#8221;<\/span><\/a><\/strong> &#8211; anirem posant activitats que pots realitzar lliurement.<\/h4>\n<\/li>\n<li style=\"font-weight: 400;\">\n<h4><span style=\"font-weight: 400;\">Realitzarem reunions a trav\u00e9s del <strong>Meet<\/strong>, que serviran per coordinar les tasques, fer aclariment, i, sobretot, acompanyar-nos m\u00fatuament, mantenir el contacte.<\/span><\/h4>\n<\/li>\n<\/ul>\n<\/td>\n<td style=\"width: 200px; text-align: center; vertical-align: top;\">\n<h4><\/h4>\n<h4><a href=\"http:\/\/agora.xtec.cat\/ceipmontfalgars\/serveis\/activats-educatives-online\/cicle-superior-2\/activitats-setmanals-de-5e\/\" target=\"_blank\" rel=\"noopener noreferrer\"><span style=\"text-decoration: underline;\">Activitats setmanals<\/span><\/a><\/h4>\n<h4><a href=\"http:\/\/agora.xtec.cat\/ceipmontfalgars\/serveis\/activats-educatives-online\/cicle-superior-2\/activitats-setmanals-de-5e\/\" target=\"_blank\" rel=\"noopener noreferrer\"><img loading=\"lazy\" decoding=\"async\" class=\"aligncenter wp-image-3371\" src=\"https:\/\/agora.xtec.cat\/ceipmontfalgars\/wp-content\/uploads\/usu804\/2020\/04\/5\u00e8-150x150.png\" alt=\"\" width=\"240\" height=\"225\" srcset=\"https:\/\/agora.xtec.cat\/ceipmontfalgars\/wp-content\/uploads\/usu804\/2020\/04\/5\u00e8-300x281.png 300w, https:\/\/agora.xtec.cat\/ceipmontfalgars\/wp-content\/uploads\/usu804\/2020\/04\/5\u00e8.png 753w\" sizes=\"auto, (max-width: 240px) 100vw, 240px\" \/><\/a><\/h4>\n<p><a href=\"http:\/\/agora.xtec.cat\/ceipmontfalgars\/serveis\/activats-educatives-online\/cicle-superior-2\/activitats-setmanals-de-5e\/\" target=\"_blank\" rel=\"noopener noreferrer\"><img loading=\"lazy\" decoding=\"async\" class=\"alignleft wp-image-2480\" src=\"https:\/\/agora.xtec.cat\/ceipmontfalgars\/wp-content\/uploads\/usu804\/2020\/01\/5a-150x150.png\" alt=\"\" width=\"80\" height=\"80\" srcset=\"https:\/\/agora.xtec.cat\/ceipmontfalgars\/wp-content\/uploads\/usu804\/2020\/01\/5a-150x150.png 150w, https:\/\/agora.xtec.cat\/ceipmontfalgars\/wp-content\/uploads\/usu804\/2020\/01\/5a-300x300.png 300w, https:\/\/agora.xtec.cat\/ceipmontfalgars\/wp-content\/uploads\/usu804\/2020\/01\/5a.png 626w\" sizes=\"auto, (max-width: 80px) 100vw, 80px\" \/><\/a> <a href=\"http:\/\/agora.xtec.cat\/ceipmontfalgars\/serveis\/activats-educatives-online\/cicle-superior-2\/activitats-setmanals-de-5e\/\" target=\"_blank\" rel=\"noopener noreferrer\"><img loading=\"lazy\" decoding=\"async\" class=\"alignright wp-image-2481\" src=\"https:\/\/agora.xtec.cat\/ceipmontfalgars\/wp-content\/uploads\/usu804\/2020\/01\/5b-150x150.png\" alt=\"\" width=\"80\" height=\"80\" srcset=\"https:\/\/agora.xtec.cat\/ceipmontfalgars\/wp-content\/uploads\/usu804\/2020\/01\/5b-150x150.png 150w, https:\/\/agora.xtec.cat\/ceipmontfalgars\/wp-content\/uploads\/usu804\/2020\/01\/5b-300x300.png 300w, https:\/\/agora.xtec.cat\/ceipmontfalgars\/wp-content\/uploads\/usu804\/2020\/01\/5b.png 626w\" sizes=\"auto, (max-width: 80px) 100vw, 80px\" \/><\/a><\/td>\n<td style=\"width: 200px; text-align: center; vertical-align: top;\">\n<h4><\/h4>\n<h4><a href=\"http:\/\/agora.xtec.cat\/ceipmontfalgars\/serveis\/activats-educatives-online\/cicle-superior-2\/activitats-setmanals-de-6e\/\" target=\"_blank\" rel=\"noopener noreferrer\"><span style=\"text-decoration: underline;\">Activitats setmanals<\/span><\/a><\/h4>\n<h4><a href=\"http:\/\/agora.xtec.cat\/ceipmontfalgars\/serveis\/activats-educatives-online\/cicle-superior-2\/activitats-setmanals-de-6e\/\" target=\"_blank\" rel=\"noopener noreferrer\"><img loading=\"lazy\" decoding=\"async\" class=\"aligncenter wp-image-3372\" src=\"https:\/\/agora.xtec.cat\/ceipmontfalgars\/wp-content\/uploads\/usu804\/2020\/04\/6\u00e8-150x150.png\" alt=\"\" width=\"200\" height=\"202\" srcset=\"https:\/\/agora.xtec.cat\/ceipmontfalgars\/wp-content\/uploads\/usu804\/2020\/04\/6\u00e8-297x300.png 297w, https:\/\/agora.xtec.cat\/ceipmontfalgars\/wp-content\/uploads\/usu804\/2020\/04\/6\u00e8.png 702w\" sizes=\"auto, (max-width: 200px) 100vw, 200px\" \/><\/a><\/h4>\n<p><a href=\"http:\/\/agora.xtec.cat\/ceipmontfalgars\/serveis\/activats-educatives-online\/cicle-superior-2\/activitats-setmanals-de-6e\/\" target=\"_blank\" rel=\"noopener noreferrer\"><img loading=\"lazy\" decoding=\"async\" class=\"alignleft wp-image-2482\" src=\"https:\/\/agora.xtec.cat\/ceipmontfalgars\/wp-content\/uploads\/usu804\/2020\/01\/6A-150x150.png\" alt=\"\" width=\"80\" height=\"80\" srcset=\"https:\/\/agora.xtec.cat\/ceipmontfalgars\/wp-content\/uploads\/usu804\/2020\/01\/6A-150x150.png 150w, https:\/\/agora.xtec.cat\/ceipmontfalgars\/wp-content\/uploads\/usu804\/2020\/01\/6A-300x300.png 300w, https:\/\/agora.xtec.cat\/ceipmontfalgars\/wp-content\/uploads\/usu804\/2020\/01\/6A.png 626w\" sizes=\"auto, (max-width: 80px) 100vw, 80px\" \/><\/a> <a href=\"http:\/\/agora.xtec.cat\/ceipmontfalgars\/serveis\/activats-educatives-online\/cicle-superior-2\/activitats-setmanals-de-6e\/\" target=\"_blank\" rel=\"noopener noreferrer\"><img loading=\"lazy\" decoding=\"async\" class=\"alignright wp-image-2483\" src=\"https:\/\/agora.xtec.cat\/ceipmontfalgars\/wp-content\/uploads\/usu804\/2020\/01\/6B-150x150.png\" alt=\"\" width=\"80\" height=\"80\" srcset=\"https:\/\/agora.xtec.cat\/ceipmontfalgars\/wp-content\/uploads\/usu804\/2020\/01\/6B-150x150.png 150w, https:\/\/agora.xtec.cat\/ceipmontfalgars\/wp-content\/uploads\/usu804\/2020\/01\/6B-300x300.png 300w, https:\/\/agora.xtec.cat\/ceipmontfalgars\/wp-content\/uploads\/usu804\/2020\/01\/6B.png 626w\" sizes=\"auto, (max-width: 80px) 100vw, 80px\" \/><\/a><\/td>\n<\/tr>\n<\/tbody>\n<\/table>\n<div class=\"row\" style=\"margin-bottom: 1em !important;\">\n<div class=\"small-12 large-4 text-center columns\"><\/div>\n<div class=\"small-12 large-4 text-center columns\">\n<p>&nbsp;<\/p>\n<\/div>\n<\/div>\n<table style=\"height: 83px; width: 1400px;\" width=\"1400\">\n<tbody>\n<tr>\n<td style=\"width: 135.455px; text-align: center;\">\n<h4><a href=\"https:\/\/sites.google.com\/escolamontfalgars.com\/quedatacasa\/p%C3%A0gina-principal\" target=\"_blank\" rel=\"noopener noreferrer\">Web per a dispositius m\u00f2bils<\/a><\/h4>\n<\/td>\n<td style=\"width: 136.364px; text-align: center;\">\n<h4><a href=\"https:\/\/alumno.snappet.org\/login?1587453393609=\" target=\"_blank\" rel=\"noopener noreferrer\"><u>SNAPPET<\/u><\/a><\/h4>\n<\/td>\n<td style=\"width: 140px; text-align: center;\">\n<h4 style=\"text-align: center;\"><a href=\"https:\/\/agora.xtec.cat\/ceipmontfalgars\/serveis\/activats-educatives-online\/cicle-superior-2\/activitats-online-per-a-cicle-superior\/pindoles-informatives\/\" target=\"_blank\" rel=\"noopener noreferrer\"><span style=\"font-weight: 400;\"><strong>V\u00eddeo-P\u00edndoles\u00a0 informatives<\/strong><\/span><\/a><\/h4>\n<\/td>\n<td style=\"width: 140.909px; text-align: center;\">\n<h4 style=\"text-align: center;\"><a href=\"https:\/\/agora.xtec.cat\/ceipmontfalgars\/serveis\/activats-educatives-online\/cicle-superior-2\/activitats-online-per-a-cicle-superior\/\" target=\"_blank\" rel=\"noopener noreferrer\">Aprendre des de casa<\/a><\/h4>\n<\/td>\n<td style=\"width: 143.636px; text-align: center;\"><\/td>\n<td style=\"width: 144.545px; text-align: center;\">\n<h4><\/h4>\n<\/td>\n<\/tr>\n<tr>\n<td style=\"width: 135.455px; text-align: center;\"><a href=\"https:\/\/sites.google.com\/escolamontfalgars.com\/quedatacasa\/p%C3%A0gina-principal\"><img loading=\"lazy\" decoding=\"async\" class=\"aligncenter wp-image-3745 size-medium\" src=\"https:\/\/agora.xtec.cat\/ceipmontfalgars\/wp-content\/uploads\/usu804\/2020\/04\/C\u00f2pia-de-disp-m\u00f2bils-290x300.png\" alt=\"\" width=\"290\" height=\"300\" srcset=\"https:\/\/agora.xtec.cat\/ceipmontfalgars\/wp-content\/uploads\/usu804\/2020\/04\/C\u00f2pia-de-disp-m\u00f2bils-290x300.png 290w, https:\/\/agora.xtec.cat\/ceipmontfalgars\/wp-content\/uploads\/usu804\/2020\/04\/C\u00f2pia-de-disp-m\u00f2bils.png 693w\" sizes=\"auto, (max-width: 290px) 100vw, 290px\" \/><\/a><\/td>\n<td style=\"width: 136.364px; text-align: center;\"><a href=\"https:\/\/alumno.snappet.org\/login?1587453234538=\" target=\"_blank\" rel=\"noopener noreferrer\"><img loading=\"lazy\" decoding=\"async\" class=\"aligncenter wp-image-3960\" src=\"https:\/\/agora.xtec.cat\/ceipmontfalgars\/wp-content\/uploads\/usu804\/2020\/04\/SNA.png\" alt=\"\" width=\"270\" height=\"270\" srcset=\"https:\/\/agora.xtec.cat\/ceipmontfalgars\/wp-content\/uploads\/usu804\/2020\/04\/SNA.png 200w, https:\/\/agora.xtec.cat\/ceipmontfalgars\/wp-content\/uploads\/usu804\/2020\/04\/SNA-150x150.png 150w\" sizes=\"auto, (max-width: 270px) 100vw, 270px\" \/><\/a><\/td>\n<td style=\"height: 200px; width: 140px; text-align: center;\"><a href=\"http:\/\/agora.xtec.cat\/ceipmontfalgars\/serveis\/activats-educatives-online\/cicle-superior-2\/activitats-online-per-a-cicle-superior\/pindoles-informatives\/\" target=\"_blank\" rel=\"noopener noreferrer\"><img loading=\"lazy\" decoding=\"async\" class=\"alignnone wp-image-2949 size-medium\" src=\"https:\/\/agora.xtec.cat\/ceipmontfalgars\/wp-content\/uploads\/usu804\/2020\/03\/v\u00eddeop\u00edldoras-300x192.png\" alt=\"\" width=\"300\" height=\"192\" srcset=\"https:\/\/agora.xtec.cat\/ceipmontfalgars\/wp-content\/uploads\/usu804\/2020\/03\/v\u00eddeop\u00edldoras-300x192.png 300w, https:\/\/agora.xtec.cat\/ceipmontfalgars\/wp-content\/uploads\/usu804\/2020\/03\/v\u00eddeop\u00edldoras-768x493.png 768w, https:\/\/agora.xtec.cat\/ceipmontfalgars\/wp-content\/uploads\/usu804\/2020\/03\/v\u00eddeop\u00edldoras.png 926w\" sizes=\"auto, (max-width: 300px) 100vw, 300px\" \/><\/a><\/td>\n<td style=\"width: 140.909px; text-align: center;\"><a href=\"https:\/\/agora.xtec.cat\/ceipmontfalgars\/serveis\/activats-educatives-online\/cicle-superior-2\/activitats-online-per-a-cicle-superior\/\" target=\"_blank\" rel=\"noopener noreferrer\"><img loading=\"lazy\" decoding=\"async\" class=\"alignnone\" src=\"https:\/\/agora.xtec.cat\/ceipmontfalgars\/wp-content\/uploads\/usu804\/2020\/03\/Aprendres-des-de-casa-1024x727-300x213.jpg\" alt=\"\" width=\"300\" height=\"213\" \/><\/a><\/td>\n<td style=\"width: 143.636px; text-align: center;\"><\/td>\n<td style=\"width: 144.545px; text-align: center;\">\n<h4><\/h4>\n<\/td>\n<\/tr>\n<\/tbody>\n<\/table>\n","protected":false},"excerpt":{"rendered":"<p><a href=\"https:\/\/sites.google.com\/escolamontfalgars.com\/quedatacasa\/p%C3%A0gina-principal\" target=\"_blank\" rel=\"noopener noreferrer\">Web per a dispositius m\u00f2bils<\/a><\/p>\n<p>Benvolgudes fam\u00edlies i alumnes de Cicle Superior.<br \/>\nDurant el temps que durin les circumst\u00e0ncies actuals posem a la vostra disposici\u00f3 una s\u00e8rie de recursos educatius.<br \/>\nPosarem cada dia activitats per fer a trav\u00e9s dels nostres canals habituals<\/p>\n<ul>\n<li style=\"font-weight: 400;\">\nClassroom,&hellip;  <a href=\"https:\/\/agora.xtec.cat\/ceipmontfalgars\/serveis\/alumnes-activats-educatives-online\/cicle-superior-2\/\" title=\"Read CICLE SUPERIOR\">Llegeix m\u00e9s\u00bb<\/a><\/p>\n","protected":false},"author":1,"featured_media":0,"parent":2627,"menu_order":40,"comment_status":"closed","ping_status":"closed","template":"","meta":{"_bbp_topic_count":0,"_bbp_reply_count":0,"_bbp_total_topic_count":0,"_bbp_total_reply_count":0,"_bbp_voice_count":0,"_bbp_anonymous_reply_count":0,"_bbp_topic_count_hidden":0,"_bbp_reply_count_hidden":0,"_bbp_forum_subforum_count":0,"footnotes":""},"class_list":["post-2654","page","type-page","status-publish","hentry"],"post_mailing_queue_ids":[],"_links":{"self":[{"href":"https:\/\/agora.xtec.cat\/ceipmontfalgars\/wp-json\/wp\/v2\/pages\/2654","targetHints":{"allow":["GET"]}}],"collection":[{"href":"https:\/\/agora.xtec.cat\/ceipmontfalgars\/wp-json\/wp\/v2\/pages"}],"about":[{"href":"https:\/\/agora.xtec.cat\/ceipmontfalgars\/wp-json\/wp\/v2\/types\/page"}],"author":[{"embeddable":true,"href":"https:\/\/agora.xtec.cat\/ceipmontfalgars\/wp-json\/wp\/v2\/users\/1"}],"replies":[{"embeddable":true,"href":"https:\/\/agora.xtec.cat\/ceipmontfalgars\/wp-json\/wp\/v2\/comments?post=2654"}],"version-history":[{"count":3,"href":"https:\/\/agora.xtec.cat\/ceipmontfalgars\/wp-json\/wp\/v2\/pages\/2654\/revisions"}],"predecessor-version":[{"id":5628,"href":"https:\/\/agora.xtec.cat\/ceipmontfalgars\/wp-json\/wp\/v2\/pages\/2654\/revisions\/5628"}],"up":[{"embeddable":true,"href":"https:\/\/agora.xtec.cat\/ceipmontfalgars\/wp-json\/wp\/v2\/pages\/2627"}],"wp:attachment":[{"href":"https:\/\/agora.xtec.cat\/ceipmontfalgars\/wp-json\/wp\/v2\/media?parent=2654"}],"curies":[{"name":"wp","href":"https:\/\/api.w.org\/{rel}","templated":true}]}}