{"id":26,"date":"2014-09-18T12:24:32","date_gmt":"2014-09-18T11:24:32","guid":{"rendered":"http:\/\/agora.xtec.cat\/ceipmontfalgars\/?page_id=26"},"modified":"2023-09-23T06:42:21","modified_gmt":"2023-09-23T04:42:21","slug":"historia","status":"publish","type":"page","link":"https:\/\/agora.xtec.cat\/ceipmontfalgars\/lescola\/historia\/","title":{"rendered":"Hist\u00f2ria"},"content":{"rendered":"<p style=\"text-align: justify;\">L&#8217;edifici de l&#8217;escola de Prim\u00e0ria va obrir les seves portes el setembre de 1984, el d&#8217;Infantil s&#8217;havia inaugurat tres cursos abans. L&#8217;edifici de Prim\u00e0ria es va construir segons la nova tend\u00e8ncia, impulsada des de la Generalitat, de construccions escolars exclusives i originals atenent la funcionalitat i l&#8217;entorn segons projecte de l&#8217;arquitecte i sense \u00e0nim d&#8217;exportar-lo a cap altre indret con es feia abans. Es una construcci\u00f3 moderna, vistosa, s\u00f2lida i funcional. Destacar\u00edem la lluminositat. Els patis s\u00f3n espais molt amplis on hi ha tota mena d&#8217;arbres en gran quantitat. L&#8217;escola els t\u00e9 catalogats. Tamb\u00e9 disposa d&#8217;altres espais verds com el jard\u00ed de l&#8217;entrada principal i l&#8217;hort.<\/p>\n<p><img loading=\"lazy\" decoding=\"async\" class=\"aligncenter size-full wp-image-8354\" src=\"https:\/\/agora.xtec.cat\/ceipmontfalgars\/wp-content\/uploads\/usu804\/2023\/09\/INSPAI-IF-100578-Girona-Edifici-de-lEscola-Montfalgars.jpg\" alt=\"\" width=\"600\" height=\"391\" srcset=\"https:\/\/agora.xtec.cat\/ceipmontfalgars\/wp-content\/uploads\/usu804\/2023\/09\/INSPAI-IF-100578-Girona-Edifici-de-lEscola-Montfalgars.jpg 600w, https:\/\/agora.xtec.cat\/ceipmontfalgars\/wp-content\/uploads\/usu804\/2023\/09\/INSPAI-IF-100578-Girona-Edifici-de-lEscola-Montfalgars-300x196.jpg 300w\" sizes=\"auto, (max-width: 600px) 100vw, 600px\" \/> <img loading=\"lazy\" decoding=\"async\" class=\"aligncenter size-full wp-image-8353\" src=\"https:\/\/agora.xtec.cat\/ceipmontfalgars\/wp-content\/uploads\/usu804\/2023\/09\/INSPAI-IF-100576-Girona-Edifici-de-lEscola-Montfalgars.jpg\" alt=\"\" width=\"600\" height=\"397\" srcset=\"https:\/\/agora.xtec.cat\/ceipmontfalgars\/wp-content\/uploads\/usu804\/2023\/09\/INSPAI-IF-100576-Girona-Edifici-de-lEscola-Montfalgars.jpg 600w, https:\/\/agora.xtec.cat\/ceipmontfalgars\/wp-content\/uploads\/usu804\/2023\/09\/INSPAI-IF-100576-Girona-Edifici-de-lEscola-Montfalgars-300x199.jpg 300w\" sizes=\"auto, (max-width: 600px) 100vw, 600px\" \/> <img loading=\"lazy\" decoding=\"async\" class=\"aligncenter wp-image-8352 size-full\" src=\"https:\/\/agora.xtec.cat\/ceipmontfalgars\/wp-content\/uploads\/usu804\/2023\/09\/INSPAI-IF-100575-Girona-Edifici-de-lEscola-Montfalgars.jpg\" alt=\"\" width=\"600\" height=\"393\" srcset=\"https:\/\/agora.xtec.cat\/ceipmontfalgars\/wp-content\/uploads\/usu804\/2023\/09\/INSPAI-IF-100575-Girona-Edifici-de-lEscola-Montfalgars.jpg 600w, https:\/\/agora.xtec.cat\/ceipmontfalgars\/wp-content\/uploads\/usu804\/2023\/09\/INSPAI-IF-100575-Girona-Edifici-de-lEscola-Montfalgars-300x197.jpg 300w\" sizes=\"auto, (max-width: 600px) 100vw, 600px\" \/> <img loading=\"lazy\" decoding=\"async\" class=\"aligncenter size-full wp-image-8351\" src=\"https:\/\/agora.xtec.cat\/ceipmontfalgars\/wp-content\/uploads\/usu804\/2023\/09\/INSPAI-IF-100574-Girona-Edifici-de-lEscola-Montfalgars.jpg\" alt=\"\" width=\"600\" height=\"397\" srcset=\"https:\/\/agora.xtec.cat\/ceipmontfalgars\/wp-content\/uploads\/usu804\/2023\/09\/INSPAI-IF-100574-Girona-Edifici-de-lEscola-Montfalgars.jpg 600w, https:\/\/agora.xtec.cat\/ceipmontfalgars\/wp-content\/uploads\/usu804\/2023\/09\/INSPAI-IF-100574-Girona-Edifici-de-lEscola-Montfalgars-300x199.jpg 300w\" sizes=\"auto, (max-width: 600px) 100vw, 600px\" \/> <img loading=\"lazy\" decoding=\"async\" class=\"aligncenter size-full wp-image-8350\" src=\"https:\/\/agora.xtec.cat\/ceipmontfalgars\/wp-content\/uploads\/usu804\/2023\/09\/INSPAI-IF-99995-Girona-Nens-al-pati-de-lEscola-Montfalgars.jpg\" alt=\"\" width=\"600\" height=\"395\" srcset=\"https:\/\/agora.xtec.cat\/ceipmontfalgars\/wp-content\/uploads\/usu804\/2023\/09\/INSPAI-IF-99995-Girona-Nens-al-pati-de-lEscola-Montfalgars.jpg 600w, https:\/\/agora.xtec.cat\/ceipmontfalgars\/wp-content\/uploads\/usu804\/2023\/09\/INSPAI-IF-99995-Girona-Nens-al-pati-de-lEscola-Montfalgars-300x198.jpg 300w\" sizes=\"auto, (max-width: 600px) 100vw, 600px\" \/> <img loading=\"lazy\" decoding=\"async\" class=\"aligncenter size-full wp-image-8349\" src=\"https:\/\/agora.xtec.cat\/ceipmontfalgars\/wp-content\/uploads\/usu804\/2023\/09\/INSPAI-IF-99994-Girona-Nens-al-pati-de-lEscola-Montfalgars.jpg\" alt=\"\" width=\"600\" height=\"393\" srcset=\"https:\/\/agora.xtec.cat\/ceipmontfalgars\/wp-content\/uploads\/usu804\/2023\/09\/INSPAI-IF-99994-Girona-Nens-al-pati-de-lEscola-Montfalgars.jpg 600w, https:\/\/agora.xtec.cat\/ceipmontfalgars\/wp-content\/uploads\/usu804\/2023\/09\/INSPAI-IF-99994-Girona-Nens-al-pati-de-lEscola-Montfalgars-300x197.jpg 300w\" sizes=\"auto, (max-width: 600px) 100vw, 600px\" \/> <img loading=\"lazy\" decoding=\"async\" class=\"aligncenter size-full wp-image-8348\" src=\"https:\/\/agora.xtec.cat\/ceipmontfalgars\/wp-content\/uploads\/usu804\/2023\/09\/INSPAI-IF-99992-Girona-Nens-al-pati-de-lEscola-Montfalgars.jpg\" alt=\"\" width=\"600\" height=\"394\" srcset=\"https:\/\/agora.xtec.cat\/ceipmontfalgars\/wp-content\/uploads\/usu804\/2023\/09\/INSPAI-IF-99992-Girona-Nens-al-pati-de-lEscola-Montfalgars.jpg 600w, https:\/\/agora.xtec.cat\/ceipmontfalgars\/wp-content\/uploads\/usu804\/2023\/09\/INSPAI-IF-99992-Girona-Nens-al-pati-de-lEscola-Montfalgars-300x197.jpg 300w\" sizes=\"auto, (max-width: 600px) 100vw, 600px\" \/> <img loading=\"lazy\" decoding=\"async\" class=\"aligncenter size-full wp-image-8347\" src=\"https:\/\/agora.xtec.cat\/ceipmontfalgars\/wp-content\/uploads\/usu804\/2023\/09\/INSPAI-IF-99991-Girona-Nens-al-pati-de-lEscola-Montfalgars.jpg\" alt=\"\" width=\"600\" height=\"398\" srcset=\"https:\/\/agora.xtec.cat\/ceipmontfalgars\/wp-content\/uploads\/usu804\/2023\/09\/INSPAI-IF-99991-Girona-Nens-al-pati-de-lEscola-Montfalgars.jpg 600w, https:\/\/agora.xtec.cat\/ceipmontfalgars\/wp-content\/uploads\/usu804\/2023\/09\/INSPAI-IF-99991-Girona-Nens-al-pati-de-lEscola-Montfalgars-300x199.jpg 300w\" sizes=\"auto, (max-width: 600px) 100vw, 600px\" \/><\/p>\n","protected":false},"excerpt":{"rendered":"<p>L&#8217;edifici de l&#8217;escola de Prim\u00e0ria va obrir les seves portes el setembre de 1984, el d&#8217;Infantil s&#8217;havia inaugurat tres cursos abans. L&#8217;edifici de Prim\u00e0ria es va construir segons la nova tend\u00e8ncia, impulsada des de la Generalitat, de construccions escolars exclusives i originals atenent la funcionalitat&hellip;  <a href=\"https:\/\/agora.xtec.cat\/ceipmontfalgars\/lescola\/historia\/\" title=\"Read Hist\u00f2ria\">Llegeix m\u00e9s\u00bb<\/a><\/p>\n","protected":false},"author":1,"featured_media":0,"parent":22,"menu_order":20,"comment_status":"closed","ping_status":"closed","template":"","meta":{"_bbp_topic_count":0,"_bbp_reply_count":0,"_bbp_total_topic_count":0,"_bbp_total_reply_count":0,"_bbp_voice_count":0,"_bbp_anonymous_reply_count":0,"_bbp_topic_count_hidden":0,"_bbp_reply_count_hidden":0,"_bbp_forum_subforum_count":0,"footnotes":""},"class_list":["post-26","page","type-page","status-publish","hentry"],"post_mailing_queue_ids":[],"_links":{"self":[{"href":"https:\/\/agora.xtec.cat\/ceipmontfalgars\/wp-json\/wp\/v2\/pages\/26","targetHints":{"allow":["GET"]}}],"collection":[{"href":"https:\/\/agora.xtec.cat\/ceipmontfalgars\/wp-json\/wp\/v2\/pages"}],"about":[{"href":"https:\/\/agora.xtec.cat\/ceipmontfalgars\/wp-json\/wp\/v2\/types\/page"}],"author":[{"embeddable":true,"href":"https:\/\/agora.xtec.cat\/ceipmontfalgars\/wp-json\/wp\/v2\/users\/1"}],"replies":[{"embeddable":true,"href":"https:\/\/agora.xtec.cat\/ceipmontfalgars\/wp-json\/wp\/v2\/comments?post=26"}],"version-history":[{"count":3,"href":"https:\/\/agora.xtec.cat\/ceipmontfalgars\/wp-json\/wp\/v2\/pages\/26\/revisions"}],"predecessor-version":[{"id":8356,"href":"https:\/\/agora.xtec.cat\/ceipmontfalgars\/wp-json\/wp\/v2\/pages\/26\/revisions\/8356"}],"up":[{"embeddable":true,"href":"https:\/\/agora.xtec.cat\/ceipmontfalgars\/wp-json\/wp\/v2\/pages\/22"}],"wp:attachment":[{"href":"https:\/\/agora.xtec.cat\/ceipmontfalgars\/wp-json\/wp\/v2\/media?parent=26"}],"curies":[{"name":"wp","href":"https:\/\/api.w.org\/{rel}","templated":true}]}}