{"id":24,"date":"2014-09-18T12:23:15","date_gmt":"2014-09-18T11:23:15","guid":{"rendered":"http:\/\/agora.xtec.cat\/ceipmontfalgars\/?page_id=24"},"modified":"2023-09-23T06:38:24","modified_gmt":"2023-09-23T04:38:24","slug":"on-som","status":"publish","type":"page","link":"https:\/\/agora.xtec.cat\/ceipmontfalgars\/lescola\/on-som\/","title":{"rendered":"On som"},"content":{"rendered":"<p>NOM: <strong>ESCOLA MONTFALGARS<\/strong> \u00a0 \u00a0 \u00a0 Codi de Centre: <strong>17004943<\/strong><\/p>\n<p>ADRE\u00c7A: <strong>C\/ MONTFALGARS 4<\/strong> \u00a0 \u00a0 \u00a0 \u00a0CP: <strong>17006<\/strong><\/p>\n<p>TEL\u00c8FON: <strong>972 401 976<\/strong><\/p>\n<p>CORREU ELECTR\u00d2NIC: <strong>b7004943<span class=\"\">@xtec.cat<\/span><\/strong><\/p>\n<p>ADRE\u00c7A WEB: <a href=\"https:\/\/agora.xtec.cat\/ceipmontfalgars\/\">https:\/\/agora.xtec.cat\/ceipmontfalgars\/<\/a><\/p>\n<p>INSTAGRAM: escolamontfalgars<\/p>\n<p><iframe loading=\"lazy\" style=\"border: 0;\" src=\"https:\/\/www.google.com\/maps\/embed?pb=!1m18!1m12!1m3!1d2966.264024870412!2d2.800072015444077!3d41.97314077921479!2m3!1f0!2f0!3f0!3m2!1i1024!2i768!4f13.1!3m3!1m2!1s0x12bae73736d32731%3A0xea92111e2b7f2978!2sEscola+Montfalgars!5e0!3m2!1sca!2ses!4v1450420463925\" width=\"474\" height=\"474\" frameborder=\"0\" allowfullscreen=\"allowfullscreen\"><\/iframe><\/p>\n<p style=\"text-align: justify;\">L&#8217;Escola Montfalgars est\u00e0 situada al barri de Sta. Eug\u00e8nia de Ter de Girona. Montfalgars \u00e9s el nom d&#8217;una muntanya del Pirineu, al coll d&#8217;Ares, prop de Moll\u00f3, sobre Camprodon, a la ratlla de Fran\u00e7a. Tamb\u00e9 \u00e9s el nom del carrer.<\/p>\n<pre class=\"escola\"><\/pre>\n","protected":false},"excerpt":{"rendered":"<p>NOM: ESCOLA MONTFALGARS \u00a0 \u00a0 \u00a0 Codi de Centre: 17004943<br \/>\nADRE\u00c7A: C\/ MONTFALGARS 4 \u00a0 \u00a0 \u00a0 \u00a0CP: 17006<br \/>\nTEL\u00c8FON: 972 401 976<br \/>\nCORREU ELECTR\u00d2NIC: b7004943@xtec.cat<br \/>\nADRE\u00c7A WEB: <a href=\"https:\/\/agora.xtec.cat\/ceipmontfalgars\/\">https:\/\/agora.xtec.cat\/ceipmontfalgars\/<\/a><br \/>\nINSTAGRAM: escolamontfalgars<\/p>\n<p>L&#8217;Escola Montfalgars est\u00e0 situada al barri de Sta. Eug\u00e8nia de Ter de Girona. Montfalgars \u00e9s el nom d&#8217;una muntanya&hellip;  <a href=\"https:\/\/agora.xtec.cat\/ceipmontfalgars\/lescola\/on-som\/\" title=\"Read On som\">Llegeix m\u00e9s\u00bb<\/a><\/p>\n","protected":false},"author":1,"featured_media":0,"parent":22,"menu_order":10,"comment_status":"closed","ping_status":"closed","template":"","meta":{"_bbp_topic_count":0,"_bbp_reply_count":0,"_bbp_total_topic_count":0,"_bbp_total_reply_count":0,"_bbp_voice_count":0,"_bbp_anonymous_reply_count":0,"_bbp_topic_count_hidden":0,"_bbp_reply_count_hidden":0,"_bbp_forum_subforum_count":0,"footnotes":""},"class_list":["post-24","page","type-page","status-publish","hentry"],"post_mailing_queue_ids":[],"_links":{"self":[{"href":"https:\/\/agora.xtec.cat\/ceipmontfalgars\/wp-json\/wp\/v2\/pages\/24","targetHints":{"allow":["GET"]}}],"collection":[{"href":"https:\/\/agora.xtec.cat\/ceipmontfalgars\/wp-json\/wp\/v2\/pages"}],"about":[{"href":"https:\/\/agora.xtec.cat\/ceipmontfalgars\/wp-json\/wp\/v2\/types\/page"}],"author":[{"embeddable":true,"href":"https:\/\/agora.xtec.cat\/ceipmontfalgars\/wp-json\/wp\/v2\/users\/1"}],"replies":[{"embeddable":true,"href":"https:\/\/agora.xtec.cat\/ceipmontfalgars\/wp-json\/wp\/v2\/comments?post=24"}],"version-history":[{"count":3,"href":"https:\/\/agora.xtec.cat\/ceipmontfalgars\/wp-json\/wp\/v2\/pages\/24\/revisions"}],"predecessor-version":[{"id":8346,"href":"https:\/\/agora.xtec.cat\/ceipmontfalgars\/wp-json\/wp\/v2\/pages\/24\/revisions\/8346"}],"up":[{"embeddable":true,"href":"https:\/\/agora.xtec.cat\/ceipmontfalgars\/wp-json\/wp\/v2\/pages\/22"}],"wp:attachment":[{"href":"https:\/\/agora.xtec.cat\/ceipmontfalgars\/wp-json\/wp\/v2\/media?parent=24"}],"curies":[{"name":"wp","href":"https:\/\/api.w.org\/{rel}","templated":true}]}}