{"id":22,"date":"2014-09-18T12:19:57","date_gmt":"2014-09-18T11:19:57","guid":{"rendered":"http:\/\/agora.xtec.cat\/ceipmontfalgars\/?page_id=22"},"modified":"2022-01-21T01:15:34","modified_gmt":"2022-01-21T00:15:34","slug":"lescola","status":"publish","type":"page","link":"https:\/\/agora.xtec.cat\/ceipmontfalgars\/lescola\/","title":{"rendered":"L&#8217;escola"},"content":{"rendered":"<p style=\"text-align: justify;\">L&#8217;Escola p\u00fablica Montfalgars est\u00e0 situada al barri de Santa Eug\u00e8nia de Ter de Girona. T\u00e9 dos edificis diferenciats d&#8217;Educaci\u00f3 Infantil i Prim\u00e0ria, constru\u00efts l&#8217;any 1982 i 1984.<a href=\"http:\/\/agora.xtec.cat\/ceipmontfalgars\/wp-content\/uploads\/usu804\/2014\/09\/montfalgars_patigran.jpg\"><img loading=\"lazy\" decoding=\"async\" class=\" size-full wp-image-218 alignright\" src=\"http:\/\/agora.xtec.cat\/ceipmontfalgars\/wp-content\/uploads\/usu804\/2014\/09\/montfalgars_patigran.jpg\" alt=\"montfalgars_patigran\" width=\"284\" height=\"163\" \/><\/a><\/p>\n<p style=\"text-align: justify;\">\u00c9s una escola de doble l\u00ednia amb 450 alumnes. La plantilla del centre est\u00e0 formada pels seg\u00fcents mestres, 12 d&#8217;Educaci\u00f3 Prim\u00e0ria, 7 d&#8217;Educaci\u00f3 Infantil, 1,5 Especialistes d&#8217;Angl\u00e8s, 2 Especialistes d&#8217;Educaci\u00f3 F\u00edsica, 2 Especialistes d&#8217;Educaci\u00f3 Especial, 2 Especialistes en M\u00fasica, 1 mestra d&#8217;Aula d&#8217;Acollida i 1 Mestra de Religi\u00f3. Tamb\u00e9 disposem d&#8217;altres serveis externs depenent del Departament d&#8217;Ensenyament com s\u00f3n: l&#8217;EAP (Equip d&#8217;Assessorament Psicopedag\u00f2gic).<\/p>\n<p style=\"text-align: justify;\"><a href=\"http:\/\/agora.xtec.cat\/ceipmontfalgars\/wp-content\/uploads\/usu804\/2014\/09\/P4230730.jpg\"><img loading=\"lazy\" decoding=\"async\" class=\" wp-image-219 size-medium alignleft\" src=\"http:\/\/agora.xtec.cat\/ceipmontfalgars\/wp-content\/uploads\/usu804\/2014\/09\/P4230730-300x225.jpg\" alt=\"P4230730\" width=\"300\" height=\"225\" srcset=\"https:\/\/agora.xtec.cat\/ceipmontfalgars\/wp-content\/uploads\/usu804\/2014\/09\/P4230730-300x225.jpg 300w, https:\/\/agora.xtec.cat\/ceipmontfalgars\/wp-content\/uploads\/usu804\/2014\/09\/P4230730-1024x768.jpg 1024w, https:\/\/agora.xtec.cat\/ceipmontfalgars\/wp-content\/uploads\/usu804\/2014\/09\/P4230730-200x150.jpg 200w, https:\/\/agora.xtec.cat\/ceipmontfalgars\/wp-content\/uploads\/usu804\/2014\/09\/P4230730.jpg 1600w\" sizes=\"auto, (max-width: 300px) 100vw, 300px\" \/><\/a>L&#8217;edifici de l&#8217;escola de Prim\u00e0ria va obrir les seves portes el setembre de 1984, el d&#8217;Infantil s&#8217;havia inaugurat tres cursos abans. L&#8217;edifici de Prim\u00e0ria es va construir segons la nova tend\u00e8ncia, impulsada des de la Generalitat, de construccions escolars exclusives i originals atenent la funcionalitat i l&#8217;entorn segons projecte de l&#8217;arquitecte i sense \u00e0nim d&#8217;exportar-lo a cap altre indret com es feia abans. Es una construcci\u00f3 moderna, vistosa, s\u00f2lida i funcional. Destacar\u00edem la lluminositat. Els patis s\u00f3n espais molt amplis on hi ha tota mena d&#8217;arbres en gran quantitat. L&#8217;escola els t\u00e9 catalogats. Tamb\u00e9 disposa d&#8217;altres espais verds com el jard\u00ed de l&#8217;entrada principal i l&#8217;hort.<\/p>\n","protected":false},"excerpt":{"rendered":"<p>L&#8217;Escola p\u00fablica Montfalgars est\u00e0 situada al barri de Santa Eug\u00e8nia de Ter de Girona. T\u00e9 dos edificis diferenciats d&#8217;Educaci\u00f3 Infantil i Prim\u00e0ria, constru\u00efts l&#8217;any 1982 i 1984.<a href=\"http:\/\/agora.xtec.cat\/ceipmontfalgars\/wp-content\/uploads\/usu804\/2014\/09\/montfalgars_patigran.jpg\"><\/a><br \/>\n\u00c9s una escola de doble l\u00ednia amb 450 alumnes. La plantilla del centre est\u00e0 formada pels seg\u00fcents mestres,&hellip;  <a href=\"https:\/\/agora.xtec.cat\/ceipmontfalgars\/lescola\/\" title=\"Read L&#8217;escola\">Llegeix m\u00e9s\u00bb<\/a><\/p>\n","protected":false},"author":1,"featured_media":0,"parent":0,"menu_order":0,"comment_status":"closed","ping_status":"closed","template":"page-templates\/side-menu.php","meta":{"_bbp_topic_count":0,"_bbp_reply_count":0,"_bbp_total_topic_count":0,"_bbp_total_reply_count":0,"_bbp_voice_count":0,"_bbp_anonymous_reply_count":0,"_bbp_topic_count_hidden":0,"_bbp_reply_count_hidden":0,"_bbp_forum_subforum_count":0,"footnotes":""},"class_list":["post-22","page","type-page","status-publish","hentry"],"post_mailing_queue_ids":[],"_links":{"self":[{"href":"https:\/\/agora.xtec.cat\/ceipmontfalgars\/wp-json\/wp\/v2\/pages\/22","targetHints":{"allow":["GET"]}}],"collection":[{"href":"https:\/\/agora.xtec.cat\/ceipmontfalgars\/wp-json\/wp\/v2\/pages"}],"about":[{"href":"https:\/\/agora.xtec.cat\/ceipmontfalgars\/wp-json\/wp\/v2\/types\/page"}],"author":[{"embeddable":true,"href":"https:\/\/agora.xtec.cat\/ceipmontfalgars\/wp-json\/wp\/v2\/users\/1"}],"replies":[{"embeddable":true,"href":"https:\/\/agora.xtec.cat\/ceipmontfalgars\/wp-json\/wp\/v2\/comments?post=22"}],"version-history":[{"count":4,"href":"https:\/\/agora.xtec.cat\/ceipmontfalgars\/wp-json\/wp\/v2\/pages\/22\/revisions"}],"predecessor-version":[{"id":7294,"href":"https:\/\/agora.xtec.cat\/ceipmontfalgars\/wp-json\/wp\/v2\/pages\/22\/revisions\/7294"}],"wp:attachment":[{"href":"https:\/\/agora.xtec.cat\/ceipmontfalgars\/wp-json\/wp\/v2\/media?parent=22"}],"curies":[{"name":"wp","href":"https:\/\/api.w.org\/{rel}","templated":true}]}}