{"id":1685,"date":"2018-11-30T07:35:55","date_gmt":"2018-11-30T06:35:55","guid":{"rendered":"http:\/\/agora.xtec.cat\/ceipmontfalgars\/?page_id=1685"},"modified":"2021-11-01T09:07:47","modified_gmt":"2021-11-01T08:07:47","slug":"form_falgars","status":"publish","type":"page","link":"https:\/\/agora.xtec.cat\/ceipmontfalgars\/serveis\/form_falgars\/","title":{"rendered":"Form#falg@rs"},"content":{"rendered":"<p>P\u00e0gina dedicada a atendre les necessitats de formaci\u00f3 TAC per a mestres, alumnes i fam\u00edlies de l&#8217;escola.<\/p>\n<div class=\"row\" style=\"margin-bottom: 1em !important;\">\n<div class=\"small-12 large-12 text-center columns\">\n<h1 style=\"text-align: center;\"><strong> FORMACI\u00d3 per a alumnes, fam\u00edlies i professorat<\/strong><\/h1>\n<h1 style=\"text-align: center;\"><\/h1>\n<hr \/>\n<h1 style=\"text-align: center;\"><a href=\"https:\/\/agora.xtec.cat\/ceipmontfalgars\/serveis\/form_falgars\/workspace-for-education\/workspace-for-education-alumnes-i-families\/\" target=\"_blank\" rel=\"noopener noreferrer\"><img loading=\"lazy\" decoding=\"async\" class=\"aligncenter wp-image-5452\" src=\"https:\/\/agora.xtec.cat\/ceipmontfalgars\/wp-content\/uploads\/usu804\/2020\/08\/gsuiteforeducation.png\" alt=\"\" width=\"417\" height=\"128\" srcset=\"https:\/\/agora.xtec.cat\/ceipmontfalgars\/wp-content\/uploads\/usu804\/2020\/08\/gsuiteforeducation.png 1140w, https:\/\/agora.xtec.cat\/ceipmontfalgars\/wp-content\/uploads\/usu804\/2020\/08\/gsuiteforeducation-300x92.png 300w, https:\/\/agora.xtec.cat\/ceipmontfalgars\/wp-content\/uploads\/usu804\/2020\/08\/gsuiteforeducation-768x236.png 768w, https:\/\/agora.xtec.cat\/ceipmontfalgars\/wp-content\/uploads\/usu804\/2020\/08\/gsuiteforeducation-1024x314.png 1024w\" sizes=\"auto, (max-width: 417px) 100vw, 417px\" \/><\/a><\/h1>\n<hr \/>\n<h1 style=\"text-align: center;\"><a href=\"https:\/\/agora.xtec.cat\/ceipmontfalgars\/?p=5480&amp;preview=true\" target=\"_blank\" rel=\"noopener noreferrer\"><img loading=\"lazy\" decoding=\"async\" class=\"aligncenter wp-image-5465\" src=\"https:\/\/agora.xtec.cat\/ceipmontfalgars\/wp-content\/uploads\/usu804\/2020\/08\/BAULA-FORMACI\u00d3.jpg\" alt=\"\" width=\"782\" height=\"170\" srcset=\"https:\/\/agora.xtec.cat\/ceipmontfalgars\/wp-content\/uploads\/usu804\/2020\/08\/BAULA-FORMACI\u00d3.jpg 1494w, https:\/\/agora.xtec.cat\/ceipmontfalgars\/wp-content\/uploads\/usu804\/2020\/08\/BAULA-FORMACI\u00d3-300x65.jpg 300w, https:\/\/agora.xtec.cat\/ceipmontfalgars\/wp-content\/uploads\/usu804\/2020\/08\/BAULA-FORMACI\u00d3-768x167.jpg 768w, https:\/\/agora.xtec.cat\/ceipmontfalgars\/wp-content\/uploads\/usu804\/2020\/08\/BAULA-FORMACI\u00d3-1024x223.jpg 1024w\" sizes=\"auto, (max-width: 782px) 100vw, 782px\" \/><\/a><\/h1>\n<hr \/>\n<\/div>\n<\/div>\n<h1><span style=\"text-decoration: underline;\"><strong><em>Eines i apps educatives<\/em><\/strong><\/span><\/h1>\n<hr \/>\n<p><a href=\"https:\/\/youtu.be\/aEOdiP8_aGM\" target=\"_blank\" rel=\"noopener noreferrer\"><img loading=\"lazy\" decoding=\"async\" class=\"alignleft wp-image-5635\" src=\"https:\/\/agora.xtec.cat\/ceipmontfalgars\/wp-content\/uploads\/usu804\/2020\/08\/img_21313_091e8c13d2acc4bc5bce12a152359363_20.jpg\" alt=\"\" width=\"300\" height=\"82\" srcset=\"https:\/\/agora.xtec.cat\/ceipmontfalgars\/wp-content\/uploads\/usu804\/2020\/08\/img_21313_091e8c13d2acc4bc5bce12a152359363_20.jpg 499w, https:\/\/agora.xtec.cat\/ceipmontfalgars\/wp-content\/uploads\/usu804\/2020\/08\/img_21313_091e8c13d2acc4bc5bce12a152359363_20-300x82.jpg 300w\" sizes=\"auto, (max-width: 300px) 100vw, 300px\" \/><\/a><\/p>\n<div class=\"row\" style=\"margin-bottom: 1em !important;\">\n<div><\/div>\n<div>\n<h1 class=\"title style-scope ytd-video-primary-info-renderer\"><a href=\"https:\/\/youtu.be\/aEOdiP8_aGM\" target=\"_blank\" rel=\"noopener noreferrer\">Webinar 2020<\/a><\/h1>\n<\/div>\n<\/div>\n<div>\n<hr \/>\n<\/div>\n<div><\/div>\n<div class=\"row\" style=\"margin-bottom: 1em !important;\">\n<div class=\"small-12 large-4 text-center columns\"><a href=\"https:\/\/agora.xtec.cat\/ceipmontfalgars\/serveis\/form_falgars\/texthelp-readwrite-y-fluencytutor\/\" target=\"_blank\" rel=\"noopener noreferrer\"><img loading=\"lazy\" decoding=\"async\" class=\"aligncenter wp-image-5639 size-full\" src=\"https:\/\/agora.xtec.cat\/ceipmontfalgars\/wp-content\/uploads\/usu804\/2020\/08\/RW-Google-RGB-v2.png\" alt=\"\" width=\"2200\" height=\"733\" srcset=\"https:\/\/agora.xtec.cat\/ceipmontfalgars\/wp-content\/uploads\/usu804\/2020\/08\/RW-Google-RGB-v2.png 2200w, https:\/\/agora.xtec.cat\/ceipmontfalgars\/wp-content\/uploads\/usu804\/2020\/08\/RW-Google-RGB-v2-300x100.png 300w, https:\/\/agora.xtec.cat\/ceipmontfalgars\/wp-content\/uploads\/usu804\/2020\/08\/RW-Google-RGB-v2-768x256.png 768w, https:\/\/agora.xtec.cat\/ceipmontfalgars\/wp-content\/uploads\/usu804\/2020\/08\/RW-Google-RGB-v2-1024x341.png 1024w\" sizes=\"auto, (max-width: 2200px) 100vw, 2200px\" \/><\/a><\/div>\n<div class=\"small-12 large-4 text-center columns\"><a href=\"https:\/\/agora.xtec.cat\/ceipmontfalgars\/serveis\/form_falgars\/fluencytutor\/\" target=\"_blank\" rel=\"noopener noreferrer\"><img loading=\"lazy\" decoding=\"async\" class=\"aligncenter wp-image-3501 size-full\" src=\"https:\/\/agora.xtec.cat\/ceipmontfalgars\/wp-content\/uploads\/usu804\/2020\/04\/e5c97a619e2fc30b247e68e008b83a16-teaching-reading-google.jpg\" alt=\"\" width=\"235\" height=\"160\" \/><\/a><\/div>\n<div class=\"small-12 large-4 text-center columns\"><a href=\"http:\/\/agora.xtec.cat\/ceipmontfalgars\/serveis\/form_falgars\/texhelp-snapverter\/\" target=\"_blank\" rel=\"noopener noreferrer\"><img loading=\"lazy\" decoding=\"async\" class=\"aligncenter wp-image-5641 size-full\" src=\"https:\/\/agora.xtec.cat\/ceipmontfalgars\/wp-content\/uploads\/usu804\/2020\/08\/snapverter.png\" alt=\"\" width=\"727\" height=\"227\" srcset=\"https:\/\/agora.xtec.cat\/ceipmontfalgars\/wp-content\/uploads\/usu804\/2020\/08\/snapverter.png 727w, https:\/\/agora.xtec.cat\/ceipmontfalgars\/wp-content\/uploads\/usu804\/2020\/08\/snapverter-300x94.png 300w\" sizes=\"auto, (max-width: 727px) 100vw, 727px\" \/><\/a><\/div>\n<\/div>\n<hr \/>\n<div class=\"row\" style=\"margin-bottom: 1em !important;\">\n<div class=\"small-12 large-6 text-center columns\"><\/div>\n<div class=\"small-12 large-6 text-center columns\">\n<h3 style=\"text-align: center;\"><\/h3>\n<\/div>\n<\/div>\n<div class=\"row\" style=\"margin-bottom: 1em !important;\"><\/div>\n<div class=\"row\" style=\"margin-bottom: 1em !important;\">\n<div class=\"small-12 large-6 text-center columns\"><\/div>\n<div class=\"small-12 large-6 text-center columns\"><\/div>\n<\/div>\n<div class=\"row\" style=\"margin-bottom: 1em !important;\">\n<div class=\"small-12 large-6 text-center columns\"><\/div>\n<div class=\"small-12 large-6 text-center columns\"><\/div>\n<\/div>\n","protected":false},"excerpt":{"rendered":"<p>P\u00e0gina dedicada a atendre les necessitats de formaci\u00f3 TAC per a mestres, alumnes i fam\u00edlies de l&#8217;escola.<\/p>\n<p> FORMACI\u00d3 per a alumnes, fam\u00edlies i professorat<\/p>\n<p><a href=\"https:\/\/agora.xtec.cat\/ceipmontfalgars\/serveis\/form_falgars\/workspace-for-education\/workspace-for-education-alumnes-i-families\/\" target=\"_blank\" rel=\"noopener noreferrer\"><\/a><\/p>\n<p><a href=\"https:\/\/agora.xtec.cat\/ceipmontfalgars\/?p=5480&amp;preview=true\" target=\"_blank\" rel=\"noopener noreferrer\"><\/a><\/p>\n<p>Eines i apps educatives<\/p>\n<p><a href=\"https:\/\/youtu.be\/aEOdiP8_aGM\" target=\"_blank\" rel=\"noopener noreferrer\"><\/a><\/p>\n<p><a href=\"https:\/\/youtu.be\/aEOdiP8_aGM\" target=\"_blank\" rel=\"noopener noreferrer\">Webinar 2020<\/a><\/p>\n<p><a href=\"https:\/\/agora.xtec.cat\/ceipmontfalgars\/serveis\/form_falgars\/texthelp-readwrite-y-fluencytutor\/\"&hellip;  <a href=\"https:\/\/agora.xtec.cat\/ceipmontfalgars\/serveis\/form_falgars\/\" title=\"Read Form#falg@rs\">Llegeix m\u00e9s\u00bb<\/a><\/p>\n","protected":false},"author":1,"featured_media":0,"parent":66,"menu_order":0,"comment_status":"closed","ping_status":"closed","template":"page-templates\/side-menu.php","meta":{"_bbp_topic_count":0,"_bbp_reply_count":0,"_bbp_total_topic_count":0,"_bbp_total_reply_count":0,"_bbp_voice_count":0,"_bbp_anonymous_reply_count":0,"_bbp_topic_count_hidden":0,"_bbp_reply_count_hidden":0,"_bbp_forum_subforum_count":0,"footnotes":""},"class_list":["post-1685","page","type-page","status-publish","hentry"],"post_mailing_queue_ids":[],"_links":{"self":[{"href":"https:\/\/agora.xtec.cat\/ceipmontfalgars\/wp-json\/wp\/v2\/pages\/1685","targetHints":{"allow":["GET"]}}],"collection":[{"href":"https:\/\/agora.xtec.cat\/ceipmontfalgars\/wp-json\/wp\/v2\/pages"}],"about":[{"href":"https:\/\/agora.xtec.cat\/ceipmontfalgars\/wp-json\/wp\/v2\/types\/page"}],"author":[{"embeddable":true,"href":"https:\/\/agora.xtec.cat\/ceipmontfalgars\/wp-json\/wp\/v2\/users\/1"}],"replies":[{"embeddable":true,"href":"https:\/\/agora.xtec.cat\/ceipmontfalgars\/wp-json\/wp\/v2\/comments?post=1685"}],"version-history":[{"count":4,"href":"https:\/\/agora.xtec.cat\/ceipmontfalgars\/wp-json\/wp\/v2\/pages\/1685\/revisions"}],"predecessor-version":[{"id":7058,"href":"https:\/\/agora.xtec.cat\/ceipmontfalgars\/wp-json\/wp\/v2\/pages\/1685\/revisions\/7058"}],"up":[{"embeddable":true,"href":"https:\/\/agora.xtec.cat\/ceipmontfalgars\/wp-json\/wp\/v2\/pages\/66"}],"wp:attachment":[{"href":"https:\/\/agora.xtec.cat\/ceipmontfalgars\/wp-json\/wp\/v2\/media?parent=1685"}],"curies":[{"name":"wp","href":"https:\/\/api.w.org\/{rel}","templated":true}]}}