{"id":7309,"date":"2026-03-03T11:06:06","date_gmt":"2026-03-03T10:06:06","guid":{"rendered":"https:\/\/agora.xtec.cat\/ceipmontessori\/?page_id=7309"},"modified":"2026-04-15T11:56:28","modified_gmt":"2026-04-15T09:56:28","slug":"preinscripcio-26-27","status":"publish","type":"page","link":"https:\/\/agora.xtec.cat\/ceipmontessori\/preinscripcio-26-27\/","title":{"rendered":"Preinscripci\u00f3 26\/27"},"content":{"rendered":"<p><img loading=\"lazy\" decoding=\"async\" class=\"aligncenter\" src=\"https:\/\/media-edg.barcelona.cat\/wp-content\/uploads\/2026\/02\/11120045\/preinscripcio-2026-2027-760x428.png\" alt=\"Preinscripci\u00f3 escolar per al curs 2026-2027\" width=\"760\" height=\"428\" \/><\/p>\n<h4 style=\"text-align: center;\"><a href=\"https:\/\/preinscripcio.gencat.cat\/ca\/inici\">Preinscripci\u00f3 i matriculaci\u00f3 (Gencat)<\/a><\/h4>\n<h4 style=\"text-align: center;\"><a href=\"https:\/\/www.rubi.cat\/ca\/temes\/educacio\/preinscripcio-i-matriculacio\/preinscripcio-i-matriculacio-1\">Preinscripci\u00f3 i matriculaci\u00f3 (Ajuntament de Rub\u00ed)<\/a><\/h4>\n<h4 style=\"text-align: center;\"><a href=\"https:\/\/drive.google.com\/file\/d\/11_OTy4-5S3uLeY8thYuSyTZX0k-qvlhO\/view?usp=sharing\">Oferta inicial de places 26\/27<\/a><\/h4>\n<h4 style=\"text-align: center;\"><a href=\"https:\/\/tramits.gencat.cat\/ca\/tramits\/tramits-temes\/perinscripcio-obligatoris?moda=1\">Fes la sol\u00b7licitud de preinscripci\u00f3 d&#8217;educaci\u00f3 infantil (3-6 anys)<\/a><\/h4>\n<h4 style=\"text-align: center;\"><a href=\"https:\/\/drive.google.com\/file\/d\/1Hi8VS0L1gc_asNGDiQKdIfpZldG-Hyya\/view?usp=sharing\"><strong>Llista de sol\u00b7licituds que han demanat el centre i l&#8217;ensenyament en primera<\/strong><\/a><br \/>\n<a href=\"https:\/\/drive.google.com\/file\/d\/1Hi8VS0L1gc_asNGDiQKdIfpZldG-Hyya\/view?usp=sharing\"><strong>petici\u00f3 amb la puntuaci\u00f3 provisional a 15\/04\/2026<\/strong><\/a><\/h4>\n<p style=\"text-align: center;\"><a href=\"https:\/\/preinscripcio.gencat.cat\/ca\/estudis\/infantil-3-6\/preinscriute\/sollicitud\/\">Tota la informaci\u00f3 per fer la sol\u00b7licitud<\/a><\/p>\n<p><img decoding=\"async\" src=\"https:\/\/preinscripcio.gencat.cat\/web\/.content\/inici\/imatge-impacte.jpg\" alt=\"Portal de preinscripci\u00f3 del Departament d\u2019Educaci\u00f3 i Formaci\u00f3 Professional\" \/><\/p>\n","protected":false},"excerpt":{"rendered":"<p>Preinscripci\u00f3 i matriculaci\u00f3 (Gencat) Preinscripci\u00f3 i matriculaci\u00f3 (Ajuntament de Rub\u00ed) Oferta inicial de places 26\/27 Fes la sol\u00b7licitud de preinscripci\u00f3 d&#8217;educaci\u00f3 infantil (3-6 anys) Llista de sol\u00b7licituds que han demanat el centre i l&#8217;ensenyament en primera petici\u00f3 amb la puntuaci\u00f3 provisional a 15\/04\/2026 Tota la informaci\u00f3 per fer la sol\u00b7licitud<\/p>\n","protected":false},"author":1,"featured_media":0,"parent":0,"menu_order":0,"comment_status":"closed","ping_status":"closed","template":"","meta":{"_bbp_topic_count":0,"_bbp_reply_count":0,"_bbp_total_topic_count":0,"_bbp_total_reply_count":0,"_bbp_voice_count":0,"_bbp_anonymous_reply_count":0,"_bbp_topic_count_hidden":0,"_bbp_reply_count_hidden":0,"_bbp_forum_subforum_count":0,"site-sidebar-layout":"default","site-content-layout":"","ast-site-content-layout":"default","site-content-style":"default","site-sidebar-style":"default","ast-global-header-display":"","ast-banner-title-visibility":"","ast-main-header-display":"","ast-hfb-above-header-display":"","ast-hfb-below-header-display":"","ast-hfb-mobile-header-display":"","site-post-title":"","ast-breadcrumbs-content":"","ast-featured-img":"","footer-sml-layout":"","theme-transparent-header-meta":"default","adv-header-id-meta":"","stick-header-meta":"","header-above-stick-meta":"","header-main-stick-meta":"","header-below-stick-meta":"","astra-migrate-meta-layouts":"set","ast-page-background-enabled":"default","ast-page-background-meta":{"desktop":{"background-color":"var(--ast-global-color-4)","background-image":"","background-repeat":"repeat","background-position":"center center","background-size":"auto","background-attachment":"scroll","background-type":"","background-media":"","overlay-type":"","overlay-color":"","overlay-opacity":"","overlay-gradient":""},"tablet":{"background-color":"","background-image":"","background-repeat":"repeat","background-position":"center center","background-size":"auto","background-attachment":"scroll","background-type":"","background-media":"","overlay-type":"","overlay-color":"","overlay-opacity":"","overlay-gradient":""},"mobile":{"background-color":"","background-image":"","background-repeat":"repeat","background-position":"center center","background-size":"auto","background-attachment":"scroll","background-type":"","background-media":"","overlay-type":"","overlay-color":"","overlay-opacity":"","overlay-gradient":""}},"ast-content-background-meta":{"desktop":{"background-color":"var(--ast-global-color-5)","background-image":"","background-repeat":"repeat","background-position":"center center","background-size":"auto","background-attachment":"scroll","background-type":"","background-media":"","overlay-type":"","overlay-color":"","overlay-opacity":"","overlay-gradient":""},"tablet":{"background-color":"var(--ast-global-color-5)","background-image":"","background-repeat":"repeat","background-position":"center center","background-size":"auto","background-attachment":"scroll","background-type":"","background-media":"","overlay-type":"","overlay-color":"","overlay-opacity":"","overlay-gradient":""},"mobile":{"background-color":"var(--ast-global-color-5)","background-image":"","background-repeat":"repeat","background-position":"center center","background-size":"auto","background-attachment":"scroll","background-type":"","background-media":"","overlay-type":"","overlay-color":"","overlay-opacity":"","overlay-gradient":""}},"footnotes":""},"class_list":["post-7309","page","type-page","status-publish","hentry"],"post_mailing_queue_ids":[],"_links":{"self":[{"href":"https:\/\/agora.xtec.cat\/ceipmontessori\/wp-json\/wp\/v2\/pages\/7309","targetHints":{"allow":["GET"]}}],"collection":[{"href":"https:\/\/agora.xtec.cat\/ceipmontessori\/wp-json\/wp\/v2\/pages"}],"about":[{"href":"https:\/\/agora.xtec.cat\/ceipmontessori\/wp-json\/wp\/v2\/types\/page"}],"author":[{"embeddable":true,"href":"https:\/\/agora.xtec.cat\/ceipmontessori\/wp-json\/wp\/v2\/users\/1"}],"replies":[{"embeddable":true,"href":"https:\/\/agora.xtec.cat\/ceipmontessori\/wp-json\/wp\/v2\/comments?post=7309"}],"version-history":[{"count":7,"href":"https:\/\/agora.xtec.cat\/ceipmontessori\/wp-json\/wp\/v2\/pages\/7309\/revisions"}],"predecessor-version":[{"id":7435,"href":"https:\/\/agora.xtec.cat\/ceipmontessori\/wp-json\/wp\/v2\/pages\/7309\/revisions\/7435"}],"wp:attachment":[{"href":"https:\/\/agora.xtec.cat\/ceipmontessori\/wp-json\/wp\/v2\/media?parent=7309"}],"curies":[{"name":"wp","href":"https:\/\/api.w.org\/{rel}","templated":true}]}}