{"id":73,"date":"2014-09-18T14:01:51","date_gmt":"2014-09-18T13:01:51","guid":{"rendered":"http:\/\/agora.xtec.cat\/ceipmontessori\/?page_id=73"},"modified":"2026-03-03T19:12:54","modified_gmt":"2026-03-03T18:12:54","slug":"menjador-escolar","status":"publish","type":"page","link":"https:\/\/agora.xtec.cat\/ceipmontessori\/menjador-escolar\/","title":{"rendered":"El nostre menjador escolar"},"content":{"rendered":"<div class=\"page\" title=\"Page 10\">\n<div class=\"layoutArea\">\n<div class=\"column\">\n<p style=\"text-align: center;\">\r\n\t<div class=\"slideshow_container slideshow_container_style-light\" style=\"height: 500px; \" data-slideshow-id=\"793\" data-style-name=\"style-light\" data-style-version=\"2.3.1\" >\r\n\r\n\t\t\t\t\t<div class=\"slideshow_loading_icon\"><\/div>\r\n\t\t\r\n\t\t<div class=\"slideshow_content\" style=\"display: none;\">\r\n\r\n\t\t\t<div class=\"slideshow_view\">\r\n\t\t\t\t<div class=\"slideshow_slide slideshow_slide_image\">\r\n\t\t\t\t\t\t\t\t\t\t\t<img src=\"https:\/\/agora.xtec.cat\/ceipmontessori\/wp-content\/uploads\/usu1159\/2017\/03\/Menjador_1.jpg\" alt=\"Menjador_1\" width=\"1000\" height=\"708\" \/>\r\n\t\t\t\t\t\t\t\t\t\t<div class=\"slideshow_description_box slideshow_transparent\">\r\n\t\t\t\t\t\t<div class=\"slideshow_title\">Menjador_1<\/div>\t\t\t\t\t\t\t\t\t\t\t<\/div>\r\n\t\t\t\t<\/div>\r\n\r\n\t\t\t\t\t\t<div style=\"clear: both;\"><\/div><\/div><div class=\"slideshow_view\">\r\n\t\t\t\t<div class=\"slideshow_slide slideshow_slide_image\">\r\n\t\t\t\t\t\t\t\t\t\t\t<img src=\"https:\/\/agora.xtec.cat\/ceipmontessori\/wp-content\/uploads\/usu1159\/2017\/03\/Menjador_4.jpg\" alt=\"Menjador_4\" width=\"1000\" height=\"563\" \/>\r\n\t\t\t\t\t\t\t\t\t\t<div class=\"slideshow_description_box slideshow_transparent\">\r\n\t\t\t\t\t\t<div class=\"slideshow_title\">Menjador_4<\/div>\t\t\t\t\t\t\t\t\t\t\t<\/div>\r\n\t\t\t\t<\/div>\r\n\r\n\t\t\t\t\t\t<div style=\"clear: both;\"><\/div><\/div><div class=\"slideshow_view\">\r\n\t\t\t\t<div class=\"slideshow_slide slideshow_slide_image\">\r\n\t\t\t\t\t\t\t\t\t\t\t<img src=\"https:\/\/agora.xtec.cat\/ceipmontessori\/wp-content\/uploads\/usu1159\/2025\/11\/WhatsApp-Image-2025-11-14-at-12.01.29.jpeg\" alt=\"WhatsApp Image 2025-11-14 at 12.01.29\" width=\"1600\" height=\"1200\" \/>\r\n\t\t\t\t\t\t\t\t\t\t<div class=\"slideshow_description_box slideshow_transparent\">\r\n\t\t\t\t\t\t<div class=\"slideshow_title\">WhatsApp Image 2025-11-14 at 12.01.29<\/div>\t\t\t\t\t\t\t\t\t\t\t<\/div>\r\n\t\t\t\t<\/div>\r\n\r\n\t\t\t\t\t\t<div style=\"clear: both;\"><\/div><\/div><div class=\"slideshow_view\">\r\n\t\t\t\t<div class=\"slideshow_slide slideshow_slide_image\">\r\n\t\t\t\t\t\t\t\t\t\t\t<img src=\"https:\/\/agora.xtec.cat\/ceipmontessori\/wp-content\/uploads\/usu1159\/2025\/11\/WhatsApp-Image-2025-11-14-at-12.01.30.jpeg\" alt=\"WhatsApp Image 2025-11-14 at 12.01.30\" width=\"1200\" height=\"1600\" \/>\r\n\t\t\t\t\t\t\t\t\t\t<div class=\"slideshow_description_box slideshow_transparent\">\r\n\t\t\t\t\t\t<div class=\"slideshow_title\">WhatsApp Image 2025-11-14 at 12.01.30<\/div>\t\t\t\t\t\t\t\t\t\t\t<\/div>\r\n\t\t\t\t<\/div>\r\n\r\n\t\t\t\t\t\t<div style=\"clear: both;\"><\/div><\/div><div class=\"slideshow_view\">\r\n\t\t\t\t<div class=\"slideshow_slide slideshow_slide_image\">\r\n\t\t\t\t\t\t\t\t\t\t\t<img src=\"https:\/\/agora.xtec.cat\/ceipmontessori\/wp-content\/uploads\/usu1159\/2025\/11\/WhatsApp-Image-2025-11-14-at-12.01.30-3.jpeg\" alt=\"WhatsApp Image 2025-11-14 at 12.01.30 (3)\" width=\"1200\" height=\"1600\" \/>\r\n\t\t\t\t\t\t\t\t\t\t<div class=\"slideshow_description_box slideshow_transparent\">\r\n\t\t\t\t\t\t<div class=\"slideshow_title\">WhatsApp Image 2025-11-14 at 12.01.30 (3)<\/div>\t\t\t\t\t\t\t\t\t\t\t<\/div>\r\n\t\t\t\t<\/div>\r\n\r\n\t\t\t\t\t\t<div style=\"clear: both;\"><\/div><\/div><div class=\"slideshow_view\">\r\n\t\t\t\t<div class=\"slideshow_slide slideshow_slide_image\">\r\n\t\t\t\t\t\t\t\t\t\t\t<img src=\"https:\/\/agora.xtec.cat\/ceipmontessori\/wp-content\/uploads\/usu1159\/2025\/11\/WhatsApp-Image-2025-11-14-at-12.01.31.jpeg\" alt=\"WhatsApp Image 2025-11-14 at 12.01.31\" width=\"1200\" height=\"1600\" \/>\r\n\t\t\t\t\t\t\t\t\t\t<div class=\"slideshow_description_box slideshow_transparent\">\r\n\t\t\t\t\t\t<div class=\"slideshow_title\">WhatsApp Image 2025-11-14 at 12.01.31<\/div>\t\t\t\t\t\t\t\t\t\t\t<\/div>\r\n\t\t\t\t<\/div>\r\n\r\n\t\t\t\t\t\t<div style=\"clear: both;\"><\/div><\/div><div class=\"slideshow_view\">\r\n\t\t\t\t<div class=\"slideshow_slide slideshow_slide_image\">\r\n\t\t\t\t\t\t\t\t\t\t\t<img src=\"https:\/\/agora.xtec.cat\/ceipmontessori\/wp-content\/uploads\/usu1159\/2025\/11\/WhatsApp-Image-2025-11-14-at-12.01.31-1.jpeg\" alt=\"WhatsApp Image 2025-11-14 at 12.01.31 (1)\" width=\"1200\" height=\"1600\" \/>\r\n\t\t\t\t\t\t\t\t\t\t<div class=\"slideshow_description_box slideshow_transparent\">\r\n\t\t\t\t\t\t<div class=\"slideshow_title\">WhatsApp Image 2025-11-14 at 12.01.31 (1)<\/div>\t\t\t\t\t\t\t\t\t\t\t<\/div>\r\n\t\t\t\t<\/div>\r\n\r\n\t\t\t\t\t\t<div style=\"clear: both;\"><\/div><\/div><div class=\"slideshow_view\">\r\n\t\t\t\t<div class=\"slideshow_slide slideshow_slide_image\">\r\n\t\t\t\t\t\t\t\t\t\t\t<img src=\"https:\/\/agora.xtec.cat\/ceipmontessori\/wp-content\/uploads\/usu1159\/2025\/11\/WhatsApp-Image-2025-11-14-at-12.01.31-2.jpeg\" alt=\"WhatsApp Image 2025-11-14 at 12.01.31 (2)\" width=\"1200\" height=\"1600\" \/>\r\n\t\t\t\t\t\t\t\t\t\t<div class=\"slideshow_description_box slideshow_transparent\">\r\n\t\t\t\t\t\t<div class=\"slideshow_title\">WhatsApp Image 2025-11-14 at 12.01.31 (2)<\/div>\t\t\t\t\t\t\t\t\t\t\t<\/div>\r\n\t\t\t\t<\/div>\r\n\r\n\t\t\t\t\t\t<div style=\"clear: both;\"><\/div><\/div><div class=\"slideshow_view\">\r\n\t\t\t\t<div class=\"slideshow_slide slideshow_slide_image\">\r\n\t\t\t\t\t\t\t\t\t\t\t<img src=\"https:\/\/agora.xtec.cat\/ceipmontessori\/wp-content\/uploads\/usu1159\/2025\/11\/WhatsApp-Image-2025-11-14-at-12.01.30-1.jpeg\" alt=\"WhatsApp Image 2025-11-14 at 12.01.30 (1)\" width=\"1200\" height=\"1600\" \/>\r\n\t\t\t\t\t\t\t\t\t\t<div class=\"slideshow_description_box slideshow_transparent\">\r\n\t\t\t\t\t\t<div class=\"slideshow_title\">WhatsApp Image 2025-11-14 at 12.01.30 (1)<\/div>\t\t\t\t\t\t\t\t\t\t\t<\/div>\r\n\t\t\t\t<\/div>\r\n\r\n\t\t\t\t\t\t<div style=\"clear: both;\"><\/div><\/div><div class=\"slideshow_view\">\r\n\t\t\t\t<div class=\"slideshow_slide slideshow_slide_image\">\r\n\t\t\t\t\t\t\t\t\t\t\t<img src=\"https:\/\/agora.xtec.cat\/ceipmontessori\/wp-content\/uploads\/usu1159\/2025\/11\/WhatsApp-Image-2025-11-14-at-12.01.30-2.jpeg\" alt=\"WhatsApp Image 2025-11-14 at 12.01.30 (2)\" width=\"1200\" height=\"1600\" \/>\r\n\t\t\t\t\t\t\t\t\t\t<div class=\"slideshow_description_box slideshow_transparent\">\r\n\t\t\t\t\t\t<div class=\"slideshow_title\">WhatsApp Image 2025-11-14 at 12.01.30 (2)<\/div>\t\t\t\t\t\t\t\t\t\t\t<\/div>\r\n\t\t\t\t<\/div>\r\n\r\n\t\t\t\t\t\t<div style=\"clear: both;\"><\/div><\/div>\r\n\t\t<\/div>\r\n\r\n\t\t<div class=\"slideshow_controlPanel slideshow_transparent\" style=\"display: none;\"><ul><li class=\"slideshow_togglePlay\" data-play-text=\"Visualitza\" data-pause-text=\"Pausa\"><\/li><\/ul><\/div>\r\n\r\n\t\t<div class=\"slideshow_button slideshow_previous slideshow_transparent\" role=\"button\" data-previous-text=\"Anterior\" style=\"display: none;\"><\/div>\r\n\t\t<div class=\"slideshow_button slideshow_next slideshow_transparent\" role=\"button\" data-next-text=\"Seg\u00fcent\" style=\"display: none;\"><\/div>\r\n\r\n\t\t<div class=\"slideshow_pagination\" style=\"display: none;\" data-go-to-text=\"V\u00e9s a la diapositiva\"><div class=\"slideshow_pagination_center\"><\/div><\/div>\r\n\r\n\t\t<!-- WordPress Slideshow Version 2.3.1 -->\r\n\r\n\t\t\t<\/div>\r\n\r\n<\/p>\n<p><strong>Coordinaci\u00f3 del servei: Cristina L\u00f3pez i Pablo Rodriguez<\/strong><\/p>\n<p><span style=\"text-decoration: underline;\">Equip de monitors i monitores<\/span><\/p>\n<p>Des del menjador de Campos Estela estem molt feli\u00e7os d\u2019acompanyar els vostres infants en aquest espai del migdia. Diverses vegades a la setmana organitzem <strong>activitats atractives i variades<\/strong>, pensades per a totes les edats i adaptades a les diferents necessitats educatives.<\/p>\n<p>Els coordinadors s\u00f3n les persones de refer\u00e8ncia per a qualsevol consulta o necessitat relacionada amb l\u2019\u00fas del menjador. Estan a la vostra disposici\u00f3 per informar-vos i acompanyar-vos en tot all\u00f2 que faci falta.<\/p>\n<p>El servei de menjador inclou tot l\u2019espai del migdia no lectiu. Per garantir un bon funcionament i una millor organitzaci\u00f3, es realitzen <span style=\"text-decoration: underline;\">diferents torns per dinar i activitats, adaptats al nombre d\u2019alumnes que hi participen<\/span>.<\/p>\n<p>El centre disposa d\u2019una normativa espec\u00edfica del servei de menjador, accessible per a fam\u00edlies i alumnes.<\/p>\n<p>Recordem que \u00e9s obligatori <span style=\"text-decoration: underline;\">comunicar qualsevol abs\u00e8ncia, tant si teniu beca com si no<\/span>. No fer-ho genera incid\u00e8ncies d\u2019organitzaci\u00f3 i tamb\u00e9 econ\u00f2miques; per aix\u00f2 \u00e9s imprescindible avisar sempre. En cas contrari, s\u2019hauran de prendre les mesures corresponents.<\/p>\n<p>Pel que fa als casos d\u2019urg\u00e8ncia o malaltia, es segueix el mateix protocol establert per l\u2019escola, incloent-hi les autoritzacions per administrar medicaci\u00f3. \u00c9s fonamental informar de qualsevol al\u00b7l\u00e8rgia aliment\u00e0ria, intoler\u00e0ncia o necessitat espec\u00edfica perqu\u00e8 puguem garantir la seguretat i el benestar de tots els infants.<\/p>\n<p><img loading=\"lazy\" decoding=\"async\" class=\"alignnone wp-image-5448\" src=\"https:\/\/agora.xtec.cat\/ceipmontessori\/wp-content\/uploads\/usu1159\/2022\/01\/Captura-de-Pantalla-2022-01-10-a-les-12.21.25-1024x639.png\" alt=\"\" width=\"582\" height=\"363\" srcset=\"https:\/\/agora.xtec.cat\/ceipmontessori\/wp-content\/uploads\/usu1159\/2022\/01\/Captura-de-Pantalla-2022-01-10-a-les-12.21.25-1024x639.png 1024w, https:\/\/agora.xtec.cat\/ceipmontessori\/wp-content\/uploads\/usu1159\/2022\/01\/Captura-de-Pantalla-2022-01-10-a-les-12.21.25-300x187.png 300w, https:\/\/agora.xtec.cat\/ceipmontessori\/wp-content\/uploads\/usu1159\/2022\/01\/Captura-de-Pantalla-2022-01-10-a-les-12.21.25-768x479.png 768w, https:\/\/agora.xtec.cat\/ceipmontessori\/wp-content\/uploads\/usu1159\/2022\/01\/Captura-de-Pantalla-2022-01-10-a-les-12.21.25.png 1164w\" sizes=\"auto, (max-width: 582px) 100vw, 582px\" \/><\/p>\n<p><iframe loading=\"lazy\" src=\"\/\/www.youtube.com\/embed\/aazaq8Dp67k\" width=\"560\" height=\"314\" allowfullscreen=\"allowfullscreen\"><\/iframe><\/p>\n<p>(Text extret del correu enviat per Campos Estela)<\/p>\n<\/div>\n<\/div>\n<\/div>\n","protected":false},"excerpt":{"rendered":"<p>Coordinaci\u00f3 del servei: Cristina L\u00f3pez i Pablo Rodriguez Equip de monitors i monitores Des del menjador de Campos Estela estem molt feli\u00e7os d\u2019acompanyar els vostres infants en aquest espai del migdia. Diverses vegades a la setmana organitzem activitats atractives i variades, pensades per a totes les edats i adaptades a les diferents necessitats educatives. Els [&hellip;]<\/p>\n","protected":false},"author":1,"featured_media":0,"parent":0,"menu_order":30,"comment_status":"closed","ping_status":"closed","template":"","meta":{"_bbp_topic_count":0,"_bbp_reply_count":0,"_bbp_total_topic_count":0,"_bbp_total_reply_count":0,"_bbp_voice_count":0,"_bbp_anonymous_reply_count":0,"_bbp_topic_count_hidden":0,"_bbp_reply_count_hidden":0,"_bbp_forum_subforum_count":0,"site-sidebar-layout":"default","site-content-layout":"","ast-site-content-layout":"default","site-content-style":"default","site-sidebar-style":"default","ast-global-header-display":"","ast-banner-title-visibility":"","ast-main-header-display":"","ast-hfb-above-header-display":"","ast-hfb-below-header-display":"","ast-hfb-mobile-header-display":"","site-post-title":"","ast-breadcrumbs-content":"","ast-featured-img":"","footer-sml-layout":"","theme-transparent-header-meta":"default","adv-header-id-meta":"","stick-header-meta":"","header-above-stick-meta":"","header-main-stick-meta":"","header-below-stick-meta":"","astra-migrate-meta-layouts":"set","ast-page-background-enabled":"default","ast-page-background-meta":{"desktop":{"background-color":"var(--ast-global-color-4)","background-image":"","background-repeat":"repeat","background-position":"center center","background-size":"auto","background-attachment":"scroll","background-type":"","background-media":"","overlay-type":"","overlay-color":"","overlay-opacity":"","overlay-gradient":""},"tablet":{"background-color":"","background-image":"","background-repeat":"repeat","background-position":"center center","background-size":"auto","background-attachment":"scroll","background-type":"","background-media":"","overlay-type":"","overlay-color":"","overlay-opacity":"","overlay-gradient":""},"mobile":{"background-color":"","background-image":"","background-repeat":"repeat","background-position":"center center","background-size":"auto","background-attachment":"scroll","background-type":"","background-media":"","overlay-type":"","overlay-color":"","overlay-opacity":"","overlay-gradient":""}},"ast-content-background-meta":{"desktop":{"background-color":"var(--ast-global-color-5)","background-image":"","background-repeat":"repeat","background-position":"center center","background-size":"auto","background-attachment":"scroll","background-type":"","background-media":"","overlay-type":"","overlay-color":"","overlay-opacity":"","overlay-gradient":""},"tablet":{"background-color":"var(--ast-global-color-5)","background-image":"","background-repeat":"repeat","background-position":"center center","background-size":"auto","background-attachment":"scroll","background-type":"","background-media":"","overlay-type":"","overlay-color":"","overlay-opacity":"","overlay-gradient":""},"mobile":{"background-color":"var(--ast-global-color-5)","background-image":"","background-repeat":"repeat","background-position":"center center","background-size":"auto","background-attachment":"scroll","background-type":"","background-media":"","overlay-type":"","overlay-color":"","overlay-opacity":"","overlay-gradient":""}},"footnotes":""},"class_list":["post-73","page","type-page","status-publish","hentry"],"post_mailing_queue_ids":[],"_links":{"self":[{"href":"https:\/\/agora.xtec.cat\/ceipmontessori\/wp-json\/wp\/v2\/pages\/73","targetHints":{"allow":["GET"]}}],"collection":[{"href":"https:\/\/agora.xtec.cat\/ceipmontessori\/wp-json\/wp\/v2\/pages"}],"about":[{"href":"https:\/\/agora.xtec.cat\/ceipmontessori\/wp-json\/wp\/v2\/types\/page"}],"author":[{"embeddable":true,"href":"https:\/\/agora.xtec.cat\/ceipmontessori\/wp-json\/wp\/v2\/users\/1"}],"replies":[{"embeddable":true,"href":"https:\/\/agora.xtec.cat\/ceipmontessori\/wp-json\/wp\/v2\/comments?post=73"}],"version-history":[{"count":6,"href":"https:\/\/agora.xtec.cat\/ceipmontessori\/wp-json\/wp\/v2\/pages\/73\/revisions"}],"predecessor-version":[{"id":7335,"href":"https:\/\/agora.xtec.cat\/ceipmontessori\/wp-json\/wp\/v2\/pages\/73\/revisions\/7335"}],"wp:attachment":[{"href":"https:\/\/agora.xtec.cat\/ceipmontessori\/wp-json\/wp\/v2\/media?parent=73"}],"curies":[{"name":"wp","href":"https:\/\/api.w.org\/{rel}","templated":true}]}}