{"id":6946,"date":"2025-11-10T12:22:56","date_gmt":"2025-11-10T11:22:56","guid":{"rendered":"https:\/\/agora.xtec.cat\/ceipmontessori\/?page_id=6946"},"modified":"2025-11-10T17:35:04","modified_gmt":"2025-11-10T16:35:04","slug":"tallers-daprenentatge-2025-26","status":"publish","type":"page","link":"https:\/\/agora.xtec.cat\/ceipmontessori\/tallers-daprenentatge-2025-26\/","title":{"rendered":"Tallers d\u2019Aprenentatge 2025-26"},"content":{"rendered":"<header class=\"entry-header\">\n<p class=\"entry-title\" style=\"text-align: justify;\">De totes les propostes que fem a l\u2019escola la que m\u00e9s reflecteix la cultura STEAM, TINKERING i MAKER s\u00f3n els tallers. Sorgits de la necessitat de fomentar aprenentatges significatius de manera multidisciplinar i internivell, en els tallers, volem promoure que l\u2019alumnat vagi adquirint coneixements de manera autodidacta a trav\u00e9s de la interacci\u00f3 amb els diferents elements,eines i espais. I per tant, afavorim l\u2019aprenentatge vivencial, a trav\u00e9s de les mans i emprant el m\u00e8tode cient\u00edfic i d\u2019investigaci\u00f3 tot posicionant les nenes i nens en el centre dels aprenentatges per tal d\u2019afavorir una forta implicaci\u00f3.<\/p>\n<\/header>\n<div class=\"entry-content\">\n<div class=\"entry-content\">\n<div class=\"entry-content\" style=\"text-align: justify;\">\n<p>En els tallers potenciem les diferents vocacions sense fer distincions de g\u00e8nere. Ja fa uns cursos que dediquem els tallers a dones c\u00e8lebres amb vocacions STEAM i, d&#8217;aquesta manera, cada taller t\u00e9 el nom d&#8217;una dona que ha fet hist\u00f2ria.<\/p>\n<\/div>\n<ul>\n<li style=\"text-align: justify;\"><a href=\"https:\/\/agora.xtec.cat\/ceipmontessori\/categoria\/tallersaprenentatges\/tallerscp25-26\/\">Tallers d&#8217;aprenentatge de la comunitat de petites 25-26<\/a><\/li>\n<li style=\"text-align: justify;\"><a href=\"https:\/\/agora.xtec.cat\/ceipmontessori\/categoria\/tallersaprenentatges\/tallerscm25-26\/\">Tallers d&#8217;aprenentatge de la comunitat de mitjanes 25-26<\/a><\/li>\n<li style=\"text-align: justify;\"><a href=\"https:\/\/agora.xtec.cat\/ceipmontessori\/categoria\/tallersaprenentatges\/tallerscg25-26\/\">Tallers d&#8217;aprenentatge de la comunitat de grans 25-26<\/a><\/li>\n<\/ul>\n<\/div>\n<\/div>\n","protected":false},"excerpt":{"rendered":"<p>De totes les propostes que fem a l\u2019escola la que m\u00e9s reflecteix la cultura STEAM, TINKERING i MAKER s\u00f3n els tallers. Sorgits de la necessitat de fomentar aprenentatges significatius de manera multidisciplinar i internivell, en els tallers, volem promoure que l\u2019alumnat vagi adquirint coneixements de manera autodidacta a trav\u00e9s de la interacci\u00f3 amb els diferents [&hellip;]<\/p>\n","protected":false},"author":1,"featured_media":0,"parent":0,"menu_order":0,"comment_status":"closed","ping_status":"closed","template":"","meta":{"_bbp_topic_count":0,"_bbp_reply_count":0,"_bbp_total_topic_count":0,"_bbp_total_reply_count":0,"_bbp_voice_count":0,"_bbp_anonymous_reply_count":0,"_bbp_topic_count_hidden":0,"_bbp_reply_count_hidden":0,"_bbp_forum_subforum_count":0,"site-sidebar-layout":"default","site-content-layout":"","ast-site-content-layout":"default","site-content-style":"default","site-sidebar-style":"default","ast-global-header-display":"","ast-banner-title-visibility":"","ast-main-header-display":"","ast-hfb-above-header-display":"","ast-hfb-below-header-display":"","ast-hfb-mobile-header-display":"","site-post-title":"","ast-breadcrumbs-content":"","ast-featured-img":"","footer-sml-layout":"","theme-transparent-header-meta":"default","adv-header-id-meta":"","stick-header-meta":"","header-above-stick-meta":"","header-main-stick-meta":"","header-below-stick-meta":"","astra-migrate-meta-layouts":"set","ast-page-background-enabled":"default","ast-page-background-meta":{"desktop":{"background-color":"var(--ast-global-color-4)","background-image":"","background-repeat":"repeat","background-position":"center center","background-size":"auto","background-attachment":"scroll","background-type":"","background-media":"","overlay-type":"","overlay-color":"","overlay-opacity":"","overlay-gradient":""},"tablet":{"background-color":"","background-image":"","background-repeat":"repeat","background-position":"center center","background-size":"auto","background-attachment":"scroll","background-type":"","background-media":"","overlay-type":"","overlay-color":"","overlay-opacity":"","overlay-gradient":""},"mobile":{"background-color":"","background-image":"","background-repeat":"repeat","background-position":"center center","background-size":"auto","background-attachment":"scroll","background-type":"","background-media":"","overlay-type":"","overlay-color":"","overlay-opacity":"","overlay-gradient":""}},"ast-content-background-meta":{"desktop":{"background-color":"var(--ast-global-color-5)","background-image":"","background-repeat":"repeat","background-position":"center center","background-size":"auto","background-attachment":"scroll","background-type":"","background-media":"","overlay-type":"","overlay-color":"","overlay-opacity":"","overlay-gradient":""},"tablet":{"background-color":"var(--ast-global-color-5)","background-image":"","background-repeat":"repeat","background-position":"center center","background-size":"auto","background-attachment":"scroll","background-type":"","background-media":"","overlay-type":"","overlay-color":"","overlay-opacity":"","overlay-gradient":""},"mobile":{"background-color":"var(--ast-global-color-5)","background-image":"","background-repeat":"repeat","background-position":"center center","background-size":"auto","background-attachment":"scroll","background-type":"","background-media":"","overlay-type":"","overlay-color":"","overlay-opacity":"","overlay-gradient":""}},"footnotes":""},"class_list":["post-6946","page","type-page","status-publish","hentry"],"post_mailing_queue_ids":[],"_links":{"self":[{"href":"https:\/\/agora.xtec.cat\/ceipmontessori\/wp-json\/wp\/v2\/pages\/6946","targetHints":{"allow":["GET"]}}],"collection":[{"href":"https:\/\/agora.xtec.cat\/ceipmontessori\/wp-json\/wp\/v2\/pages"}],"about":[{"href":"https:\/\/agora.xtec.cat\/ceipmontessori\/wp-json\/wp\/v2\/types\/page"}],"author":[{"embeddable":true,"href":"https:\/\/agora.xtec.cat\/ceipmontessori\/wp-json\/wp\/v2\/users\/1"}],"replies":[{"embeddable":true,"href":"https:\/\/agora.xtec.cat\/ceipmontessori\/wp-json\/wp\/v2\/comments?post=6946"}],"version-history":[{"count":2,"href":"https:\/\/agora.xtec.cat\/ceipmontessori\/wp-json\/wp\/v2\/pages\/6946\/revisions"}],"predecessor-version":[{"id":7031,"href":"https:\/\/agora.xtec.cat\/ceipmontessori\/wp-json\/wp\/v2\/pages\/6946\/revisions\/7031"}],"wp:attachment":[{"href":"https:\/\/agora.xtec.cat\/ceipmontessori\/wp-json\/wp\/v2\/media?parent=6946"}],"curies":[{"name":"wp","href":"https:\/\/api.w.org\/{rel}","templated":true}]}}