{"id":6942,"date":"2025-11-10T12:20:28","date_gmt":"2025-11-10T11:20:28","guid":{"rendered":"https:\/\/agora.xtec.cat\/ceipmontessori\/?page_id=6942"},"modified":"2025-11-10T17:30:26","modified_gmt":"2025-11-10T16:30:26","slug":"projectes-daula-2025-26","status":"publish","type":"page","link":"https:\/\/agora.xtec.cat\/ceipmontessori\/projectes-daula-2025-26\/","title":{"rendered":"Projectes d&#8217;aula 2025-26"},"content":{"rendered":"<header class=\"entry-header\">\n<p class=\"entry-title\">La metodologia de l\u2019escola fomenta l\u2019autonomia i la cooperaci\u00f3 de l\u2019alumnat i d\u2019aquesta manera el treball per projectes \u00e9s una eina molt present en el dia a dia.<\/p>\n<\/header>\n<div class=\"entry-content\">\n<p>Els projectes s\u00f3n propostes interdisciplinars i globalitzades que enllacen diversos aspectes i on els aprenentatges deriven de les seves inquituds i interessos, per una major motivaci\u00f3 i un aprenentatge m\u00e9s significatiu. Proporciona estrat\u00e8gies als infants per a dissenyar, resoldre inc\u00f2gnites, investigar i prendre decisions, sent protagonistes del seu aprenentatge i fomentant l\u2019equitat.<\/p>\n<\/div>\n<ul>\n<li><a href=\"https:\/\/agora.xtec.cat\/ceipmontessori\/categoria\/projectesaula\/projectescp25-26\/\">Projectes d&#8217;aula de la comunitat de Petites 25-26<\/a><\/li>\n<li><a href=\"https:\/\/agora.xtec.cat\/ceipmontessori\/categoria\/projectesaula\/projectescm25-26\/\">Projectes d&#8217;aula de la comunitat de Mitjanes 25-26<\/a><\/li>\n<li><a href=\"https:\/\/agora.xtec.cat\/ceipmontessori\/categoria\/projectesaula\/projectescg25-26\/\">Projectes d&#8217;aula de la comunitat de Grans 25-26<\/a><\/li>\n<\/ul>\n","protected":false},"excerpt":{"rendered":"<p>La metodologia de l\u2019escola fomenta l\u2019autonomia i la cooperaci\u00f3 de l\u2019alumnat i d\u2019aquesta manera el treball per projectes \u00e9s una eina molt present en el dia a dia. Els projectes s\u00f3n propostes interdisciplinars i globalitzades que enllacen diversos aspectes i on els aprenentatges deriven de les seves inquituds i interessos, per una major motivaci\u00f3 i [&hellip;]<\/p>\n","protected":false},"author":1,"featured_media":0,"parent":0,"menu_order":0,"comment_status":"closed","ping_status":"closed","template":"","meta":{"_bbp_topic_count":0,"_bbp_reply_count":0,"_bbp_total_topic_count":0,"_bbp_total_reply_count":0,"_bbp_voice_count":0,"_bbp_anonymous_reply_count":0,"_bbp_topic_count_hidden":0,"_bbp_reply_count_hidden":0,"_bbp_forum_subforum_count":0,"site-sidebar-layout":"default","site-content-layout":"","ast-site-content-layout":"default","site-content-style":"default","site-sidebar-style":"default","ast-global-header-display":"","ast-banner-title-visibility":"","ast-main-header-display":"","ast-hfb-above-header-display":"","ast-hfb-below-header-display":"","ast-hfb-mobile-header-display":"","site-post-title":"","ast-breadcrumbs-content":"","ast-featured-img":"","footer-sml-layout":"","theme-transparent-header-meta":"default","adv-header-id-meta":"","stick-header-meta":"","header-above-stick-meta":"","header-main-stick-meta":"","header-below-stick-meta":"","astra-migrate-meta-layouts":"set","ast-page-background-enabled":"default","ast-page-background-meta":{"desktop":{"background-color":"var(--ast-global-color-4)","background-image":"","background-repeat":"repeat","background-position":"center center","background-size":"auto","background-attachment":"scroll","background-type":"","background-media":"","overlay-type":"","overlay-color":"","overlay-opacity":"","overlay-gradient":""},"tablet":{"background-color":"","background-image":"","background-repeat":"repeat","background-position":"center center","background-size":"auto","background-attachment":"scroll","background-type":"","background-media":"","overlay-type":"","overlay-color":"","overlay-opacity":"","overlay-gradient":""},"mobile":{"background-color":"","background-image":"","background-repeat":"repeat","background-position":"center center","background-size":"auto","background-attachment":"scroll","background-type":"","background-media":"","overlay-type":"","overlay-color":"","overlay-opacity":"","overlay-gradient":""}},"ast-content-background-meta":{"desktop":{"background-color":"var(--ast-global-color-5)","background-image":"","background-repeat":"repeat","background-position":"center center","background-size":"auto","background-attachment":"scroll","background-type":"","background-media":"","overlay-type":"","overlay-color":"","overlay-opacity":"","overlay-gradient":""},"tablet":{"background-color":"var(--ast-global-color-5)","background-image":"","background-repeat":"repeat","background-position":"center center","background-size":"auto","background-attachment":"scroll","background-type":"","background-media":"","overlay-type":"","overlay-color":"","overlay-opacity":"","overlay-gradient":""},"mobile":{"background-color":"var(--ast-global-color-5)","background-image":"","background-repeat":"repeat","background-position":"center center","background-size":"auto","background-attachment":"scroll","background-type":"","background-media":"","overlay-type":"","overlay-color":"","overlay-opacity":"","overlay-gradient":""}},"footnotes":""},"class_list":["post-6942","page","type-page","status-publish","hentry"],"post_mailing_queue_ids":[],"_links":{"self":[{"href":"https:\/\/agora.xtec.cat\/ceipmontessori\/wp-json\/wp\/v2\/pages\/6942","targetHints":{"allow":["GET"]}}],"collection":[{"href":"https:\/\/agora.xtec.cat\/ceipmontessori\/wp-json\/wp\/v2\/pages"}],"about":[{"href":"https:\/\/agora.xtec.cat\/ceipmontessori\/wp-json\/wp\/v2\/types\/page"}],"author":[{"embeddable":true,"href":"https:\/\/agora.xtec.cat\/ceipmontessori\/wp-json\/wp\/v2\/users\/1"}],"replies":[{"embeddable":true,"href":"https:\/\/agora.xtec.cat\/ceipmontessori\/wp-json\/wp\/v2\/comments?post=6942"}],"version-history":[{"count":3,"href":"https:\/\/agora.xtec.cat\/ceipmontessori\/wp-json\/wp\/v2\/pages\/6942\/revisions"}],"predecessor-version":[{"id":7030,"href":"https:\/\/agora.xtec.cat\/ceipmontessori\/wp-json\/wp\/v2\/pages\/6942\/revisions\/7030"}],"wp:attachment":[{"href":"https:\/\/agora.xtec.cat\/ceipmontessori\/wp-json\/wp\/v2\/media?parent=6942"}],"curies":[{"name":"wp","href":"https:\/\/api.w.org\/{rel}","templated":true}]}}