{"id":6924,"date":"2025-11-10T11:51:27","date_gmt":"2025-11-10T10:51:27","guid":{"rendered":"https:\/\/agora.xtec.cat\/ceipmontessori\/?page_id=6924"},"modified":"2025-11-10T13:48:50","modified_gmt":"2025-11-10T12:48:50","slug":"aula-de-musica","status":"publish","type":"page","link":"https:\/\/agora.xtec.cat\/ceipmontessori\/aula-de-musica\/","title":{"rendered":"Aula de M\u00fasica"},"content":{"rendered":"\r\n\t<div class=\"slideshow_container slideshow_container_style-light\" style=\"height: 600px; \" data-slideshow-id=\"6971\" data-style-name=\"style-light\" data-style-version=\"2.3.1\" >\r\n\r\n\t\t\t\t\t<div class=\"slideshow_loading_icon\"><\/div>\r\n\t\t\r\n\t\t<div class=\"slideshow_content\" style=\"display: none;\">\r\n\r\n\t\t\t<div class=\"slideshow_view\">\r\n\t\t\t\t<div class=\"slideshow_slide slideshow_slide_image\">\r\n\t\t\t\t\t\t\t\t\t\t\t<img src=\"https:\/\/agora.xtec.cat\/ceipmontessori\/wp-content\/uploads\/usu1159\/2025\/11\/musica1-scaled.jpg\" alt=\"musica1\" width=\"2560\" height=\"1920\" \/>\r\n\t\t\t\t\t\t\t\t\t\t<div class=\"slideshow_description_box slideshow_transparent\">\r\n\t\t\t\t\t\t<div class=\"slideshow_title\">musica1<\/div>\t\t\t\t\t\t\t\t\t\t\t<\/div>\r\n\t\t\t\t<\/div>\r\n\r\n\t\t\t\t\t\t<div style=\"clear: both;\"><\/div><\/div><div class=\"slideshow_view\">\r\n\t\t\t\t<div class=\"slideshow_slide slideshow_slide_image\">\r\n\t\t\t\t\t\t\t\t\t\t\t<img src=\"https:\/\/agora.xtec.cat\/ceipmontessori\/wp-content\/uploads\/usu1159\/2025\/11\/musica2-scaled.jpg\" alt=\"musica2\" width=\"2560\" height=\"1920\" \/>\r\n\t\t\t\t\t\t\t\t\t\t<div class=\"slideshow_description_box slideshow_transparent\">\r\n\t\t\t\t\t\t<div class=\"slideshow_title\">musica2<\/div>\t\t\t\t\t\t\t\t\t\t\t<\/div>\r\n\t\t\t\t<\/div>\r\n\r\n\t\t\t\t\t\t<div style=\"clear: both;\"><\/div><\/div><div class=\"slideshow_view\">\r\n\t\t\t\t<div class=\"slideshow_slide slideshow_slide_image\">\r\n\t\t\t\t\t\t\t\t\t\t\t<img src=\"https:\/\/agora.xtec.cat\/ceipmontessori\/wp-content\/uploads\/usu1159\/2025\/11\/musica3-scaled.jpg\" alt=\"musica3\" width=\"2560\" height=\"1920\" \/>\r\n\t\t\t\t\t\t\t\t\t\t<div class=\"slideshow_description_box slideshow_transparent\">\r\n\t\t\t\t\t\t<div class=\"slideshow_title\">musica3<\/div>\t\t\t\t\t\t\t\t\t\t\t<\/div>\r\n\t\t\t\t<\/div>\r\n\r\n\t\t\t\t\t\t<div style=\"clear: both;\"><\/div><\/div><div class=\"slideshow_view\">\r\n\t\t\t\t<div class=\"slideshow_slide slideshow_slide_image\">\r\n\t\t\t\t\t\t\t\t\t\t\t<img src=\"https:\/\/agora.xtec.cat\/ceipmontessori\/wp-content\/uploads\/usu1159\/2025\/11\/musica4-scaled.jpg\" alt=\"musica4\" width=\"2560\" height=\"1920\" \/>\r\n\t\t\t\t\t\t\t\t\t\t<div class=\"slideshow_description_box slideshow_transparent\">\r\n\t\t\t\t\t\t<div class=\"slideshow_title\">musica4<\/div>\t\t\t\t\t\t\t\t\t\t\t<\/div>\r\n\t\t\t\t<\/div>\r\n\r\n\t\t\t\t\t\t<div style=\"clear: both;\"><\/div><\/div>\r\n\t\t<\/div>\r\n\r\n\t\t<div class=\"slideshow_controlPanel slideshow_transparent\" style=\"display: none;\"><ul><li class=\"slideshow_togglePlay\" data-play-text=\"Visualitza\" data-pause-text=\"Pausa\"><\/li><\/ul><\/div>\r\n\r\n\t\t<div class=\"slideshow_button slideshow_previous slideshow_transparent\" role=\"button\" data-previous-text=\"Anterior\" style=\"display: none;\"><\/div>\r\n\t\t<div class=\"slideshow_button slideshow_next slideshow_transparent\" role=\"button\" data-next-text=\"Seg\u00fcent\" style=\"display: none;\"><\/div>\r\n\r\n\t\t<div class=\"slideshow_pagination\" style=\"display: none;\" data-go-to-text=\"V\u00e9s a la diapositiva\"><div class=\"slideshow_pagination_center\"><\/div><\/div>\r\n\r\n\t\t<!-- WordPress Slideshow Version 2.3.1 -->\r\n\r\n\t\t\t<\/div>\r\n\r\n\n<p data-start=\"108\" data-end=\"421\">La m\u00fasica forma part de l\u2019ADN de l&#8217;Montessori: un lloc on els sons, el moviment, l\u2019expressi\u00f3 i la creativitat es donen la m\u00e0 per fomentar una educaci\u00f3 integral.<br data-start=\"357\" data-end=\"360\" \/>En aquesta aula, l\u2019alumnat t\u00e9 l\u2019oportunitat de:<\/p>\n<ul data-start=\"422\" data-end=\"921\">\n<li data-start=\"422\" data-end=\"541\">\n<p data-start=\"424\" data-end=\"541\">escoltar, experimentar i fer m\u00fasica perqu\u00e8 aprengui a sentir el ritme, la melodia i l\u2019harmonia de manera vivencial;<\/p>\n<\/li>\n<li data-start=\"542\" data-end=\"743\">\n<p data-start=\"544\" data-end=\"743\">tocar instruments, cantar i participar en activitats col\u00b7laboratives que ajuden a desenvolupar no nom\u00e9s la capacitat musical, sin\u00f3 tamb\u00e9 el treball en equip, la creativitat i la confian\u00e7a personal;<\/p>\n<\/li>\n<li data-start=\"744\" data-end=\"921\">\n<p data-start=\"746\" data-end=\"921\">gaudir de projectes musicals vinculats al centre i a l\u2019entorn de Rub\u00ed, on la m\u00fasica es converteix en un vehicle per a la cohesi\u00f3, la inclusi\u00f3 i l\u2019expressi\u00f3 de la diversitat.<\/p>\n<\/li>\n<\/ul>\n<p data-start=\"923\" data-end=\"1201\">Aquesta aula disposa d\u2019equipament adaptat per atendre els diferents nivells del nostre alumnat i est\u00e0 concebuda com un espai acollidor, motivador i plenament integrat al projecte pedag\u00f2gic del centre, que aposta per una metodologia activa, cooperativa i centrada en l\u2019alumnat.<\/p>\n<p data-start=\"1203\" data-end=\"1449\">Aqu\u00ed, la m\u00fasica \u00e9s una oportunitat per cr\u00e9ixer com a persones, per expressar-se, per escoltar i per fer-se escoltar.<\/p>\n","protected":false},"excerpt":{"rendered":"<p>La m\u00fasica forma part de l\u2019ADN de l&#8217;Montessori: un lloc on els sons, el moviment, l\u2019expressi\u00f3 i la creativitat es donen la m\u00e0 per fomentar una educaci\u00f3 integral.En aquesta aula, l\u2019alumnat t\u00e9 l\u2019oportunitat de: escoltar, experimentar i fer m\u00fasica perqu\u00e8 aprengui a sentir el ritme, la melodia i l\u2019harmonia de manera vivencial; tocar instruments, cantar [&hellip;]<\/p>\n","protected":false},"author":1,"featured_media":0,"parent":0,"menu_order":0,"comment_status":"closed","ping_status":"closed","template":"","meta":{"_bbp_topic_count":0,"_bbp_reply_count":0,"_bbp_total_topic_count":0,"_bbp_total_reply_count":0,"_bbp_voice_count":0,"_bbp_anonymous_reply_count":0,"_bbp_topic_count_hidden":0,"_bbp_reply_count_hidden":0,"_bbp_forum_subforum_count":0,"site-sidebar-layout":"default","site-content-layout":"","ast-site-content-layout":"default","site-content-style":"default","site-sidebar-style":"default","ast-global-header-display":"","ast-banner-title-visibility":"","ast-main-header-display":"","ast-hfb-above-header-display":"","ast-hfb-below-header-display":"","ast-hfb-mobile-header-display":"","site-post-title":"","ast-breadcrumbs-content":"","ast-featured-img":"","footer-sml-layout":"","theme-transparent-header-meta":"default","adv-header-id-meta":"","stick-header-meta":"","header-above-stick-meta":"","header-main-stick-meta":"","header-below-stick-meta":"","astra-migrate-meta-layouts":"set","ast-page-background-enabled":"default","ast-page-background-meta":{"desktop":{"background-color":"var(--ast-global-color-4)","background-image":"","background-repeat":"repeat","background-position":"center center","background-size":"auto","background-attachment":"scroll","background-type":"","background-media":"","overlay-type":"","overlay-color":"","overlay-opacity":"","overlay-gradient":""},"tablet":{"background-color":"","background-image":"","background-repeat":"repeat","background-position":"center center","background-size":"auto","background-attachment":"scroll","background-type":"","background-media":"","overlay-type":"","overlay-color":"","overlay-opacity":"","overlay-gradient":""},"mobile":{"background-color":"","background-image":"","background-repeat":"repeat","background-position":"center center","background-size":"auto","background-attachment":"scroll","background-type":"","background-media":"","overlay-type":"","overlay-color":"","overlay-opacity":"","overlay-gradient":""}},"ast-content-background-meta":{"desktop":{"background-color":"var(--ast-global-color-5)","background-image":"","background-repeat":"repeat","background-position":"center center","background-size":"auto","background-attachment":"scroll","background-type":"","background-media":"","overlay-type":"","overlay-color":"","overlay-opacity":"","overlay-gradient":""},"tablet":{"background-color":"var(--ast-global-color-5)","background-image":"","background-repeat":"repeat","background-position":"center center","background-size":"auto","background-attachment":"scroll","background-type":"","background-media":"","overlay-type":"","overlay-color":"","overlay-opacity":"","overlay-gradient":""},"mobile":{"background-color":"var(--ast-global-color-5)","background-image":"","background-repeat":"repeat","background-position":"center center","background-size":"auto","background-attachment":"scroll","background-type":"","background-media":"","overlay-type":"","overlay-color":"","overlay-opacity":"","overlay-gradient":""}},"footnotes":""},"class_list":["post-6924","page","type-page","status-publish","hentry"],"post_mailing_queue_ids":[],"_links":{"self":[{"href":"https:\/\/agora.xtec.cat\/ceipmontessori\/wp-json\/wp\/v2\/pages\/6924","targetHints":{"allow":["GET"]}}],"collection":[{"href":"https:\/\/agora.xtec.cat\/ceipmontessori\/wp-json\/wp\/v2\/pages"}],"about":[{"href":"https:\/\/agora.xtec.cat\/ceipmontessori\/wp-json\/wp\/v2\/types\/page"}],"author":[{"embeddable":true,"href":"https:\/\/agora.xtec.cat\/ceipmontessori\/wp-json\/wp\/v2\/users\/1"}],"replies":[{"embeddable":true,"href":"https:\/\/agora.xtec.cat\/ceipmontessori\/wp-json\/wp\/v2\/comments?post=6924"}],"version-history":[{"count":3,"href":"https:\/\/agora.xtec.cat\/ceipmontessori\/wp-json\/wp\/v2\/pages\/6924\/revisions"}],"predecessor-version":[{"id":6977,"href":"https:\/\/agora.xtec.cat\/ceipmontessori\/wp-json\/wp\/v2\/pages\/6924\/revisions\/6977"}],"wp:attachment":[{"href":"https:\/\/agora.xtec.cat\/ceipmontessori\/wp-json\/wp\/v2\/media?parent=6924"}],"curies":[{"name":"wp","href":"https:\/\/api.w.org\/{rel}","templated":true}]}}