{"id":6669,"date":"2025-01-27T18:56:52","date_gmt":"2025-01-27T17:56:52","guid":{"rendered":"https:\/\/agora.xtec.cat\/ceipmontessori\/?page_id=6669"},"modified":"2025-01-27T19:03:20","modified_gmt":"2025-01-27T18:03:20","slug":"tallers-daprenentatge-2024-25","status":"publish","type":"page","link":"https:\/\/agora.xtec.cat\/ceipmontessori\/tallers-daprenentatge-2024-25\/","title":{"rendered":"Tallers d&#8217;Aprenentatge 2024-25"},"content":{"rendered":"<header class=\"entry-header\">\n<p class=\"entry-title\" style=\"text-align: justify;\"><span style=\"font-family: inherit; font-size: 1em;\">De totes les propostes que fem a l\u2019escola la que m\u00e9s reflecteix la cultura STEAM, TINKERING i MAKER s\u00f3n els tallers. Sorgits de la necessitat de fomentar aprenentatges significatius de manera multidisciplinar i internivell, en els tallers, volem promoure que l\u2019alumnat vagi adquirint coneixements de manera autodidacta a trav\u00e9s de la interacci\u00f3 amb els diferents elements,eines i espais. I per tant, afavorim l\u2019aprenentatge vivencial, a trav\u00e9s de les mans i emprant el m\u00e8tode cient\u00edfic i d\u2019investigaci\u00f3 tot posicionant les nenes i nens en el centre dels aprenentatges per tal d\u2019afavorir una forta implicaci\u00f3.<\/span><\/p>\n<\/header>\n<div class=\"entry-content\">\n<div class=\"entry-content\">\n<div class=\"entry-content\">\n<p style=\"text-align: justify;\">En els tallers potenciem les diferents vocacions sense fer distincions de g\u00e8nere. De fet des del curs passat dediquem els tallers a dones c\u00e8lebres amb vocacions STEAM.<\/p>\n<ul>\n<li>\n<h4><a href=\"https:\/\/agora.xtec.cat\/ceipmontessori\/categoria\/tallersaprenentatges\/tallerscg24-25\/\"><strong>Tallers d\u2019aprenentatge de la Comunitat de <\/strong><strong>Grans<\/strong><strong> 24<\/strong><strong>-25<\/strong><\/a><\/h4>\n<\/li>\n<li>\n<h4><a href=\"https:\/\/agora.xtec.cat\/ceipmontessori\/categoria\/tallersaprenentatges\/tallerscm24-25\/\"><strong>Tallers d\u2019aprenentatge de la Comunitat de <\/strong><strong>Mitjanes<\/strong><strong> 24-25<\/strong><\/a><\/h4>\n<\/li>\n<li>\n<h4><a href=\"https:\/\/agora.xtec.cat\/ceipmontessori\/categoria\/tallersaprenentatges\/tallerscp24-25\/\"><strong>Tallers d\u2019aprenentatge de la Comunitat de Petites 24-25<\/strong><\/a><\/h4>\n<\/li>\n<\/ul>\n<\/div>\n<\/div>\n<\/div>\n","protected":false},"excerpt":{"rendered":"<p>De totes les propostes que fem a l\u2019escola la que m\u00e9s reflecteix la cultura STEAM, TINKERING i MAKER s\u00f3n els tallers. Sorgits de la necessitat de fomentar aprenentatges significatius de manera multidisciplinar i internivell, en els tallers, volem promoure que l\u2019alumnat vagi adquirint coneixements de manera autodidacta a trav\u00e9s de la interacci\u00f3 amb els diferents [&hellip;]<\/p>\n","protected":false},"author":1,"featured_media":0,"parent":0,"menu_order":0,"comment_status":"closed","ping_status":"closed","template":"","meta":{"_bbp_topic_count":0,"_bbp_reply_count":0,"_bbp_total_topic_count":0,"_bbp_total_reply_count":0,"_bbp_voice_count":0,"_bbp_anonymous_reply_count":0,"_bbp_topic_count_hidden":0,"_bbp_reply_count_hidden":0,"_bbp_forum_subforum_count":0,"site-sidebar-layout":"default","site-content-layout":"","ast-site-content-layout":"","site-content-style":"default","site-sidebar-style":"default","ast-global-header-display":"","ast-banner-title-visibility":"","ast-main-header-display":"","ast-hfb-above-header-display":"","ast-hfb-below-header-display":"","ast-hfb-mobile-header-display":"","site-post-title":"","ast-breadcrumbs-content":"","ast-featured-img":"","footer-sml-layout":"","theme-transparent-header-meta":"","adv-header-id-meta":"","stick-header-meta":"","header-above-stick-meta":"","header-main-stick-meta":"","header-below-stick-meta":"","astra-migrate-meta-layouts":"default","ast-page-background-enabled":"default","ast-page-background-meta":{"desktop":{"background-color":"var(--ast-global-color-4)","background-image":"","background-repeat":"repeat","background-position":"center center","background-size":"auto","background-attachment":"scroll","background-type":"","background-media":"","overlay-type":"","overlay-color":"","overlay-opacity":"","overlay-gradient":""},"tablet":{"background-color":"","background-image":"","background-repeat":"repeat","background-position":"center center","background-size":"auto","background-attachment":"scroll","background-type":"","background-media":"","overlay-type":"","overlay-color":"","overlay-opacity":"","overlay-gradient":""},"mobile":{"background-color":"","background-image":"","background-repeat":"repeat","background-position":"center center","background-size":"auto","background-attachment":"scroll","background-type":"","background-media":"","overlay-type":"","overlay-color":"","overlay-opacity":"","overlay-gradient":""}},"ast-content-background-meta":{"desktop":{"background-color":"var(--ast-global-color-5)","background-image":"","background-repeat":"repeat","background-position":"center center","background-size":"auto","background-attachment":"scroll","background-type":"","background-media":"","overlay-type":"","overlay-color":"","overlay-opacity":"","overlay-gradient":""},"tablet":{"background-color":"var(--ast-global-color-5)","background-image":"","background-repeat":"repeat","background-position":"center center","background-size":"auto","background-attachment":"scroll","background-type":"","background-media":"","overlay-type":"","overlay-color":"","overlay-opacity":"","overlay-gradient":""},"mobile":{"background-color":"var(--ast-global-color-5)","background-image":"","background-repeat":"repeat","background-position":"center center","background-size":"auto","background-attachment":"scroll","background-type":"","background-media":"","overlay-type":"","overlay-color":"","overlay-opacity":"","overlay-gradient":""}},"footnotes":""},"class_list":["post-6669","page","type-page","status-publish","hentry"],"post_mailing_queue_ids":[],"_links":{"self":[{"href":"https:\/\/agora.xtec.cat\/ceipmontessori\/wp-json\/wp\/v2\/pages\/6669","targetHints":{"allow":["GET"]}}],"collection":[{"href":"https:\/\/agora.xtec.cat\/ceipmontessori\/wp-json\/wp\/v2\/pages"}],"about":[{"href":"https:\/\/agora.xtec.cat\/ceipmontessori\/wp-json\/wp\/v2\/types\/page"}],"author":[{"embeddable":true,"href":"https:\/\/agora.xtec.cat\/ceipmontessori\/wp-json\/wp\/v2\/users\/1"}],"replies":[{"embeddable":true,"href":"https:\/\/agora.xtec.cat\/ceipmontessori\/wp-json\/wp\/v2\/comments?post=6669"}],"version-history":[{"count":3,"href":"https:\/\/agora.xtec.cat\/ceipmontessori\/wp-json\/wp\/v2\/pages\/6669\/revisions"}],"predecessor-version":[{"id":6676,"href":"https:\/\/agora.xtec.cat\/ceipmontessori\/wp-json\/wp\/v2\/pages\/6669\/revisions\/6676"}],"wp:attachment":[{"href":"https:\/\/agora.xtec.cat\/ceipmontessori\/wp-json\/wp\/v2\/media?parent=6669"}],"curies":[{"name":"wp","href":"https:\/\/api.w.org\/{rel}","templated":true}]}}