{"id":6148,"date":"2023-06-17T12:37:04","date_gmt":"2023-06-17T10:37:04","guid":{"rendered":"https:\/\/agora.xtec.cat\/ceipmontessori\/?page_id=6148"},"modified":"2024-01-16T12:40:52","modified_gmt":"2024-01-16T11:40:52","slug":"pla-estrategia-digital-de-centre-edc","status":"publish","type":"page","link":"https:\/\/agora.xtec.cat\/ceipmontessori\/projecte-educatiu\/pla-estrategia-digital-de-centre-edc\/","title":{"rendered":"Pla Estrat\u00e8gia Digital de Centre (EDC)"},"content":{"rendered":"<p dir=\"ltr\" style=\"text-align: justify;\">El <a href=\"https:\/\/sites.google.com\/escolamontessori.cat\/edcescmontessori\/pla-destrat\u00e8gia-digital-de-centre\">Pla d&#8217;Estrat\u00e8gia Digital de Centre de l&#8217;Escola Montessori<\/a> \u00e9s un instrument per definir i concretar les l\u00ednies d&#8217;actuaci\u00f3 per aconseguir que, tan docents i alumnat, com la mateixa escola siguin competents digitalment.<\/p>\n<p dir=\"ltr\" style=\"text-align: justify;\">La compet\u00e8ncia digital de la Comunitat Educativa ser\u00e0 necess\u00e0ria per obtenir una transformaci\u00f3 total del centre, amb l&#8217;objectiu de millorar la pr\u00e0ctica educativa di\u00e0ria, l&#8217;organitzaci\u00f3, els processos d&#8217;ensenyament-aprenentatge i la comunicaci\u00f3 entre persones.<\/p>\n<p dir=\"ltr\" style=\"text-align: justify;\">Liderat per l&#8217;Equip de Direcci\u00f3 i la Comissi\u00f3 Digital, l&#8217;EDC ser\u00e0 necess\u00e0ria per a la transformaci\u00f3 social de la Comunitat Educativa, amb la\u00a0finalitat d&#8217;obtenir alumnat amb esperit cr\u00edtic i responsable amb l&#8217;\u00fas de les noves tecnologies. Promovem, per tant, que l&#8217;alumnat adquireixi una compet\u00e8ncia digital \u00f2ptima per desenvolupar pr\u00e0ctiques que ajudin a millorar l&#8217;entorn que els envolta.<\/p>\n<p dir=\"ltr\" style=\"text-align: justify;\">Cliqueu en la seg\u00fcent imatge per accedir al <a href=\"https:\/\/sites.google.com\/escolamontessori.cat\/edcescmontessori\/pla-destrat\u00e8gia-digital-de-centre\">Pla d&#8217;Estrat\u00e8gia Digital de Centre<\/a> de la nostra escola.<\/p>\n<table style=\"width: 100%; border-collapse: collapse; border-color: #4d4b4b; background-color: #d4faed;\">\n<tbody>\n<tr>\n<td style=\"width: 100%; text-align: center;\"><a href=\"https:\/\/sites.google.com\/escolamontessori.cat\/edcescmontessori\/pla-destrat\u00e8gia-digital-de-centre\"><img loading=\"lazy\" decoding=\"async\" class=\"alignnone wp-image-6149 size-large\" src=\"https:\/\/agora.xtec.cat\/ceipmontessori\/wp-content\/uploads\/usu1159\/2023\/06\/Captura-de-Pantalla-2023-06-17-a-les-12.32.43-1024x237.png\" alt=\"\" width=\"1024\" height=\"237\" srcset=\"https:\/\/agora.xtec.cat\/ceipmontessori\/wp-content\/uploads\/usu1159\/2023\/06\/Captura-de-Pantalla-2023-06-17-a-les-12.32.43-1024x237.png 1024w, https:\/\/agora.xtec.cat\/ceipmontessori\/wp-content\/uploads\/usu1159\/2023\/06\/Captura-de-Pantalla-2023-06-17-a-les-12.32.43-300x69.png 300w, https:\/\/agora.xtec.cat\/ceipmontessori\/wp-content\/uploads\/usu1159\/2023\/06\/Captura-de-Pantalla-2023-06-17-a-les-12.32.43-768x178.png 768w, https:\/\/agora.xtec.cat\/ceipmontessori\/wp-content\/uploads\/usu1159\/2023\/06\/Captura-de-Pantalla-2023-06-17-a-les-12.32.43-1536x356.png 1536w, https:\/\/agora.xtec.cat\/ceipmontessori\/wp-content\/uploads\/usu1159\/2023\/06\/Captura-de-Pantalla-2023-06-17-a-les-12.32.43-2048x474.png 2048w\" sizes=\"auto, (max-width: 1024px) 100vw, 1024px\" \/><\/a><\/td>\n<\/tr>\n<\/tbody>\n<\/table>\n<p dir=\"ltr\" style=\"text-align: justify;\">\n","protected":false},"excerpt":{"rendered":"<p>El Pla d&#8217;Estrat\u00e8gia Digital de Centre de l&#8217;Escola Montessori \u00e9s un instrument per definir i concretar les l\u00ednies d&#8217;actuaci\u00f3 per aconseguir que, tan docents i alumnat, com la mateixa escola siguin competents digitalment. La compet\u00e8ncia digital de la Comunitat Educativa ser\u00e0 necess\u00e0ria per obtenir una transformaci\u00f3 total del centre, amb l&#8217;objectiu de millorar la pr\u00e0ctica [&hellip;]<\/p>\n","protected":false},"author":1,"featured_media":0,"parent":64,"menu_order":0,"comment_status":"closed","ping_status":"closed","template":"","meta":{"_bbp_topic_count":0,"_bbp_reply_count":0,"_bbp_total_topic_count":0,"_bbp_total_reply_count":0,"_bbp_voice_count":0,"_bbp_anonymous_reply_count":0,"_bbp_topic_count_hidden":0,"_bbp_reply_count_hidden":0,"_bbp_forum_subforum_count":0,"site-sidebar-layout":"default","site-content-layout":"","ast-site-content-layout":"","site-content-style":"default","site-sidebar-style":"default","ast-global-header-display":"","ast-banner-title-visibility":"","ast-main-header-display":"","ast-hfb-above-header-display":"","ast-hfb-below-header-display":"","ast-hfb-mobile-header-display":"","site-post-title":"","ast-breadcrumbs-content":"","ast-featured-img":"","footer-sml-layout":"","theme-transparent-header-meta":"","adv-header-id-meta":"","stick-header-meta":"","header-above-stick-meta":"","header-main-stick-meta":"","header-below-stick-meta":"","astra-migrate-meta-layouts":"default","ast-page-background-enabled":"default","ast-page-background-meta":{"desktop":{"background-color":"var(--ast-global-color-4)","background-image":"","background-repeat":"repeat","background-position":"center center","background-size":"auto","background-attachment":"scroll","background-type":"","background-media":"","overlay-type":"","overlay-color":"","overlay-opacity":"","overlay-gradient":""},"tablet":{"background-color":"","background-image":"","background-repeat":"repeat","background-position":"center center","background-size":"auto","background-attachment":"scroll","background-type":"","background-media":"","overlay-type":"","overlay-color":"","overlay-opacity":"","overlay-gradient":""},"mobile":{"background-color":"","background-image":"","background-repeat":"repeat","background-position":"center center","background-size":"auto","background-attachment":"scroll","background-type":"","background-media":"","overlay-type":"","overlay-color":"","overlay-opacity":"","overlay-gradient":""}},"ast-content-background-meta":{"desktop":{"background-color":"var(--ast-global-color-5)","background-image":"","background-repeat":"repeat","background-position":"center center","background-size":"auto","background-attachment":"scroll","background-type":"","background-media":"","overlay-type":"","overlay-color":"","overlay-opacity":"","overlay-gradient":""},"tablet":{"background-color":"var(--ast-global-color-5)","background-image":"","background-repeat":"repeat","background-position":"center center","background-size":"auto","background-attachment":"scroll","background-type":"","background-media":"","overlay-type":"","overlay-color":"","overlay-opacity":"","overlay-gradient":""},"mobile":{"background-color":"var(--ast-global-color-5)","background-image":"","background-repeat":"repeat","background-position":"center center","background-size":"auto","background-attachment":"scroll","background-type":"","background-media":"","overlay-type":"","overlay-color":"","overlay-opacity":"","overlay-gradient":""}},"footnotes":""},"class_list":["post-6148","page","type-page","status-publish","hentry"],"post_mailing_queue_ids":[],"_links":{"self":[{"href":"https:\/\/agora.xtec.cat\/ceipmontessori\/wp-json\/wp\/v2\/pages\/6148","targetHints":{"allow":["GET"]}}],"collection":[{"href":"https:\/\/agora.xtec.cat\/ceipmontessori\/wp-json\/wp\/v2\/pages"}],"about":[{"href":"https:\/\/agora.xtec.cat\/ceipmontessori\/wp-json\/wp\/v2\/types\/page"}],"author":[{"embeddable":true,"href":"https:\/\/agora.xtec.cat\/ceipmontessori\/wp-json\/wp\/v2\/users\/1"}],"replies":[{"embeddable":true,"href":"https:\/\/agora.xtec.cat\/ceipmontessori\/wp-json\/wp\/v2\/comments?post=6148"}],"version-history":[{"count":5,"href":"https:\/\/agora.xtec.cat\/ceipmontessori\/wp-json\/wp\/v2\/pages\/6148\/revisions"}],"predecessor-version":[{"id":6260,"href":"https:\/\/agora.xtec.cat\/ceipmontessori\/wp-json\/wp\/v2\/pages\/6148\/revisions\/6260"}],"up":[{"embeddable":true,"href":"https:\/\/agora.xtec.cat\/ceipmontessori\/wp-json\/wp\/v2\/pages\/64"}],"wp:attachment":[{"href":"https:\/\/agora.xtec.cat\/ceipmontessori\/wp-json\/wp\/v2\/media?parent=6148"}],"curies":[{"name":"wp","href":"https:\/\/api.w.org\/{rel}","templated":true}]}}