{"id":505,"date":"2016-10-19T09:54:33","date_gmt":"2016-10-19T08:54:33","guid":{"rendered":"http:\/\/agora.xtec.cat\/ceipmontessori\/?page_id=505"},"modified":"2021-01-13T11:13:18","modified_gmt":"2021-01-13T10:13:18","slug":"qui-som","status":"publish","type":"page","link":"https:\/\/agora.xtec.cat\/ceipmontessori\/lescola\/qui-som\/","title":{"rendered":"Qui Som?"},"content":{"rendered":"<p style=\"text-align: justify;\">Formem part d&#8217;un projecte d&#8217;innovaci\u00f3 basat en en les noves tecnologies, la rob\u00f2tica educativa i el foment de les vocacions STEAM, vinculat amb la fundaci\u00f3 <a href=\"https:\/\/www.fundaciocim.org\">CIM UPC<\/a>,\u00a0 en el marc del <a href=\"http:\/\/magnet.cat\/\">programa &#8220;Magnet. Aliances per a l&#8217;\u00e8xit educatiu&#8221;<\/a>\u00a0 impulsat per la <a href=\"https:\/\/www.fbofill.cat\">Fundaci\u00f3 Jaume Bofill<\/a>.<\/p>\n<p style=\"text-align: justify;\">La metodologia de l&#8217;escola est\u00e0 influenciada pels principis de la pedagoga Maria Montessori, potenciant l&#8217;autonomia personal, el treball en equip i la creativitat, tot enmarcat en un clima de respecte i arrelament social i cultural.<\/p>\n<p style=\"text-align: justify;\">Aprenem dissenyant, fent, pensant i comunicant, accions claus per a l&#8217;aprenentatge competencial. El temps lectiu es dedica al treball en tallers i projectes, organitzat estrat\u00e8gicament entre alumnat de diferents edats per potenciar la bona conviv\u00e8ncia i l&#8217;aprenentatge compartit.<\/p>\n<p style=\"text-align: justify;\">Som un equip que\u00a0fomenta en l\u2019alumnat una actitud curiosa, cr\u00edtica i investigadora, que reafirma la seva autonomia personal i deixa espai a la creativitat.<\/p>\n<p style=\"text-align: justify;\">Tenim el comprom\u00eds de lligar el curr\u00edculum amb metodologies globalitzades i cooperatives, que incloguin l\u2019\u00fas de les noves tecnologies, tot assegurant la igualtat d\u2019oportunitats, l\u2019equitat i la gesti\u00f3 de les emocions, i d&#8217;efic\u00e0cia contrastada com el m\u00e8tode <a href=\"https:\/\/www.glifing.com\/language\/ca\/\">Glifing<\/a> i l&#8217;aprenentatge matem\u00e0tic <a href=\"https:\/\/jumpmath.es\/ca\/\">JumpMath<\/a>.<\/p>\n<p style=\"text-align: justify;\">Apostem per un <a href=\"https:\/\/agora.xtec.cat\/ceipmontessori\/lescola\/qui-som\/metodologia-steam\/\">aprenentatge del coneixement\u00a0<strong>STEAM<\/strong><\/a>\u00a0a trav\u00e9s de metodologies globalitzades.<\/p>\n<p>Aprenem fent, pensant i comunicant: tres accions claus per a l&#8217;aprenentatge competencial.<\/p>\n<p style=\"text-align: right;\">Equip Escola Montessori<\/p>\n<ul>\n<li>\n<h5><a href=\"https:\/\/agora.xtec.cat\/ceipmontessori\/lescola\/qui-som\/metodologia-steam\/\">FOMENT DE LES VOCACIONS STEAM<\/a><\/h5>\n<\/li>\n<li>\n<h5><a href=\"https:\/\/agora.xtec.cat\/ceipmontessori\/lescola\/qui-som\/lequip\/\">L&#8217;EQUIP EDUCATIU<\/a><\/h5>\n<\/li>\n<\/ul>\n","protected":false},"excerpt":{"rendered":"<p>Formem part d&#8217;un projecte d&#8217;innovaci\u00f3 basat en en les noves tecnologies, la rob\u00f2tica educativa i el foment de les vocacions STEAM, vinculat amb la fundaci\u00f3 CIM UPC,\u00a0 en el marc del programa &#8220;Magnet. Aliances per a l&#8217;\u00e8xit educatiu&#8221;\u00a0 impulsat per la Fundaci\u00f3 Jaume Bofill. La metodologia de l&#8217;escola est\u00e0 influenciada pels principis de la pedagoga [&hellip;]<\/p>\n","protected":false},"author":1,"featured_media":0,"parent":22,"menu_order":0,"comment_status":"closed","ping_status":"closed","template":"","meta":{"_bbp_topic_count":0,"_bbp_reply_count":0,"_bbp_total_topic_count":0,"_bbp_total_reply_count":0,"_bbp_voice_count":0,"_bbp_anonymous_reply_count":0,"_bbp_topic_count_hidden":0,"_bbp_reply_count_hidden":0,"_bbp_forum_subforum_count":0,"site-sidebar-layout":"default","site-content-layout":"","ast-site-content-layout":"","site-content-style":"default","site-sidebar-style":"default","ast-global-header-display":"","ast-banner-title-visibility":"","ast-main-header-display":"","ast-hfb-above-header-display":"","ast-hfb-below-header-display":"","ast-hfb-mobile-header-display":"","site-post-title":"","ast-breadcrumbs-content":"","ast-featured-img":"","footer-sml-layout":"","theme-transparent-header-meta":"","adv-header-id-meta":"","stick-header-meta":"","header-above-stick-meta":"","header-main-stick-meta":"","header-below-stick-meta":"","astra-migrate-meta-layouts":"default","ast-page-background-enabled":"default","ast-page-background-meta":{"desktop":{"background-color":"var(--ast-global-color-4)","background-image":"","background-repeat":"repeat","background-position":"center center","background-size":"auto","background-attachment":"scroll","background-type":"","background-media":"","overlay-type":"","overlay-color":"","overlay-opacity":"","overlay-gradient":""},"tablet":{"background-color":"","background-image":"","background-repeat":"repeat","background-position":"center center","background-size":"auto","background-attachment":"scroll","background-type":"","background-media":"","overlay-type":"","overlay-color":"","overlay-opacity":"","overlay-gradient":""},"mobile":{"background-color":"","background-image":"","background-repeat":"repeat","background-position":"center center","background-size":"auto","background-attachment":"scroll","background-type":"","background-media":"","overlay-type":"","overlay-color":"","overlay-opacity":"","overlay-gradient":""}},"ast-content-background-meta":{"desktop":{"background-color":"var(--ast-global-color-5)","background-image":"","background-repeat":"repeat","background-position":"center center","background-size":"auto","background-attachment":"scroll","background-type":"","background-media":"","overlay-type":"","overlay-color":"","overlay-opacity":"","overlay-gradient":""},"tablet":{"background-color":"var(--ast-global-color-5)","background-image":"","background-repeat":"repeat","background-position":"center center","background-size":"auto","background-attachment":"scroll","background-type":"","background-media":"","overlay-type":"","overlay-color":"","overlay-opacity":"","overlay-gradient":""},"mobile":{"background-color":"var(--ast-global-color-5)","background-image":"","background-repeat":"repeat","background-position":"center center","background-size":"auto","background-attachment":"scroll","background-type":"","background-media":"","overlay-type":"","overlay-color":"","overlay-opacity":"","overlay-gradient":""}},"footnotes":""},"class_list":["post-505","page","type-page","status-publish","hentry"],"post_mailing_queue_ids":[],"_links":{"self":[{"href":"https:\/\/agora.xtec.cat\/ceipmontessori\/wp-json\/wp\/v2\/pages\/505","targetHints":{"allow":["GET"]}}],"collection":[{"href":"https:\/\/agora.xtec.cat\/ceipmontessori\/wp-json\/wp\/v2\/pages"}],"about":[{"href":"https:\/\/agora.xtec.cat\/ceipmontessori\/wp-json\/wp\/v2\/types\/page"}],"author":[{"embeddable":true,"href":"https:\/\/agora.xtec.cat\/ceipmontessori\/wp-json\/wp\/v2\/users\/1"}],"replies":[{"embeddable":true,"href":"https:\/\/agora.xtec.cat\/ceipmontessori\/wp-json\/wp\/v2\/comments?post=505"}],"version-history":[{"count":4,"href":"https:\/\/agora.xtec.cat\/ceipmontessori\/wp-json\/wp\/v2\/pages\/505\/revisions"}],"predecessor-version":[{"id":4568,"href":"https:\/\/agora.xtec.cat\/ceipmontessori\/wp-json\/wp\/v2\/pages\/505\/revisions\/4568"}],"up":[{"embeddable":true,"href":"https:\/\/agora.xtec.cat\/ceipmontessori\/wp-json\/wp\/v2\/pages\/22"}],"wp:attachment":[{"href":"https:\/\/agora.xtec.cat\/ceipmontessori\/wp-json\/wp\/v2\/media?parent=505"}],"curies":[{"name":"wp","href":"https:\/\/api.w.org\/{rel}","templated":true}]}}