{"id":4967,"date":"2021-02-23T21:56:46","date_gmt":"2021-02-23T20:56:46","guid":{"rendered":"http:\/\/agora.xtec.cat\/ceipmontessori\/?page_id=4967"},"modified":"2023-02-14T19:20:49","modified_gmt":"2023-02-14T18:20:49","slug":"tinkerlab-primaria","status":"publish","type":"page","link":"https:\/\/agora.xtec.cat\/ceipmontessori\/lescola\/instal%c2%b7lacions\/tinkerlab-primaria\/","title":{"rendered":"Tinkerlab Prim\u00e0ria"},"content":{"rendered":"<p>&nbsp;<\/p>\n<p style=\"text-align: center;\">\r\n\t<div class=\"slideshow_container slideshow_container_style-light\" style=\"height: 500px; \" data-slideshow-id=\"5923\" data-style-name=\"style-light\" data-style-version=\"2.3.1\" >\r\n\r\n\t\t\t\t\t<div class=\"slideshow_loading_icon\"><\/div>\r\n\t\t\r\n\t\t<div class=\"slideshow_content\" style=\"display: none;\">\r\n\r\n\t\t\t<div class=\"slideshow_view\">\r\n\t\t\t\t<div class=\"slideshow_slide slideshow_slide_image\">\r\n\t\t\t\t\t\t\t\t\t\t\t<img src=\"https:\/\/agora.xtec.cat\/ceipmontessori\/wp-content\/uploads\/usu1159\/2023\/02\/WhatsApp-Image-2023-02-13-at-13.55.14-21.jpeg\" alt=\"WhatsApp Image 2023-02-13 at 13.55.14 (21)\" width=\"1024\" height=\"770\" \/>\r\n\t\t\t\t\t\t\t\t\t\t<div class=\"slideshow_description_box slideshow_transparent\">\r\n\t\t\t\t\t\t<div class=\"slideshow_title\">WhatsApp Image 2023-02-13 at 13.55.14 (21)<\/div>\t\t\t\t\t\t\t\t\t\t\t<\/div>\r\n\t\t\t\t<\/div>\r\n\r\n\t\t\t\t\t\t<div style=\"clear: both;\"><\/div><\/div><div class=\"slideshow_view\">\r\n\t\t\t\t<div class=\"slideshow_slide slideshow_slide_image\">\r\n\t\t\t\t\t\t\t\t\t\t\t<img src=\"https:\/\/agora.xtec.cat\/ceipmontessori\/wp-content\/uploads\/usu1159\/2023\/02\/WhatsApp-Image-2023-02-13-at-13.55.14-20.jpeg\" alt=\"WhatsApp Image 2023-02-13 at 13.55.14 (20)\" width=\"1024\" height=\"770\" \/>\r\n\t\t\t\t\t\t\t\t\t\t<div class=\"slideshow_description_box slideshow_transparent\">\r\n\t\t\t\t\t\t<div class=\"slideshow_title\">WhatsApp Image 2023-02-13 at 13.55.14 (20)<\/div>\t\t\t\t\t\t\t\t\t\t\t<\/div>\r\n\t\t\t\t<\/div>\r\n\r\n\t\t\t\t\t\t<div style=\"clear: both;\"><\/div><\/div><div class=\"slideshow_view\">\r\n\t\t\t\t<div class=\"slideshow_slide slideshow_slide_image\">\r\n\t\t\t\t\t\t\t\t\t\t\t<img src=\"https:\/\/agora.xtec.cat\/ceipmontessori\/wp-content\/uploads\/usu1159\/2023\/02\/WhatsApp-Image-2023-02-13-at-13.55.14-19.jpeg\" alt=\"WhatsApp Image 2023-02-13 at 13.55.14 (19)\" width=\"1024\" height=\"772\" \/>\r\n\t\t\t\t\t\t\t\t\t\t<div class=\"slideshow_description_box slideshow_transparent\">\r\n\t\t\t\t\t\t<div class=\"slideshow_title\">WhatsApp Image 2023-02-13 at 13.55.14 (19)<\/div>\t\t\t\t\t\t\t\t\t\t\t<\/div>\r\n\t\t\t\t<\/div>\r\n\r\n\t\t\t\t\t\t<div style=\"clear: both;\"><\/div><\/div><div class=\"slideshow_view\">\r\n\t\t\t\t<div class=\"slideshow_slide slideshow_slide_image\">\r\n\t\t\t\t\t\t\t\t\t\t\t<img src=\"https:\/\/agora.xtec.cat\/ceipmontessori\/wp-content\/uploads\/usu1159\/2023\/02\/WhatsApp-Image-2023-02-13-at-13.55.14-18.jpeg\" alt=\"WhatsApp Image 2023-02-13 at 13.55.14 (18)\" width=\"1024\" height=\"772\" \/>\r\n\t\t\t\t\t\t\t\t\t\t<div class=\"slideshow_description_box slideshow_transparent\">\r\n\t\t\t\t\t\t<div class=\"slideshow_title\">WhatsApp Image 2023-02-13 at 13.55.14 (18)<\/div>\t\t\t\t\t\t\t\t\t\t\t<\/div>\r\n\t\t\t\t<\/div>\r\n\r\n\t\t\t\t\t\t<div style=\"clear: both;\"><\/div><\/div><div class=\"slideshow_view\">\r\n\t\t\t\t<div class=\"slideshow_slide slideshow_slide_image\">\r\n\t\t\t\t\t\t\t\t\t\t\t<img src=\"https:\/\/agora.xtec.cat\/ceipmontessori\/wp-content\/uploads\/usu1159\/2023\/02\/WhatsApp-Image-2023-02-13-at-13.55.14-15.jpeg\" alt=\"WhatsApp Image 2023-02-13 at 13.55.14 (15)\" width=\"1024\" height=\"768\" \/>\r\n\t\t\t\t\t\t\t\t\t\t<div class=\"slideshow_description_box slideshow_transparent\">\r\n\t\t\t\t\t\t<div class=\"slideshow_title\">WhatsApp Image 2023-02-13 at 13.55.14 (15)<\/div>\t\t\t\t\t\t\t\t\t\t\t<\/div>\r\n\t\t\t\t<\/div>\r\n\r\n\t\t\t\t\t\t<div style=\"clear: both;\"><\/div><\/div><div class=\"slideshow_view\">\r\n\t\t\t\t<div class=\"slideshow_slide slideshow_slide_image\">\r\n\t\t\t\t\t\t\t\t\t\t\t<img src=\"https:\/\/agora.xtec.cat\/ceipmontessori\/wp-content\/uploads\/usu1159\/2023\/02\/WhatsApp-Image-2023-02-13-at-13.55.14-14.jpeg\" alt=\"WhatsApp Image 2023-02-13 at 13.55.14 (14)\" width=\"1024\" height=\"768\" \/>\r\n\t\t\t\t\t\t\t\t\t\t<div class=\"slideshow_description_box slideshow_transparent\">\r\n\t\t\t\t\t\t<div class=\"slideshow_title\">WhatsApp Image 2023-02-13 at 13.55.14 (14)<\/div>\t\t\t\t\t\t\t\t\t\t\t<\/div>\r\n\t\t\t\t<\/div>\r\n\r\n\t\t\t\t\t\t<div style=\"clear: both;\"><\/div><\/div><div class=\"slideshow_view\">\r\n\t\t\t\t<div class=\"slideshow_slide slideshow_slide_image\">\r\n\t\t\t\t\t\t\t\t\t\t\t<img src=\"https:\/\/agora.xtec.cat\/ceipmontessori\/wp-content\/uploads\/usu1159\/2023\/02\/WhatsApp-Image-2023-02-13-at-13.55.14-10.jpeg\" alt=\"WhatsApp Image 2023-02-13 at 13.55.14 (10)\" width=\"1024\" height=\"768\" \/>\r\n\t\t\t\t\t\t\t\t\t\t<div class=\"slideshow_description_box slideshow_transparent\">\r\n\t\t\t\t\t\t<div class=\"slideshow_title\">WhatsApp Image 2023-02-13 at 13.55.14 (10)<\/div>\t\t\t\t\t\t\t\t\t\t\t<\/div>\r\n\t\t\t\t<\/div>\r\n\r\n\t\t\t\t\t\t<div style=\"clear: both;\"><\/div><\/div><div class=\"slideshow_view\">\r\n\t\t\t\t<div class=\"slideshow_slide slideshow_slide_image\">\r\n\t\t\t\t\t\t\t\t\t\t\t<img src=\"https:\/\/agora.xtec.cat\/ceipmontessori\/wp-content\/uploads\/usu1159\/2023\/02\/WhatsApp-Image-2023-02-13-at-13.55.14-9.jpeg\" alt=\"WhatsApp Image 2023-02-13 at 13.55.14 (9)\" width=\"1024\" height=\"768\" \/>\r\n\t\t\t\t\t\t\t\t\t\t<div class=\"slideshow_description_box slideshow_transparent\">\r\n\t\t\t\t\t\t<div class=\"slideshow_title\">WhatsApp Image 2023-02-13 at 13.55.14 (9)<\/div>\t\t\t\t\t\t\t\t\t\t\t<\/div>\r\n\t\t\t\t<\/div>\r\n\r\n\t\t\t\t\t\t<div style=\"clear: both;\"><\/div><\/div><div class=\"slideshow_view\">\r\n\t\t\t\t<div class=\"slideshow_slide slideshow_slide_image\">\r\n\t\t\t\t\t\t\t\t\t\t\t<img src=\"https:\/\/agora.xtec.cat\/ceipmontessori\/wp-content\/uploads\/usu1159\/2023\/02\/WhatsApp-Image-2023-02-13-at-13.55.14-8.jpeg\" alt=\"WhatsApp Image 2023-02-13 at 13.55.14 (8)\" width=\"768\" height=\"1024\" \/>\r\n\t\t\t\t\t\t\t\t\t\t<div class=\"slideshow_description_box slideshow_transparent\">\r\n\t\t\t\t\t\t<div class=\"slideshow_title\">WhatsApp Image 2023-02-13 at 13.55.14 (8)<\/div>\t\t\t\t\t\t\t\t\t\t\t<\/div>\r\n\t\t\t\t<\/div>\r\n\r\n\t\t\t\t\t\t<div style=\"clear: both;\"><\/div><\/div><div class=\"slideshow_view\">\r\n\t\t\t\t<div class=\"slideshow_slide slideshow_slide_image\">\r\n\t\t\t\t\t\t\t\t\t\t\t<img src=\"https:\/\/agora.xtec.cat\/ceipmontessori\/wp-content\/uploads\/usu1159\/2023\/02\/WhatsApp-Image-2023-02-13-at-13.55.14-7.jpeg\" alt=\"WhatsApp Image 2023-02-13 at 13.55.14 (7)\" width=\"768\" height=\"1024\" \/>\r\n\t\t\t\t\t\t\t\t\t\t<div class=\"slideshow_description_box slideshow_transparent\">\r\n\t\t\t\t\t\t<div class=\"slideshow_title\">WhatsApp Image 2023-02-13 at 13.55.14 (7)<\/div>\t\t\t\t\t\t\t\t\t\t\t<\/div>\r\n\t\t\t\t<\/div>\r\n\r\n\t\t\t\t\t\t<div style=\"clear: both;\"><\/div><\/div><div class=\"slideshow_view\">\r\n\t\t\t\t<div class=\"slideshow_slide slideshow_slide_image\">\r\n\t\t\t\t\t\t\t\t\t\t\t<img src=\"https:\/\/agora.xtec.cat\/ceipmontessori\/wp-content\/uploads\/usu1159\/2023\/02\/WhatsApp-Image-2023-02-13-at-13.55.14-6.jpeg\" alt=\"WhatsApp Image 2023-02-13 at 13.55.14 (6)\" width=\"1024\" height=\"768\" \/>\r\n\t\t\t\t\t\t\t\t\t\t<div class=\"slideshow_description_box slideshow_transparent\">\r\n\t\t\t\t\t\t<div class=\"slideshow_title\">WhatsApp Image 2023-02-13 at 13.55.14 (6)<\/div>\t\t\t\t\t\t\t\t\t\t\t<\/div>\r\n\t\t\t\t<\/div>\r\n\r\n\t\t\t\t\t\t<div style=\"clear: both;\"><\/div><\/div><div class=\"slideshow_view\">\r\n\t\t\t\t<div class=\"slideshow_slide slideshow_slide_image\">\r\n\t\t\t\t\t\t\t\t\t\t\t<img src=\"https:\/\/agora.xtec.cat\/ceipmontessori\/wp-content\/uploads\/usu1159\/2023\/02\/WhatsApp-Image-2023-02-13-at-13.55.14-5.jpeg\" alt=\"WhatsApp Image 2023-02-13 at 13.55.14 (5)\" width=\"1024\" height=\"768\" \/>\r\n\t\t\t\t\t\t\t\t\t\t<div class=\"slideshow_description_box slideshow_transparent\">\r\n\t\t\t\t\t\t<div class=\"slideshow_title\">WhatsApp Image 2023-02-13 at 13.55.14 (5)<\/div>\t\t\t\t\t\t\t\t\t\t\t<\/div>\r\n\t\t\t\t<\/div>\r\n\r\n\t\t\t\t\t\t<div style=\"clear: both;\"><\/div><\/div><div class=\"slideshow_view\">\r\n\t\t\t\t<div class=\"slideshow_slide slideshow_slide_image\">\r\n\t\t\t\t\t\t\t\t\t\t\t<img src=\"https:\/\/agora.xtec.cat\/ceipmontessori\/wp-content\/uploads\/usu1159\/2023\/02\/WhatsApp-Image-2023-02-13-at-13.55.14-4.jpeg\" alt=\"WhatsApp Image 2023-02-13 at 13.55.14 (4)\" width=\"768\" height=\"1024\" \/>\r\n\t\t\t\t\t\t\t\t\t\t<div class=\"slideshow_description_box slideshow_transparent\">\r\n\t\t\t\t\t\t<div class=\"slideshow_title\">WhatsApp Image 2023-02-13 at 13.55.14 (4)<\/div>\t\t\t\t\t\t\t\t\t\t\t<\/div>\r\n\t\t\t\t<\/div>\r\n\r\n\t\t\t\t\t\t<div style=\"clear: both;\"><\/div><\/div><div class=\"slideshow_view\">\r\n\t\t\t\t<div class=\"slideshow_slide slideshow_slide_image\">\r\n\t\t\t\t\t\t\t\t\t\t\t<img src=\"https:\/\/agora.xtec.cat\/ceipmontessori\/wp-content\/uploads\/usu1159\/2023\/02\/WhatsApp-Image-2023-02-13-at-13.55.14-3.jpeg\" alt=\"WhatsApp Image 2023-02-13 at 13.55.14 (3)\" width=\"768\" height=\"1024\" \/>\r\n\t\t\t\t\t\t\t\t\t\t<div class=\"slideshow_description_box slideshow_transparent\">\r\n\t\t\t\t\t\t<div class=\"slideshow_title\">WhatsApp Image 2023-02-13 at 13.55.14 (3)<\/div>\t\t\t\t\t\t\t\t\t\t\t<\/div>\r\n\t\t\t\t<\/div>\r\n\r\n\t\t\t\t\t\t<div style=\"clear: both;\"><\/div><\/div>\r\n\t\t<\/div>\r\n\r\n\t\t<div class=\"slideshow_controlPanel slideshow_transparent\" style=\"display: none;\"><ul><li class=\"slideshow_togglePlay\" data-play-text=\"Visualitza\" data-pause-text=\"Pausa\"><\/li><\/ul><\/div>\r\n\r\n\t\t<div class=\"slideshow_button slideshow_previous slideshow_transparent\" role=\"button\" data-previous-text=\"Anterior\" style=\"display: none;\"><\/div>\r\n\t\t<div class=\"slideshow_button slideshow_next slideshow_transparent\" role=\"button\" data-next-text=\"Seg\u00fcent\" style=\"display: none;\"><\/div>\r\n\r\n\t\t<div class=\"slideshow_pagination\" style=\"display: none;\" data-go-to-text=\"V\u00e9s a la diapositiva\"><div class=\"slideshow_pagination_center\"><\/div><\/div>\r\n\r\n\t\t<!-- WordPress Slideshow Version 2.3.1 -->\r\n\r\n\t\t\t<\/div>\r\n\r\n<\/p>\n<p style=\"text-align: justify;\"><span style=\"font-weight: 400;\">L\u2019aula tinker \u00e9s un espai on els i les\u00a0 alumnes aprenen amb les seves pr\u00f2pies mans. El <strong>moviment Tinker<\/strong> \u00e9s aquell que sorgeix de la combinaci\u00f3 del moviment Maker i del moviment Do it yourself, on a partir de m\u00faltiples propostes l\u2019alumnat \u00e9s capa\u00e7 de prototipar, dissenyar i crear. Les propostes creatives sempre tenen un component l\u00fadic i obert a la creativitat de cadasc\u00fa dels infants.\u00a0<\/span><\/p>\n<p style=\"text-align: justify;\"><span style=\"font-weight: 400;\">En aquest espai tamb\u00e9 hi trobem propostes de rob\u00f2tica, les impressores 3D i on posa en pr\u00e0ctica les propostes i els aprenentatges del nostre partner, <a href=\"https:\/\/fundaciocim.org\">CIM UPC<\/a>, dins de l\u2019entorn del projecte Magnet. <\/span><\/p>\n<p>&nbsp;<\/p>\n","protected":false},"excerpt":{"rendered":"<p>&nbsp; L\u2019aula tinker \u00e9s un espai on els i les\u00a0 alumnes aprenen amb les seves pr\u00f2pies mans. El moviment Tinker \u00e9s aquell que sorgeix de la combinaci\u00f3 del moviment Maker i del moviment Do it yourself, on a partir de m\u00faltiples propostes l\u2019alumnat \u00e9s capa\u00e7 de prototipar, dissenyar i crear. Les propostes creatives sempre tenen [&hellip;]<\/p>\n","protected":false},"author":1,"featured_media":0,"parent":30,"menu_order":0,"comment_status":"closed","ping_status":"closed","template":"","meta":{"_bbp_topic_count":0,"_bbp_reply_count":0,"_bbp_total_topic_count":0,"_bbp_total_reply_count":0,"_bbp_voice_count":0,"_bbp_anonymous_reply_count":0,"_bbp_topic_count_hidden":0,"_bbp_reply_count_hidden":0,"_bbp_forum_subforum_count":0,"site-sidebar-layout":"default","site-content-layout":"","ast-site-content-layout":"","site-content-style":"default","site-sidebar-style":"default","ast-global-header-display":"","ast-banner-title-visibility":"","ast-main-header-display":"","ast-hfb-above-header-display":"","ast-hfb-below-header-display":"","ast-hfb-mobile-header-display":"","site-post-title":"","ast-breadcrumbs-content":"","ast-featured-img":"","footer-sml-layout":"","theme-transparent-header-meta":"","adv-header-id-meta":"","stick-header-meta":"","header-above-stick-meta":"","header-main-stick-meta":"","header-below-stick-meta":"","astra-migrate-meta-layouts":"default","ast-page-background-enabled":"default","ast-page-background-meta":{"desktop":{"background-color":"var(--ast-global-color-4)","background-image":"","background-repeat":"repeat","background-position":"center center","background-size":"auto","background-attachment":"scroll","background-type":"","background-media":"","overlay-type":"","overlay-color":"","overlay-opacity":"","overlay-gradient":""},"tablet":{"background-color":"","background-image":"","background-repeat":"repeat","background-position":"center center","background-size":"auto","background-attachment":"scroll","background-type":"","background-media":"","overlay-type":"","overlay-color":"","overlay-opacity":"","overlay-gradient":""},"mobile":{"background-color":"","background-image":"","background-repeat":"repeat","background-position":"center center","background-size":"auto","background-attachment":"scroll","background-type":"","background-media":"","overlay-type":"","overlay-color":"","overlay-opacity":"","overlay-gradient":""}},"ast-content-background-meta":{"desktop":{"background-color":"var(--ast-global-color-5)","background-image":"","background-repeat":"repeat","background-position":"center center","background-size":"auto","background-attachment":"scroll","background-type":"","background-media":"","overlay-type":"","overlay-color":"","overlay-opacity":"","overlay-gradient":""},"tablet":{"background-color":"var(--ast-global-color-5)","background-image":"","background-repeat":"repeat","background-position":"center center","background-size":"auto","background-attachment":"scroll","background-type":"","background-media":"","overlay-type":"","overlay-color":"","overlay-opacity":"","overlay-gradient":""},"mobile":{"background-color":"var(--ast-global-color-5)","background-image":"","background-repeat":"repeat","background-position":"center center","background-size":"auto","background-attachment":"scroll","background-type":"","background-media":"","overlay-type":"","overlay-color":"","overlay-opacity":"","overlay-gradient":""}},"footnotes":""},"class_list":["post-4967","page","type-page","status-publish","hentry"],"post_mailing_queue_ids":[],"_links":{"self":[{"href":"https:\/\/agora.xtec.cat\/ceipmontessori\/wp-json\/wp\/v2\/pages\/4967","targetHints":{"allow":["GET"]}}],"collection":[{"href":"https:\/\/agora.xtec.cat\/ceipmontessori\/wp-json\/wp\/v2\/pages"}],"about":[{"href":"https:\/\/agora.xtec.cat\/ceipmontessori\/wp-json\/wp\/v2\/types\/page"}],"author":[{"embeddable":true,"href":"https:\/\/agora.xtec.cat\/ceipmontessori\/wp-json\/wp\/v2\/users\/1"}],"replies":[{"embeddable":true,"href":"https:\/\/agora.xtec.cat\/ceipmontessori\/wp-json\/wp\/v2\/comments?post=4967"}],"version-history":[{"count":3,"href":"https:\/\/agora.xtec.cat\/ceipmontessori\/wp-json\/wp\/v2\/pages\/4967\/revisions"}],"predecessor-version":[{"id":5939,"href":"https:\/\/agora.xtec.cat\/ceipmontessori\/wp-json\/wp\/v2\/pages\/4967\/revisions\/5939"}],"up":[{"embeddable":true,"href":"https:\/\/agora.xtec.cat\/ceipmontessori\/wp-json\/wp\/v2\/pages\/30"}],"wp:attachment":[{"href":"https:\/\/agora.xtec.cat\/ceipmontessori\/wp-json\/wp\/v2\/media?parent=4967"}],"curies":[{"name":"wp","href":"https:\/\/api.w.org\/{rel}","templated":true}]}}