{"id":36,"date":"2014-09-18T12:33:11","date_gmt":"2014-09-18T11:33:11","guid":{"rendered":"http:\/\/agora.xtec.cat\/ceipmontessori\/?page_id=36"},"modified":"2018-10-01T20:10:04","modified_gmt":"2018-10-01T18:10:04","slug":"material-escolar","status":"publish","type":"page","link":"https:\/\/agora.xtec.cat\/ceipmontessori\/lescola\/material-escolar\/","title":{"rendered":"Material escolar"},"content":{"rendered":"<ul>\n<li>\n<h5>Projecte de Reutilitzaci\u00f3 de Llibres<\/h5>\n<\/li>\n<\/ul>\n<div class=\"page\" title=\"Page 9\">\n<div class=\"layoutArea\">\n<div class=\"column\">\n<p>El centre t\u00e9 en funcionament un projecte de reutilitzaci\u00f3 de llibres de text. Est\u00e0 incorporat al rebut el material escolar d\u2019\u00fas personal, l\u2019equipament esportiu de l\u2019escola i les sortides.<br \/>\nEl material s\u2019entregar\u00e0 els primers dies de curs a tot l\u2019alumnat que hagi fet efectiu l\u2019import del rebut. Cal tenir-ne cura per tal de fomentar l\u2019estalvi econ\u00f2mic.<\/p>\n<ul>\n<li>\n<h5>Xandall i Equipament Esportiu<\/h5>\n<\/li>\n<\/ul>\n<div class=\"page\" title=\"Page 9\">\n<div class=\"layoutArea\">\n<div class=\"column\">\n<p style=\"text-align: justify;\">Per realitzar activitats esportives cal portar el xandall i l\u2019equipament adient, aix\u00ed com estris d\u2019higiene personal. Es considerar\u00e0 falta no portar roba adequada a l\u2019activitat f\u00edsica.<br \/>\nEl centre recomana fer \u00fas del xandall de l\u2019escola per anar d\u2019excursi\u00f3, per tal de recon\u00e8ixer i identificar r\u00e0pidament el nostre alumnat.<\/p>\n<ul>\n<li>\n<h5>Altres<\/h5>\n<\/li>\n<\/ul>\n<div class=\"page\" title=\"Page 9\">\n<div class=\"layoutArea\">\n<div class=\"column\">\n<p style=\"text-align: justify;\">No es considera material escolar altres objectes que no siguin els establerts a la llista de material. No es poden utilitzar aparells per escoltar m\u00fasica ni tel\u00e8fons m\u00f2bils. En el cas que els alumnes els duguin a la motxilla per fer-ne \u00fas fora del recinte escolar, l\u2019escola no se\u2019n responsabilitza.<\/p>\n<div class=\"page\" title=\"Page 10\">\n<div class=\"layoutArea\">\n<div class=\"column\">\n<p>No s\u2019han de dur diners, llaminadures ni joguines.<br \/>\nEn el cas que es realitz\u00e9s puntualment i excepcionalment una activitat la qual requereixi algun estri no incl\u00f2s a la llista, ho farem saber amb antelaci\u00f3.<\/p>\n<\/div>\n<\/div>\n<\/div>\n<\/div>\n<\/div>\n<\/div>\n<\/div>\n<\/div>\n<\/div>\n<\/div>\n<\/div>\n<\/div>\n","protected":false},"excerpt":{"rendered":"<p>Projecte de Reutilitzaci\u00f3 de Llibres El centre t\u00e9 en funcionament un projecte de reutilitzaci\u00f3 de llibres de text. Est\u00e0 incorporat al rebut el material escolar d\u2019\u00fas personal, l\u2019equipament esportiu de l\u2019escola i les sortides. El material s\u2019entregar\u00e0 els primers dies de curs a tot l\u2019alumnat que hagi fet efectiu l\u2019import del rebut. Cal tenir-ne cura [&hellip;]<\/p>\n","protected":false},"author":1,"featured_media":0,"parent":22,"menu_order":70,"comment_status":"closed","ping_status":"closed","template":"","meta":{"_bbp_topic_count":0,"_bbp_reply_count":0,"_bbp_total_topic_count":0,"_bbp_total_reply_count":0,"_bbp_voice_count":0,"_bbp_anonymous_reply_count":0,"_bbp_topic_count_hidden":0,"_bbp_reply_count_hidden":0,"_bbp_forum_subforum_count":0,"site-sidebar-layout":"default","site-content-layout":"","ast-site-content-layout":"","site-content-style":"default","site-sidebar-style":"default","ast-global-header-display":"","ast-banner-title-visibility":"","ast-main-header-display":"","ast-hfb-above-header-display":"","ast-hfb-below-header-display":"","ast-hfb-mobile-header-display":"","site-post-title":"","ast-breadcrumbs-content":"","ast-featured-img":"","footer-sml-layout":"","theme-transparent-header-meta":"","adv-header-id-meta":"","stick-header-meta":"","header-above-stick-meta":"","header-main-stick-meta":"","header-below-stick-meta":"","astra-migrate-meta-layouts":"default","ast-page-background-enabled":"default","ast-page-background-meta":{"desktop":{"background-color":"var(--ast-global-color-4)","background-image":"","background-repeat":"repeat","background-position":"center center","background-size":"auto","background-attachment":"scroll","background-type":"","background-media":"","overlay-type":"","overlay-color":"","overlay-opacity":"","overlay-gradient":""},"tablet":{"background-color":"","background-image":"","background-repeat":"repeat","background-position":"center center","background-size":"auto","background-attachment":"scroll","background-type":"","background-media":"","overlay-type":"","overlay-color":"","overlay-opacity":"","overlay-gradient":""},"mobile":{"background-color":"","background-image":"","background-repeat":"repeat","background-position":"center center","background-size":"auto","background-attachment":"scroll","background-type":"","background-media":"","overlay-type":"","overlay-color":"","overlay-opacity":"","overlay-gradient":""}},"ast-content-background-meta":{"desktop":{"background-color":"var(--ast-global-color-5)","background-image":"","background-repeat":"repeat","background-position":"center center","background-size":"auto","background-attachment":"scroll","background-type":"","background-media":"","overlay-type":"","overlay-color":"","overlay-opacity":"","overlay-gradient":""},"tablet":{"background-color":"var(--ast-global-color-5)","background-image":"","background-repeat":"repeat","background-position":"center center","background-size":"auto","background-attachment":"scroll","background-type":"","background-media":"","overlay-type":"","overlay-color":"","overlay-opacity":"","overlay-gradient":""},"mobile":{"background-color":"var(--ast-global-color-5)","background-image":"","background-repeat":"repeat","background-position":"center center","background-size":"auto","background-attachment":"scroll","background-type":"","background-media":"","overlay-type":"","overlay-color":"","overlay-opacity":"","overlay-gradient":""}},"footnotes":""},"class_list":["post-36","page","type-page","status-publish","hentry"],"post_mailing_queue_ids":[],"_links":{"self":[{"href":"https:\/\/agora.xtec.cat\/ceipmontessori\/wp-json\/wp\/v2\/pages\/36","targetHints":{"allow":["GET"]}}],"collection":[{"href":"https:\/\/agora.xtec.cat\/ceipmontessori\/wp-json\/wp\/v2\/pages"}],"about":[{"href":"https:\/\/agora.xtec.cat\/ceipmontessori\/wp-json\/wp\/v2\/types\/page"}],"author":[{"embeddable":true,"href":"https:\/\/agora.xtec.cat\/ceipmontessori\/wp-json\/wp\/v2\/users\/1"}],"replies":[{"embeddable":true,"href":"https:\/\/agora.xtec.cat\/ceipmontessori\/wp-json\/wp\/v2\/comments?post=36"}],"version-history":[{"count":3,"href":"https:\/\/agora.xtec.cat\/ceipmontessori\/wp-json\/wp\/v2\/pages\/36\/revisions"}],"predecessor-version":[{"id":2402,"href":"https:\/\/agora.xtec.cat\/ceipmontessori\/wp-json\/wp\/v2\/pages\/36\/revisions\/2402"}],"up":[{"embeddable":true,"href":"https:\/\/agora.xtec.cat\/ceipmontessori\/wp-json\/wp\/v2\/pages\/22"}],"wp:attachment":[{"href":"https:\/\/agora.xtec.cat\/ceipmontessori\/wp-json\/wp\/v2\/media?parent=36"}],"curies":[{"name":"wp","href":"https:\/\/api.w.org\/{rel}","templated":true}]}}